{"id":5572,"date":"2019-09-24T09:49:48","date_gmt":"2019-09-24T07:49:48","guid":{"rendered":"https:\/\/www.grafossteel.it\/?post_type=product&#038;p=5572"},"modified":"2020-05-25T13:15:40","modified_gmt":"2020-05-25T11:15:40","slug":"fit-105e16-f-ti","status":"publish","type":"product","link":"https:\/\/www.grafossteel.it\/de\/katalog\/fit-inox-de\/fit-105e16-f-ti\/","title":{"rendered":"FIT.105E16.F-TI"},"content":{"rendered":"<p>Die FIT.105E16.F-TI ist eine robuste Edelstahltastatur f\u00fcr den Fronteinbau. R\u00fcckseitige Gewindestehbolzen erm\u00f6glichen die stabile und komfortable Integration in Systeme und Anlage. Mit 105 Tasten besitzt die Tastatur ein vollst\u00e4ndiges Tastenlayout, das einen Nummernblock einschlie\u00dft. Der 38-mm-Trackball aus Edelstahl sorgt f\u00fcr eine pr\u00e4zise Cursorsteuerung auch unter anspruchsvollen Bedingungen. G\u00e4ngige L\u00e4nderlayouts sind standardm\u00e4\u00dfig verf\u00fcgbar; andere realisieren wir bei Bedarf ohne Aufpreis. Das Schaltprinzip beruht auf der <a href=\"https:\/\/www.grafossteel.it\/de\/edelstahltastaturen\/metalltastaturen-der-fit-reihe\/\">FIT-Technologie<\/a> von Grafos Steel. <a href=\"https:\/\/www.grafossteel.it\/de\/edelstahltastaturen\/sonderloesungen\/\">Kundenspezifische Anpassungen<\/a> sind in nahezu jede Variante realisierbar.<\/p>\n<p>Geeignet ist die Edelstahltastatur f\u00fcr den Einsatz in schwierigen Umgebungsbedingungen. Dazu z\u00e4hlt insbesondere der Public-Computing-Sektor wie Verkaufs- und Serviceautomaten. Aushebelsichere Tasten machen die Tastatur widerstandsf\u00e4hig gegen Vandalismus und unbeabsichtigte St\u00f6reinwirkungen.<\/p>\n","protected":false},"excerpt":{"rendered":"<p><strong>Edelstahltastatur mit 105 Tasten und integriertem Trackball f\u00fcr den Fronteinbau\u00a0<\/strong><\/p>\n","protected":false},"featured_media":4847,"template":"","meta":{"_acf_changed":false},"product_brand":[],"product_cat":[190],"product_tag":[],"class_list":{"0":"post-5572","1":"product","2":"type-product","3":"status-publish","4":"has-post-thumbnail","6":"product_cat-fit-inox-de","7":"pa_applicazioni-industrielle-automatisierung","8":"pa_applicazioni-informationspunkte","9":"pa_applicazioni-multimedia-kioske","10":"pa_applicazioni-militarausruestung","11":"pa_dispositivo-puntamento-ti-trackball-inox-de","12":"pa_forma-pulsanti-e16-it-de","13":"pa_interfaccia-ps2-de","14":"pa_interfaccia-usb-de","15":"pa_montaggio-f-frontmontage","16":"pa_numero-pulsanti-105-de","17":"pa_simboli-l-lasermarkierung","19":"first","20":"instock","21":"shipping-taxable","22":"product-type-simple"},"acf":[],"yoast_head":"<!-- This site is optimized with the Yoast SEO plugin v27.4 - https:\/\/yoast.com\/product\/yoast-seo-wordpress\/ -->\n<title>Edelstahltastatur FIT.105E16.F-TI<\/title>\n<meta name=\"description\" content=\"Edelstahltastatur f\u00fcr den Fronteinbau mit 105 Tasten und integriertem Trackball in verschiedenen Layouts. Unbegrenzte kundenspezifische Varianten m\u00f6glich.\" \/>\n<meta name=\"robots\" content=\"index, follow, max-snippet:-1, max-image-preview:large, max-video-preview:-1\" \/>\n<link rel=\"canonical\" href=\"https:\/\/www.grafossteel.it\/de\/katalog\/fit-inox-de\/fit-105e16-f-ti\/\" \/>\n<meta property=\"og:locale\" content=\"de_DE\" \/>\n<meta property=\"og:type\" content=\"article\" \/>\n<meta property=\"og:title\" content=\"Edelstahltastatur FIT.105E16.F-TI\" \/>\n<meta property=\"og:description\" content=\"Edelstahltastatur f\u00fcr den Fronteinbau mit 105 Tasten und integriertem Trackball in verschiedenen Layouts. Unbegrenzte kundenspezifische Varianten m\u00f6glich.\" \/>\n<meta property=\"og:url\" content=\"https:\/\/www.grafossteel.it\/de\/katalog\/fit-inox-de\/fit-105e16-f-ti\/\" \/>\n<meta property=\"og:site_name\" content=\"Grafos Steel\" \/>\n<meta property=\"article:modified_time\" content=\"2020-05-25T11:15:40+00:00\" \/>\n<meta property=\"og:image\" content=\"https:\/\/www.grafossteel.it\/wp-content\/uploads\/2019\/09\/FIT.105E16.F-TI_GrafosSteel_Keyboard_FIT_Inox-1.jpg\" \/>\n\t<meta property=\"og:image:width\" content=\"1203\" \/>\n\t<meta property=\"og:image:height\" content=\"802\" \/>\n\t<meta property=\"og:image:type\" content=\"image\/jpeg\" \/>\n<meta name=\"twitter:card\" content=\"summary_large_image\" \/>\n<meta name=\"twitter:label1\" content=\"Gesch\u00e4tzte Lesezeit\" \/>\n\t<meta name=\"twitter:data1\" content=\"1\u00a0Minute\" \/>\n<script type=\"application\/ld+json\" class=\"yoast-schema-graph\">{\"@context\":\"https:\\\/\\\/schema.org\",\"@graph\":[{\"@type\":\"WebPage\",\"@id\":\"https:\\\/\\\/www.grafossteel.it\\\/de\\\/katalog\\\/fit-inox-de\\\/fit-105e16-f-ti\\\/\",\"url\":\"https:\\\/\\\/www.grafossteel.it\\\/de\\\/katalog\\\/fit-inox-de\\\/fit-105e16-f-ti\\\/\",\"name\":\"Edelstahltastatur FIT.105E16.F-TI\",\"isPartOf\":{\"@id\":\"https:\\\/\\\/www.grafossteel.it\\\/de\\\/#website\"},\"primaryImageOfPage\":{\"@id\":\"https:\\\/\\\/www.grafossteel.it\\\/de\\\/katalog\\\/fit-inox-de\\\/fit-105e16-f-ti\\\/#primaryimage\"},\"image\":{\"@id\":\"https:\\\/\\\/www.grafossteel.it\\\/de\\\/katalog\\\/fit-inox-de\\\/fit-105e16-f-ti\\\/#primaryimage\"},\"thumbnailUrl\":\"https:\\\/\\\/www.grafossteel.it\\\/wp-content\\\/uploads\\\/2019\\\/09\\\/FIT.105E16.F-TI_GrafosSteel_Keyboard_FIT_Inox-1.jpg\",\"datePublished\":\"2019-09-24T07:49:48+00:00\",\"dateModified\":\"2020-05-25T11:15:40+00:00\",\"description\":\"Edelstahltastatur f\u00fcr den Fronteinbau mit 105 Tasten und integriertem Trackball in verschiedenen Layouts. Unbegrenzte kundenspezifische Varianten m\u00f6glich.\",\"breadcrumb\":{\"@id\":\"https:\\\/\\\/www.grafossteel.it\\\/de\\\/katalog\\\/fit-inox-de\\\/fit-105e16-f-ti\\\/#breadcrumb\"},\"inLanguage\":\"de\",\"potentialAction\":[{\"@type\":\"ReadAction\",\"target\":[\"https:\\\/\\\/www.grafossteel.it\\\/de\\\/katalog\\\/fit-inox-de\\\/fit-105e16-f-ti\\\/\"]}]},{\"@type\":\"ImageObject\",\"inLanguage\":\"de\",\"@id\":\"https:\\\/\\\/www.grafossteel.it\\\/de\\\/katalog\\\/fit-inox-de\\\/fit-105e16-f-ti\\\/#primaryimage\",\"url\":\"https:\\\/\\\/www.grafossteel.it\\\/wp-content\\\/uploads\\\/2019\\\/09\\\/FIT.105E16.F-TI_GrafosSteel_Keyboard_FIT_Inox-1.jpg\",\"contentUrl\":\"https:\\\/\\\/www.grafossteel.it\\\/wp-content\\\/uploads\\\/2019\\\/09\\\/FIT.105E16.F-TI_GrafosSteel_Keyboard_FIT_Inox-1.jpg\",\"width\":1203,\"height\":802},{\"@type\":\"BreadcrumbList\",\"@id\":\"https:\\\/\\\/www.grafossteel.it\\\/de\\\/katalog\\\/fit-inox-de\\\/fit-105e16-f-ti\\\/#breadcrumb\",\"itemListElement\":[{\"@type\":\"ListItem\",\"position\":1,\"name\":\"Home\",\"item\":\"https:\\\/\\\/www.grafossteel.it\\\/de\\\/\"},{\"@type\":\"ListItem\",\"position\":2,\"name\":\"Katalog\",\"item\":\"https:\\\/\\\/www.grafossteel.it\\\/de\\\/katalog\\\/\"},{\"@type\":\"ListItem\",\"position\":3,\"name\":\"FIT.105E16.F-TI\"}]},{\"@type\":\"WebSite\",\"@id\":\"https:\\\/\\\/www.grafossteel.it\\\/de\\\/#website\",\"url\":\"https:\\\/\\\/www.grafossteel.it\\\/de\\\/\",\"name\":\"Grafos Steel\",\"description\":\"Hardware Made of Metal\",\"publisher\":{\"@id\":\"https:\\\/\\\/www.grafossteel.it\\\/de\\\/#organization\"},\"potentialAction\":[{\"@type\":\"SearchAction\",\"target\":{\"@type\":\"EntryPoint\",\"urlTemplate\":\"https:\\\/\\\/www.grafossteel.it\\\/de\\\/?s={search_term_string}\"},\"query-input\":{\"@type\":\"PropertyValueSpecification\",\"valueRequired\":true,\"valueName\":\"search_term_string\"}}],\"inLanguage\":\"de\"},{\"@type\":\"Organization\",\"@id\":\"https:\\\/\\\/www.grafossteel.it\\\/de\\\/#organization\",\"name\":\"Grafos Steel S.r.l.\",\"url\":\"https:\\\/\\\/www.grafossteel.it\\\/de\\\/\",\"logo\":{\"@type\":\"ImageObject\",\"inLanguage\":\"de\",\"@id\":\"https:\\\/\\\/www.grafossteel.it\\\/de\\\/#\\\/schema\\\/logo\\\/image\\\/\",\"url\":\"https:\\\/\\\/www.grafossteel.it\\\/wp-content\\\/uploads\\\/2019\\\/09\\\/grafos-steel-tastiere-in-acciaio-logo-2019.jpg\",\"contentUrl\":\"https:\\\/\\\/www.grafossteel.it\\\/wp-content\\\/uploads\\\/2019\\\/09\\\/grafos-steel-tastiere-in-acciaio-logo-2019.jpg\",\"width\":371,\"height\":112,\"caption\":\"Grafos Steel S.r.l.\"},\"image\":{\"@id\":\"https:\\\/\\\/www.grafossteel.it\\\/de\\\/#\\\/schema\\\/logo\\\/image\\\/\"}}]}<\/script>\n<!-- \/ Yoast SEO plugin. -->","yoast_head_json":{"title":"Edelstahltastatur FIT.105E16.F-TI","description":"Edelstahltastatur f\u00fcr den Fronteinbau mit 105 Tasten und integriertem Trackball in verschiedenen Layouts. Unbegrenzte kundenspezifische Varianten m\u00f6glich.","robots":{"index":"index","follow":"follow","max-snippet":"max-snippet:-1","max-image-preview":"max-image-preview:large","max-video-preview":"max-video-preview:-1"},"canonical":"https:\/\/www.grafossteel.it\/de\/katalog\/fit-inox-de\/fit-105e16-f-ti\/","og_locale":"de_DE","og_type":"article","og_title":"Edelstahltastatur FIT.105E16.F-TI","og_description":"Edelstahltastatur f\u00fcr den Fronteinbau mit 105 Tasten und integriertem Trackball in verschiedenen Layouts. Unbegrenzte kundenspezifische Varianten m\u00f6glich.","og_url":"https:\/\/www.grafossteel.it\/de\/katalog\/fit-inox-de\/fit-105e16-f-ti\/","og_site_name":"Grafos Steel","article_modified_time":"2020-05-25T11:15:40+00:00","og_image":[{"width":1203,"height":802,"url":"https:\/\/www.grafossteel.it\/wp-content\/uploads\/2019\/09\/FIT.105E16.F-TI_GrafosSteel_Keyboard_FIT_Inox-1.jpg","type":"image\/jpeg"}],"twitter_card":"summary_large_image","twitter_misc":{"Gesch\u00e4tzte Lesezeit":"1\u00a0Minute"},"schema":{"@context":"https:\/\/schema.org","@graph":[{"@type":"WebPage","@id":"https:\/\/www.grafossteel.it\/de\/katalog\/fit-inox-de\/fit-105e16-f-ti\/","url":"https:\/\/www.grafossteel.it\/de\/katalog\/fit-inox-de\/fit-105e16-f-ti\/","name":"Edelstahltastatur FIT.105E16.F-TI","isPartOf":{"@id":"https:\/\/www.grafossteel.it\/de\/#website"},"primaryImageOfPage":{"@id":"https:\/\/www.grafossteel.it\/de\/katalog\/fit-inox-de\/fit-105e16-f-ti\/#primaryimage"},"image":{"@id":"https:\/\/www.grafossteel.it\/de\/katalog\/fit-inox-de\/fit-105e16-f-ti\/#primaryimage"},"thumbnailUrl":"https:\/\/www.grafossteel.it\/wp-content\/uploads\/2019\/09\/FIT.105E16.F-TI_GrafosSteel_Keyboard_FIT_Inox-1.jpg","datePublished":"2019-09-24T07:49:48+00:00","dateModified":"2020-05-25T11:15:40+00:00","description":"Edelstahltastatur f\u00fcr den Fronteinbau mit 105 Tasten und integriertem Trackball in verschiedenen Layouts. Unbegrenzte kundenspezifische Varianten m\u00f6glich.","breadcrumb":{"@id":"https:\/\/www.grafossteel.it\/de\/katalog\/fit-inox-de\/fit-105e16-f-ti\/#breadcrumb"},"inLanguage":"de","potentialAction":[{"@type":"ReadAction","target":["https:\/\/www.grafossteel.it\/de\/katalog\/fit-inox-de\/fit-105e16-f-ti\/"]}]},{"@type":"ImageObject","inLanguage":"de","@id":"https:\/\/www.grafossteel.it\/de\/katalog\/fit-inox-de\/fit-105e16-f-ti\/#primaryimage","url":"https:\/\/www.grafossteel.it\/wp-content\/uploads\/2019\/09\/FIT.105E16.F-TI_GrafosSteel_Keyboard_FIT_Inox-1.jpg","contentUrl":"https:\/\/www.grafossteel.it\/wp-content\/uploads\/2019\/09\/FIT.105E16.F-TI_GrafosSteel_Keyboard_FIT_Inox-1.jpg","width":1203,"height":802},{"@type":"BreadcrumbList","@id":"https:\/\/www.grafossteel.it\/de\/katalog\/fit-inox-de\/fit-105e16-f-ti\/#breadcrumb","itemListElement":[{"@type":"ListItem","position":1,"name":"Home","item":"https:\/\/www.grafossteel.it\/de\/"},{"@type":"ListItem","position":2,"name":"Katalog","item":"https:\/\/www.grafossteel.it\/de\/katalog\/"},{"@type":"ListItem","position":3,"name":"FIT.105E16.F-TI"}]},{"@type":"WebSite","@id":"https:\/\/www.grafossteel.it\/de\/#website","url":"https:\/\/www.grafossteel.it\/de\/","name":"Grafos Steel","description":"Hardware Made of Metal","publisher":{"@id":"https:\/\/www.grafossteel.it\/de\/#organization"},"potentialAction":[{"@type":"SearchAction","target":{"@type":"EntryPoint","urlTemplate":"https:\/\/www.grafossteel.it\/de\/?s={search_term_string}"},"query-input":{"@type":"PropertyValueSpecification","valueRequired":true,"valueName":"search_term_string"}}],"inLanguage":"de"},{"@type":"Organization","@id":"https:\/\/www.grafossteel.it\/de\/#organization","name":"Grafos Steel S.r.l.","url":"https:\/\/www.grafossteel.it\/de\/","logo":{"@type":"ImageObject","inLanguage":"de","@id":"https:\/\/www.grafossteel.it\/de\/#\/schema\/logo\/image\/","url":"https:\/\/www.grafossteel.it\/wp-content\/uploads\/2019\/09\/grafos-steel-tastiere-in-acciaio-logo-2019.jpg","contentUrl":"https:\/\/www.grafossteel.it\/wp-content\/uploads\/2019\/09\/grafos-steel-tastiere-in-acciaio-logo-2019.jpg","width":371,"height":112,"caption":"Grafos Steel S.r.l."},"image":{"@id":"https:\/\/www.grafossteel.it\/de\/#\/schema\/logo\/image\/"}}]}},"_links":{"self":[{"href":"https:\/\/www.grafossteel.it\/de\/wp-json\/wp\/v2\/product\/5572","targetHints":{"allow":["GET"]}}],"collection":[{"href":"https:\/\/www.grafossteel.it\/de\/wp-json\/wp\/v2\/product"}],"about":[{"href":"https:\/\/www.grafossteel.it\/de\/wp-json\/wp\/v2\/types\/product"}],"wp:featuredmedia":[{"embeddable":true,"href":"https:\/\/www.grafossteel.it\/de\/wp-json\/wp\/v2\/media\/4847"}],"wp:attachment":[{"href":"https:\/\/www.grafossteel.it\/de\/wp-json\/wp\/v2\/media?parent=5572"}],"wp:term":[{"taxonomy":"product_brand","embeddable":true,"href":"https:\/\/www.grafossteel.it\/de\/wp-json\/wp\/v2\/product_brand?post=5572"},{"taxonomy":"product_cat","embeddable":true,"href":"https:\/\/www.grafossteel.it\/de\/wp-json\/wp\/v2\/product_cat?post=5572"},{"taxonomy":"product_tag","embeddable":true,"href":"https:\/\/www.grafossteel.it\/de\/wp-json\/wp\/v2\/product_tag?post=5572"}],"curies":[{"name":"wp","href":"https:\/\/api.w.org\/{rel}","templated":true}]}}