{"id":5563,"date":"2019-09-16T08:41:12","date_gmt":"2019-09-16T06:41:12","guid":{"rendered":"https:\/\/www.grafossteel.it\/?post_type=product&#038;p=5563"},"modified":"2020-05-25T13:31:22","modified_gmt":"2020-05-25T11:31:22","slug":"fit-105e16-r","status":"publish","type":"product","link":"https:\/\/www.grafossteel.it\/de\/katalog\/fit-inox-de\/fit-105e16-r\/","title":{"rendered":"FIT.105E16.R"},"content":{"rendered":"<p>Diese Edelstahltastatur f\u00fcr den R\u00fcckeinbau basiert auf der patentierten <a href=\"https:\/\/www.grafossteel.it\/de\/edelstahltastaturen\/metalltastaturen-der-fit-reihe\/\">FIT-Technologie<\/a> von Grafos Steel. Edelstahltastaturen dieser Klasse besitzen ein komfortables, sanftes Tastgef\u00fchl, das durch die Verwendung von Silikonschaltelementen realisiert wird. Die Tastensymbole sind per Laserverfahren graviert. Alle L\u00e4nderlayouts werden ab einem St\u00fcck und ohne Aufpreis angeboten. Die Montage erfolgt von der R\u00fcckseite durch Montagebohrungen. <a href=\"https:\/\/www.grafossteel.it\/de\/edelstahltastaturen\/sonderloesungen\/\">Kundenspezifische L\u00f6sungen<\/a> sind nahezu ohne Limits umsetzbar.<\/p>\n","protected":false},"excerpt":{"rendered":"<p><strong>Edelstahltastatur mit 105 Tasten f\u00fcr den R\u00fcckeinbau<\/strong><\/p>\n","protected":false},"featured_media":4806,"template":"","meta":{"_acf_changed":false},"product_brand":[],"product_cat":[190],"product_tag":[],"class_list":{"0":"post-5563","1":"product","2":"type-product","3":"status-publish","4":"has-post-thumbnail","6":"product_cat-fit-inox-de","7":"pa_applicazioni-industrielle-automatisierung","8":"pa_applicazioni-informationspunkte","9":"pa_applicazioni-multimedia-kioske","10":"pa_applicazioni-militarausruestung","11":"pa_forma-pulsanti-e16-it-de","12":"pa_interfaccia-ps2-de","13":"pa_interfaccia-usb-de","14":"pa_montaggio-r-ruckseitige-montage","15":"pa_numero-pulsanti-105-de","16":"pa_simboli-l-lasermarkierung","18":"first","19":"instock","20":"shipping-taxable","21":"product-type-simple"},"acf":[],"yoast_head":"<!-- This site is optimized with the Yoast SEO plugin v27.3 - https:\/\/yoast.com\/product\/yoast-seo-wordpress\/ -->\n<title>Edelstahltastatur FIT.105E16.R f\u00fcr den R\u00fcckeinbau<\/title>\n<meta name=\"description\" content=\"Edelstahltastatur f\u00fcr den R\u00fcckeinbau mit 105 Tasten in verschiedenen Layouts. Unbegrenzte kundenspezifische Varianten m\u00f6glich.\" \/>\n<meta name=\"robots\" content=\"index, follow, max-snippet:-1, max-image-preview:large, max-video-preview:-1\" \/>\n<link rel=\"canonical\" href=\"https:\/\/www.grafossteel.it\/de\/katalog\/fit-inox-de\/fit-105e16-r\/\" \/>\n<meta property=\"og:locale\" content=\"de_DE\" \/>\n<meta property=\"og:type\" content=\"article\" \/>\n<meta property=\"og:title\" content=\"Edelstahltastatur FIT.105E16.R f\u00fcr den R\u00fcckeinbau\" \/>\n<meta property=\"og:description\" content=\"Edelstahltastatur f\u00fcr den R\u00fcckeinbau mit 105 Tasten in verschiedenen Layouts. Unbegrenzte kundenspezifische Varianten m\u00f6glich.\" \/>\n<meta property=\"og:url\" content=\"https:\/\/www.grafossteel.it\/de\/katalog\/fit-inox-de\/fit-105e16-r\/\" \/>\n<meta property=\"og:site_name\" content=\"Grafos Steel\" \/>\n<meta property=\"article:modified_time\" content=\"2020-05-25T11:31:22+00:00\" \/>\n<meta property=\"og:image\" content=\"https:\/\/www.grafossteel.it\/wp-content\/uploads\/2019\/09\/FIT.105E16.R_GrafosSteel_Keyboard_FIT_Inox.jpg\" \/>\n\t<meta property=\"og:image:width\" content=\"2000\" \/>\n\t<meta property=\"og:image:height\" content=\"1064\" \/>\n\t<meta property=\"og:image:type\" content=\"image\/jpeg\" \/>\n<meta name=\"twitter:card\" content=\"summary_large_image\" \/>\n<script type=\"application\/ld+json\" class=\"yoast-schema-graph\">{\"@context\":\"https:\\\/\\\/schema.org\",\"@graph\":[{\"@type\":\"WebPage\",\"@id\":\"https:\\\/\\\/www.grafossteel.it\\\/de\\\/katalog\\\/fit-inox-de\\\/fit-105e16-r\\\/\",\"url\":\"https:\\\/\\\/www.grafossteel.it\\\/de\\\/katalog\\\/fit-inox-de\\\/fit-105e16-r\\\/\",\"name\":\"Edelstahltastatur FIT.105E16.R f\u00fcr den R\u00fcckeinbau\",\"isPartOf\":{\"@id\":\"https:\\\/\\\/www.grafossteel.it\\\/de\\\/#website\"},\"primaryImageOfPage\":{\"@id\":\"https:\\\/\\\/www.grafossteel.it\\\/de\\\/katalog\\\/fit-inox-de\\\/fit-105e16-r\\\/#primaryimage\"},\"image\":{\"@id\":\"https:\\\/\\\/www.grafossteel.it\\\/de\\\/katalog\\\/fit-inox-de\\\/fit-105e16-r\\\/#primaryimage\"},\"thumbnailUrl\":\"https:\\\/\\\/www.grafossteel.it\\\/wp-content\\\/uploads\\\/2019\\\/09\\\/FIT.105E16.R_GrafosSteel_Keyboard_FIT_Inox.jpg\",\"datePublished\":\"2019-09-16T06:41:12+00:00\",\"dateModified\":\"2020-05-25T11:31:22+00:00\",\"description\":\"Edelstahltastatur f\u00fcr den R\u00fcckeinbau mit 105 Tasten in verschiedenen Layouts. Unbegrenzte kundenspezifische Varianten m\u00f6glich.\",\"breadcrumb\":{\"@id\":\"https:\\\/\\\/www.grafossteel.it\\\/de\\\/katalog\\\/fit-inox-de\\\/fit-105e16-r\\\/#breadcrumb\"},\"inLanguage\":\"de\",\"potentialAction\":[{\"@type\":\"ReadAction\",\"target\":[\"https:\\\/\\\/www.grafossteel.it\\\/de\\\/katalog\\\/fit-inox-de\\\/fit-105e16-r\\\/\"]}]},{\"@type\":\"ImageObject\",\"inLanguage\":\"de\",\"@id\":\"https:\\\/\\\/www.grafossteel.it\\\/de\\\/katalog\\\/fit-inox-de\\\/fit-105e16-r\\\/#primaryimage\",\"url\":\"https:\\\/\\\/www.grafossteel.it\\\/wp-content\\\/uploads\\\/2019\\\/09\\\/FIT.105E16.R_GrafosSteel_Keyboard_FIT_Inox.jpg\",\"contentUrl\":\"https:\\\/\\\/www.grafossteel.it\\\/wp-content\\\/uploads\\\/2019\\\/09\\\/FIT.105E16.R_GrafosSteel_Keyboard_FIT_Inox.jpg\",\"width\":2000,\"height\":1064,\"caption\":\"Metall- und Edelstahltastatur FIT.105E16.R Frontansicht\"},{\"@type\":\"BreadcrumbList\",\"@id\":\"https:\\\/\\\/www.grafossteel.it\\\/de\\\/katalog\\\/fit-inox-de\\\/fit-105e16-r\\\/#breadcrumb\",\"itemListElement\":[{\"@type\":\"ListItem\",\"position\":1,\"name\":\"Home\",\"item\":\"https:\\\/\\\/www.grafossteel.it\\\/de\\\/\"},{\"@type\":\"ListItem\",\"position\":2,\"name\":\"Katalog\",\"item\":\"https:\\\/\\\/www.grafossteel.it\\\/de\\\/katalog\\\/\"},{\"@type\":\"ListItem\",\"position\":3,\"name\":\"FIT.105E16.R\"}]},{\"@type\":\"WebSite\",\"@id\":\"https:\\\/\\\/www.grafossteel.it\\\/de\\\/#website\",\"url\":\"https:\\\/\\\/www.grafossteel.it\\\/de\\\/\",\"name\":\"Grafos Steel\",\"description\":\"Hardware Made of Metal\",\"publisher\":{\"@id\":\"https:\\\/\\\/www.grafossteel.it\\\/de\\\/#organization\"},\"potentialAction\":[{\"@type\":\"SearchAction\",\"target\":{\"@type\":\"EntryPoint\",\"urlTemplate\":\"https:\\\/\\\/www.grafossteel.it\\\/de\\\/?s={search_term_string}\"},\"query-input\":{\"@type\":\"PropertyValueSpecification\",\"valueRequired\":true,\"valueName\":\"search_term_string\"}}],\"inLanguage\":\"de\"},{\"@type\":\"Organization\",\"@id\":\"https:\\\/\\\/www.grafossteel.it\\\/de\\\/#organization\",\"name\":\"Grafos Steel S.r.l.\",\"url\":\"https:\\\/\\\/www.grafossteel.it\\\/de\\\/\",\"logo\":{\"@type\":\"ImageObject\",\"inLanguage\":\"de\",\"@id\":\"https:\\\/\\\/www.grafossteel.it\\\/de\\\/#\\\/schema\\\/logo\\\/image\\\/\",\"url\":\"https:\\\/\\\/www.grafossteel.it\\\/wp-content\\\/uploads\\\/2019\\\/09\\\/grafos-steel-tastiere-in-acciaio-logo-2019.jpg\",\"contentUrl\":\"https:\\\/\\\/www.grafossteel.it\\\/wp-content\\\/uploads\\\/2019\\\/09\\\/grafos-steel-tastiere-in-acciaio-logo-2019.jpg\",\"width\":371,\"height\":112,\"caption\":\"Grafos Steel S.r.l.\"},\"image\":{\"@id\":\"https:\\\/\\\/www.grafossteel.it\\\/de\\\/#\\\/schema\\\/logo\\\/image\\\/\"}}]}<\/script>\n<!-- \/ Yoast SEO plugin. -->","yoast_head_json":{"title":"Edelstahltastatur FIT.105E16.R f\u00fcr den R\u00fcckeinbau","description":"Edelstahltastatur f\u00fcr den R\u00fcckeinbau mit 105 Tasten in verschiedenen Layouts. Unbegrenzte kundenspezifische Varianten m\u00f6glich.","robots":{"index":"index","follow":"follow","max-snippet":"max-snippet:-1","max-image-preview":"max-image-preview:large","max-video-preview":"max-video-preview:-1"},"canonical":"https:\/\/www.grafossteel.it\/de\/katalog\/fit-inox-de\/fit-105e16-r\/","og_locale":"de_DE","og_type":"article","og_title":"Edelstahltastatur FIT.105E16.R f\u00fcr den R\u00fcckeinbau","og_description":"Edelstahltastatur f\u00fcr den R\u00fcckeinbau mit 105 Tasten in verschiedenen Layouts. Unbegrenzte kundenspezifische Varianten m\u00f6glich.","og_url":"https:\/\/www.grafossteel.it\/de\/katalog\/fit-inox-de\/fit-105e16-r\/","og_site_name":"Grafos Steel","article_modified_time":"2020-05-25T11:31:22+00:00","og_image":[{"width":2000,"height":1064,"url":"https:\/\/www.grafossteel.it\/wp-content\/uploads\/2019\/09\/FIT.105E16.R_GrafosSteel_Keyboard_FIT_Inox.jpg","type":"image\/jpeg"}],"twitter_card":"summary_large_image","schema":{"@context":"https:\/\/schema.org","@graph":[{"@type":"WebPage","@id":"https:\/\/www.grafossteel.it\/de\/katalog\/fit-inox-de\/fit-105e16-r\/","url":"https:\/\/www.grafossteel.it\/de\/katalog\/fit-inox-de\/fit-105e16-r\/","name":"Edelstahltastatur FIT.105E16.R f\u00fcr den R\u00fcckeinbau","isPartOf":{"@id":"https:\/\/www.grafossteel.it\/de\/#website"},"primaryImageOfPage":{"@id":"https:\/\/www.grafossteel.it\/de\/katalog\/fit-inox-de\/fit-105e16-r\/#primaryimage"},"image":{"@id":"https:\/\/www.grafossteel.it\/de\/katalog\/fit-inox-de\/fit-105e16-r\/#primaryimage"},"thumbnailUrl":"https:\/\/www.grafossteel.it\/wp-content\/uploads\/2019\/09\/FIT.105E16.R_GrafosSteel_Keyboard_FIT_Inox.jpg","datePublished":"2019-09-16T06:41:12+00:00","dateModified":"2020-05-25T11:31:22+00:00","description":"Edelstahltastatur f\u00fcr den R\u00fcckeinbau mit 105 Tasten in verschiedenen Layouts. Unbegrenzte kundenspezifische Varianten m\u00f6glich.","breadcrumb":{"@id":"https:\/\/www.grafossteel.it\/de\/katalog\/fit-inox-de\/fit-105e16-r\/#breadcrumb"},"inLanguage":"de","potentialAction":[{"@type":"ReadAction","target":["https:\/\/www.grafossteel.it\/de\/katalog\/fit-inox-de\/fit-105e16-r\/"]}]},{"@type":"ImageObject","inLanguage":"de","@id":"https:\/\/www.grafossteel.it\/de\/katalog\/fit-inox-de\/fit-105e16-r\/#primaryimage","url":"https:\/\/www.grafossteel.it\/wp-content\/uploads\/2019\/09\/FIT.105E16.R_GrafosSteel_Keyboard_FIT_Inox.jpg","contentUrl":"https:\/\/www.grafossteel.it\/wp-content\/uploads\/2019\/09\/FIT.105E16.R_GrafosSteel_Keyboard_FIT_Inox.jpg","width":2000,"height":1064,"caption":"Metall- und Edelstahltastatur FIT.105E16.R Frontansicht"},{"@type":"BreadcrumbList","@id":"https:\/\/www.grafossteel.it\/de\/katalog\/fit-inox-de\/fit-105e16-r\/#breadcrumb","itemListElement":[{"@type":"ListItem","position":1,"name":"Home","item":"https:\/\/www.grafossteel.it\/de\/"},{"@type":"ListItem","position":2,"name":"Katalog","item":"https:\/\/www.grafossteel.it\/de\/katalog\/"},{"@type":"ListItem","position":3,"name":"FIT.105E16.R"}]},{"@type":"WebSite","@id":"https:\/\/www.grafossteel.it\/de\/#website","url":"https:\/\/www.grafossteel.it\/de\/","name":"Grafos Steel","description":"Hardware Made of Metal","publisher":{"@id":"https:\/\/www.grafossteel.it\/de\/#organization"},"potentialAction":[{"@type":"SearchAction","target":{"@type":"EntryPoint","urlTemplate":"https:\/\/www.grafossteel.it\/de\/?s={search_term_string}"},"query-input":{"@type":"PropertyValueSpecification","valueRequired":true,"valueName":"search_term_string"}}],"inLanguage":"de"},{"@type":"Organization","@id":"https:\/\/www.grafossteel.it\/de\/#organization","name":"Grafos Steel S.r.l.","url":"https:\/\/www.grafossteel.it\/de\/","logo":{"@type":"ImageObject","inLanguage":"de","@id":"https:\/\/www.grafossteel.it\/de\/#\/schema\/logo\/image\/","url":"https:\/\/www.grafossteel.it\/wp-content\/uploads\/2019\/09\/grafos-steel-tastiere-in-acciaio-logo-2019.jpg","contentUrl":"https:\/\/www.grafossteel.it\/wp-content\/uploads\/2019\/09\/grafos-steel-tastiere-in-acciaio-logo-2019.jpg","width":371,"height":112,"caption":"Grafos Steel S.r.l."},"image":{"@id":"https:\/\/www.grafossteel.it\/de\/#\/schema\/logo\/image\/"}}]}},"_links":{"self":[{"href":"https:\/\/www.grafossteel.it\/de\/wp-json\/wp\/v2\/product\/5563","targetHints":{"allow":["GET"]}}],"collection":[{"href":"https:\/\/www.grafossteel.it\/de\/wp-json\/wp\/v2\/product"}],"about":[{"href":"https:\/\/www.grafossteel.it\/de\/wp-json\/wp\/v2\/types\/product"}],"wp:featuredmedia":[{"embeddable":true,"href":"https:\/\/www.grafossteel.it\/de\/wp-json\/wp\/v2\/media\/4806"}],"wp:attachment":[{"href":"https:\/\/www.grafossteel.it\/de\/wp-json\/wp\/v2\/media?parent=5563"}],"wp:term":[{"taxonomy":"product_brand","embeddable":true,"href":"https:\/\/www.grafossteel.it\/de\/wp-json\/wp\/v2\/product_brand?post=5563"},{"taxonomy":"product_cat","embeddable":true,"href":"https:\/\/www.grafossteel.it\/de\/wp-json\/wp\/v2\/product_cat?post=5563"},{"taxonomy":"product_tag","embeddable":true,"href":"https:\/\/www.grafossteel.it\/de\/wp-json\/wp\/v2\/product_tag?post=5563"}],"curies":[{"name":"wp","href":"https:\/\/api.w.org\/{rel}","templated":true}]}}