{"id":5562,"date":"2019-09-16T08:50:14","date_gmt":"2019-09-16T06:50:14","guid":{"rendered":"https:\/\/www.grafossteel.it\/?post_type=product&#038;p=5562"},"modified":"2020-05-26T14:34:08","modified_gmt":"2020-05-26T12:34:08","slug":"fit-105e16-t","status":"publish","type":"product","link":"https:\/\/www.grafossteel.it\/de\/katalog\/fit-inox-de\/fit-105e16-t\/","title":{"rendered":"FIT.105E16.T"},"content":{"rendered":"<p>Die FIT.105E16.T ist eine robuste Einbautastatur aus Edelstahl. Sie besitzt ein robustes Metallgeh\u00e4use und l\u00e4sst sich so auf alle ebenen Fl\u00e4chen oder in Konsolen platzieren. Mit 105 Tasten besitzt die Tastatur ein vollst\u00e4ndiges Tastenlayout, das einen Nummernblock einschlie\u00dft. G\u00e4ngige L\u00e4nderlayouts sind standardm\u00e4\u00dfig verf\u00fcgbar; andere realisieren wir bei Bedarf ohne Aufpreis. Das Schaltprinzip beruht auf der <a href=\"https:\/\/www.grafossteel.it\/de\/edelstahltastaturen\/metalltastaturen-der-fit-reihe\/\">FIT-Technologie<\/a> von Grafos Steel. <a href=\"https:\/\/www.grafossteel.it\/de\/edelstahltastaturen\/sonderloesungen\/\">Kundenspezifische Anpassungen<\/a> sind in nahezu jede Variante realisierbar.<\/p>\n<p>Geeignet ist die Edelstahltastatur f\u00fcr den Einsatz in anspruchsvollen Umgebungsbedingungen. Dazu z\u00e4hlt insbesondere die Industrieautomation oder die Wehrtechnik.\u00a0 Das Geh\u00e4use der Tastatur ist zudem f\u00fcr den Einbau in Racks, VESA-Systeme oder Halteschienen geeignet. In diesen F\u00e4llen werden entsprechende Gewindebohrungen eingearbeitet.<\/p>\n","protected":false},"excerpt":{"rendered":"<p>Edelstahltastatur im Desktopgeh\u00e4use mit 105 Tasten<\/p>\n","protected":false},"featured_media":4819,"template":"","meta":{"_acf_changed":false},"product_brand":[],"product_cat":[190],"product_tag":[],"class_list":{"0":"post-5562","1":"product","2":"type-product","3":"status-publish","4":"has-post-thumbnail","6":"product_cat-fit-inox-de","7":"pa_applicazioni-industrielle-automatisierung","8":"pa_applicazioni-informationspunkte","9":"pa_applicazioni-multimedia-kioske","10":"pa_applicazioni-militarausruestung","11":"pa_forma-pulsanti-e16-it-de","12":"pa_interfaccia-ps2-de","13":"pa_interfaccia-usb-de","14":"pa_montaggio-t-tabellenversion","15":"pa_numero-pulsanti-105-de","16":"pa_simboli-l-lasermarkierung","18":"first","19":"instock","20":"shipping-taxable","21":"product-type-simple"},"acf":[],"yoast_head":"<!-- This site is optimized with the Yoast SEO plugin v27.6 - https:\/\/yoast.com\/product\/yoast-seo-wordpress\/ -->\n<title>Edelstahltastatur FIT.105E16.T im Desktopgeh\u00e4use<\/title>\n<meta name=\"description\" content=\"Robuste Stahltastatur im Geh\u00e4use von Grafos Steel mit hohem Bedienkomfort. Alle L\u00e4nderlayouts werden bereits ab einem St\u00fcck und ohne Aufpreis realisiert.\" \/>\n<meta name=\"robots\" content=\"index, follow, max-snippet:-1, max-image-preview:large, max-video-preview:-1\" \/>\n<link rel=\"canonical\" href=\"https:\/\/www.grafossteel.it\/de\/katalog\/fit-inox-de\/fit-105e16-t\/\" \/>\n<meta property=\"og:locale\" content=\"de_DE\" \/>\n<meta property=\"og:type\" content=\"article\" \/>\n<meta property=\"og:title\" content=\"Edelstahltastatur FIT.105E16.T im Desktopgeh\u00e4use\" \/>\n<meta property=\"og:description\" content=\"Robuste Stahltastatur im Geh\u00e4use von Grafos Steel mit hohem Bedienkomfort. Alle L\u00e4nderlayouts werden bereits ab einem St\u00fcck und ohne Aufpreis realisiert.\" \/>\n<meta property=\"og:url\" content=\"https:\/\/www.grafossteel.it\/de\/katalog\/fit-inox-de\/fit-105e16-t\/\" \/>\n<meta property=\"og:site_name\" content=\"Grafos Steel\" \/>\n<meta property=\"article:modified_time\" content=\"2020-05-26T12:34:08+00:00\" \/>\n<meta property=\"og:image\" content=\"https:\/\/www.grafossteel.it\/wp-content\/uploads\/2019\/09\/FIT.105E16.T_GrafosSteel_Keyboard_FIT_Inox.jpg\" \/>\n\t<meta property=\"og:image:width\" content=\"2000\" \/>\n\t<meta property=\"og:image:height\" content=\"1333\" \/>\n\t<meta property=\"og:image:type\" content=\"image\/jpeg\" \/>\n<meta name=\"twitter:card\" content=\"summary_large_image\" \/>\n<meta name=\"twitter:label1\" content=\"Gesch\u00e4tzte Lesezeit\" \/>\n\t<meta name=\"twitter:data1\" content=\"1\u00a0Minute\" \/>\n<script type=\"application\/ld+json\" class=\"yoast-schema-graph\">{\"@context\":\"https:\\\/\\\/schema.org\",\"@graph\":[{\"@type\":\"WebPage\",\"@id\":\"https:\\\/\\\/www.grafossteel.it\\\/de\\\/katalog\\\/fit-inox-de\\\/fit-105e16-t\\\/\",\"url\":\"https:\\\/\\\/www.grafossteel.it\\\/de\\\/katalog\\\/fit-inox-de\\\/fit-105e16-t\\\/\",\"name\":\"Edelstahltastatur FIT.105E16.T im Desktopgeh\u00e4use\",\"isPartOf\":{\"@id\":\"https:\\\/\\\/www.grafossteel.it\\\/de\\\/#website\"},\"primaryImageOfPage\":{\"@id\":\"https:\\\/\\\/www.grafossteel.it\\\/de\\\/katalog\\\/fit-inox-de\\\/fit-105e16-t\\\/#primaryimage\"},\"image\":{\"@id\":\"https:\\\/\\\/www.grafossteel.it\\\/de\\\/katalog\\\/fit-inox-de\\\/fit-105e16-t\\\/#primaryimage\"},\"thumbnailUrl\":\"https:\\\/\\\/www.grafossteel.it\\\/wp-content\\\/uploads\\\/2019\\\/09\\\/FIT.105E16.T_GrafosSteel_Keyboard_FIT_Inox.jpg\",\"datePublished\":\"2019-09-16T06:50:14+00:00\",\"dateModified\":\"2020-05-26T12:34:08+00:00\",\"description\":\"Robuste Stahltastatur im Geh\u00e4use von Grafos Steel mit hohem Bedienkomfort. Alle L\u00e4nderlayouts werden bereits ab einem St\u00fcck und ohne Aufpreis realisiert.\",\"breadcrumb\":{\"@id\":\"https:\\\/\\\/www.grafossteel.it\\\/de\\\/katalog\\\/fit-inox-de\\\/fit-105e16-t\\\/#breadcrumb\"},\"inLanguage\":\"de\",\"potentialAction\":[{\"@type\":\"ReadAction\",\"target\":[\"https:\\\/\\\/www.grafossteel.it\\\/de\\\/katalog\\\/fit-inox-de\\\/fit-105e16-t\\\/\"]}]},{\"@type\":\"ImageObject\",\"inLanguage\":\"de\",\"@id\":\"https:\\\/\\\/www.grafossteel.it\\\/de\\\/katalog\\\/fit-inox-de\\\/fit-105e16-t\\\/#primaryimage\",\"url\":\"https:\\\/\\\/www.grafossteel.it\\\/wp-content\\\/uploads\\\/2019\\\/09\\\/FIT.105E16.T_GrafosSteel_Keyboard_FIT_Inox.jpg\",\"contentUrl\":\"https:\\\/\\\/www.grafossteel.it\\\/wp-content\\\/uploads\\\/2019\\\/09\\\/FIT.105E16.T_GrafosSteel_Keyboard_FIT_Inox.jpg\",\"width\":2000,\"height\":1333,\"caption\":\"Metall- und Edelstahltastatur FIT.105E16.T\"},{\"@type\":\"BreadcrumbList\",\"@id\":\"https:\\\/\\\/www.grafossteel.it\\\/de\\\/katalog\\\/fit-inox-de\\\/fit-105e16-t\\\/#breadcrumb\",\"itemListElement\":[{\"@type\":\"ListItem\",\"position\":1,\"name\":\"Home\",\"item\":\"https:\\\/\\\/www.grafossteel.it\\\/de\\\/\"},{\"@type\":\"ListItem\",\"position\":2,\"name\":\"Katalog\",\"item\":\"https:\\\/\\\/www.grafossteel.it\\\/de\\\/katalog\\\/\"},{\"@type\":\"ListItem\",\"position\":3,\"name\":\"FIT.105E16.T\"}]},{\"@type\":\"WebSite\",\"@id\":\"https:\\\/\\\/www.grafossteel.it\\\/de\\\/#website\",\"url\":\"https:\\\/\\\/www.grafossteel.it\\\/de\\\/\",\"name\":\"Grafos Steel\",\"description\":\"Hardware Made of Metal\",\"publisher\":{\"@id\":\"https:\\\/\\\/www.grafossteel.it\\\/de\\\/#organization\"},\"potentialAction\":[{\"@type\":\"SearchAction\",\"target\":{\"@type\":\"EntryPoint\",\"urlTemplate\":\"https:\\\/\\\/www.grafossteel.it\\\/de\\\/?s={search_term_string}\"},\"query-input\":{\"@type\":\"PropertyValueSpecification\",\"valueRequired\":true,\"valueName\":\"search_term_string\"}}],\"inLanguage\":\"de\"},{\"@type\":\"Organization\",\"@id\":\"https:\\\/\\\/www.grafossteel.it\\\/de\\\/#organization\",\"name\":\"Grafos Steel S.r.l.\",\"url\":\"https:\\\/\\\/www.grafossteel.it\\\/de\\\/\",\"logo\":{\"@type\":\"ImageObject\",\"inLanguage\":\"de\",\"@id\":\"https:\\\/\\\/www.grafossteel.it\\\/de\\\/#\\\/schema\\\/logo\\\/image\\\/\",\"url\":\"https:\\\/\\\/www.grafossteel.it\\\/wp-content\\\/uploads\\\/2019\\\/09\\\/grafos-steel-tastiere-in-acciaio-logo-2019.jpg\",\"contentUrl\":\"https:\\\/\\\/www.grafossteel.it\\\/wp-content\\\/uploads\\\/2019\\\/09\\\/grafos-steel-tastiere-in-acciaio-logo-2019.jpg\",\"width\":371,\"height\":112,\"caption\":\"Grafos Steel S.r.l.\"},\"image\":{\"@id\":\"https:\\\/\\\/www.grafossteel.it\\\/de\\\/#\\\/schema\\\/logo\\\/image\\\/\"}}]}<\/script>\n<!-- \/ Yoast SEO plugin. -->","yoast_head_json":{"title":"Edelstahltastatur FIT.105E16.T im Desktopgeh\u00e4use","description":"Robuste Stahltastatur im Geh\u00e4use von Grafos Steel mit hohem Bedienkomfort. Alle L\u00e4nderlayouts werden bereits ab einem St\u00fcck und ohne Aufpreis realisiert.","robots":{"index":"index","follow":"follow","max-snippet":"max-snippet:-1","max-image-preview":"max-image-preview:large","max-video-preview":"max-video-preview:-1"},"canonical":"https:\/\/www.grafossteel.it\/de\/katalog\/fit-inox-de\/fit-105e16-t\/","og_locale":"de_DE","og_type":"article","og_title":"Edelstahltastatur FIT.105E16.T im Desktopgeh\u00e4use","og_description":"Robuste Stahltastatur im Geh\u00e4use von Grafos Steel mit hohem Bedienkomfort. Alle L\u00e4nderlayouts werden bereits ab einem St\u00fcck und ohne Aufpreis realisiert.","og_url":"https:\/\/www.grafossteel.it\/de\/katalog\/fit-inox-de\/fit-105e16-t\/","og_site_name":"Grafos Steel","article_modified_time":"2020-05-26T12:34:08+00:00","og_image":[{"width":2000,"height":1333,"url":"https:\/\/www.grafossteel.it\/wp-content\/uploads\/2019\/09\/FIT.105E16.T_GrafosSteel_Keyboard_FIT_Inox.jpg","type":"image\/jpeg"}],"twitter_card":"summary_large_image","twitter_misc":{"Gesch\u00e4tzte Lesezeit":"1\u00a0Minute"},"schema":{"@context":"https:\/\/schema.org","@graph":[{"@type":"WebPage","@id":"https:\/\/www.grafossteel.it\/de\/katalog\/fit-inox-de\/fit-105e16-t\/","url":"https:\/\/www.grafossteel.it\/de\/katalog\/fit-inox-de\/fit-105e16-t\/","name":"Edelstahltastatur FIT.105E16.T im Desktopgeh\u00e4use","isPartOf":{"@id":"https:\/\/www.grafossteel.it\/de\/#website"},"primaryImageOfPage":{"@id":"https:\/\/www.grafossteel.it\/de\/katalog\/fit-inox-de\/fit-105e16-t\/#primaryimage"},"image":{"@id":"https:\/\/www.grafossteel.it\/de\/katalog\/fit-inox-de\/fit-105e16-t\/#primaryimage"},"thumbnailUrl":"https:\/\/www.grafossteel.it\/wp-content\/uploads\/2019\/09\/FIT.105E16.T_GrafosSteel_Keyboard_FIT_Inox.jpg","datePublished":"2019-09-16T06:50:14+00:00","dateModified":"2020-05-26T12:34:08+00:00","description":"Robuste Stahltastatur im Geh\u00e4use von Grafos Steel mit hohem Bedienkomfort. Alle L\u00e4nderlayouts werden bereits ab einem St\u00fcck und ohne Aufpreis realisiert.","breadcrumb":{"@id":"https:\/\/www.grafossteel.it\/de\/katalog\/fit-inox-de\/fit-105e16-t\/#breadcrumb"},"inLanguage":"de","potentialAction":[{"@type":"ReadAction","target":["https:\/\/www.grafossteel.it\/de\/katalog\/fit-inox-de\/fit-105e16-t\/"]}]},{"@type":"ImageObject","inLanguage":"de","@id":"https:\/\/www.grafossteel.it\/de\/katalog\/fit-inox-de\/fit-105e16-t\/#primaryimage","url":"https:\/\/www.grafossteel.it\/wp-content\/uploads\/2019\/09\/FIT.105E16.T_GrafosSteel_Keyboard_FIT_Inox.jpg","contentUrl":"https:\/\/www.grafossteel.it\/wp-content\/uploads\/2019\/09\/FIT.105E16.T_GrafosSteel_Keyboard_FIT_Inox.jpg","width":2000,"height":1333,"caption":"Metall- und Edelstahltastatur FIT.105E16.T"},{"@type":"BreadcrumbList","@id":"https:\/\/www.grafossteel.it\/de\/katalog\/fit-inox-de\/fit-105e16-t\/#breadcrumb","itemListElement":[{"@type":"ListItem","position":1,"name":"Home","item":"https:\/\/www.grafossteel.it\/de\/"},{"@type":"ListItem","position":2,"name":"Katalog","item":"https:\/\/www.grafossteel.it\/de\/katalog\/"},{"@type":"ListItem","position":3,"name":"FIT.105E16.T"}]},{"@type":"WebSite","@id":"https:\/\/www.grafossteel.it\/de\/#website","url":"https:\/\/www.grafossteel.it\/de\/","name":"Grafos Steel","description":"Hardware Made of Metal","publisher":{"@id":"https:\/\/www.grafossteel.it\/de\/#organization"},"potentialAction":[{"@type":"SearchAction","target":{"@type":"EntryPoint","urlTemplate":"https:\/\/www.grafossteel.it\/de\/?s={search_term_string}"},"query-input":{"@type":"PropertyValueSpecification","valueRequired":true,"valueName":"search_term_string"}}],"inLanguage":"de"},{"@type":"Organization","@id":"https:\/\/www.grafossteel.it\/de\/#organization","name":"Grafos Steel S.r.l.","url":"https:\/\/www.grafossteel.it\/de\/","logo":{"@type":"ImageObject","inLanguage":"de","@id":"https:\/\/www.grafossteel.it\/de\/#\/schema\/logo\/image\/","url":"https:\/\/www.grafossteel.it\/wp-content\/uploads\/2019\/09\/grafos-steel-tastiere-in-acciaio-logo-2019.jpg","contentUrl":"https:\/\/www.grafossteel.it\/wp-content\/uploads\/2019\/09\/grafos-steel-tastiere-in-acciaio-logo-2019.jpg","width":371,"height":112,"caption":"Grafos Steel S.r.l."},"image":{"@id":"https:\/\/www.grafossteel.it\/de\/#\/schema\/logo\/image\/"}}]}},"_links":{"self":[{"href":"https:\/\/www.grafossteel.it\/de\/wp-json\/wp\/v2\/product\/5562","targetHints":{"allow":["GET"]}}],"collection":[{"href":"https:\/\/www.grafossteel.it\/de\/wp-json\/wp\/v2\/product"}],"about":[{"href":"https:\/\/www.grafossteel.it\/de\/wp-json\/wp\/v2\/types\/product"}],"wp:featuredmedia":[{"embeddable":true,"href":"https:\/\/www.grafossteel.it\/de\/wp-json\/wp\/v2\/media\/4819"}],"wp:attachment":[{"href":"https:\/\/www.grafossteel.it\/de\/wp-json\/wp\/v2\/media?parent=5562"}],"wp:term":[{"taxonomy":"product_brand","embeddable":true,"href":"https:\/\/www.grafossteel.it\/de\/wp-json\/wp\/v2\/product_brand?post=5562"},{"taxonomy":"product_cat","embeddable":true,"href":"https:\/\/www.grafossteel.it\/de\/wp-json\/wp\/v2\/product_cat?post=5562"},{"taxonomy":"product_tag","embeddable":true,"href":"https:\/\/www.grafossteel.it\/de\/wp-json\/wp\/v2\/product_tag?post=5562"}],"curies":[{"name":"wp","href":"https:\/\/api.w.org\/{rel}","templated":true}]}}