{"id":5559,"date":"2019-09-16T14:32:46","date_gmt":"2019-09-16T12:32:46","guid":{"rendered":"https:\/\/www.grafossteel.it\/?post_type=product&#038;p=5559"},"modified":"2020-05-25T17:40:59","modified_gmt":"2020-05-25T15:40:59","slug":"fit-105e16-r-tp","status":"publish","type":"product","link":"https:\/\/www.grafossteel.it\/de\/katalog\/fit-inox-de\/fit-105e16-r-tp\/","title":{"rendered":"FIT.105E16.R-TP"},"content":{"rendered":"<p>Die FIT.105E16.R-TP ist eine Edelstahltastatur f\u00fcr den R\u00fcckeinbau. Sie besitzt 105 Tasten inklusive Nummernblock und ein integriertes Touchpad. Die Tastatur basiert auf der patentierten <a href=\"https:\/\/www.grafossteel.it\/de\/edelstahltastaturen\/metalltastaturen-der-fit-reihe\/\">FIT-Technologie<\/a> von Grafos Steel. Edelstahltastaturen dieser Klasse besitzen ein komfortables, sanftes Tastgef\u00fchl, das durch die Verwendung von Silikonschaltelementen realisiert wird. Die Tastensymbole sind per Laserverfahren graviert. Alle L\u00e4nderlayouts werden ab einem St\u00fcck und ohne Aufpreis angeboten. Die Montage erfolgt von der R\u00fcckseite durch Montagebohrungen. <a href=\"https:\/\/www.grafossteel.it\/de\/edelstahltastaturen\/sonderloesungen\/\">Kundenspezifische L\u00f6sungen<\/a> sind nahezu ohne Limits umsetzbar.<\/p>\n","protected":false},"excerpt":{"rendered":"<p>Edelstahltastatur f\u00fcr den R\u00fcckeinbau mit 105 Tasten und kapazitivem Touchpad<\/p>\n","protected":false},"featured_media":4905,"template":"","meta":{"_acf_changed":false},"product_brand":[],"product_cat":[190],"product_tag":[],"class_list":{"0":"post-5559","1":"product","2":"type-product","3":"status-publish","4":"has-post-thumbnail","6":"product_cat-fit-inox-de","7":"pa_applicazioni-industrielle-automatisierung","8":"pa_applicazioni-informationspunkte","9":"pa_applicazioni-multimedia-kioske","10":"pa_applicazioni-militarausruestung","11":"pa_dispositivo-puntamento-tp-kapazitives-touchpad","12":"pa_forma-pulsanti-e16-it-de","13":"pa_interfaccia-ps2-de","14":"pa_interfaccia-usb-de","15":"pa_montaggio-r-ruckseitige-montage","16":"pa_numero-pulsanti-105-de","17":"pa_simboli-l-lasermarkierung","19":"first","20":"instock","21":"shipping-taxable","22":"product-type-simple"},"acf":[],"yoast_head":"<!-- This site is optimized with the Yoast SEO plugin v27.5 - https:\/\/yoast.com\/product\/yoast-seo-wordpress\/ -->\n<title>Edelstahltastatur FIT.105E16.R-TP f\u00fcr den R\u00fcckeinbau mit Touchpad<\/title>\n<meta name=\"description\" content=\"Robuste Einbautastatur aus Edelstahl von Grafos Steel. F\u00fcr den R\u00fcckeinbau mit integriertem Touchpad. Alle L\u00e4nderlayouts verf\u00fcgbar.\" \/>\n<meta name=\"robots\" content=\"index, follow, max-snippet:-1, max-image-preview:large, max-video-preview:-1\" \/>\n<link rel=\"canonical\" href=\"https:\/\/www.grafossteel.it\/de\/katalog\/fit-inox-de\/fit-105e16-r-tp\/\" \/>\n<meta property=\"og:locale\" content=\"de_DE\" \/>\n<meta property=\"og:type\" content=\"article\" \/>\n<meta property=\"og:title\" content=\"Edelstahltastatur FIT.105E16.R-TP f\u00fcr den R\u00fcckeinbau mit Touchpad\" \/>\n<meta property=\"og:description\" content=\"Robuste Einbautastatur aus Edelstahl von Grafos Steel. F\u00fcr den R\u00fcckeinbau mit integriertem Touchpad. Alle L\u00e4nderlayouts verf\u00fcgbar.\" \/>\n<meta property=\"og:url\" content=\"https:\/\/www.grafossteel.it\/de\/katalog\/fit-inox-de\/fit-105e16-r-tp\/\" \/>\n<meta property=\"og:site_name\" content=\"Grafos Steel\" \/>\n<meta property=\"article:modified_time\" content=\"2020-05-25T15:40:59+00:00\" \/>\n<meta property=\"og:image\" content=\"https:\/\/www.grafossteel.it\/wp-content\/uploads\/2019\/09\/FIT.105E16.R-TP_GrafosSteel_Keyboard_FIT_Inox.jpg\" \/>\n\t<meta property=\"og:image:width\" content=\"600\" \/>\n\t<meta property=\"og:image:height\" content=\"287\" \/>\n\t<meta property=\"og:image:type\" content=\"image\/jpeg\" \/>\n<meta name=\"twitter:card\" content=\"summary_large_image\" \/>\n<script type=\"application\/ld+json\" class=\"yoast-schema-graph\">{\"@context\":\"https:\\\/\\\/schema.org\",\"@graph\":[{\"@type\":\"WebPage\",\"@id\":\"https:\\\/\\\/www.grafossteel.it\\\/de\\\/katalog\\\/fit-inox-de\\\/fit-105e16-r-tp\\\/\",\"url\":\"https:\\\/\\\/www.grafossteel.it\\\/de\\\/katalog\\\/fit-inox-de\\\/fit-105e16-r-tp\\\/\",\"name\":\"Edelstahltastatur FIT.105E16.R-TP f\u00fcr den R\u00fcckeinbau mit Touchpad\",\"isPartOf\":{\"@id\":\"https:\\\/\\\/www.grafossteel.it\\\/de\\\/#website\"},\"primaryImageOfPage\":{\"@id\":\"https:\\\/\\\/www.grafossteel.it\\\/de\\\/katalog\\\/fit-inox-de\\\/fit-105e16-r-tp\\\/#primaryimage\"},\"image\":{\"@id\":\"https:\\\/\\\/www.grafossteel.it\\\/de\\\/katalog\\\/fit-inox-de\\\/fit-105e16-r-tp\\\/#primaryimage\"},\"thumbnailUrl\":\"https:\\\/\\\/www.grafossteel.it\\\/wp-content\\\/uploads\\\/2019\\\/09\\\/FIT.105E16.R-TP_GrafosSteel_Keyboard_FIT_Inox.jpg\",\"datePublished\":\"2019-09-16T12:32:46+00:00\",\"dateModified\":\"2020-05-25T15:40:59+00:00\",\"description\":\"Robuste Einbautastatur aus Edelstahl von Grafos Steel. F\u00fcr den R\u00fcckeinbau mit integriertem Touchpad. Alle L\u00e4nderlayouts verf\u00fcgbar.\",\"breadcrumb\":{\"@id\":\"https:\\\/\\\/www.grafossteel.it\\\/de\\\/katalog\\\/fit-inox-de\\\/fit-105e16-r-tp\\\/#breadcrumb\"},\"inLanguage\":\"de\",\"potentialAction\":[{\"@type\":\"ReadAction\",\"target\":[\"https:\\\/\\\/www.grafossteel.it\\\/de\\\/katalog\\\/fit-inox-de\\\/fit-105e16-r-tp\\\/\"]}]},{\"@type\":\"ImageObject\",\"inLanguage\":\"de\",\"@id\":\"https:\\\/\\\/www.grafossteel.it\\\/de\\\/katalog\\\/fit-inox-de\\\/fit-105e16-r-tp\\\/#primaryimage\",\"url\":\"https:\\\/\\\/www.grafossteel.it\\\/wp-content\\\/uploads\\\/2019\\\/09\\\/FIT.105E16.R-TP_GrafosSteel_Keyboard_FIT_Inox.jpg\",\"contentUrl\":\"https:\\\/\\\/www.grafossteel.it\\\/wp-content\\\/uploads\\\/2019\\\/09\\\/FIT.105E16.R-TP_GrafosSteel_Keyboard_FIT_Inox.jpg\",\"width\":600,\"height\":287,\"caption\":\"FIT Edelstahltastaturen\"},{\"@type\":\"BreadcrumbList\",\"@id\":\"https:\\\/\\\/www.grafossteel.it\\\/de\\\/katalog\\\/fit-inox-de\\\/fit-105e16-r-tp\\\/#breadcrumb\",\"itemListElement\":[{\"@type\":\"ListItem\",\"position\":1,\"name\":\"Home\",\"item\":\"https:\\\/\\\/www.grafossteel.it\\\/de\\\/\"},{\"@type\":\"ListItem\",\"position\":2,\"name\":\"Katalog\",\"item\":\"https:\\\/\\\/www.grafossteel.it\\\/de\\\/katalog\\\/\"},{\"@type\":\"ListItem\",\"position\":3,\"name\":\"FIT.105E16.R-TP\"}]},{\"@type\":\"WebSite\",\"@id\":\"https:\\\/\\\/www.grafossteel.it\\\/de\\\/#website\",\"url\":\"https:\\\/\\\/www.grafossteel.it\\\/de\\\/\",\"name\":\"Grafos Steel\",\"description\":\"Hardware Made of Metal\",\"publisher\":{\"@id\":\"https:\\\/\\\/www.grafossteel.it\\\/de\\\/#organization\"},\"potentialAction\":[{\"@type\":\"SearchAction\",\"target\":{\"@type\":\"EntryPoint\",\"urlTemplate\":\"https:\\\/\\\/www.grafossteel.it\\\/de\\\/?s={search_term_string}\"},\"query-input\":{\"@type\":\"PropertyValueSpecification\",\"valueRequired\":true,\"valueName\":\"search_term_string\"}}],\"inLanguage\":\"de\"},{\"@type\":\"Organization\",\"@id\":\"https:\\\/\\\/www.grafossteel.it\\\/de\\\/#organization\",\"name\":\"Grafos Steel S.r.l.\",\"url\":\"https:\\\/\\\/www.grafossteel.it\\\/de\\\/\",\"logo\":{\"@type\":\"ImageObject\",\"inLanguage\":\"de\",\"@id\":\"https:\\\/\\\/www.grafossteel.it\\\/de\\\/#\\\/schema\\\/logo\\\/image\\\/\",\"url\":\"https:\\\/\\\/www.grafossteel.it\\\/wp-content\\\/uploads\\\/2019\\\/09\\\/grafos-steel-tastiere-in-acciaio-logo-2019.jpg\",\"contentUrl\":\"https:\\\/\\\/www.grafossteel.it\\\/wp-content\\\/uploads\\\/2019\\\/09\\\/grafos-steel-tastiere-in-acciaio-logo-2019.jpg\",\"width\":371,\"height\":112,\"caption\":\"Grafos Steel S.r.l.\"},\"image\":{\"@id\":\"https:\\\/\\\/www.grafossteel.it\\\/de\\\/#\\\/schema\\\/logo\\\/image\\\/\"}}]}<\/script>\n<!-- \/ Yoast SEO plugin. -->","yoast_head_json":{"title":"Edelstahltastatur FIT.105E16.R-TP f\u00fcr den R\u00fcckeinbau mit Touchpad","description":"Robuste Einbautastatur aus Edelstahl von Grafos Steel. F\u00fcr den R\u00fcckeinbau mit integriertem Touchpad. Alle L\u00e4nderlayouts verf\u00fcgbar.","robots":{"index":"index","follow":"follow","max-snippet":"max-snippet:-1","max-image-preview":"max-image-preview:large","max-video-preview":"max-video-preview:-1"},"canonical":"https:\/\/www.grafossteel.it\/de\/katalog\/fit-inox-de\/fit-105e16-r-tp\/","og_locale":"de_DE","og_type":"article","og_title":"Edelstahltastatur FIT.105E16.R-TP f\u00fcr den R\u00fcckeinbau mit Touchpad","og_description":"Robuste Einbautastatur aus Edelstahl von Grafos Steel. F\u00fcr den R\u00fcckeinbau mit integriertem Touchpad. Alle L\u00e4nderlayouts verf\u00fcgbar.","og_url":"https:\/\/www.grafossteel.it\/de\/katalog\/fit-inox-de\/fit-105e16-r-tp\/","og_site_name":"Grafos Steel","article_modified_time":"2020-05-25T15:40:59+00:00","og_image":[{"width":600,"height":287,"url":"https:\/\/www.grafossteel.it\/wp-content\/uploads\/2019\/09\/FIT.105E16.R-TP_GrafosSteel_Keyboard_FIT_Inox.jpg","type":"image\/jpeg"}],"twitter_card":"summary_large_image","schema":{"@context":"https:\/\/schema.org","@graph":[{"@type":"WebPage","@id":"https:\/\/www.grafossteel.it\/de\/katalog\/fit-inox-de\/fit-105e16-r-tp\/","url":"https:\/\/www.grafossteel.it\/de\/katalog\/fit-inox-de\/fit-105e16-r-tp\/","name":"Edelstahltastatur FIT.105E16.R-TP f\u00fcr den R\u00fcckeinbau mit Touchpad","isPartOf":{"@id":"https:\/\/www.grafossteel.it\/de\/#website"},"primaryImageOfPage":{"@id":"https:\/\/www.grafossteel.it\/de\/katalog\/fit-inox-de\/fit-105e16-r-tp\/#primaryimage"},"image":{"@id":"https:\/\/www.grafossteel.it\/de\/katalog\/fit-inox-de\/fit-105e16-r-tp\/#primaryimage"},"thumbnailUrl":"https:\/\/www.grafossteel.it\/wp-content\/uploads\/2019\/09\/FIT.105E16.R-TP_GrafosSteel_Keyboard_FIT_Inox.jpg","datePublished":"2019-09-16T12:32:46+00:00","dateModified":"2020-05-25T15:40:59+00:00","description":"Robuste Einbautastatur aus Edelstahl von Grafos Steel. F\u00fcr den R\u00fcckeinbau mit integriertem Touchpad. Alle L\u00e4nderlayouts verf\u00fcgbar.","breadcrumb":{"@id":"https:\/\/www.grafossteel.it\/de\/katalog\/fit-inox-de\/fit-105e16-r-tp\/#breadcrumb"},"inLanguage":"de","potentialAction":[{"@type":"ReadAction","target":["https:\/\/www.grafossteel.it\/de\/katalog\/fit-inox-de\/fit-105e16-r-tp\/"]}]},{"@type":"ImageObject","inLanguage":"de","@id":"https:\/\/www.grafossteel.it\/de\/katalog\/fit-inox-de\/fit-105e16-r-tp\/#primaryimage","url":"https:\/\/www.grafossteel.it\/wp-content\/uploads\/2019\/09\/FIT.105E16.R-TP_GrafosSteel_Keyboard_FIT_Inox.jpg","contentUrl":"https:\/\/www.grafossteel.it\/wp-content\/uploads\/2019\/09\/FIT.105E16.R-TP_GrafosSteel_Keyboard_FIT_Inox.jpg","width":600,"height":287,"caption":"FIT Edelstahltastaturen"},{"@type":"BreadcrumbList","@id":"https:\/\/www.grafossteel.it\/de\/katalog\/fit-inox-de\/fit-105e16-r-tp\/#breadcrumb","itemListElement":[{"@type":"ListItem","position":1,"name":"Home","item":"https:\/\/www.grafossteel.it\/de\/"},{"@type":"ListItem","position":2,"name":"Katalog","item":"https:\/\/www.grafossteel.it\/de\/katalog\/"},{"@type":"ListItem","position":3,"name":"FIT.105E16.R-TP"}]},{"@type":"WebSite","@id":"https:\/\/www.grafossteel.it\/de\/#website","url":"https:\/\/www.grafossteel.it\/de\/","name":"Grafos Steel","description":"Hardware Made of Metal","publisher":{"@id":"https:\/\/www.grafossteel.it\/de\/#organization"},"potentialAction":[{"@type":"SearchAction","target":{"@type":"EntryPoint","urlTemplate":"https:\/\/www.grafossteel.it\/de\/?s={search_term_string}"},"query-input":{"@type":"PropertyValueSpecification","valueRequired":true,"valueName":"search_term_string"}}],"inLanguage":"de"},{"@type":"Organization","@id":"https:\/\/www.grafossteel.it\/de\/#organization","name":"Grafos Steel S.r.l.","url":"https:\/\/www.grafossteel.it\/de\/","logo":{"@type":"ImageObject","inLanguage":"de","@id":"https:\/\/www.grafossteel.it\/de\/#\/schema\/logo\/image\/","url":"https:\/\/www.grafossteel.it\/wp-content\/uploads\/2019\/09\/grafos-steel-tastiere-in-acciaio-logo-2019.jpg","contentUrl":"https:\/\/www.grafossteel.it\/wp-content\/uploads\/2019\/09\/grafos-steel-tastiere-in-acciaio-logo-2019.jpg","width":371,"height":112,"caption":"Grafos Steel S.r.l."},"image":{"@id":"https:\/\/www.grafossteel.it\/de\/#\/schema\/logo\/image\/"}}]}},"_links":{"self":[{"href":"https:\/\/www.grafossteel.it\/de\/wp-json\/wp\/v2\/product\/5559","targetHints":{"allow":["GET"]}}],"collection":[{"href":"https:\/\/www.grafossteel.it\/de\/wp-json\/wp\/v2\/product"}],"about":[{"href":"https:\/\/www.grafossteel.it\/de\/wp-json\/wp\/v2\/types\/product"}],"wp:featuredmedia":[{"embeddable":true,"href":"https:\/\/www.grafossteel.it\/de\/wp-json\/wp\/v2\/media\/4905"}],"wp:attachment":[{"href":"https:\/\/www.grafossteel.it\/de\/wp-json\/wp\/v2\/media?parent=5559"}],"wp:term":[{"taxonomy":"product_brand","embeddable":true,"href":"https:\/\/www.grafossteel.it\/de\/wp-json\/wp\/v2\/product_brand?post=5559"},{"taxonomy":"product_cat","embeddable":true,"href":"https:\/\/www.grafossteel.it\/de\/wp-json\/wp\/v2\/product_cat?post=5559"},{"taxonomy":"product_tag","embeddable":true,"href":"https:\/\/www.grafossteel.it\/de\/wp-json\/wp\/v2\/product_tag?post=5559"}],"curies":[{"name":"wp","href":"https:\/\/api.w.org\/{rel}","templated":true}]}}