{"id":5551,"date":"2019-09-20T11:11:56","date_gmt":"2019-09-20T09:11:56","guid":{"rendered":"https:\/\/www.grafossteel.it\/?post_type=product&#038;p=5551"},"modified":"2020-06-03T15:10:44","modified_gmt":"2020-06-03T13:10:44","slug":"dgi-12r17-r","status":"publish","type":"product","link":"https:\/\/www.grafossteel.it\/de\/katalog\/digi-inox-de\/dgi-12r17-r\/","title":{"rendered":"DGI.12R17.R"},"content":{"rendered":"<p>DGI.12R17.R ist ein Ziffernblock bzw. Nummernblock aus hochwertigem Edelstahl. Er ist f\u00fcr den R\u00fcckeinbau in Systeme und Anlagen entwickelt. Durch Gravur und Farbf\u00fcllung sind die Symbole besonders abriebfest. Typische Einsatzgebiete sind Verkaufsautomaten, Bankautomaten, Kiosk Systeme, Fahrkartenautomaten, Zahlungssysteme, Wiegeanlagen und Zutrittskontrollen. Die Schalttechnologie basiert auf der <a href=\"https:\/\/www.grafossteel.it\/de\/edelstahltastaturen\/industrietastaturen-der-digi-reihe\/\">DGI-Technologie<\/a>.<\/p>\n<p>Bei dem Ziffernblock aus Edelstahl handelt es sich um eine Matrixtastatur. Das Interface besteht dabei aus einer PIN-Steckerleiste (male), von der aus die Signale ausgegeben werden. Alternativ bietet Grafos Steel einen USB-Anschluss. Dabei handelt es sich um ein USB-Karten-Set mit zwei Kabeln.<\/p>\n<p><a href=\"https:\/\/www.grafossteel.it\/de\/edelstahltastaturen\/sonderloesungen\/\">Sonderanfertigungen<\/a> sind bereits ab kleinen St\u00fcckzahlen zu geringen Setup-Kosten m\u00f6glich. Es kann es als Pin Pad oder als Terminaltastatur umgesetzt werden. M\u00f6glich sind auch die \u00c4nderung der Tastenform, die Gr\u00f6\u00dfe der <a href=\"https:\/\/www.grafossteel.it\/de\/rahmen-und-touch-panels\/frontplatten\/\">Frontplatte<\/a>, die Beschriftung und eine Hinterleuchtung der Symbole.<\/p>\n","protected":false},"excerpt":{"rendered":"<p>Ziffernblock aus Edelstahl f\u00fcr den R\u00fcckeinbau als MATRIX-, RS232- oder USB-Version<\/p>\n","protected":false},"featured_media":5416,"template":"","meta":{"_acf_changed":false},"product_brand":[],"product_cat":[188],"product_tag":[],"class_list":{"0":"post-5551","1":"product","2":"type-product","3":"status-publish","4":"has-post-thumbnail","6":"product_cat-digi-inox-de","7":"pa_applicazioni-zugangskontrolle","8":"pa_applicazioni-zahlungssysteme","9":"pa_applicazioni-verkehrsmittelbau","10":"pa_forma-pulsanti-r17-de-de","11":"pa_interfaccia-kontaktmatrix-de","12":"pa_interfaccia-seriell-rs-232","13":"pa_interfaccia-usb-de","14":"pa_montaggio-r-ruckseitige-montage","15":"pa_numero-pulsanti-12-it-de","16":"pa_simboli-c-chemische-gravur","18":"first","19":"instock","20":"shipping-taxable","21":"product-type-simple"},"acf":[],"yoast_head":"<!-- This site is optimized with the Yoast SEO plugin v27.4 - https:\/\/yoast.com\/product\/yoast-seo-wordpress\/ -->\n<title>Ziffernblock aus Edelstahl f\u00fcr den R\u00fcckeinbau mit runden Tasten<\/title>\n<meta name=\"description\" content=\"Tastenmodul von Grafos Steel f\u00fcr den R\u00fcckeinbau in Systeme und Anlagen. Es besitzt eine durchgehende Dichtung und gravierte, abriebfeste Symbole.\" \/>\n<meta name=\"robots\" content=\"index, follow, max-snippet:-1, max-image-preview:large, max-video-preview:-1\" \/>\n<link rel=\"canonical\" href=\"https:\/\/www.grafossteel.it\/de\/katalog\/digi-inox-de\/dgi-12r17-r\/\" \/>\n<meta property=\"og:locale\" content=\"de_DE\" \/>\n<meta property=\"og:type\" content=\"article\" \/>\n<meta property=\"og:title\" content=\"Ziffernblock aus Edelstahl f\u00fcr den R\u00fcckeinbau mit runden Tasten\" \/>\n<meta property=\"og:description\" content=\"Tastenmodul von Grafos Steel f\u00fcr den R\u00fcckeinbau in Systeme und Anlagen. Es besitzt eine durchgehende Dichtung und gravierte, abriebfeste Symbole.\" \/>\n<meta property=\"og:url\" content=\"https:\/\/www.grafossteel.it\/de\/katalog\/digi-inox-de\/dgi-12r17-r\/\" \/>\n<meta property=\"og:site_name\" content=\"Grafos Steel\" \/>\n<meta property=\"article:modified_time\" content=\"2020-06-03T13:10:44+00:00\" \/>\n<meta property=\"og:image\" content=\"https:\/\/www.grafossteel.it\/wp-content\/uploads\/2019\/09\/DIG.12R17R.jpg\" \/>\n\t<meta property=\"og:image:width\" content=\"2137\" \/>\n\t<meta property=\"og:image:height\" content=\"2021\" \/>\n\t<meta property=\"og:image:type\" content=\"image\/jpeg\" \/>\n<meta name=\"twitter:card\" content=\"summary_large_image\" \/>\n<meta name=\"twitter:label1\" content=\"Gesch\u00e4tzte Lesezeit\" \/>\n\t<meta name=\"twitter:data1\" content=\"1\u00a0Minute\" \/>\n<script type=\"application\/ld+json\" class=\"yoast-schema-graph\">{\"@context\":\"https:\\\/\\\/schema.org\",\"@graph\":[{\"@type\":\"WebPage\",\"@id\":\"https:\\\/\\\/www.grafossteel.it\\\/de\\\/katalog\\\/digi-inox-de\\\/dgi-12r17-r\\\/\",\"url\":\"https:\\\/\\\/www.grafossteel.it\\\/de\\\/katalog\\\/digi-inox-de\\\/dgi-12r17-r\\\/\",\"name\":\"Ziffernblock aus Edelstahl f\u00fcr den R\u00fcckeinbau mit runden Tasten\",\"isPartOf\":{\"@id\":\"https:\\\/\\\/www.grafossteel.it\\\/de\\\/#website\"},\"primaryImageOfPage\":{\"@id\":\"https:\\\/\\\/www.grafossteel.it\\\/de\\\/katalog\\\/digi-inox-de\\\/dgi-12r17-r\\\/#primaryimage\"},\"image\":{\"@id\":\"https:\\\/\\\/www.grafossteel.it\\\/de\\\/katalog\\\/digi-inox-de\\\/dgi-12r17-r\\\/#primaryimage\"},\"thumbnailUrl\":\"https:\\\/\\\/www.grafossteel.it\\\/wp-content\\\/uploads\\\/2019\\\/09\\\/DIG.12R17R.jpg\",\"datePublished\":\"2019-09-20T09:11:56+00:00\",\"dateModified\":\"2020-06-03T13:10:44+00:00\",\"description\":\"Tastenmodul von Grafos Steel f\u00fcr den R\u00fcckeinbau in Systeme und Anlagen. Es besitzt eine durchgehende Dichtung und gravierte, abriebfeste Symbole.\",\"breadcrumb\":{\"@id\":\"https:\\\/\\\/www.grafossteel.it\\\/de\\\/katalog\\\/digi-inox-de\\\/dgi-12r17-r\\\/#breadcrumb\"},\"inLanguage\":\"de\",\"potentialAction\":[{\"@type\":\"ReadAction\",\"target\":[\"https:\\\/\\\/www.grafossteel.it\\\/de\\\/katalog\\\/digi-inox-de\\\/dgi-12r17-r\\\/\"]}]},{\"@type\":\"ImageObject\",\"inLanguage\":\"de\",\"@id\":\"https:\\\/\\\/www.grafossteel.it\\\/de\\\/katalog\\\/digi-inox-de\\\/dgi-12r17-r\\\/#primaryimage\",\"url\":\"https:\\\/\\\/www.grafossteel.it\\\/wp-content\\\/uploads\\\/2019\\\/09\\\/DIG.12R17R.jpg\",\"contentUrl\":\"https:\\\/\\\/www.grafossteel.it\\\/wp-content\\\/uploads\\\/2019\\\/09\\\/DIG.12R17R.jpg\",\"width\":2137,\"height\":2021},{\"@type\":\"BreadcrumbList\",\"@id\":\"https:\\\/\\\/www.grafossteel.it\\\/de\\\/katalog\\\/digi-inox-de\\\/dgi-12r17-r\\\/#breadcrumb\",\"itemListElement\":[{\"@type\":\"ListItem\",\"position\":1,\"name\":\"Home\",\"item\":\"https:\\\/\\\/www.grafossteel.it\\\/de\\\/\"},{\"@type\":\"ListItem\",\"position\":2,\"name\":\"Katalog\",\"item\":\"https:\\\/\\\/www.grafossteel.it\\\/de\\\/katalog\\\/\"},{\"@type\":\"ListItem\",\"position\":3,\"name\":\"DGI.12R17.R\"}]},{\"@type\":\"WebSite\",\"@id\":\"https:\\\/\\\/www.grafossteel.it\\\/de\\\/#website\",\"url\":\"https:\\\/\\\/www.grafossteel.it\\\/de\\\/\",\"name\":\"Grafos Steel\",\"description\":\"Hardware Made of Metal\",\"publisher\":{\"@id\":\"https:\\\/\\\/www.grafossteel.it\\\/de\\\/#organization\"},\"potentialAction\":[{\"@type\":\"SearchAction\",\"target\":{\"@type\":\"EntryPoint\",\"urlTemplate\":\"https:\\\/\\\/www.grafossteel.it\\\/de\\\/?s={search_term_string}\"},\"query-input\":{\"@type\":\"PropertyValueSpecification\",\"valueRequired\":true,\"valueName\":\"search_term_string\"}}],\"inLanguage\":\"de\"},{\"@type\":\"Organization\",\"@id\":\"https:\\\/\\\/www.grafossteel.it\\\/de\\\/#organization\",\"name\":\"Grafos Steel S.r.l.\",\"url\":\"https:\\\/\\\/www.grafossteel.it\\\/de\\\/\",\"logo\":{\"@type\":\"ImageObject\",\"inLanguage\":\"de\",\"@id\":\"https:\\\/\\\/www.grafossteel.it\\\/de\\\/#\\\/schema\\\/logo\\\/image\\\/\",\"url\":\"https:\\\/\\\/www.grafossteel.it\\\/wp-content\\\/uploads\\\/2019\\\/09\\\/grafos-steel-tastiere-in-acciaio-logo-2019.jpg\",\"contentUrl\":\"https:\\\/\\\/www.grafossteel.it\\\/wp-content\\\/uploads\\\/2019\\\/09\\\/grafos-steel-tastiere-in-acciaio-logo-2019.jpg\",\"width\":371,\"height\":112,\"caption\":\"Grafos Steel S.r.l.\"},\"image\":{\"@id\":\"https:\\\/\\\/www.grafossteel.it\\\/de\\\/#\\\/schema\\\/logo\\\/image\\\/\"}}]}<\/script>\n<!-- \/ Yoast SEO plugin. -->","yoast_head_json":{"title":"Ziffernblock aus Edelstahl f\u00fcr den R\u00fcckeinbau mit runden Tasten","description":"Tastenmodul von Grafos Steel f\u00fcr den R\u00fcckeinbau in Systeme und Anlagen. Es besitzt eine durchgehende Dichtung und gravierte, abriebfeste Symbole.","robots":{"index":"index","follow":"follow","max-snippet":"max-snippet:-1","max-image-preview":"max-image-preview:large","max-video-preview":"max-video-preview:-1"},"canonical":"https:\/\/www.grafossteel.it\/de\/katalog\/digi-inox-de\/dgi-12r17-r\/","og_locale":"de_DE","og_type":"article","og_title":"Ziffernblock aus Edelstahl f\u00fcr den R\u00fcckeinbau mit runden Tasten","og_description":"Tastenmodul von Grafos Steel f\u00fcr den R\u00fcckeinbau in Systeme und Anlagen. Es besitzt eine durchgehende Dichtung und gravierte, abriebfeste Symbole.","og_url":"https:\/\/www.grafossteel.it\/de\/katalog\/digi-inox-de\/dgi-12r17-r\/","og_site_name":"Grafos Steel","article_modified_time":"2020-06-03T13:10:44+00:00","og_image":[{"width":2137,"height":2021,"url":"https:\/\/www.grafossteel.it\/wp-content\/uploads\/2019\/09\/DIG.12R17R.jpg","type":"image\/jpeg"}],"twitter_card":"summary_large_image","twitter_misc":{"Gesch\u00e4tzte Lesezeit":"1\u00a0Minute"},"schema":{"@context":"https:\/\/schema.org","@graph":[{"@type":"WebPage","@id":"https:\/\/www.grafossteel.it\/de\/katalog\/digi-inox-de\/dgi-12r17-r\/","url":"https:\/\/www.grafossteel.it\/de\/katalog\/digi-inox-de\/dgi-12r17-r\/","name":"Ziffernblock aus Edelstahl f\u00fcr den R\u00fcckeinbau mit runden Tasten","isPartOf":{"@id":"https:\/\/www.grafossteel.it\/de\/#website"},"primaryImageOfPage":{"@id":"https:\/\/www.grafossteel.it\/de\/katalog\/digi-inox-de\/dgi-12r17-r\/#primaryimage"},"image":{"@id":"https:\/\/www.grafossteel.it\/de\/katalog\/digi-inox-de\/dgi-12r17-r\/#primaryimage"},"thumbnailUrl":"https:\/\/www.grafossteel.it\/wp-content\/uploads\/2019\/09\/DIG.12R17R.jpg","datePublished":"2019-09-20T09:11:56+00:00","dateModified":"2020-06-03T13:10:44+00:00","description":"Tastenmodul von Grafos Steel f\u00fcr den R\u00fcckeinbau in Systeme und Anlagen. Es besitzt eine durchgehende Dichtung und gravierte, abriebfeste Symbole.","breadcrumb":{"@id":"https:\/\/www.grafossteel.it\/de\/katalog\/digi-inox-de\/dgi-12r17-r\/#breadcrumb"},"inLanguage":"de","potentialAction":[{"@type":"ReadAction","target":["https:\/\/www.grafossteel.it\/de\/katalog\/digi-inox-de\/dgi-12r17-r\/"]}]},{"@type":"ImageObject","inLanguage":"de","@id":"https:\/\/www.grafossteel.it\/de\/katalog\/digi-inox-de\/dgi-12r17-r\/#primaryimage","url":"https:\/\/www.grafossteel.it\/wp-content\/uploads\/2019\/09\/DIG.12R17R.jpg","contentUrl":"https:\/\/www.grafossteel.it\/wp-content\/uploads\/2019\/09\/DIG.12R17R.jpg","width":2137,"height":2021},{"@type":"BreadcrumbList","@id":"https:\/\/www.grafossteel.it\/de\/katalog\/digi-inox-de\/dgi-12r17-r\/#breadcrumb","itemListElement":[{"@type":"ListItem","position":1,"name":"Home","item":"https:\/\/www.grafossteel.it\/de\/"},{"@type":"ListItem","position":2,"name":"Katalog","item":"https:\/\/www.grafossteel.it\/de\/katalog\/"},{"@type":"ListItem","position":3,"name":"DGI.12R17.R"}]},{"@type":"WebSite","@id":"https:\/\/www.grafossteel.it\/de\/#website","url":"https:\/\/www.grafossteel.it\/de\/","name":"Grafos Steel","description":"Hardware Made of Metal","publisher":{"@id":"https:\/\/www.grafossteel.it\/de\/#organization"},"potentialAction":[{"@type":"SearchAction","target":{"@type":"EntryPoint","urlTemplate":"https:\/\/www.grafossteel.it\/de\/?s={search_term_string}"},"query-input":{"@type":"PropertyValueSpecification","valueRequired":true,"valueName":"search_term_string"}}],"inLanguage":"de"},{"@type":"Organization","@id":"https:\/\/www.grafossteel.it\/de\/#organization","name":"Grafos Steel S.r.l.","url":"https:\/\/www.grafossteel.it\/de\/","logo":{"@type":"ImageObject","inLanguage":"de","@id":"https:\/\/www.grafossteel.it\/de\/#\/schema\/logo\/image\/","url":"https:\/\/www.grafossteel.it\/wp-content\/uploads\/2019\/09\/grafos-steel-tastiere-in-acciaio-logo-2019.jpg","contentUrl":"https:\/\/www.grafossteel.it\/wp-content\/uploads\/2019\/09\/grafos-steel-tastiere-in-acciaio-logo-2019.jpg","width":371,"height":112,"caption":"Grafos Steel S.r.l."},"image":{"@id":"https:\/\/www.grafossteel.it\/de\/#\/schema\/logo\/image\/"}}]}},"_links":{"self":[{"href":"https:\/\/www.grafossteel.it\/de\/wp-json\/wp\/v2\/product\/5551","targetHints":{"allow":["GET"]}}],"collection":[{"href":"https:\/\/www.grafossteel.it\/de\/wp-json\/wp\/v2\/product"}],"about":[{"href":"https:\/\/www.grafossteel.it\/de\/wp-json\/wp\/v2\/types\/product"}],"wp:featuredmedia":[{"embeddable":true,"href":"https:\/\/www.grafossteel.it\/de\/wp-json\/wp\/v2\/media\/5416"}],"wp:attachment":[{"href":"https:\/\/www.grafossteel.it\/de\/wp-json\/wp\/v2\/media?parent=5551"}],"wp:term":[{"taxonomy":"product_brand","embeddable":true,"href":"https:\/\/www.grafossteel.it\/de\/wp-json\/wp\/v2\/product_brand?post=5551"},{"taxonomy":"product_cat","embeddable":true,"href":"https:\/\/www.grafossteel.it\/de\/wp-json\/wp\/v2\/product_cat?post=5551"},{"taxonomy":"product_tag","embeddable":true,"href":"https:\/\/www.grafossteel.it\/de\/wp-json\/wp\/v2\/product_tag?post=5551"}],"curies":[{"name":"wp","href":"https:\/\/api.w.org\/{rel}","templated":true}]}}