{"id":5550,"date":"2019-09-20T11:18:02","date_gmt":"2019-09-20T09:18:02","guid":{"rendered":"https:\/\/www.grafossteel.it\/?post_type=product&#038;p=5550"},"modified":"2020-06-03T15:51:29","modified_gmt":"2020-06-03T13:51:29","slug":"dgi-12r17-r-b","status":"publish","type":"product","link":"https:\/\/www.grafossteel.it\/de\/katalog\/digi-inox-de\/dgi-12r17-r-b\/","title":{"rendered":"DGI.12R17.R-B"},"content":{"rendered":"<p>DGI.12R17.R-B ist ein Ziffernblock aus hochwertigem Edelstahl. Die Symbole sind mit LED hinterleuchtet. Er ist f\u00fcr den R\u00fcckeinbau in Systeme und Anlagen entwickelt. Die Symbole sind aus Polycarbonat und vollkommen abriebfest. Typische Einsatzgebiete sind Verkaufsautomaten, Bankautomaten, Kiosk Systeme, Fahrkartenautomaten, Zahlungssysteme, Wiegeanlagen und Zutrittskontrollen. Die Schalttechnologie basiert auf der <a href=\"https:\/\/www.grafossteel.it\/de\/edelstahltastaturen\/industrietastaturen-der-digi-reihe\/\">DGI-Technologie<\/a>.<\/p>\n<p>Bei dem Ziffernblock aus Edelstahl handelt es sich um eine Matrixtastatur. Das Interface besteht dabei aus einer PIN-Steckerleiste (male), von der aus die Signale ausgegeben werden. Alternativ bietet Grafos Steel einen USB-Anschluss. Dabei handelt es sich um ein USB-Karten-Set mit zwei Kabeln.<\/p>\n<p><a href=\"https:\/\/www.grafossteel.it\/de\/edelstahltastaturen\/sonderloesungen\/\">Sonderanfertigungen<\/a> sind bereits ab kleinen St\u00fcckzahlen zu geringen Setup-Kosten m\u00f6glich. Die Tastatur kann es als Pin Pad oder als Terminaltastatur umgesetzt werden. M\u00f6glich sind auch die \u00c4nderung der Tastenform, die Gr\u00f6\u00dfe der Frontplatte und individuelle Symbole.<\/p>\n","protected":false},"excerpt":{"rendered":"<p>Beleuchteter Ziffernblock aus Edelstahl f\u00fcr den R\u00fcckeinbau als MATRIX-, RS232- oder USB-Version<\/p>\n","protected":false},"featured_media":5422,"template":"","meta":{"_acf_changed":false},"product_brand":[],"product_cat":[188],"product_tag":[],"class_list":{"0":"post-5550","1":"product","2":"type-product","3":"status-publish","4":"has-post-thumbnail","6":"product_cat-digi-inox-de","7":"pa_applicazioni-zugangskontrolle","8":"pa_applicazioni-zahlungssysteme","9":"pa_applicazioni-verkehrsmittelbau","10":"pa_forma-pulsanti-r17-de-de","11":"pa_interfaccia-kontaktmatrix-de","12":"pa_interfaccia-seriell-rs-232","13":"pa_interfaccia-usb-de","14":"pa_montaggio-r-ruckseitige-montage","15":"pa_numero-pulsanti-12-it-de","16":"pa_simboli-b-retro-beleuchtung","18":"first","19":"instock","20":"shipping-taxable","21":"product-type-simple"},"acf":[],"yoast_head":"<!-- This site is optimized with the Yoast SEO plugin v27.3 - https:\/\/yoast.com\/product\/yoast-seo-wordpress\/ -->\n<title>Ziffernblock aus Edelstahl f\u00fcr den R\u00fcckeinbau mit beleuchteten Tasten<\/title>\n<meta name=\"description\" content=\"Ziffernblock aus Edelstahl f\u00fcr den R\u00fcckeinbau in Systeme und Anlagen. Die Symbole sind mit LED beleuchtet. Als USB-, RS232- oder USB-Version.\" \/>\n<meta name=\"robots\" content=\"index, follow, max-snippet:-1, max-image-preview:large, max-video-preview:-1\" \/>\n<link rel=\"canonical\" href=\"https:\/\/www.grafossteel.it\/de\/katalog\/digi-inox-de\/dgi-12r17-r-b\/\" \/>\n<meta property=\"og:locale\" content=\"de_DE\" \/>\n<meta property=\"og:type\" content=\"article\" \/>\n<meta property=\"og:title\" content=\"Ziffernblock aus Edelstahl f\u00fcr den R\u00fcckeinbau mit beleuchteten Tasten\" \/>\n<meta property=\"og:description\" content=\"Ziffernblock aus Edelstahl f\u00fcr den R\u00fcckeinbau in Systeme und Anlagen. Die Symbole sind mit LED beleuchtet. Als USB-, RS232- oder USB-Version.\" \/>\n<meta property=\"og:url\" content=\"https:\/\/www.grafossteel.it\/de\/katalog\/digi-inox-de\/dgi-12r17-r-b\/\" \/>\n<meta property=\"og:site_name\" content=\"Grafos Steel\" \/>\n<meta property=\"article:modified_time\" content=\"2020-06-03T13:51:29+00:00\" \/>\n<meta property=\"og:image\" content=\"https:\/\/www.grafossteel.it\/wp-content\/uploads\/2019\/09\/DGI12R17RB_04.jpg\" \/>\n\t<meta property=\"og:image:width\" content=\"567\" \/>\n\t<meta property=\"og:image:height\" content=\"567\" \/>\n\t<meta property=\"og:image:type\" content=\"image\/jpeg\" \/>\n<meta name=\"twitter:card\" content=\"summary_large_image\" \/>\n<meta name=\"twitter:label1\" content=\"Gesch\u00e4tzte Lesezeit\" \/>\n\t<meta name=\"twitter:data1\" content=\"1\u00a0Minute\" \/>\n<script type=\"application\/ld+json\" class=\"yoast-schema-graph\">{\"@context\":\"https:\\\/\\\/schema.org\",\"@graph\":[{\"@type\":\"WebPage\",\"@id\":\"https:\\\/\\\/www.grafossteel.it\\\/de\\\/katalog\\\/digi-inox-de\\\/dgi-12r17-r-b\\\/\",\"url\":\"https:\\\/\\\/www.grafossteel.it\\\/de\\\/katalog\\\/digi-inox-de\\\/dgi-12r17-r-b\\\/\",\"name\":\"Ziffernblock aus Edelstahl f\u00fcr den R\u00fcckeinbau mit beleuchteten Tasten\",\"isPartOf\":{\"@id\":\"https:\\\/\\\/www.grafossteel.it\\\/de\\\/#website\"},\"primaryImageOfPage\":{\"@id\":\"https:\\\/\\\/www.grafossteel.it\\\/de\\\/katalog\\\/digi-inox-de\\\/dgi-12r17-r-b\\\/#primaryimage\"},\"image\":{\"@id\":\"https:\\\/\\\/www.grafossteel.it\\\/de\\\/katalog\\\/digi-inox-de\\\/dgi-12r17-r-b\\\/#primaryimage\"},\"thumbnailUrl\":\"https:\\\/\\\/www.grafossteel.it\\\/wp-content\\\/uploads\\\/2019\\\/09\\\/DGI12R17RB_04.jpg\",\"datePublished\":\"2019-09-20T09:18:02+00:00\",\"dateModified\":\"2020-06-03T13:51:29+00:00\",\"description\":\"Ziffernblock aus Edelstahl f\u00fcr den R\u00fcckeinbau in Systeme und Anlagen. Die Symbole sind mit LED beleuchtet. Als USB-, RS232- oder USB-Version.\",\"breadcrumb\":{\"@id\":\"https:\\\/\\\/www.grafossteel.it\\\/de\\\/katalog\\\/digi-inox-de\\\/dgi-12r17-r-b\\\/#breadcrumb\"},\"inLanguage\":\"de\",\"potentialAction\":[{\"@type\":\"ReadAction\",\"target\":[\"https:\\\/\\\/www.grafossteel.it\\\/de\\\/katalog\\\/digi-inox-de\\\/dgi-12r17-r-b\\\/\"]}]},{\"@type\":\"ImageObject\",\"inLanguage\":\"de\",\"@id\":\"https:\\\/\\\/www.grafossteel.it\\\/de\\\/katalog\\\/digi-inox-de\\\/dgi-12r17-r-b\\\/#primaryimage\",\"url\":\"https:\\\/\\\/www.grafossteel.it\\\/wp-content\\\/uploads\\\/2019\\\/09\\\/DGI12R17RB_04.jpg\",\"contentUrl\":\"https:\\\/\\\/www.grafossteel.it\\\/wp-content\\\/uploads\\\/2019\\\/09\\\/DGI12R17RB_04.jpg\",\"width\":567,\"height\":567,\"caption\":\"Beleuchteter Ziffernblock aus Edelstahl f\u00fcr die Zutrittskontrolle\"},{\"@type\":\"BreadcrumbList\",\"@id\":\"https:\\\/\\\/www.grafossteel.it\\\/de\\\/katalog\\\/digi-inox-de\\\/dgi-12r17-r-b\\\/#breadcrumb\",\"itemListElement\":[{\"@type\":\"ListItem\",\"position\":1,\"name\":\"Home\",\"item\":\"https:\\\/\\\/www.grafossteel.it\\\/de\\\/\"},{\"@type\":\"ListItem\",\"position\":2,\"name\":\"Katalog\",\"item\":\"https:\\\/\\\/www.grafossteel.it\\\/de\\\/katalog\\\/\"},{\"@type\":\"ListItem\",\"position\":3,\"name\":\"DGI.12R17.R-B\"}]},{\"@type\":\"WebSite\",\"@id\":\"https:\\\/\\\/www.grafossteel.it\\\/de\\\/#website\",\"url\":\"https:\\\/\\\/www.grafossteel.it\\\/de\\\/\",\"name\":\"Grafos Steel\",\"description\":\"Hardware Made of Metal\",\"publisher\":{\"@id\":\"https:\\\/\\\/www.grafossteel.it\\\/de\\\/#organization\"},\"potentialAction\":[{\"@type\":\"SearchAction\",\"target\":{\"@type\":\"EntryPoint\",\"urlTemplate\":\"https:\\\/\\\/www.grafossteel.it\\\/de\\\/?s={search_term_string}\"},\"query-input\":{\"@type\":\"PropertyValueSpecification\",\"valueRequired\":true,\"valueName\":\"search_term_string\"}}],\"inLanguage\":\"de\"},{\"@type\":\"Organization\",\"@id\":\"https:\\\/\\\/www.grafossteel.it\\\/de\\\/#organization\",\"name\":\"Grafos Steel S.r.l.\",\"url\":\"https:\\\/\\\/www.grafossteel.it\\\/de\\\/\",\"logo\":{\"@type\":\"ImageObject\",\"inLanguage\":\"de\",\"@id\":\"https:\\\/\\\/www.grafossteel.it\\\/de\\\/#\\\/schema\\\/logo\\\/image\\\/\",\"url\":\"https:\\\/\\\/www.grafossteel.it\\\/wp-content\\\/uploads\\\/2019\\\/09\\\/grafos-steel-tastiere-in-acciaio-logo-2019.jpg\",\"contentUrl\":\"https:\\\/\\\/www.grafossteel.it\\\/wp-content\\\/uploads\\\/2019\\\/09\\\/grafos-steel-tastiere-in-acciaio-logo-2019.jpg\",\"width\":371,\"height\":112,\"caption\":\"Grafos Steel S.r.l.\"},\"image\":{\"@id\":\"https:\\\/\\\/www.grafossteel.it\\\/de\\\/#\\\/schema\\\/logo\\\/image\\\/\"}}]}<\/script>\n<!-- \/ Yoast SEO plugin. -->","yoast_head_json":{"title":"Ziffernblock aus Edelstahl f\u00fcr den R\u00fcckeinbau mit beleuchteten Tasten","description":"Ziffernblock aus Edelstahl f\u00fcr den R\u00fcckeinbau in Systeme und Anlagen. Die Symbole sind mit LED beleuchtet. Als USB-, RS232- oder USB-Version.","robots":{"index":"index","follow":"follow","max-snippet":"max-snippet:-1","max-image-preview":"max-image-preview:large","max-video-preview":"max-video-preview:-1"},"canonical":"https:\/\/www.grafossteel.it\/de\/katalog\/digi-inox-de\/dgi-12r17-r-b\/","og_locale":"de_DE","og_type":"article","og_title":"Ziffernblock aus Edelstahl f\u00fcr den R\u00fcckeinbau mit beleuchteten Tasten","og_description":"Ziffernblock aus Edelstahl f\u00fcr den R\u00fcckeinbau in Systeme und Anlagen. Die Symbole sind mit LED beleuchtet. Als USB-, RS232- oder USB-Version.","og_url":"https:\/\/www.grafossteel.it\/de\/katalog\/digi-inox-de\/dgi-12r17-r-b\/","og_site_name":"Grafos Steel","article_modified_time":"2020-06-03T13:51:29+00:00","og_image":[{"width":567,"height":567,"url":"https:\/\/www.grafossteel.it\/wp-content\/uploads\/2019\/09\/DGI12R17RB_04.jpg","type":"image\/jpeg"}],"twitter_card":"summary_large_image","twitter_misc":{"Gesch\u00e4tzte Lesezeit":"1\u00a0Minute"},"schema":{"@context":"https:\/\/schema.org","@graph":[{"@type":"WebPage","@id":"https:\/\/www.grafossteel.it\/de\/katalog\/digi-inox-de\/dgi-12r17-r-b\/","url":"https:\/\/www.grafossteel.it\/de\/katalog\/digi-inox-de\/dgi-12r17-r-b\/","name":"Ziffernblock aus Edelstahl f\u00fcr den R\u00fcckeinbau mit beleuchteten Tasten","isPartOf":{"@id":"https:\/\/www.grafossteel.it\/de\/#website"},"primaryImageOfPage":{"@id":"https:\/\/www.grafossteel.it\/de\/katalog\/digi-inox-de\/dgi-12r17-r-b\/#primaryimage"},"image":{"@id":"https:\/\/www.grafossteel.it\/de\/katalog\/digi-inox-de\/dgi-12r17-r-b\/#primaryimage"},"thumbnailUrl":"https:\/\/www.grafossteel.it\/wp-content\/uploads\/2019\/09\/DGI12R17RB_04.jpg","datePublished":"2019-09-20T09:18:02+00:00","dateModified":"2020-06-03T13:51:29+00:00","description":"Ziffernblock aus Edelstahl f\u00fcr den R\u00fcckeinbau in Systeme und Anlagen. Die Symbole sind mit LED beleuchtet. Als USB-, RS232- oder USB-Version.","breadcrumb":{"@id":"https:\/\/www.grafossteel.it\/de\/katalog\/digi-inox-de\/dgi-12r17-r-b\/#breadcrumb"},"inLanguage":"de","potentialAction":[{"@type":"ReadAction","target":["https:\/\/www.grafossteel.it\/de\/katalog\/digi-inox-de\/dgi-12r17-r-b\/"]}]},{"@type":"ImageObject","inLanguage":"de","@id":"https:\/\/www.grafossteel.it\/de\/katalog\/digi-inox-de\/dgi-12r17-r-b\/#primaryimage","url":"https:\/\/www.grafossteel.it\/wp-content\/uploads\/2019\/09\/DGI12R17RB_04.jpg","contentUrl":"https:\/\/www.grafossteel.it\/wp-content\/uploads\/2019\/09\/DGI12R17RB_04.jpg","width":567,"height":567,"caption":"Beleuchteter Ziffernblock aus Edelstahl f\u00fcr die Zutrittskontrolle"},{"@type":"BreadcrumbList","@id":"https:\/\/www.grafossteel.it\/de\/katalog\/digi-inox-de\/dgi-12r17-r-b\/#breadcrumb","itemListElement":[{"@type":"ListItem","position":1,"name":"Home","item":"https:\/\/www.grafossteel.it\/de\/"},{"@type":"ListItem","position":2,"name":"Katalog","item":"https:\/\/www.grafossteel.it\/de\/katalog\/"},{"@type":"ListItem","position":3,"name":"DGI.12R17.R-B"}]},{"@type":"WebSite","@id":"https:\/\/www.grafossteel.it\/de\/#website","url":"https:\/\/www.grafossteel.it\/de\/","name":"Grafos Steel","description":"Hardware Made of Metal","publisher":{"@id":"https:\/\/www.grafossteel.it\/de\/#organization"},"potentialAction":[{"@type":"SearchAction","target":{"@type":"EntryPoint","urlTemplate":"https:\/\/www.grafossteel.it\/de\/?s={search_term_string}"},"query-input":{"@type":"PropertyValueSpecification","valueRequired":true,"valueName":"search_term_string"}}],"inLanguage":"de"},{"@type":"Organization","@id":"https:\/\/www.grafossteel.it\/de\/#organization","name":"Grafos Steel S.r.l.","url":"https:\/\/www.grafossteel.it\/de\/","logo":{"@type":"ImageObject","inLanguage":"de","@id":"https:\/\/www.grafossteel.it\/de\/#\/schema\/logo\/image\/","url":"https:\/\/www.grafossteel.it\/wp-content\/uploads\/2019\/09\/grafos-steel-tastiere-in-acciaio-logo-2019.jpg","contentUrl":"https:\/\/www.grafossteel.it\/wp-content\/uploads\/2019\/09\/grafos-steel-tastiere-in-acciaio-logo-2019.jpg","width":371,"height":112,"caption":"Grafos Steel S.r.l."},"image":{"@id":"https:\/\/www.grafossteel.it\/de\/#\/schema\/logo\/image\/"}}]}},"_links":{"self":[{"href":"https:\/\/www.grafossteel.it\/de\/wp-json\/wp\/v2\/product\/5550","targetHints":{"allow":["GET"]}}],"collection":[{"href":"https:\/\/www.grafossteel.it\/de\/wp-json\/wp\/v2\/product"}],"about":[{"href":"https:\/\/www.grafossteel.it\/de\/wp-json\/wp\/v2\/types\/product"}],"wp:featuredmedia":[{"embeddable":true,"href":"https:\/\/www.grafossteel.it\/de\/wp-json\/wp\/v2\/media\/5422"}],"wp:attachment":[{"href":"https:\/\/www.grafossteel.it\/de\/wp-json\/wp\/v2\/media?parent=5550"}],"wp:term":[{"taxonomy":"product_brand","embeddable":true,"href":"https:\/\/www.grafossteel.it\/de\/wp-json\/wp\/v2\/product_brand?post=5550"},{"taxonomy":"product_cat","embeddable":true,"href":"https:\/\/www.grafossteel.it\/de\/wp-json\/wp\/v2\/product_cat?post=5550"},{"taxonomy":"product_tag","embeddable":true,"href":"https:\/\/www.grafossteel.it\/de\/wp-json\/wp\/v2\/product_tag?post=5550"}],"curies":[{"name":"wp","href":"https:\/\/api.w.org\/{rel}","templated":true}]}}