{"id":5549,"date":"2019-09-20T13:52:01","date_gmt":"2019-09-20T11:52:01","guid":{"rendered":"https:\/\/www.grafossteel.it\/?post_type=product&#038;p=5549"},"modified":"2020-06-03T14:44:21","modified_gmt":"2020-06-03T12:44:21","slug":"dgi-12q12-f-b","status":"publish","type":"product","link":"https:\/\/www.grafossteel.it\/de\/katalog\/digi-inox-de\/dgi-12q12-f-b\/","title":{"rendered":"DGI.12Q12.F-B"},"content":{"rendered":"<p>DGI.12Q12.F-B ist ein beleuchtetes Keypad aus hochwertigem Edelstahl. Die Symbole sind mit LED hinterleuchtet. Es ist f\u00fcr den R\u00fcckeinbau in Systeme und Anlagen entwickelt. Die Symbole aus Polycarbonat sind komplett abriebfest. Typische Einsatzgebiete sind Verkaufsautomaten, Bankautomaten, Kiosk Systeme, Fahrkartenautomaten, Zahlungssysteme, Wiegeanlagen und Zutrittskontrollen. Die Schalttechnologie basiert auf der <a href=\"https:\/\/www.grafossteel.it\/de\/edelstahltastaturen\/industrietastaturen-der-digi-reihe\/\">DGI-Technologie<\/a>.<\/p>\n<p>Bei der Edelstahltastatur handelt es sich um eine Matrixtastatur. Das Interface besteht dabei aus einer PIN-Steckerleiste (male), von der aus die Signale ausgegeben werden. Alternativ bietet Grafos Steel einen USB-Anschluss. Dabei handelt es sich um ein USB-Karten-Set mit zwei Kabeln.<\/p>\n<p><a href=\"https:\/\/www.grafossteel.it\/de\/edelstahltastaturen\/sonderloesungen\/\">Sonderanfertigungen<\/a> sind bereits ab kleinen St\u00fcckzahlen zu geringen Setup-Kosten m\u00f6glich. Es kann es als Pin Pad oder als Terminaltastatur umgesetzt werden. M\u00f6glich sind auch die \u00c4nderung der Tastenform, die Gr\u00f6\u00dfe der Frontplatte, die Beschriftung und eine Hinterleuchtung der Symbole.<\/p>\n<p>&nbsp;<\/p>\n","protected":false},"excerpt":{"rendered":"<p>Beleuchteter Ziffernblock aus Edelstahl f\u00fcr den Fronteinbau<\/p>\n","protected":false},"featured_media":5430,"template":"","meta":{"_acf_changed":false},"product_brand":[],"product_cat":[188],"product_tag":[],"class_list":{"0":"post-5549","1":"product","2":"type-product","3":"status-publish","4":"has-post-thumbnail","6":"product_cat-digi-inox-de","7":"pa_applicazioni-zugangskontrolle","8":"pa_applicazioni-zahlungssysteme","9":"pa_applicazioni-verkehrsmittelbau","10":"pa_forma-pulsanti-q12-it-de","11":"pa_interfaccia-kontaktmatrix-de","12":"pa_montaggio-f-frontmontage","13":"pa_numero-pulsanti-12-it-de","14":"pa_simboli-b-retro-beleuchtung","16":"first","17":"instock","18":"shipping-taxable","19":"product-type-simple"},"acf":[],"yoast_head":"<!-- This site is optimized with the Yoast SEO plugin v27.6 - https:\/\/yoast.com\/product\/yoast-seo-wordpress\/ -->\n<title>Beleuchtetes Keypad aus Edelstahl f\u00fcr den Fronteinbau<\/title>\n<meta name=\"description\" content=\"Beleuchtetes Keypad aus Edelstahl f\u00fcr die Eingabe von numerischen Daten. Geeignet f\u00fcr den Fronteinbau und mit hohem Bedienkomfort.\" \/>\n<meta name=\"robots\" content=\"index, follow, max-snippet:-1, max-image-preview:large, max-video-preview:-1\" \/>\n<link rel=\"canonical\" href=\"https:\/\/www.grafossteel.it\/de\/katalog\/digi-inox-de\/dgi-12q12-f-b\/\" \/>\n<meta property=\"og:locale\" content=\"de_DE\" \/>\n<meta property=\"og:type\" content=\"article\" \/>\n<meta property=\"og:title\" content=\"Beleuchtetes Keypad aus Edelstahl f\u00fcr den Fronteinbau\" \/>\n<meta property=\"og:description\" content=\"Beleuchtetes Keypad aus Edelstahl f\u00fcr die Eingabe von numerischen Daten. Geeignet f\u00fcr den Fronteinbau und mit hohem Bedienkomfort.\" \/>\n<meta property=\"og:url\" content=\"https:\/\/www.grafossteel.it\/de\/katalog\/digi-inox-de\/dgi-12q12-f-b\/\" \/>\n<meta property=\"og:site_name\" content=\"Grafos Steel\" \/>\n<meta property=\"article:modified_time\" content=\"2020-06-03T12:44:21+00:00\" \/>\n<meta property=\"og:image\" content=\"https:\/\/www.grafossteel.it\/wp-content\/uploads\/2019\/09\/DGI.12Q12.F-B__Backlit_Grafos_Steel_Keyboard_DIGI_Inox.jpg\" \/>\n\t<meta property=\"og:image:width\" content=\"832\" \/>\n\t<meta property=\"og:image:height\" content=\"754\" \/>\n\t<meta property=\"og:image:type\" content=\"image\/jpeg\" \/>\n<meta name=\"twitter:card\" content=\"summary_large_image\" \/>\n<meta name=\"twitter:label1\" content=\"Gesch\u00e4tzte Lesezeit\" \/>\n\t<meta name=\"twitter:data1\" content=\"1\u00a0Minute\" \/>\n<script type=\"application\/ld+json\" class=\"yoast-schema-graph\">{\"@context\":\"https:\\\/\\\/schema.org\",\"@graph\":[{\"@type\":\"WebPage\",\"@id\":\"https:\\\/\\\/www.grafossteel.it\\\/de\\\/katalog\\\/digi-inox-de\\\/dgi-12q12-f-b\\\/\",\"url\":\"https:\\\/\\\/www.grafossteel.it\\\/de\\\/katalog\\\/digi-inox-de\\\/dgi-12q12-f-b\\\/\",\"name\":\"Beleuchtetes Keypad aus Edelstahl f\u00fcr den Fronteinbau\",\"isPartOf\":{\"@id\":\"https:\\\/\\\/www.grafossteel.it\\\/de\\\/#website\"},\"primaryImageOfPage\":{\"@id\":\"https:\\\/\\\/www.grafossteel.it\\\/de\\\/katalog\\\/digi-inox-de\\\/dgi-12q12-f-b\\\/#primaryimage\"},\"image\":{\"@id\":\"https:\\\/\\\/www.grafossteel.it\\\/de\\\/katalog\\\/digi-inox-de\\\/dgi-12q12-f-b\\\/#primaryimage\"},\"thumbnailUrl\":\"https:\\\/\\\/www.grafossteel.it\\\/wp-content\\\/uploads\\\/2019\\\/09\\\/DGI.12Q12.F-B__Backlit_Grafos_Steel_Keyboard_DIGI_Inox.jpg\",\"datePublished\":\"2019-09-20T11:52:01+00:00\",\"dateModified\":\"2020-06-03T12:44:21+00:00\",\"description\":\"Beleuchtetes Keypad aus Edelstahl f\u00fcr die Eingabe von numerischen Daten. Geeignet f\u00fcr den Fronteinbau und mit hohem Bedienkomfort.\",\"breadcrumb\":{\"@id\":\"https:\\\/\\\/www.grafossteel.it\\\/de\\\/katalog\\\/digi-inox-de\\\/dgi-12q12-f-b\\\/#breadcrumb\"},\"inLanguage\":\"de\",\"potentialAction\":[{\"@type\":\"ReadAction\",\"target\":[\"https:\\\/\\\/www.grafossteel.it\\\/de\\\/katalog\\\/digi-inox-de\\\/dgi-12q12-f-b\\\/\"]}]},{\"@type\":\"ImageObject\",\"inLanguage\":\"de\",\"@id\":\"https:\\\/\\\/www.grafossteel.it\\\/de\\\/katalog\\\/digi-inox-de\\\/dgi-12q12-f-b\\\/#primaryimage\",\"url\":\"https:\\\/\\\/www.grafossteel.it\\\/wp-content\\\/uploads\\\/2019\\\/09\\\/DGI.12Q12.F-B__Backlit_Grafos_Steel_Keyboard_DIGI_Inox.jpg\",\"contentUrl\":\"https:\\\/\\\/www.grafossteel.it\\\/wp-content\\\/uploads\\\/2019\\\/09\\\/DGI.12Q12.F-B__Backlit_Grafos_Steel_Keyboard_DIGI_Inox.jpg\",\"width\":832,\"height\":754,\"caption\":\"Ziffernblock aus Edelstahl mit beleuchteten Tasten\"},{\"@type\":\"BreadcrumbList\",\"@id\":\"https:\\\/\\\/www.grafossteel.it\\\/de\\\/katalog\\\/digi-inox-de\\\/dgi-12q12-f-b\\\/#breadcrumb\",\"itemListElement\":[{\"@type\":\"ListItem\",\"position\":1,\"name\":\"Home\",\"item\":\"https:\\\/\\\/www.grafossteel.it\\\/de\\\/\"},{\"@type\":\"ListItem\",\"position\":2,\"name\":\"Katalog\",\"item\":\"https:\\\/\\\/www.grafossteel.it\\\/de\\\/katalog\\\/\"},{\"@type\":\"ListItem\",\"position\":3,\"name\":\"DGI.12Q12.F-B\"}]},{\"@type\":\"WebSite\",\"@id\":\"https:\\\/\\\/www.grafossteel.it\\\/de\\\/#website\",\"url\":\"https:\\\/\\\/www.grafossteel.it\\\/de\\\/\",\"name\":\"Grafos Steel\",\"description\":\"Hardware Made of Metal\",\"publisher\":{\"@id\":\"https:\\\/\\\/www.grafossteel.it\\\/de\\\/#organization\"},\"potentialAction\":[{\"@type\":\"SearchAction\",\"target\":{\"@type\":\"EntryPoint\",\"urlTemplate\":\"https:\\\/\\\/www.grafossteel.it\\\/de\\\/?s={search_term_string}\"},\"query-input\":{\"@type\":\"PropertyValueSpecification\",\"valueRequired\":true,\"valueName\":\"search_term_string\"}}],\"inLanguage\":\"de\"},{\"@type\":\"Organization\",\"@id\":\"https:\\\/\\\/www.grafossteel.it\\\/de\\\/#organization\",\"name\":\"Grafos Steel S.r.l.\",\"url\":\"https:\\\/\\\/www.grafossteel.it\\\/de\\\/\",\"logo\":{\"@type\":\"ImageObject\",\"inLanguage\":\"de\",\"@id\":\"https:\\\/\\\/www.grafossteel.it\\\/de\\\/#\\\/schema\\\/logo\\\/image\\\/\",\"url\":\"https:\\\/\\\/www.grafossteel.it\\\/wp-content\\\/uploads\\\/2019\\\/09\\\/grafos-steel-tastiere-in-acciaio-logo-2019.jpg\",\"contentUrl\":\"https:\\\/\\\/www.grafossteel.it\\\/wp-content\\\/uploads\\\/2019\\\/09\\\/grafos-steel-tastiere-in-acciaio-logo-2019.jpg\",\"width\":371,\"height\":112,\"caption\":\"Grafos Steel S.r.l.\"},\"image\":{\"@id\":\"https:\\\/\\\/www.grafossteel.it\\\/de\\\/#\\\/schema\\\/logo\\\/image\\\/\"}}]}<\/script>\n<!-- \/ Yoast SEO plugin. -->","yoast_head_json":{"title":"Beleuchtetes Keypad aus Edelstahl f\u00fcr den Fronteinbau","description":"Beleuchtetes Keypad aus Edelstahl f\u00fcr die Eingabe von numerischen Daten. Geeignet f\u00fcr den Fronteinbau und mit hohem Bedienkomfort.","robots":{"index":"index","follow":"follow","max-snippet":"max-snippet:-1","max-image-preview":"max-image-preview:large","max-video-preview":"max-video-preview:-1"},"canonical":"https:\/\/www.grafossteel.it\/de\/katalog\/digi-inox-de\/dgi-12q12-f-b\/","og_locale":"de_DE","og_type":"article","og_title":"Beleuchtetes Keypad aus Edelstahl f\u00fcr den Fronteinbau","og_description":"Beleuchtetes Keypad aus Edelstahl f\u00fcr die Eingabe von numerischen Daten. Geeignet f\u00fcr den Fronteinbau und mit hohem Bedienkomfort.","og_url":"https:\/\/www.grafossteel.it\/de\/katalog\/digi-inox-de\/dgi-12q12-f-b\/","og_site_name":"Grafos Steel","article_modified_time":"2020-06-03T12:44:21+00:00","og_image":[{"width":832,"height":754,"url":"https:\/\/www.grafossteel.it\/wp-content\/uploads\/2019\/09\/DGI.12Q12.F-B__Backlit_Grafos_Steel_Keyboard_DIGI_Inox.jpg","type":"image\/jpeg"}],"twitter_card":"summary_large_image","twitter_misc":{"Gesch\u00e4tzte Lesezeit":"1\u00a0Minute"},"schema":{"@context":"https:\/\/schema.org","@graph":[{"@type":"WebPage","@id":"https:\/\/www.grafossteel.it\/de\/katalog\/digi-inox-de\/dgi-12q12-f-b\/","url":"https:\/\/www.grafossteel.it\/de\/katalog\/digi-inox-de\/dgi-12q12-f-b\/","name":"Beleuchtetes Keypad aus Edelstahl f\u00fcr den Fronteinbau","isPartOf":{"@id":"https:\/\/www.grafossteel.it\/de\/#website"},"primaryImageOfPage":{"@id":"https:\/\/www.grafossteel.it\/de\/katalog\/digi-inox-de\/dgi-12q12-f-b\/#primaryimage"},"image":{"@id":"https:\/\/www.grafossteel.it\/de\/katalog\/digi-inox-de\/dgi-12q12-f-b\/#primaryimage"},"thumbnailUrl":"https:\/\/www.grafossteel.it\/wp-content\/uploads\/2019\/09\/DGI.12Q12.F-B__Backlit_Grafos_Steel_Keyboard_DIGI_Inox.jpg","datePublished":"2019-09-20T11:52:01+00:00","dateModified":"2020-06-03T12:44:21+00:00","description":"Beleuchtetes Keypad aus Edelstahl f\u00fcr die Eingabe von numerischen Daten. Geeignet f\u00fcr den Fronteinbau und mit hohem Bedienkomfort.","breadcrumb":{"@id":"https:\/\/www.grafossteel.it\/de\/katalog\/digi-inox-de\/dgi-12q12-f-b\/#breadcrumb"},"inLanguage":"de","potentialAction":[{"@type":"ReadAction","target":["https:\/\/www.grafossteel.it\/de\/katalog\/digi-inox-de\/dgi-12q12-f-b\/"]}]},{"@type":"ImageObject","inLanguage":"de","@id":"https:\/\/www.grafossteel.it\/de\/katalog\/digi-inox-de\/dgi-12q12-f-b\/#primaryimage","url":"https:\/\/www.grafossteel.it\/wp-content\/uploads\/2019\/09\/DGI.12Q12.F-B__Backlit_Grafos_Steel_Keyboard_DIGI_Inox.jpg","contentUrl":"https:\/\/www.grafossteel.it\/wp-content\/uploads\/2019\/09\/DGI.12Q12.F-B__Backlit_Grafos_Steel_Keyboard_DIGI_Inox.jpg","width":832,"height":754,"caption":"Ziffernblock aus Edelstahl mit beleuchteten Tasten"},{"@type":"BreadcrumbList","@id":"https:\/\/www.grafossteel.it\/de\/katalog\/digi-inox-de\/dgi-12q12-f-b\/#breadcrumb","itemListElement":[{"@type":"ListItem","position":1,"name":"Home","item":"https:\/\/www.grafossteel.it\/de\/"},{"@type":"ListItem","position":2,"name":"Katalog","item":"https:\/\/www.grafossteel.it\/de\/katalog\/"},{"@type":"ListItem","position":3,"name":"DGI.12Q12.F-B"}]},{"@type":"WebSite","@id":"https:\/\/www.grafossteel.it\/de\/#website","url":"https:\/\/www.grafossteel.it\/de\/","name":"Grafos Steel","description":"Hardware Made of Metal","publisher":{"@id":"https:\/\/www.grafossteel.it\/de\/#organization"},"potentialAction":[{"@type":"SearchAction","target":{"@type":"EntryPoint","urlTemplate":"https:\/\/www.grafossteel.it\/de\/?s={search_term_string}"},"query-input":{"@type":"PropertyValueSpecification","valueRequired":true,"valueName":"search_term_string"}}],"inLanguage":"de"},{"@type":"Organization","@id":"https:\/\/www.grafossteel.it\/de\/#organization","name":"Grafos Steel S.r.l.","url":"https:\/\/www.grafossteel.it\/de\/","logo":{"@type":"ImageObject","inLanguage":"de","@id":"https:\/\/www.grafossteel.it\/de\/#\/schema\/logo\/image\/","url":"https:\/\/www.grafossteel.it\/wp-content\/uploads\/2019\/09\/grafos-steel-tastiere-in-acciaio-logo-2019.jpg","contentUrl":"https:\/\/www.grafossteel.it\/wp-content\/uploads\/2019\/09\/grafos-steel-tastiere-in-acciaio-logo-2019.jpg","width":371,"height":112,"caption":"Grafos Steel S.r.l."},"image":{"@id":"https:\/\/www.grafossteel.it\/de\/#\/schema\/logo\/image\/"}}]}},"_links":{"self":[{"href":"https:\/\/www.grafossteel.it\/de\/wp-json\/wp\/v2\/product\/5549","targetHints":{"allow":["GET"]}}],"collection":[{"href":"https:\/\/www.grafossteel.it\/de\/wp-json\/wp\/v2\/product"}],"about":[{"href":"https:\/\/www.grafossteel.it\/de\/wp-json\/wp\/v2\/types\/product"}],"wp:featuredmedia":[{"embeddable":true,"href":"https:\/\/www.grafossteel.it\/de\/wp-json\/wp\/v2\/media\/5430"}],"wp:attachment":[{"href":"https:\/\/www.grafossteel.it\/de\/wp-json\/wp\/v2\/media?parent=5549"}],"wp:term":[{"taxonomy":"product_brand","embeddable":true,"href":"https:\/\/www.grafossteel.it\/de\/wp-json\/wp\/v2\/product_brand?post=5549"},{"taxonomy":"product_cat","embeddable":true,"href":"https:\/\/www.grafossteel.it\/de\/wp-json\/wp\/v2\/product_cat?post=5549"},{"taxonomy":"product_tag","embeddable":true,"href":"https:\/\/www.grafossteel.it\/de\/wp-json\/wp\/v2\/product_tag?post=5549"}],"curies":[{"name":"wp","href":"https:\/\/api.w.org\/{rel}","templated":true}]}}