{"id":5526,"date":"2019-09-24T09:38:45","date_gmt":"2019-09-24T07:38:45","guid":{"rendered":"https:\/\/www.grafossteel.it\/?post_type=product&#038;p=5526"},"modified":"2020-06-03T15:26:31","modified_gmt":"2020-06-03T13:26:31","slug":"dgi-16q12-f","status":"publish","type":"product","link":"https:\/\/www.grafossteel.it\/de\/katalog\/digi-inox-de\/dgi-16q12-f\/","title":{"rendered":"DGI.16Q12.F"},"content":{"rendered":"<p>GI.16Q12.F ist ein Tastenfeld aus Edelstahl. Es ist f\u00fcr den Fronteinbau in Systeme und Anlagen entwickelt. Die Symbole sind chemisch graviert und vollkommen abriebfest. Typische Einsatzgebiete sind Verkaufsautomaten, Bankautomaten, Kiosk Systeme, Fahrkartenautomaten, Zahlungssysteme, Wiegeanlagen und Zutrittskontrollen. Die Schalttechnologie basiert auf der <a href=\"https:\/\/www.grafossteel.it\/de\/edelstahltastaturen\/industrietastaturen-der-digi-reihe\/\">DGI-Technologie<\/a>.<\/p>\n<p><a href=\"https:\/\/www.grafossteel.it\/de\/edelstahltastaturen\/sonderloesungen\/\">Sonderanfertigungen<\/a> sind bereits ab kleinen St\u00fcckzahlen zu geringen Setup-Kosten m\u00f6glich. M\u00f6glich sind auch die \u00c4nderung der Tastenform, die Gr\u00f6\u00dfe der Frontplatte oder individuelle Tastensymbole.<\/p>\n","protected":false},"excerpt":{"rendered":"<p>Tastenfeld aus Edelstahl mit 16 Tasten f\u00fcr den Fronteinbau<\/p>\n","protected":false},"featured_media":5169,"template":"","meta":{"_acf_changed":false},"product_brand":[],"product_cat":[188],"product_tag":[],"class_list":{"0":"post-5526","1":"product","2":"type-product","3":"status-publish","4":"has-post-thumbnail","6":"product_cat-digi-inox-de","7":"pa_applicazioni-zugangskontrolle","8":"pa_applicazioni-zahlungssysteme","9":"pa_applicazioni-verkehrsmittelbau","10":"pa_forma-pulsanti-q12-it-de","11":"pa_interfaccia-kontaktmatrix-de","12":"pa_montaggio-f-frontmontage","13":"pa_numero-pulsanti-16-it-de","14":"pa_simboli-c-chemische-gravur","16":"first","17":"onbackorder","18":"shipping-taxable","19":"product-type-simple"},"acf":[],"yoast_head":"<!-- This site is optimized with the Yoast SEO plugin v27.6 - https:\/\/yoast.com\/product\/yoast-seo-wordpress\/ -->\n<title>Tastenfeld aus Edelstahl mit 16 Tasten f\u00fcr den Fronteinbau<\/title>\n<meta name=\"description\" content=\"Tastenfeld aus Edelstahl f\u00fcr den Fronteinbau. Die Tasten repr\u00e4sentieren 10 Ziffern und 6 alphapetische Zeichen und k\u00f6nnen individuell festgelegt werden.\" \/>\n<meta name=\"robots\" content=\"index, follow, max-snippet:-1, max-image-preview:large, max-video-preview:-1\" \/>\n<link rel=\"canonical\" href=\"https:\/\/www.grafossteel.it\/de\/katalog\/digi-inox-de\/dgi-16q12-f\/\" \/>\n<meta property=\"og:locale\" content=\"de_DE\" \/>\n<meta property=\"og:type\" content=\"article\" \/>\n<meta property=\"og:title\" content=\"Tastenfeld aus Edelstahl mit 16 Tasten f\u00fcr den Fronteinbau\" \/>\n<meta property=\"og:description\" content=\"Tastenfeld aus Edelstahl f\u00fcr den Fronteinbau. Die Tasten repr\u00e4sentieren 10 Ziffern und 6 alphapetische Zeichen und k\u00f6nnen individuell festgelegt werden.\" \/>\n<meta property=\"og:url\" content=\"https:\/\/www.grafossteel.it\/de\/katalog\/digi-inox-de\/dgi-16q12-f\/\" \/>\n<meta property=\"og:site_name\" content=\"Grafos Steel\" \/>\n<meta property=\"article:modified_time\" content=\"2020-06-03T13:26:31+00:00\" \/>\n<meta property=\"og:image\" content=\"https:\/\/www.grafossteel.it\/wp-content\/uploads\/2019\/09\/DGI.16Q12.F_Grafos_Steel_Keyboard_DIGI_Inox.jpg\" \/>\n\t<meta property=\"og:image:width\" content=\"925\" \/>\n\t<meta property=\"og:image:height\" content=\"746\" \/>\n\t<meta property=\"og:image:type\" content=\"image\/jpeg\" \/>\n<meta name=\"twitter:card\" content=\"summary_large_image\" \/>\n<script type=\"application\/ld+json\" class=\"yoast-schema-graph\">{\"@context\":\"https:\\\/\\\/schema.org\",\"@graph\":[{\"@type\":\"WebPage\",\"@id\":\"https:\\\/\\\/www.grafossteel.it\\\/de\\\/katalog\\\/digi-inox-de\\\/dgi-16q12-f\\\/\",\"url\":\"https:\\\/\\\/www.grafossteel.it\\\/de\\\/katalog\\\/digi-inox-de\\\/dgi-16q12-f\\\/\",\"name\":\"Tastenfeld aus Edelstahl mit 16 Tasten f\u00fcr den Fronteinbau\",\"isPartOf\":{\"@id\":\"https:\\\/\\\/www.grafossteel.it\\\/de\\\/#website\"},\"primaryImageOfPage\":{\"@id\":\"https:\\\/\\\/www.grafossteel.it\\\/de\\\/katalog\\\/digi-inox-de\\\/dgi-16q12-f\\\/#primaryimage\"},\"image\":{\"@id\":\"https:\\\/\\\/www.grafossteel.it\\\/de\\\/katalog\\\/digi-inox-de\\\/dgi-16q12-f\\\/#primaryimage\"},\"thumbnailUrl\":\"https:\\\/\\\/www.grafossteel.it\\\/wp-content\\\/uploads\\\/2019\\\/09\\\/DGI.16Q12.F_Grafos_Steel_Keyboard_DIGI_Inox.jpg\",\"datePublished\":\"2019-09-24T07:38:45+00:00\",\"dateModified\":\"2020-06-03T13:26:31+00:00\",\"description\":\"Tastenfeld aus Edelstahl f\u00fcr den Fronteinbau. Die Tasten repr\u00e4sentieren 10 Ziffern und 6 alphapetische Zeichen und k\u00f6nnen individuell festgelegt werden.\",\"breadcrumb\":{\"@id\":\"https:\\\/\\\/www.grafossteel.it\\\/de\\\/katalog\\\/digi-inox-de\\\/dgi-16q12-f\\\/#breadcrumb\"},\"inLanguage\":\"de\",\"potentialAction\":[{\"@type\":\"ReadAction\",\"target\":[\"https:\\\/\\\/www.grafossteel.it\\\/de\\\/katalog\\\/digi-inox-de\\\/dgi-16q12-f\\\/\"]}]},{\"@type\":\"ImageObject\",\"inLanguage\":\"de\",\"@id\":\"https:\\\/\\\/www.grafossteel.it\\\/de\\\/katalog\\\/digi-inox-de\\\/dgi-16q12-f\\\/#primaryimage\",\"url\":\"https:\\\/\\\/www.grafossteel.it\\\/wp-content\\\/uploads\\\/2019\\\/09\\\/DGI.16Q12.F_Grafos_Steel_Keyboard_DIGI_Inox.jpg\",\"contentUrl\":\"https:\\\/\\\/www.grafossteel.it\\\/wp-content\\\/uploads\\\/2019\\\/09\\\/DGI.16Q12.F_Grafos_Steel_Keyboard_DIGI_Inox.jpg\",\"width\":925,\"height\":746,\"caption\":\"Tastenblock aus Edelstahl mit hinterleuchteten Tasten\"},{\"@type\":\"BreadcrumbList\",\"@id\":\"https:\\\/\\\/www.grafossteel.it\\\/de\\\/katalog\\\/digi-inox-de\\\/dgi-16q12-f\\\/#breadcrumb\",\"itemListElement\":[{\"@type\":\"ListItem\",\"position\":1,\"name\":\"Home\",\"item\":\"https:\\\/\\\/www.grafossteel.it\\\/de\\\/\"},{\"@type\":\"ListItem\",\"position\":2,\"name\":\"Katalog\",\"item\":\"https:\\\/\\\/www.grafossteel.it\\\/de\\\/katalog\\\/\"},{\"@type\":\"ListItem\",\"position\":3,\"name\":\"DGI.16Q12.F\"}]},{\"@type\":\"WebSite\",\"@id\":\"https:\\\/\\\/www.grafossteel.it\\\/de\\\/#website\",\"url\":\"https:\\\/\\\/www.grafossteel.it\\\/de\\\/\",\"name\":\"Grafos Steel\",\"description\":\"Hardware Made of Metal\",\"publisher\":{\"@id\":\"https:\\\/\\\/www.grafossteel.it\\\/de\\\/#organization\"},\"potentialAction\":[{\"@type\":\"SearchAction\",\"target\":{\"@type\":\"EntryPoint\",\"urlTemplate\":\"https:\\\/\\\/www.grafossteel.it\\\/de\\\/?s={search_term_string}\"},\"query-input\":{\"@type\":\"PropertyValueSpecification\",\"valueRequired\":true,\"valueName\":\"search_term_string\"}}],\"inLanguage\":\"de\"},{\"@type\":\"Organization\",\"@id\":\"https:\\\/\\\/www.grafossteel.it\\\/de\\\/#organization\",\"name\":\"Grafos Steel S.r.l.\",\"url\":\"https:\\\/\\\/www.grafossteel.it\\\/de\\\/\",\"logo\":{\"@type\":\"ImageObject\",\"inLanguage\":\"de\",\"@id\":\"https:\\\/\\\/www.grafossteel.it\\\/de\\\/#\\\/schema\\\/logo\\\/image\\\/\",\"url\":\"https:\\\/\\\/www.grafossteel.it\\\/wp-content\\\/uploads\\\/2019\\\/09\\\/grafos-steel-tastiere-in-acciaio-logo-2019.jpg\",\"contentUrl\":\"https:\\\/\\\/www.grafossteel.it\\\/wp-content\\\/uploads\\\/2019\\\/09\\\/grafos-steel-tastiere-in-acciaio-logo-2019.jpg\",\"width\":371,\"height\":112,\"caption\":\"Grafos Steel S.r.l.\"},\"image\":{\"@id\":\"https:\\\/\\\/www.grafossteel.it\\\/de\\\/#\\\/schema\\\/logo\\\/image\\\/\"}}]}<\/script>\n<!-- \/ Yoast SEO plugin. -->","yoast_head_json":{"title":"Tastenfeld aus Edelstahl mit 16 Tasten f\u00fcr den Fronteinbau","description":"Tastenfeld aus Edelstahl f\u00fcr den Fronteinbau. Die Tasten repr\u00e4sentieren 10 Ziffern und 6 alphapetische Zeichen und k\u00f6nnen individuell festgelegt werden.","robots":{"index":"index","follow":"follow","max-snippet":"max-snippet:-1","max-image-preview":"max-image-preview:large","max-video-preview":"max-video-preview:-1"},"canonical":"https:\/\/www.grafossteel.it\/de\/katalog\/digi-inox-de\/dgi-16q12-f\/","og_locale":"de_DE","og_type":"article","og_title":"Tastenfeld aus Edelstahl mit 16 Tasten f\u00fcr den Fronteinbau","og_description":"Tastenfeld aus Edelstahl f\u00fcr den Fronteinbau. Die Tasten repr\u00e4sentieren 10 Ziffern und 6 alphapetische Zeichen und k\u00f6nnen individuell festgelegt werden.","og_url":"https:\/\/www.grafossteel.it\/de\/katalog\/digi-inox-de\/dgi-16q12-f\/","og_site_name":"Grafos Steel","article_modified_time":"2020-06-03T13:26:31+00:00","og_image":[{"width":925,"height":746,"url":"https:\/\/www.grafossteel.it\/wp-content\/uploads\/2019\/09\/DGI.16Q12.F_Grafos_Steel_Keyboard_DIGI_Inox.jpg","type":"image\/jpeg"}],"twitter_card":"summary_large_image","schema":{"@context":"https:\/\/schema.org","@graph":[{"@type":"WebPage","@id":"https:\/\/www.grafossteel.it\/de\/katalog\/digi-inox-de\/dgi-16q12-f\/","url":"https:\/\/www.grafossteel.it\/de\/katalog\/digi-inox-de\/dgi-16q12-f\/","name":"Tastenfeld aus Edelstahl mit 16 Tasten f\u00fcr den Fronteinbau","isPartOf":{"@id":"https:\/\/www.grafossteel.it\/de\/#website"},"primaryImageOfPage":{"@id":"https:\/\/www.grafossteel.it\/de\/katalog\/digi-inox-de\/dgi-16q12-f\/#primaryimage"},"image":{"@id":"https:\/\/www.grafossteel.it\/de\/katalog\/digi-inox-de\/dgi-16q12-f\/#primaryimage"},"thumbnailUrl":"https:\/\/www.grafossteel.it\/wp-content\/uploads\/2019\/09\/DGI.16Q12.F_Grafos_Steel_Keyboard_DIGI_Inox.jpg","datePublished":"2019-09-24T07:38:45+00:00","dateModified":"2020-06-03T13:26:31+00:00","description":"Tastenfeld aus Edelstahl f\u00fcr den Fronteinbau. Die Tasten repr\u00e4sentieren 10 Ziffern und 6 alphapetische Zeichen und k\u00f6nnen individuell festgelegt werden.","breadcrumb":{"@id":"https:\/\/www.grafossteel.it\/de\/katalog\/digi-inox-de\/dgi-16q12-f\/#breadcrumb"},"inLanguage":"de","potentialAction":[{"@type":"ReadAction","target":["https:\/\/www.grafossteel.it\/de\/katalog\/digi-inox-de\/dgi-16q12-f\/"]}]},{"@type":"ImageObject","inLanguage":"de","@id":"https:\/\/www.grafossteel.it\/de\/katalog\/digi-inox-de\/dgi-16q12-f\/#primaryimage","url":"https:\/\/www.grafossteel.it\/wp-content\/uploads\/2019\/09\/DGI.16Q12.F_Grafos_Steel_Keyboard_DIGI_Inox.jpg","contentUrl":"https:\/\/www.grafossteel.it\/wp-content\/uploads\/2019\/09\/DGI.16Q12.F_Grafos_Steel_Keyboard_DIGI_Inox.jpg","width":925,"height":746,"caption":"Tastenblock aus Edelstahl mit hinterleuchteten Tasten"},{"@type":"BreadcrumbList","@id":"https:\/\/www.grafossteel.it\/de\/katalog\/digi-inox-de\/dgi-16q12-f\/#breadcrumb","itemListElement":[{"@type":"ListItem","position":1,"name":"Home","item":"https:\/\/www.grafossteel.it\/de\/"},{"@type":"ListItem","position":2,"name":"Katalog","item":"https:\/\/www.grafossteel.it\/de\/katalog\/"},{"@type":"ListItem","position":3,"name":"DGI.16Q12.F"}]},{"@type":"WebSite","@id":"https:\/\/www.grafossteel.it\/de\/#website","url":"https:\/\/www.grafossteel.it\/de\/","name":"Grafos Steel","description":"Hardware Made of Metal","publisher":{"@id":"https:\/\/www.grafossteel.it\/de\/#organization"},"potentialAction":[{"@type":"SearchAction","target":{"@type":"EntryPoint","urlTemplate":"https:\/\/www.grafossteel.it\/de\/?s={search_term_string}"},"query-input":{"@type":"PropertyValueSpecification","valueRequired":true,"valueName":"search_term_string"}}],"inLanguage":"de"},{"@type":"Organization","@id":"https:\/\/www.grafossteel.it\/de\/#organization","name":"Grafos Steel S.r.l.","url":"https:\/\/www.grafossteel.it\/de\/","logo":{"@type":"ImageObject","inLanguage":"de","@id":"https:\/\/www.grafossteel.it\/de\/#\/schema\/logo\/image\/","url":"https:\/\/www.grafossteel.it\/wp-content\/uploads\/2019\/09\/grafos-steel-tastiere-in-acciaio-logo-2019.jpg","contentUrl":"https:\/\/www.grafossteel.it\/wp-content\/uploads\/2019\/09\/grafos-steel-tastiere-in-acciaio-logo-2019.jpg","width":371,"height":112,"caption":"Grafos Steel S.r.l."},"image":{"@id":"https:\/\/www.grafossteel.it\/de\/#\/schema\/logo\/image\/"}}]}},"_links":{"self":[{"href":"https:\/\/www.grafossteel.it\/de\/wp-json\/wp\/v2\/product\/5526","targetHints":{"allow":["GET"]}}],"collection":[{"href":"https:\/\/www.grafossteel.it\/de\/wp-json\/wp\/v2\/product"}],"about":[{"href":"https:\/\/www.grafossteel.it\/de\/wp-json\/wp\/v2\/types\/product"}],"wp:featuredmedia":[{"embeddable":true,"href":"https:\/\/www.grafossteel.it\/de\/wp-json\/wp\/v2\/media\/5169"}],"wp:attachment":[{"href":"https:\/\/www.grafossteel.it\/de\/wp-json\/wp\/v2\/media?parent=5526"}],"wp:term":[{"taxonomy":"product_brand","embeddable":true,"href":"https:\/\/www.grafossteel.it\/de\/wp-json\/wp\/v2\/product_brand?post=5526"},{"taxonomy":"product_cat","embeddable":true,"href":"https:\/\/www.grafossteel.it\/de\/wp-json\/wp\/v2\/product_cat?post=5526"},{"taxonomy":"product_tag","embeddable":true,"href":"https:\/\/www.grafossteel.it\/de\/wp-json\/wp\/v2\/product_tag?post=5526"}],"curies":[{"name":"wp","href":"https:\/\/api.w.org\/{rel}","templated":true}]}}