{"id":10731,"date":"2020-06-04T11:07:33","date_gmt":"2020-06-04T09:07:33","guid":{"rendered":"https:\/\/www.grafossteel.it\/?post_type=product&#038;p=10731"},"modified":"2020-06-05T13:16:54","modified_gmt":"2020-06-05T11:16:54","slug":"dgi-01-ihre-individuelle-digi-inox-tastatur","status":"publish","type":"product","link":"https:\/\/www.grafossteel.it\/de\/katalog\/digi-inox-de\/dgi-01-ihre-individuelle-digi-inox-tastatur\/","title":{"rendered":"DGI.01 \u2013 Ihre individuelle DIGI-INOX-Tastatur"},"content":{"rendered":"<p><b>DIGI-INOX\u00a0<\/b>bezeichnet eine Tastaturtechnologie, die eine 2 mm starke Frontplatte und 1,5 mm starke Edelstahltastenkappen als Ausgangsbasis hat. Als Werkstoff wird hochwertiger Edelstahl der Klasse AISI 316L eingesetzt.\u00a0Die Schalttechnologie von Industrietastaturen der DIGI-INOX-Reihe verwendet Metalldome, die einen pr\u00e4zisen Tastenanschlag erm\u00f6glichen. Die Tastenkappen werden direkt aus der Frontplatte gestanzt. Dabei sind verschiedene Tastengr\u00f6\u00dfen und \u2013formen m\u00f6glich. Ein gro\u00dfer Vorteil besteht dabei im <strong>Wegfall von signifikanten Toolingkosten<\/strong> bei kundenspezifischen Anfertigungen. Finden Sie <a href=\"https:\/\/www.grafossteel.it\/de\/edelstahltastaturen\/industrietastaturen-der-digi-reihe\/\">mehr Infos hier<\/a>.<\/p>\n<p><strong>Die Bandbreite kundenspezifischer DIGI-Tastaturen umfasst:<\/strong><\/p>\n<p>\u25cf Individuelle Designs, Formen und Layouts ab 1 St\u00fcck<br \/>\n\u25cf Integration von Trackballs, Touchpads oder anderen Cursorsteuerungen<br \/>\n\u25cf Tasten- und Symbolbeleuchtung<br \/>\n\u25cf Tasten mit Braille-Pr\u00e4gung<br \/>\n\u25cf Abriebfeste Symbole, Logos und Sonderzeichen<br \/>\n\u25cf Uneingeschr\u00e4nkte Geometrie der Frontplatte<br \/>\n\u25cf Freie Funktionsbelegung der Tasten<br \/>\n\u25cf Verschiedene Montage-Befestigungen<br \/>\n\u25cf Individuelle Tastenform, \u2013 gr\u00f6\u00dfe und -anordnung<br \/>\n\u25cf Integration von Visualisierungen wie LED oder Displays<br \/>\n\u25cf Vielf\u00e4ltige Oberfl\u00e4chentreatments und Folienoverlays<br \/>\n\u25cf Tastaturen und Tastaturpanels aus Edelstahl, Aluminium oder Kunststoff<br \/>\n\u25cf Symboldarstellung per Laser oder chemischer Gravur mit individueller<br \/>\nFarbgebung<br \/>\n\u25cf Spezifische Dichtungskonzepte, u.a. LABS-freie Konstruktion<br \/>\n\u25cf Schnittstellen von USB \u00fcber RS232 bis I\u00b2C<br \/>\n\u25cf Schnelles Prototyping<\/p>\n<p><strong>Wir freuen uns auf Ihre Anfrage!<\/strong><\/p>\n","protected":false},"excerpt":{"rendered":"<p>Von der Idee zur Umsetzung aus einer Hand<\/p>\n","protected":false},"featured_media":10728,"template":"","meta":{"_acf_changed":false},"product_brand":[],"product_cat":[188,192],"product_tag":[],"class_list":{"0":"post-10731","1":"product","2":"type-product","3":"status-publish","4":"has-post-thumbnail","6":"product_cat-digi-inox-de","7":"product_cat-standard-de","8":"pa_forma-pulsanti-q12-it-de","9":"pa_interfaccia-m-ps2-minidin-de","10":"pa_interfaccia-kontaktmatrix-de","11":"pa_interfaccia-ps2-de","12":"pa_interfaccia-seriell-rs-232","13":"pa_interfaccia-u-usb-it-de","14":"pa_interfaccia-usb-de","15":"pa_montaggio-f-frontmontage","16":"pa_montaggio-r-ruckseitige-montage","17":"pa_montaggio-t-tabellenversion","18":"pa_simboli-b-retro-beleuchtung","19":"pa_simboli-l-lasermarkierung","20":"pa_simboli-s-serigraphie","22":"first","23":"onbackorder","24":"shipping-taxable","25":"product-type-simple"},"acf":[],"yoast_head":"<!-- This site is optimized with the Yoast SEO plugin v27.6 - https:\/\/yoast.com\/product\/yoast-seo-wordpress\/ -->\n<title>Individuelle Tastaturen von Grafos Steel: Flexibel und kosteng\u00fcnstig<\/title>\n<meta name=\"description\" content=\"Vom kompakten Tastenfeld zum gro\u00dfformatigen Tastaturpanel - entdecken Sie die nahezu unbegrenzten M\u00f6glichkeiten, ihr eigenes Produkt zu realisieren!\" \/>\n<meta name=\"robots\" content=\"index, follow, max-snippet:-1, max-image-preview:large, max-video-preview:-1\" \/>\n<link rel=\"canonical\" href=\"https:\/\/www.grafossteel.it\/de\/katalog\/digi-inox-de\/dgi-01-ihre-individuelle-digi-inox-tastatur\/\" \/>\n<meta property=\"og:locale\" content=\"de_DE\" \/>\n<meta property=\"og:type\" content=\"article\" \/>\n<meta property=\"og:title\" content=\"Individuelle Tastaturen von Grafos Steel: Flexibel und kosteng\u00fcnstig\" \/>\n<meta property=\"og:description\" content=\"Vom kompakten Tastenfeld zum gro\u00dfformatigen Tastaturpanel - entdecken Sie die nahezu unbegrenzten M\u00f6glichkeiten, ihr eigenes Produkt zu realisieren!\" \/>\n<meta property=\"og:url\" content=\"https:\/\/www.grafossteel.it\/de\/katalog\/digi-inox-de\/dgi-01-ihre-individuelle-digi-inox-tastatur\/\" \/>\n<meta property=\"og:site_name\" content=\"Grafos Steel\" \/>\n<meta property=\"article:modified_time\" content=\"2020-06-05T11:16:54+00:00\" \/>\n<meta property=\"og:image\" content=\"https:\/\/www.grafossteel.it\/wp-content\/uploads\/2020\/06\/DGI.008-Panel-B-custom.jpg\" \/>\n\t<meta property=\"og:image:width\" content=\"1024\" \/>\n\t<meta property=\"og:image:height\" content=\"678\" \/>\n\t<meta property=\"og:image:type\" content=\"image\/jpeg\" \/>\n<meta name=\"twitter:card\" content=\"summary_large_image\" \/>\n<meta name=\"twitter:label1\" content=\"Gesch\u00e4tzte Lesezeit\" \/>\n\t<meta name=\"twitter:data1\" content=\"1\u00a0Minute\" \/>\n<script type=\"application\/ld+json\" class=\"yoast-schema-graph\">{\"@context\":\"https:\\\/\\\/schema.org\",\"@graph\":[{\"@type\":\"WebPage\",\"@id\":\"https:\\\/\\\/www.grafossteel.it\\\/de\\\/katalog\\\/digi-inox-de\\\/dgi-01-ihre-individuelle-digi-inox-tastatur\\\/\",\"url\":\"https:\\\/\\\/www.grafossteel.it\\\/de\\\/katalog\\\/digi-inox-de\\\/dgi-01-ihre-individuelle-digi-inox-tastatur\\\/\",\"name\":\"Individuelle Tastaturen von Grafos Steel: Flexibel und kosteng\u00fcnstig\",\"isPartOf\":{\"@id\":\"https:\\\/\\\/www.grafossteel.it\\\/de\\\/#website\"},\"primaryImageOfPage\":{\"@id\":\"https:\\\/\\\/www.grafossteel.it\\\/de\\\/katalog\\\/digi-inox-de\\\/dgi-01-ihre-individuelle-digi-inox-tastatur\\\/#primaryimage\"},\"image\":{\"@id\":\"https:\\\/\\\/www.grafossteel.it\\\/de\\\/katalog\\\/digi-inox-de\\\/dgi-01-ihre-individuelle-digi-inox-tastatur\\\/#primaryimage\"},\"thumbnailUrl\":\"https:\\\/\\\/www.grafossteel.it\\\/wp-content\\\/uploads\\\/2020\\\/06\\\/DGI.008-Panel-B-custom.jpg\",\"datePublished\":\"2020-06-04T09:07:33+00:00\",\"dateModified\":\"2020-06-05T11:16:54+00:00\",\"description\":\"Vom kompakten Tastenfeld zum gro\u00dfformatigen Tastaturpanel - entdecken Sie die nahezu unbegrenzten M\u00f6glichkeiten, ihr eigenes Produkt zu realisieren!\",\"breadcrumb\":{\"@id\":\"https:\\\/\\\/www.grafossteel.it\\\/de\\\/katalog\\\/digi-inox-de\\\/dgi-01-ihre-individuelle-digi-inox-tastatur\\\/#breadcrumb\"},\"inLanguage\":\"de\",\"potentialAction\":[{\"@type\":\"ReadAction\",\"target\":[\"https:\\\/\\\/www.grafossteel.it\\\/de\\\/katalog\\\/digi-inox-de\\\/dgi-01-ihre-individuelle-digi-inox-tastatur\\\/\"]}]},{\"@type\":\"ImageObject\",\"inLanguage\":\"de\",\"@id\":\"https:\\\/\\\/www.grafossteel.it\\\/de\\\/katalog\\\/digi-inox-de\\\/dgi-01-ihre-individuelle-digi-inox-tastatur\\\/#primaryimage\",\"url\":\"https:\\\/\\\/www.grafossteel.it\\\/wp-content\\\/uploads\\\/2020\\\/06\\\/DGI.008-Panel-B-custom.jpg\",\"contentUrl\":\"https:\\\/\\\/www.grafossteel.it\\\/wp-content\\\/uploads\\\/2020\\\/06\\\/DGI.008-Panel-B-custom.jpg\",\"width\":1024,\"height\":678},{\"@type\":\"BreadcrumbList\",\"@id\":\"https:\\\/\\\/www.grafossteel.it\\\/de\\\/katalog\\\/digi-inox-de\\\/dgi-01-ihre-individuelle-digi-inox-tastatur\\\/#breadcrumb\",\"itemListElement\":[{\"@type\":\"ListItem\",\"position\":1,\"name\":\"Home\",\"item\":\"https:\\\/\\\/www.grafossteel.it\\\/de\\\/\"},{\"@type\":\"ListItem\",\"position\":2,\"name\":\"Katalog\",\"item\":\"https:\\\/\\\/www.grafossteel.it\\\/de\\\/katalog\\\/\"},{\"@type\":\"ListItem\",\"position\":3,\"name\":\"DGI.01 \u2013 Ihre individuelle DIGI-INOX-Tastatur\"}]},{\"@type\":\"WebSite\",\"@id\":\"https:\\\/\\\/www.grafossteel.it\\\/de\\\/#website\",\"url\":\"https:\\\/\\\/www.grafossteel.it\\\/de\\\/\",\"name\":\"Grafos Steel\",\"description\":\"Hardware Made of Metal\",\"publisher\":{\"@id\":\"https:\\\/\\\/www.grafossteel.it\\\/de\\\/#organization\"},\"potentialAction\":[{\"@type\":\"SearchAction\",\"target\":{\"@type\":\"EntryPoint\",\"urlTemplate\":\"https:\\\/\\\/www.grafossteel.it\\\/de\\\/?s={search_term_string}\"},\"query-input\":{\"@type\":\"PropertyValueSpecification\",\"valueRequired\":true,\"valueName\":\"search_term_string\"}}],\"inLanguage\":\"de\"},{\"@type\":\"Organization\",\"@id\":\"https:\\\/\\\/www.grafossteel.it\\\/de\\\/#organization\",\"name\":\"Grafos Steel S.r.l.\",\"url\":\"https:\\\/\\\/www.grafossteel.it\\\/de\\\/\",\"logo\":{\"@type\":\"ImageObject\",\"inLanguage\":\"de\",\"@id\":\"https:\\\/\\\/www.grafossteel.it\\\/de\\\/#\\\/schema\\\/logo\\\/image\\\/\",\"url\":\"https:\\\/\\\/www.grafossteel.it\\\/wp-content\\\/uploads\\\/2019\\\/09\\\/grafos-steel-tastiere-in-acciaio-logo-2019.jpg\",\"contentUrl\":\"https:\\\/\\\/www.grafossteel.it\\\/wp-content\\\/uploads\\\/2019\\\/09\\\/grafos-steel-tastiere-in-acciaio-logo-2019.jpg\",\"width\":371,\"height\":112,\"caption\":\"Grafos Steel S.r.l.\"},\"image\":{\"@id\":\"https:\\\/\\\/www.grafossteel.it\\\/de\\\/#\\\/schema\\\/logo\\\/image\\\/\"}}]}<\/script>\n<!-- \/ Yoast SEO plugin. -->","yoast_head_json":{"title":"Individuelle Tastaturen von Grafos Steel: Flexibel und kosteng\u00fcnstig","description":"Vom kompakten Tastenfeld zum gro\u00dfformatigen Tastaturpanel - entdecken Sie die nahezu unbegrenzten M\u00f6glichkeiten, ihr eigenes Produkt zu realisieren!","robots":{"index":"index","follow":"follow","max-snippet":"max-snippet:-1","max-image-preview":"max-image-preview:large","max-video-preview":"max-video-preview:-1"},"canonical":"https:\/\/www.grafossteel.it\/de\/katalog\/digi-inox-de\/dgi-01-ihre-individuelle-digi-inox-tastatur\/","og_locale":"de_DE","og_type":"article","og_title":"Individuelle Tastaturen von Grafos Steel: Flexibel und kosteng\u00fcnstig","og_description":"Vom kompakten Tastenfeld zum gro\u00dfformatigen Tastaturpanel - entdecken Sie die nahezu unbegrenzten M\u00f6glichkeiten, ihr eigenes Produkt zu realisieren!","og_url":"https:\/\/www.grafossteel.it\/de\/katalog\/digi-inox-de\/dgi-01-ihre-individuelle-digi-inox-tastatur\/","og_site_name":"Grafos Steel","article_modified_time":"2020-06-05T11:16:54+00:00","og_image":[{"width":1024,"height":678,"url":"https:\/\/www.grafossteel.it\/wp-content\/uploads\/2020\/06\/DGI.008-Panel-B-custom.jpg","type":"image\/jpeg"}],"twitter_card":"summary_large_image","twitter_misc":{"Gesch\u00e4tzte Lesezeit":"1\u00a0Minute"},"schema":{"@context":"https:\/\/schema.org","@graph":[{"@type":"WebPage","@id":"https:\/\/www.grafossteel.it\/de\/katalog\/digi-inox-de\/dgi-01-ihre-individuelle-digi-inox-tastatur\/","url":"https:\/\/www.grafossteel.it\/de\/katalog\/digi-inox-de\/dgi-01-ihre-individuelle-digi-inox-tastatur\/","name":"Individuelle Tastaturen von Grafos Steel: Flexibel und kosteng\u00fcnstig","isPartOf":{"@id":"https:\/\/www.grafossteel.it\/de\/#website"},"primaryImageOfPage":{"@id":"https:\/\/www.grafossteel.it\/de\/katalog\/digi-inox-de\/dgi-01-ihre-individuelle-digi-inox-tastatur\/#primaryimage"},"image":{"@id":"https:\/\/www.grafossteel.it\/de\/katalog\/digi-inox-de\/dgi-01-ihre-individuelle-digi-inox-tastatur\/#primaryimage"},"thumbnailUrl":"https:\/\/www.grafossteel.it\/wp-content\/uploads\/2020\/06\/DGI.008-Panel-B-custom.jpg","datePublished":"2020-06-04T09:07:33+00:00","dateModified":"2020-06-05T11:16:54+00:00","description":"Vom kompakten Tastenfeld zum gro\u00dfformatigen Tastaturpanel - entdecken Sie die nahezu unbegrenzten M\u00f6glichkeiten, ihr eigenes Produkt zu realisieren!","breadcrumb":{"@id":"https:\/\/www.grafossteel.it\/de\/katalog\/digi-inox-de\/dgi-01-ihre-individuelle-digi-inox-tastatur\/#breadcrumb"},"inLanguage":"de","potentialAction":[{"@type":"ReadAction","target":["https:\/\/www.grafossteel.it\/de\/katalog\/digi-inox-de\/dgi-01-ihre-individuelle-digi-inox-tastatur\/"]}]},{"@type":"ImageObject","inLanguage":"de","@id":"https:\/\/www.grafossteel.it\/de\/katalog\/digi-inox-de\/dgi-01-ihre-individuelle-digi-inox-tastatur\/#primaryimage","url":"https:\/\/www.grafossteel.it\/wp-content\/uploads\/2020\/06\/DGI.008-Panel-B-custom.jpg","contentUrl":"https:\/\/www.grafossteel.it\/wp-content\/uploads\/2020\/06\/DGI.008-Panel-B-custom.jpg","width":1024,"height":678},{"@type":"BreadcrumbList","@id":"https:\/\/www.grafossteel.it\/de\/katalog\/digi-inox-de\/dgi-01-ihre-individuelle-digi-inox-tastatur\/#breadcrumb","itemListElement":[{"@type":"ListItem","position":1,"name":"Home","item":"https:\/\/www.grafossteel.it\/de\/"},{"@type":"ListItem","position":2,"name":"Katalog","item":"https:\/\/www.grafossteel.it\/de\/katalog\/"},{"@type":"ListItem","position":3,"name":"DGI.01 \u2013 Ihre individuelle DIGI-INOX-Tastatur"}]},{"@type":"WebSite","@id":"https:\/\/www.grafossteel.it\/de\/#website","url":"https:\/\/www.grafossteel.it\/de\/","name":"Grafos Steel","description":"Hardware Made of Metal","publisher":{"@id":"https:\/\/www.grafossteel.it\/de\/#organization"},"potentialAction":[{"@type":"SearchAction","target":{"@type":"EntryPoint","urlTemplate":"https:\/\/www.grafossteel.it\/de\/?s={search_term_string}"},"query-input":{"@type":"PropertyValueSpecification","valueRequired":true,"valueName":"search_term_string"}}],"inLanguage":"de"},{"@type":"Organization","@id":"https:\/\/www.grafossteel.it\/de\/#organization","name":"Grafos Steel S.r.l.","url":"https:\/\/www.grafossteel.it\/de\/","logo":{"@type":"ImageObject","inLanguage":"de","@id":"https:\/\/www.grafossteel.it\/de\/#\/schema\/logo\/image\/","url":"https:\/\/www.grafossteel.it\/wp-content\/uploads\/2019\/09\/grafos-steel-tastiere-in-acciaio-logo-2019.jpg","contentUrl":"https:\/\/www.grafossteel.it\/wp-content\/uploads\/2019\/09\/grafos-steel-tastiere-in-acciaio-logo-2019.jpg","width":371,"height":112,"caption":"Grafos Steel S.r.l."},"image":{"@id":"https:\/\/www.grafossteel.it\/de\/#\/schema\/logo\/image\/"}}]}},"_links":{"self":[{"href":"https:\/\/www.grafossteel.it\/de\/wp-json\/wp\/v2\/product\/10731","targetHints":{"allow":["GET"]}}],"collection":[{"href":"https:\/\/www.grafossteel.it\/de\/wp-json\/wp\/v2\/product"}],"about":[{"href":"https:\/\/www.grafossteel.it\/de\/wp-json\/wp\/v2\/types\/product"}],"wp:featuredmedia":[{"embeddable":true,"href":"https:\/\/www.grafossteel.it\/de\/wp-json\/wp\/v2\/media\/10728"}],"wp:attachment":[{"href":"https:\/\/www.grafossteel.it\/de\/wp-json\/wp\/v2\/media?parent=10731"}],"wp:term":[{"taxonomy":"product_brand","embeddable":true,"href":"https:\/\/www.grafossteel.it\/de\/wp-json\/wp\/v2\/product_brand?post=10731"},{"taxonomy":"product_cat","embeddable":true,"href":"https:\/\/www.grafossteel.it\/de\/wp-json\/wp\/v2\/product_cat?post=10731"},{"taxonomy":"product_tag","embeddable":true,"href":"https:\/\/www.grafossteel.it\/de\/wp-json\/wp\/v2\/product_tag?post=10731"}],"curies":[{"name":"wp","href":"https:\/\/api.w.org\/{rel}","templated":true}]}}