{"id":6611,"date":"2019-10-30T19:31:45","date_gmt":"2019-10-30T18:31:45","guid":{"rendered":"https:\/\/www.grafossteel.it\/?page_id=6611"},"modified":"2019-11-04T18:23:43","modified_gmt":"2019-11-04T17:23:43","slug":"fallbeispiel","status":"publish","type":"page","link":"https:\/\/www.grafossteel.it\/de\/gehaeuse-spezialteile\/fallbeispiel\/","title":{"rendered":"Fallbeispiel"},"content":{"rendered":"<div class=\"wpb-content-wrapper\"><p>[vc_row][vc_column]<div class=\"deco-title sinistra\">\n\t\t\t<h1 class=\"main-title\">Kundenspezifisches HMI-Geh\u00e4use f\u00fcr den Einsatz in der Industrieautomation<\/h1>\n\t\t\t<h2 class=\"sub-title\">100% gefertigt, 100% gepr\u00fcft<\/h2>\n\t\t<\/div>[\/vc_column][\/vc_row][vc_row][vc_column width=&#8220;1\/3&#8243;][vc_single_image image=&#8220;6617&#8243; img_size=&#8220;large&#8220; onclick=&#8220;link_image&#8220;][vc_column_text]Die Seitenwangen sind mit natur-eloxiertem Aluminium ausgef\u00fchrt.[\/vc_column_text][\/vc_column][vc_column width=&#8220;1\/3&#8243;][vc_single_image image=&#8220;6613&#8243; img_size=&#8220;large&#8220; onclick=&#8220;link_image&#8220;][vc_column_text]Draufsicht auf die Vorderseite des 48,8 cm breiten Geh\u00e4uses.[\/vc_column_text][\/vc_column][vc_column width=&#8220;1\/3&#8243;][vc_single_image image=&#8220;6628&#8243; img_size=&#8220;large&#8220; onclick=&#8220;link_image&#8220;][vc_column_text]Die maximale Tiefe des Geh\u00e4uses betr\u00e4gt 12,6 cm.[\/vc_column_text][\/vc_column][\/vc_row][vc_row full_width=&#8220;stretch_row&#8220; css=&#8220;.vc_custom_1572531180304{background-color: #f2f2f2 !important;}&#8220;][vc_column width=&#8220;1\/3&#8243;][vc_column_text css=&#8220;.vc_custom_1572880221967{margin-right: 35px !important;}&#8220;]<strong>Grafos Steel hat j\u00fcngst ein kundenspezifisches Steuergeh\u00e4use fertiggestellt. Der Auftraggeber ist ein namhaftes Unternehmen, das Industrie-PC projektiert und installiert.<br \/>\n<\/strong><strong>D<\/strong><strong>er Fertigungsanteil und der Pr\u00fcfanteil betrugen 100%; das Auftragsvolumen umfasst 25 St\u00fcck. Das Geh\u00e4use wird vom Kunden mit einem embedded PC\u00a0 und einer Touchfront weiter best\u00fcckt sowie mit den entsprechenden Interfaces und Montageanschl\u00fcssen versehen.\u00a0<\/strong>[\/vc_column_text][\/vc_column][vc_column width=&#8220;1\/3&#8243;][vc_column_text]<strong>Technische Daten:<\/strong><\/p>\n<ul>\n<li>Breite: 48,4 cm<\/li>\n<li>H\u00f6he: 48,4 cm \u00fcber alles<\/li>\n<li>Tiefe: 12,6 cm max., 10,5 cm min.<\/li>\n<li>Diagonale Frontausschnitt: 56,4 cm<\/li>\n<li>Material: Stahlblech, Aluminium, Edelstahl<\/li>\n<li>Veredlung: Pulverbeschichtung, Lackierung, Eloxierung<\/li>\n<li>Montage: Flanschaufnahme f\u00fcr Haltearm auf der Oberseite<\/li>\n<\/ul>\n<p>[\/vc_column_text][\/vc_column][vc_column width=&#8220;1\/3&#8243;][vc_column_text]<strong>Fertigungsprozesse:<\/strong><\/p>\n<ul>\n<li>Schneiden (mechanisch und per Laser)<\/li>\n<li>Stanzen und Bohren<\/li>\n<li>Kanten und Biegen<\/li>\n<li>Schwei\u00dfen<\/li>\n<li>Schleifen<\/li>\n<li>Eloxieren<\/li>\n<li>Satinieren und Lackieren<\/li>\n<li>Bedruckung per Siebdruck<\/li>\n<\/ul>\n<p>[\/vc_column_text][\/vc_column][\/vc_row][vc_row][vc_column width=&#8220;1\/3&#8243;][vc_single_image image=&#8220;6632&#8243; img_size=&#8220;large&#8220; onclick=&#8220;link_image&#8220;][vc_column_text]In der R\u00fcckseite sind L\u00fcftungsschlitze eingearbeitet.[\/vc_column_text][\/vc_column][vc_column width=&#8220;1\/3&#8243;][vc_single_image image=&#8220;6637&#8243; img_size=&#8220;300&#8243; alignment=&#8220;center&#8220; onclick=&#8220;link_image&#8220;][vc_column_text]Das Geh\u00e4use enth\u00e4lt \u00d6ffnungen f\u00fcr Ports und Montageaufnahmen.[\/vc_column_text][\/vc_column][vc_column width=&#8220;1\/3&#8243;][vc_single_image image=&#8220;6621&#8243; img_size=&#8220;large&#8220; onclick=&#8220;link_image&#8220;][vc_column_text]Der Handholm ist aus Edelstahl gefertigt und dient zur Drehung der Bedienstation.[\/vc_column_text][\/vc_column][\/vc_row]<\/p>\n<\/div>","protected":false},"excerpt":{"rendered":"<p>[vc_row][vc_column][\/vc_column][\/vc_row][vc_row][vc_column width=&#8220;1\/3&#8243;][vc_single_image image=&#8220;6617&#8243; img_size=&#8220;large&#8220; onclick=&#8220;link_image&#8220;][vc_column_text]Die Seitenwangen sind mit natur-eloxiertem Aluminium ausgef\u00fchrt.[\/vc_column_text][\/vc_column][vc_column width=&#8220;1\/3&#8243;][vc_single_image image=&#8220;6613&#8243; img_size=&#8220;large&#8220; onclick=&#8220;link_image&#8220;][vc_column_text]Draufsicht auf die Vorderseite des 48,8 cm breiten Geh\u00e4uses.[\/vc_column_text][\/vc_column][vc_column width=&#8220;1\/3&#8243;][vc_single_image image=&#8220;6628&#8243; img_size=&#8220;large&#8220; onclick=&#8220;link_image&#8220;][vc_column_text]Die maximale Tiefe des Geh\u00e4uses betr\u00e4gt 12,6 cm.[\/vc_column_text][\/vc_column][\/vc_row][vc_row full_width=&#8220;stretch_row&#8220; css=&#8220;.vc_custom_1572531180304{background-color: #f2f2f2 !important;}&#8220;][vc_column width=&#8220;1\/3&#8243;][vc_column_text css=&#8220;.vc_custom_1572880221967{margin-right: 35px !important;}&#8220;]Grafos Steel hat j\u00fcngst ein kundenspezifisches Steuergeh\u00e4use fertiggestellt. Der Auftraggeber ist ein namhaftes Unternehmen, [&hellip;]<\/p>\n","protected":false},"author":1,"featured_media":0,"parent":4262,"menu_order":0,"comment_status":"closed","ping_status":"closed","template":"","meta":{"_acf_changed":false,"footnotes":""},"class_list":["post-6611","page","type-page","status-publish","hentry"],"acf":[],"yoast_head":"<!-- This site is optimized with the Yoast SEO plugin v27.4 - https:\/\/yoast.com\/product\/yoast-seo-wordpress\/ -->\n<title>Kundenspezifische Geh\u00e4use f\u00fcr IPC vom Spezialisten<\/title>\n<meta name=\"description\" content=\"Grafos Steel fertigt Geh\u00e4use f\u00fcr IPC in kleinen St\u00fcckzahlen. Die Fertigungstiefe von 100% erm\u00f6glicht h\u00f6chste Qualit\u00e4t und komplexe Formen.\" \/>\n<meta name=\"robots\" content=\"index, follow, max-snippet:-1, max-image-preview:large, max-video-preview:-1\" \/>\n<link rel=\"canonical\" href=\"https:\/\/www.grafossteel.it\/de\/gehaeuse-spezialteile\/fallbeispiel\/\" \/>\n<meta property=\"og:locale\" content=\"de_DE\" \/>\n<meta property=\"og:type\" content=\"article\" \/>\n<meta property=\"og:title\" content=\"Kundenspezifische Geh\u00e4use f\u00fcr IPC vom Spezialisten\" \/>\n<meta property=\"og:description\" content=\"Grafos Steel fertigt Geh\u00e4use f\u00fcr IPC in kleinen St\u00fcckzahlen. Die Fertigungstiefe von 100% erm\u00f6glicht h\u00f6chste Qualit\u00e4t und komplexe Formen.\" \/>\n<meta property=\"og:url\" content=\"https:\/\/www.grafossteel.it\/de\/gehaeuse-spezialteile\/fallbeispiel\/\" \/>\n<meta property=\"og:site_name\" content=\"Grafos Steel\" \/>\n<meta property=\"article:modified_time\" content=\"2019-11-04T17:23:43+00:00\" \/>\n<meta name=\"twitter:card\" content=\"summary_large_image\" \/>\n<meta name=\"twitter:label1\" content=\"Gesch\u00e4tzte Lesezeit\" \/>\n\t<meta name=\"twitter:data1\" content=\"2\u00a0Minuten\" \/>\n<script type=\"application\/ld+json\" class=\"yoast-schema-graph\">{\"@context\":\"https:\\\/\\\/schema.org\",\"@graph\":[{\"@type\":\"WebPage\",\"@id\":\"https:\\\/\\\/www.grafossteel.it\\\/de\\\/gehaeuse-spezialteile\\\/fallbeispiel\\\/\",\"url\":\"https:\\\/\\\/www.grafossteel.it\\\/de\\\/gehaeuse-spezialteile\\\/fallbeispiel\\\/\",\"name\":\"Kundenspezifische Geh\u00e4use f\u00fcr IPC vom Spezialisten\",\"isPartOf\":{\"@id\":\"https:\\\/\\\/www.grafossteel.it\\\/de\\\/#website\"},\"datePublished\":\"2019-10-30T18:31:45+00:00\",\"dateModified\":\"2019-11-04T17:23:43+00:00\",\"description\":\"Grafos Steel fertigt Geh\u00e4use f\u00fcr IPC in kleinen St\u00fcckzahlen. Die Fertigungstiefe von 100% erm\u00f6glicht h\u00f6chste Qualit\u00e4t und komplexe Formen.\",\"breadcrumb\":{\"@id\":\"https:\\\/\\\/www.grafossteel.it\\\/de\\\/gehaeuse-spezialteile\\\/fallbeispiel\\\/#breadcrumb\"},\"inLanguage\":\"de\",\"potentialAction\":[{\"@type\":\"ReadAction\",\"target\":[\"https:\\\/\\\/www.grafossteel.it\\\/de\\\/gehaeuse-spezialteile\\\/fallbeispiel\\\/\"]}]},{\"@type\":\"BreadcrumbList\",\"@id\":\"https:\\\/\\\/www.grafossteel.it\\\/de\\\/gehaeuse-spezialteile\\\/fallbeispiel\\\/#breadcrumb\",\"itemListElement\":[{\"@type\":\"ListItem\",\"position\":1,\"name\":\"Home\",\"item\":\"https:\\\/\\\/www.grafossteel.it\\\/de\\\/\"},{\"@type\":\"ListItem\",\"position\":2,\"name\":\"Geh\u00e4use und Spezialteile\",\"item\":\"https:\\\/\\\/www.grafossteel.it\\\/de\\\/gehaeuse-spezialteile\\\/\"},{\"@type\":\"ListItem\",\"position\":3,\"name\":\"Fallbeispiel\"}]},{\"@type\":\"WebSite\",\"@id\":\"https:\\\/\\\/www.grafossteel.it\\\/de\\\/#website\",\"url\":\"https:\\\/\\\/www.grafossteel.it\\\/de\\\/\",\"name\":\"Grafos Steel\",\"description\":\"Hardware Made of Metal\",\"publisher\":{\"@id\":\"https:\\\/\\\/www.grafossteel.it\\\/de\\\/#organization\"},\"potentialAction\":[{\"@type\":\"SearchAction\",\"target\":{\"@type\":\"EntryPoint\",\"urlTemplate\":\"https:\\\/\\\/www.grafossteel.it\\\/de\\\/?s={search_term_string}\"},\"query-input\":{\"@type\":\"PropertyValueSpecification\",\"valueRequired\":true,\"valueName\":\"search_term_string\"}}],\"inLanguage\":\"de\"},{\"@type\":\"Organization\",\"@id\":\"https:\\\/\\\/www.grafossteel.it\\\/de\\\/#organization\",\"name\":\"Grafos Steel S.r.l.\",\"url\":\"https:\\\/\\\/www.grafossteel.it\\\/de\\\/\",\"logo\":{\"@type\":\"ImageObject\",\"inLanguage\":\"de\",\"@id\":\"https:\\\/\\\/www.grafossteel.it\\\/de\\\/#\\\/schema\\\/logo\\\/image\\\/\",\"url\":\"https:\\\/\\\/www.grafossteel.it\\\/wp-content\\\/uploads\\\/2019\\\/09\\\/grafos-steel-tastiere-in-acciaio-logo-2019.jpg\",\"contentUrl\":\"https:\\\/\\\/www.grafossteel.it\\\/wp-content\\\/uploads\\\/2019\\\/09\\\/grafos-steel-tastiere-in-acciaio-logo-2019.jpg\",\"width\":371,\"height\":112,\"caption\":\"Grafos Steel S.r.l.\"},\"image\":{\"@id\":\"https:\\\/\\\/www.grafossteel.it\\\/de\\\/#\\\/schema\\\/logo\\\/image\\\/\"}}]}<\/script>\n<!-- \/ Yoast SEO plugin. -->","yoast_head_json":{"title":"Kundenspezifische Geh\u00e4use f\u00fcr IPC vom Spezialisten","description":"Grafos Steel fertigt Geh\u00e4use f\u00fcr IPC in kleinen St\u00fcckzahlen. Die Fertigungstiefe von 100% erm\u00f6glicht h\u00f6chste Qualit\u00e4t und komplexe Formen.","robots":{"index":"index","follow":"follow","max-snippet":"max-snippet:-1","max-image-preview":"max-image-preview:large","max-video-preview":"max-video-preview:-1"},"canonical":"https:\/\/www.grafossteel.it\/de\/gehaeuse-spezialteile\/fallbeispiel\/","og_locale":"de_DE","og_type":"article","og_title":"Kundenspezifische Geh\u00e4use f\u00fcr IPC vom Spezialisten","og_description":"Grafos Steel fertigt Geh\u00e4use f\u00fcr IPC in kleinen St\u00fcckzahlen. Die Fertigungstiefe von 100% erm\u00f6glicht h\u00f6chste Qualit\u00e4t und komplexe Formen.","og_url":"https:\/\/www.grafossteel.it\/de\/gehaeuse-spezialteile\/fallbeispiel\/","og_site_name":"Grafos Steel","article_modified_time":"2019-11-04T17:23:43+00:00","twitter_card":"summary_large_image","twitter_misc":{"Gesch\u00e4tzte Lesezeit":"2\u00a0Minuten"},"schema":{"@context":"https:\/\/schema.org","@graph":[{"@type":"WebPage","@id":"https:\/\/www.grafossteel.it\/de\/gehaeuse-spezialteile\/fallbeispiel\/","url":"https:\/\/www.grafossteel.it\/de\/gehaeuse-spezialteile\/fallbeispiel\/","name":"Kundenspezifische Geh\u00e4use f\u00fcr IPC vom Spezialisten","isPartOf":{"@id":"https:\/\/www.grafossteel.it\/de\/#website"},"datePublished":"2019-10-30T18:31:45+00:00","dateModified":"2019-11-04T17:23:43+00:00","description":"Grafos Steel fertigt Geh\u00e4use f\u00fcr IPC in kleinen St\u00fcckzahlen. Die Fertigungstiefe von 100% erm\u00f6glicht h\u00f6chste Qualit\u00e4t und komplexe Formen.","breadcrumb":{"@id":"https:\/\/www.grafossteel.it\/de\/gehaeuse-spezialteile\/fallbeispiel\/#breadcrumb"},"inLanguage":"de","potentialAction":[{"@type":"ReadAction","target":["https:\/\/www.grafossteel.it\/de\/gehaeuse-spezialteile\/fallbeispiel\/"]}]},{"@type":"BreadcrumbList","@id":"https:\/\/www.grafossteel.it\/de\/gehaeuse-spezialteile\/fallbeispiel\/#breadcrumb","itemListElement":[{"@type":"ListItem","position":1,"name":"Home","item":"https:\/\/www.grafossteel.it\/de\/"},{"@type":"ListItem","position":2,"name":"Geh\u00e4use und Spezialteile","item":"https:\/\/www.grafossteel.it\/de\/gehaeuse-spezialteile\/"},{"@type":"ListItem","position":3,"name":"Fallbeispiel"}]},{"@type":"WebSite","@id":"https:\/\/www.grafossteel.it\/de\/#website","url":"https:\/\/www.grafossteel.it\/de\/","name":"Grafos Steel","description":"Hardware Made of Metal","publisher":{"@id":"https:\/\/www.grafossteel.it\/de\/#organization"},"potentialAction":[{"@type":"SearchAction","target":{"@type":"EntryPoint","urlTemplate":"https:\/\/www.grafossteel.it\/de\/?s={search_term_string}"},"query-input":{"@type":"PropertyValueSpecification","valueRequired":true,"valueName":"search_term_string"}}],"inLanguage":"de"},{"@type":"Organization","@id":"https:\/\/www.grafossteel.it\/de\/#organization","name":"Grafos Steel S.r.l.","url":"https:\/\/www.grafossteel.it\/de\/","logo":{"@type":"ImageObject","inLanguage":"de","@id":"https:\/\/www.grafossteel.it\/de\/#\/schema\/logo\/image\/","url":"https:\/\/www.grafossteel.it\/wp-content\/uploads\/2019\/09\/grafos-steel-tastiere-in-acciaio-logo-2019.jpg","contentUrl":"https:\/\/www.grafossteel.it\/wp-content\/uploads\/2019\/09\/grafos-steel-tastiere-in-acciaio-logo-2019.jpg","width":371,"height":112,"caption":"Grafos Steel S.r.l."},"image":{"@id":"https:\/\/www.grafossteel.it\/de\/#\/schema\/logo\/image\/"}}]}},"_links":{"self":[{"href":"https:\/\/www.grafossteel.it\/de\/wp-json\/wp\/v2\/pages\/6611","targetHints":{"allow":["GET"]}}],"collection":[{"href":"https:\/\/www.grafossteel.it\/de\/wp-json\/wp\/v2\/pages"}],"about":[{"href":"https:\/\/www.grafossteel.it\/de\/wp-json\/wp\/v2\/types\/page"}],"author":[{"embeddable":true,"href":"https:\/\/www.grafossteel.it\/de\/wp-json\/wp\/v2\/users\/1"}],"replies":[{"embeddable":true,"href":"https:\/\/www.grafossteel.it\/de\/wp-json\/wp\/v2\/comments?post=6611"}],"version-history":[{"count":29,"href":"https:\/\/www.grafossteel.it\/de\/wp-json\/wp\/v2\/pages\/6611\/revisions"}],"predecessor-version":[{"id":6793,"href":"https:\/\/www.grafossteel.it\/de\/wp-json\/wp\/v2\/pages\/6611\/revisions\/6793"}],"up":[{"embeddable":true,"href":"https:\/\/www.grafossteel.it\/de\/wp-json\/wp\/v2\/pages\/4262"}],"wp:attachment":[{"href":"https:\/\/www.grafossteel.it\/de\/wp-json\/wp\/v2\/media?parent=6611"}],"curies":[{"name":"wp","href":"https:\/\/api.w.org\/{rel}","templated":true}]}}