{"id":6571,"date":"2019-10-30T16:45:25","date_gmt":"2019-10-30T15:45:25","guid":{"rendered":"https:\/\/www.grafossteel.it\/?page_id=6571"},"modified":"2023-01-13T11:36:11","modified_gmt":"2023-01-13T10:36:11","slug":"partner","status":"publish","type":"page","link":"https:\/\/www.grafossteel.it\/de\/partner\/","title":{"rendered":"Partner"},"content":{"rendered":"<div class=\"wpb-content-wrapper\"><p>[vc_row][vc_column width=&#8220;1\/2&#8243;][vc_column_text]<strong>DEUTSCHLAND<\/strong>[\/vc_column_text][vc_separator][vc_single_image image=&#8220;6786&#8243; img_size=&#8220;medium&#8220;][vc_column_text]<strong>ATEG ist autorisierter Vertriebspartner von Grafos Steel f\u00fcr alle Produkt- und L\u00f6sungsbereiche. Neben der Planung und Durchf\u00fchrung von kundenspezifischen Projekten h\u00e4lt der Automatisierungspezialist alle Standardprodukte vor.\u00a0<\/strong><\/p>\n<p><strong>ATEG Automation GmbH<\/strong><\/p>\n<p>Intzestra\u00dfe 50<br \/>\n42859 Remscheid<br \/>\nDeutschland<\/p>\n<p>Tel.: +49 (0) 2191 \/ 591457-0<br \/>\nFax: +49 (0) 2191 \/ 591457-77<\/p>\n<p>E-Mail: info@ateg.de<br \/>\nInternet: <a href=\"http:\/\/www.ateg.de\">http:\/\/www.ateg.de<\/a>[\/vc_column_text][\/vc_column][vc_column width=&#8220;1\/2&#8243;][vc_column_text]<strong>DEUTSCHLAND<\/strong>[\/vc_column_text][vc_separator][vc_single_image image=&#8220;6586&#8243; img_size=&#8220;medium&#8220; css=&#8220;.vc_custom_1572452064693{margin-top: 25px !important;}&#8220;][vc_column_text]<strong>Knitter ist Vertriebs- und Technologiepartner von Grafos Steel mit dem Fokus auf Edelstahltastaturen. Der Schalterspezialist bietet Standardprodukte unter eigenem Label und realisiert ebenso kundenspezifische L\u00f6sungen vom Tastenfeld bis zum komplexen Bedienpanel.\u00a0<\/strong><\/p>\n<p><strong>knitter-switch<\/strong><\/p>\n<p>Neue Poststrasse 17<br \/>\nPostfach 10 02 33<br \/>\n85598 Baldham<br \/>\nDeutschland<\/p>\n<p>Telefon: +49 (0)8106-36 21 0<br \/>\nFax: +49 (0)8106-36 21 40<\/p>\n<p>E-Mail: knitter@knitter.de<br \/>\nInternet: <a href=\"https:\/\/www.knitter-switch.com\">https:\/\/www.knitter-switch.com<\/a>[\/vc_column_text][\/vc_column][\/vc_row][vc_row][vc_column width=&#8220;1\/2&#8243;][vc_column_text]<strong>DEUTSCHLAND<\/strong>[\/vc_column_text][vc_separator][vc_single_image image=&#8220;12952&#8243; img_size=&#8220;medium&#8220;][vc_column_text]<strong>Wachendorff Prozesstechnik ist Vertriebspartner von Grafos Steel f\u00fcr Standard- und kundenspezifische Tastaturen.\u00a0 <\/strong>Daneben \u00fcbernimmt Wachendorff auch das Projektmanagement f\u00fcr komplexe Bedienfronten, Touchpanels und Geh\u00e4use.<\/p>\n<p>Zum Sortiment: <a href=\"https:\/\/www.wachendorff-prozesstechnik.de\/panel-pc\/informationen\/panel-pc-zubehoer\/\">https:\/\/www.wachendorff-prozesstechnik.de\/panel-pc\/informationen\/panel-pc-zubehoer\/<\/a><\/p>\n<p>Wachendorff Prozesstechnik GmbH &amp; Co. KG<br \/>\nIndustriestrasse 7<br \/>\n65366 Geisenheim<br \/>\nGERMANY<\/p>\n<p>Tel.: +49 6722 996520<br \/>\nFax: +49 6722 996578<\/p>\n<p>wp@wachendorff.de<br \/>\nwww.wachendorff-prozesstechnik.de[\/vc_column_text][\/vc_column][vc_column width=&#8220;1\/2&#8243;][vc_separator][\/vc_column][\/vc_row]<\/p>\n<\/div>","protected":false},"excerpt":{"rendered":"<p>[vc_row][vc_column width=&#8220;1\/2&#8243;][vc_column_text]DEUTSCHLAND[\/vc_column_text][vc_separator][vc_single_image image=&#8220;6786&#8243; img_size=&#8220;medium&#8220;][vc_column_text]ATEG ist autorisierter Vertriebspartner von Grafos Steel f\u00fcr alle Produkt- und L\u00f6sungsbereiche. Neben der Planung und Durchf\u00fchrung von kundenspezifischen Projekten h\u00e4lt der Automatisierungspezialist alle Standardprodukte vor.\u00a0 ATEG Automation GmbH Intzestra\u00dfe 50 42859 Remscheid Deutschland Tel.: +49 (0) 2191 \/ 591457-0 Fax: +49 (0) 2191 \/ 591457-77 E-Mail: info@ateg.de Internet: http:\/\/www.ateg.de[\/vc_column_text][\/vc_column][vc_column width=&#8220;1\/2&#8243;][vc_column_text]DEUTSCHLAND[\/vc_column_text][vc_separator][vc_single_image image=&#8220;6586&#8243; [&hellip;]<\/p>\n","protected":false},"author":1,"featured_media":0,"parent":0,"menu_order":0,"comment_status":"closed","ping_status":"closed","template":"","meta":{"_acf_changed":false,"footnotes":""},"class_list":["post-6571","page","type-page","status-publish","hentry"],"acf":[],"yoast_head":"<!-- This site is optimized with the Yoast SEO plugin v27.4 - https:\/\/yoast.com\/product\/yoast-seo-wordpress\/ -->\n<title>Partner - Grafos Steel<\/title>\n<meta name=\"description\" content=\"Partner - Grafos Steel - Hardware Made of Metal - Formigine Italy\" \/>\n<meta name=\"robots\" content=\"index, follow, max-snippet:-1, max-image-preview:large, max-video-preview:-1\" \/>\n<link rel=\"canonical\" href=\"https:\/\/www.grafossteel.it\/de\/partner\/\" \/>\n<meta property=\"og:locale\" content=\"de_DE\" \/>\n<meta property=\"og:type\" content=\"article\" \/>\n<meta property=\"og:title\" content=\"Partner - Grafos Steel\" \/>\n<meta property=\"og:description\" content=\"Partner - Grafos Steel - Hardware Made of Metal - Formigine Italy\" \/>\n<meta property=\"og:url\" content=\"https:\/\/www.grafossteel.it\/de\/partner\/\" \/>\n<meta property=\"og:site_name\" content=\"Grafos Steel\" \/>\n<meta property=\"article:modified_time\" content=\"2023-01-13T10:36:11+00:00\" \/>\n<meta name=\"twitter:card\" content=\"summary_large_image\" \/>\n<meta name=\"twitter:label1\" content=\"Gesch\u00e4tzte Lesezeit\" \/>\n\t<meta name=\"twitter:data1\" content=\"1\u00a0Minute\" \/>\n<script type=\"application\/ld+json\" class=\"yoast-schema-graph\">{\"@context\":\"https:\\\/\\\/schema.org\",\"@graph\":[{\"@type\":\"WebPage\",\"@id\":\"https:\\\/\\\/www.grafossteel.it\\\/de\\\/partner\\\/\",\"url\":\"https:\\\/\\\/www.grafossteel.it\\\/de\\\/partner\\\/\",\"name\":\"Partner - Grafos Steel\",\"isPartOf\":{\"@id\":\"https:\\\/\\\/www.grafossteel.it\\\/de\\\/#website\"},\"datePublished\":\"2019-10-30T15:45:25+00:00\",\"dateModified\":\"2023-01-13T10:36:11+00:00\",\"description\":\"Partner - Grafos Steel - Hardware Made of Metal - Formigine Italy\",\"breadcrumb\":{\"@id\":\"https:\\\/\\\/www.grafossteel.it\\\/de\\\/partner\\\/#breadcrumb\"},\"inLanguage\":\"de\",\"potentialAction\":[{\"@type\":\"ReadAction\",\"target\":[\"https:\\\/\\\/www.grafossteel.it\\\/de\\\/partner\\\/\"]}]},{\"@type\":\"BreadcrumbList\",\"@id\":\"https:\\\/\\\/www.grafossteel.it\\\/de\\\/partner\\\/#breadcrumb\",\"itemListElement\":[{\"@type\":\"ListItem\",\"position\":1,\"name\":\"Home\",\"item\":\"https:\\\/\\\/www.grafossteel.it\\\/de\\\/\"},{\"@type\":\"ListItem\",\"position\":2,\"name\":\"Partner\"}]},{\"@type\":\"WebSite\",\"@id\":\"https:\\\/\\\/www.grafossteel.it\\\/de\\\/#website\",\"url\":\"https:\\\/\\\/www.grafossteel.it\\\/de\\\/\",\"name\":\"Grafos Steel\",\"description\":\"Hardware Made of Metal\",\"publisher\":{\"@id\":\"https:\\\/\\\/www.grafossteel.it\\\/de\\\/#organization\"},\"potentialAction\":[{\"@type\":\"SearchAction\",\"target\":{\"@type\":\"EntryPoint\",\"urlTemplate\":\"https:\\\/\\\/www.grafossteel.it\\\/de\\\/?s={search_term_string}\"},\"query-input\":{\"@type\":\"PropertyValueSpecification\",\"valueRequired\":true,\"valueName\":\"search_term_string\"}}],\"inLanguage\":\"de\"},{\"@type\":\"Organization\",\"@id\":\"https:\\\/\\\/www.grafossteel.it\\\/de\\\/#organization\",\"name\":\"Grafos Steel S.r.l.\",\"url\":\"https:\\\/\\\/www.grafossteel.it\\\/de\\\/\",\"logo\":{\"@type\":\"ImageObject\",\"inLanguage\":\"de\",\"@id\":\"https:\\\/\\\/www.grafossteel.it\\\/de\\\/#\\\/schema\\\/logo\\\/image\\\/\",\"url\":\"https:\\\/\\\/www.grafossteel.it\\\/wp-content\\\/uploads\\\/2019\\\/09\\\/grafos-steel-tastiere-in-acciaio-logo-2019.jpg\",\"contentUrl\":\"https:\\\/\\\/www.grafossteel.it\\\/wp-content\\\/uploads\\\/2019\\\/09\\\/grafos-steel-tastiere-in-acciaio-logo-2019.jpg\",\"width\":371,\"height\":112,\"caption\":\"Grafos Steel S.r.l.\"},\"image\":{\"@id\":\"https:\\\/\\\/www.grafossteel.it\\\/de\\\/#\\\/schema\\\/logo\\\/image\\\/\"}}]}<\/script>\n<!-- \/ Yoast SEO plugin. -->","yoast_head_json":{"title":"Partner - Grafos Steel","description":"Partner - Grafos Steel - Hardware Made of Metal - Formigine Italy","robots":{"index":"index","follow":"follow","max-snippet":"max-snippet:-1","max-image-preview":"max-image-preview:large","max-video-preview":"max-video-preview:-1"},"canonical":"https:\/\/www.grafossteel.it\/de\/partner\/","og_locale":"de_DE","og_type":"article","og_title":"Partner - Grafos Steel","og_description":"Partner - Grafos Steel - Hardware Made of Metal - Formigine Italy","og_url":"https:\/\/www.grafossteel.it\/de\/partner\/","og_site_name":"Grafos Steel","article_modified_time":"2023-01-13T10:36:11+00:00","twitter_card":"summary_large_image","twitter_misc":{"Gesch\u00e4tzte Lesezeit":"1\u00a0Minute"},"schema":{"@context":"https:\/\/schema.org","@graph":[{"@type":"WebPage","@id":"https:\/\/www.grafossteel.it\/de\/partner\/","url":"https:\/\/www.grafossteel.it\/de\/partner\/","name":"Partner - Grafos Steel","isPartOf":{"@id":"https:\/\/www.grafossteel.it\/de\/#website"},"datePublished":"2019-10-30T15:45:25+00:00","dateModified":"2023-01-13T10:36:11+00:00","description":"Partner - Grafos Steel - Hardware Made of Metal - Formigine Italy","breadcrumb":{"@id":"https:\/\/www.grafossteel.it\/de\/partner\/#breadcrumb"},"inLanguage":"de","potentialAction":[{"@type":"ReadAction","target":["https:\/\/www.grafossteel.it\/de\/partner\/"]}]},{"@type":"BreadcrumbList","@id":"https:\/\/www.grafossteel.it\/de\/partner\/#breadcrumb","itemListElement":[{"@type":"ListItem","position":1,"name":"Home","item":"https:\/\/www.grafossteel.it\/de\/"},{"@type":"ListItem","position":2,"name":"Partner"}]},{"@type":"WebSite","@id":"https:\/\/www.grafossteel.it\/de\/#website","url":"https:\/\/www.grafossteel.it\/de\/","name":"Grafos Steel","description":"Hardware Made of Metal","publisher":{"@id":"https:\/\/www.grafossteel.it\/de\/#organization"},"potentialAction":[{"@type":"SearchAction","target":{"@type":"EntryPoint","urlTemplate":"https:\/\/www.grafossteel.it\/de\/?s={search_term_string}"},"query-input":{"@type":"PropertyValueSpecification","valueRequired":true,"valueName":"search_term_string"}}],"inLanguage":"de"},{"@type":"Organization","@id":"https:\/\/www.grafossteel.it\/de\/#organization","name":"Grafos Steel S.r.l.","url":"https:\/\/www.grafossteel.it\/de\/","logo":{"@type":"ImageObject","inLanguage":"de","@id":"https:\/\/www.grafossteel.it\/de\/#\/schema\/logo\/image\/","url":"https:\/\/www.grafossteel.it\/wp-content\/uploads\/2019\/09\/grafos-steel-tastiere-in-acciaio-logo-2019.jpg","contentUrl":"https:\/\/www.grafossteel.it\/wp-content\/uploads\/2019\/09\/grafos-steel-tastiere-in-acciaio-logo-2019.jpg","width":371,"height":112,"caption":"Grafos Steel S.r.l."},"image":{"@id":"https:\/\/www.grafossteel.it\/de\/#\/schema\/logo\/image\/"}}]}},"_links":{"self":[{"href":"https:\/\/www.grafossteel.it\/de\/wp-json\/wp\/v2\/pages\/6571","targetHints":{"allow":["GET"]}}],"collection":[{"href":"https:\/\/www.grafossteel.it\/de\/wp-json\/wp\/v2\/pages"}],"about":[{"href":"https:\/\/www.grafossteel.it\/de\/wp-json\/wp\/v2\/types\/page"}],"author":[{"embeddable":true,"href":"https:\/\/www.grafossteel.it\/de\/wp-json\/wp\/v2\/users\/1"}],"replies":[{"embeddable":true,"href":"https:\/\/www.grafossteel.it\/de\/wp-json\/wp\/v2\/comments?post=6571"}],"version-history":[{"count":22,"href":"https:\/\/www.grafossteel.it\/de\/wp-json\/wp\/v2\/pages\/6571\/revisions"}],"predecessor-version":[{"id":12956,"href":"https:\/\/www.grafossteel.it\/de\/wp-json\/wp\/v2\/pages\/6571\/revisions\/12956"}],"wp:attachment":[{"href":"https:\/\/www.grafossteel.it\/de\/wp-json\/wp\/v2\/media?parent=6571"}],"curies":[{"name":"wp","href":"https:\/\/api.w.org\/{rel}","templated":true}]}}