{"id":6035,"date":"2019-10-11T13:25:55","date_gmt":"2019-10-11T11:25:55","guid":{"rendered":"https:\/\/www.grafossteel.it\/?page_id=6035"},"modified":"2019-10-24T14:05:26","modified_gmt":"2019-10-24T12:05:26","slug":"touchscreen-integration","status":"publish","type":"page","link":"https:\/\/www.grafossteel.it\/de\/rahmen-und-touch-panels\/touchscreen-integration\/","title":{"rendered":"Touchscreen-Integration"},"content":{"rendered":"<div class=\"wpb-content-wrapper\"><p>[vc_row][vc_column]<div class=\"deco-title sinistra\">\n\t\t\t<h1 class=\"main-title\">Touchscreen-Integration f\u00fcr alle F\u00e4lle<\/h1>\n\t\t\t<h2 class=\"sub-title\">Grafos Steel realisiert vielseitige, flexible und kundenspezifische L\u00f6sungen<\/h2>\n\t\t<\/div>[\/vc_column][\/vc_row][vc_row css=&#8220;.vc_custom_1570793832684{padding-left: 25px !important;}&#8220;][vc_column width=&#8220;1\/2&#8243; css=&#8220;.vc_custom_1570796311003{padding-right: 30px !important;}&#8220;][vc_column_text]<strong>Die Touch-Integration ist f\u00fcr Grafos Steel ein stetig wachsendes Leistungssegment. Es vervollst\u00e4ndigt das Portfolio von Bedienbaugruppen aus Metall. Nach erfolgreicher Umsetzung der ersten Pionierprojekte verf\u00fcgt Grafos Steel heute \u00fcber alle fertigungstechnischen Bordmittel und das Entwicklungs-Knowhow, um selbst anspruchvollste Touch-Projekte zu realisieren.<\/strong><\/p>\n<p>Dabei haben sich verschiedene Varianten der Integration herausgebildet, die Zuverl\u00e4ssigkeit und Langlebigkeit garantieren. Als Quasi-Standard k\u00f6nnen diese erg\u00e4nzt, modifiziert und somit kundenspezifisch umgesetzt werden. Dies reicht vom Spaltverguss \u00fcber die Aufbringung von Frontfolien bis hin zur Monitor- und Display-Integration.<\/p>\n<p>Mit der Integration von Touchscreens und der Herstellung von Metallfronten ist Grafos Steel ein leistungsf\u00e4higer, flexibler Lieferant f\u00fcr komplette Touch-Baugruppen und -systeme.<\/p>\n<p><strong>Einige Beispiele finden Sie in unserer Galerie &#8211; klicken Sie <a href=\"https:\/\/www.grafossteel.it\/de\/rahmen-und-panels\/beispiele\/\">hier<\/a>.<\/strong>[\/vc_column_text][vc_column_text css=&#8220;.vc_custom_1570816718842{padding-top: 25px !important;padding-right: 20px !important;padding-bottom: 25px !important;padding-left: 25px !important;background-color: #efefef !important;}&#8220;]<strong>Leistungstiefe:<\/strong><\/p>\n<ul>\n<li>Integration von projiziert-kapazitiven (pcap) und resitiven Touchscreens (4- und 5-Draht) in Rahmen, Panels und Geh\u00e4use aus eigener Fertigung<\/li>\n<li>Umsetzung aller Diagonalen (Zoll-Gr\u00f6\u00dfen) und Seitenverh\u00e4ltnissen<\/li>\n<li>Beschaffung und Integration von Covergl\u00e4sern<\/li>\n<li>Bonding von Touchsensoren (Glas oder Film) mit Gl\u00e4sern<\/li>\n<li>Verklebung und Verguss von Touchscreens und Gl\u00e4sern in Rahmen und Panels<\/li>\n<li>Bedruckung und Auflaminierung von PET-Folien als widerstandsf\u00e4hige Oberfl\u00e4che<\/li>\n<li>Integration beigestellter Monitore und Displays<\/li>\n<li>Komplette kundenspezifische Umsetzung<\/li>\n<li>Bew\u00e4hrte Standardvarianten der Integration<\/li>\n<li>Technische Konzeptionen inklusive 3D-Zeichnungen<\/li>\n<\/ul>\n<p>[\/vc_column_text][\/vc_column][vc_column width=&#8220;1\/2&#8243;][vc_single_image image=&#8220;6036&#8243; img_size=&#8220;large&#8220; onclick=&#8220;link_image&#8220;][vc_column_text]<strong>1. Frontseitige Integration<\/strong> (Smart-Phone-Style) eines projiziert-kapazitiven bzw. pcap-Touchscreens[\/vc_column_text][vc_separator][vc_single_image image=&#8220;6053&#8243; img_size=&#8220;large&#8220; onclick=&#8220;link_image&#8220;][vc_column_text]<strong>2. R\u00fcckseitige Integration<\/strong> von resistiven und pcap-Touchscreens[\/vc_column_text][vc_separator][vc_single_image image=&#8220;6057&#8243; img_size=&#8220;large&#8220; onclick=&#8220;link_image&#8220;][vc_column_text]<strong>3. Frontseitige Integration<\/strong> von resistiven und pcap-Touchscreens <strong>mit einer bedruckten PET-Folie<\/strong> als Rahmen[\/vc_column_text][vc_separator][vc_single_image image=&#8220;6061&#8243; img_size=&#8220;large&#8220; onclick=&#8220;link_image&#8220;][vc_column_text]<strong>4.<\/strong> True-Flat-Integration erm\u00f6glicht eine <strong>flache, fugenlose Oberfl\u00e4che<\/strong> bei der Integration resistiver Touchscreens. <a href=\"https:\/\/www.grafossteel.it\/de\/rahmen-und-panels\/true-flat\/\">Mehr Infos &#8230;<\/a>[\/vc_column_text][vc_separator][vc_single_image image=&#8220;6066&#8243; img_size=&#8220;large&#8220; onclick=&#8220;link_image&#8220;][vc_column_text]<strong>5.<\/strong> Float-Integration erm\u00f6glicht eine <strong>flache, fugenlose Oberfl\u00e4che<\/strong> bei der Integration resistiver Touchscreens <strong>mit einem Luftspalt zwischen PET-Oberfl\u00e4che und Touchscreen<\/strong>[\/vc_column_text][\/vc_column][\/vc_row]<\/p>\n<\/div>","protected":false},"excerpt":{"rendered":"<p>[vc_row][vc_column][\/vc_column][\/vc_row][vc_row css=&#8220;.vc_custom_1570793832684{padding-left: 25px !important;}&#8220;][vc_column width=&#8220;1\/2&#8243; css=&#8220;.vc_custom_1570796311003{padding-right: 30px !important;}&#8220;][vc_column_text]Die Touch-Integration ist f\u00fcr Grafos Steel ein stetig wachsendes Leistungssegment. Es vervollst\u00e4ndigt das Portfolio von Bedienbaugruppen aus Metall. Nach erfolgreicher Umsetzung der ersten Pionierprojekte verf\u00fcgt Grafos Steel heute \u00fcber alle fertigungstechnischen Bordmittel und das Entwicklungs-Knowhow, um selbst anspruchvollste Touch-Projekte zu realisieren. Dabei haben sich verschiedene Varianten der Integration [&hellip;]<\/p>\n","protected":false},"author":1,"featured_media":0,"parent":3918,"menu_order":0,"comment_status":"closed","ping_status":"closed","template":"","meta":{"_acf_changed":false,"footnotes":""},"class_list":["post-6035","page","type-page","status-publish","hentry"],"acf":[],"yoast_head":"<!-- This site is optimized with the Yoast SEO plugin v27.3 - https:\/\/yoast.com\/product\/yoast-seo-wordpress\/ -->\n<title>Touchscreen-Integration f\u00fcr individuelle Anforderungen und Projekte<\/title>\n<meta name=\"description\" content=\"Zuverl\u00e4ssig und hochwertig: Grafos Steel integriert PCAP- und resistive (4- und 5-Wire) Touchscreens in eigene Rahmen, Panels und Geh\u00e4use aus Edelstahl\" \/>\n<meta name=\"robots\" content=\"index, follow, max-snippet:-1, max-image-preview:large, max-video-preview:-1\" \/>\n<link rel=\"canonical\" href=\"https:\/\/www.grafossteel.it\/de\/rahmen-und-touch-panels\/touchscreen-integration\/\" \/>\n<meta property=\"og:locale\" content=\"de_DE\" \/>\n<meta property=\"og:type\" content=\"article\" \/>\n<meta property=\"og:title\" content=\"Touchscreen-Integration f\u00fcr individuelle Anforderungen und Projekte\" \/>\n<meta property=\"og:description\" content=\"Zuverl\u00e4ssig und hochwertig: Grafos Steel integriert PCAP- und resistive (4- und 5-Wire) Touchscreens in eigene Rahmen, Panels und Geh\u00e4use aus Edelstahl\" \/>\n<meta property=\"og:url\" content=\"https:\/\/www.grafossteel.it\/de\/rahmen-und-touch-panels\/touchscreen-integration\/\" \/>\n<meta property=\"og:site_name\" content=\"Grafos Steel\" \/>\n<meta property=\"article:modified_time\" content=\"2019-10-24T12:05:26+00:00\" \/>\n<meta name=\"twitter:card\" content=\"summary_large_image\" \/>\n<meta name=\"twitter:label1\" content=\"Gesch\u00e4tzte Lesezeit\" \/>\n\t<meta name=\"twitter:data1\" content=\"2\u00a0Minuten\" \/>\n<script type=\"application\/ld+json\" class=\"yoast-schema-graph\">{\"@context\":\"https:\\\/\\\/schema.org\",\"@graph\":[{\"@type\":\"WebPage\",\"@id\":\"https:\\\/\\\/www.grafossteel.it\\\/de\\\/rahmen-und-touch-panels\\\/touchscreen-integration\\\/\",\"url\":\"https:\\\/\\\/www.grafossteel.it\\\/de\\\/rahmen-und-touch-panels\\\/touchscreen-integration\\\/\",\"name\":\"Touchscreen-Integration f\u00fcr individuelle Anforderungen und Projekte\",\"isPartOf\":{\"@id\":\"https:\\\/\\\/www.grafossteel.it\\\/de\\\/#website\"},\"datePublished\":\"2019-10-11T11:25:55+00:00\",\"dateModified\":\"2019-10-24T12:05:26+00:00\",\"description\":\"Zuverl\u00e4ssig und hochwertig: Grafos Steel integriert PCAP- und resistive (4- und 5-Wire) Touchscreens in eigene Rahmen, Panels und Geh\u00e4use aus Edelstahl\",\"breadcrumb\":{\"@id\":\"https:\\\/\\\/www.grafossteel.it\\\/de\\\/rahmen-und-touch-panels\\\/touchscreen-integration\\\/#breadcrumb\"},\"inLanguage\":\"de\",\"potentialAction\":[{\"@type\":\"ReadAction\",\"target\":[\"https:\\\/\\\/www.grafossteel.it\\\/de\\\/rahmen-und-touch-panels\\\/touchscreen-integration\\\/\"]}]},{\"@type\":\"BreadcrumbList\",\"@id\":\"https:\\\/\\\/www.grafossteel.it\\\/de\\\/rahmen-und-touch-panels\\\/touchscreen-integration\\\/#breadcrumb\",\"itemListElement\":[{\"@type\":\"ListItem\",\"position\":1,\"name\":\"Home\",\"item\":\"https:\\\/\\\/www.grafossteel.it\\\/de\\\/\"},{\"@type\":\"ListItem\",\"position\":2,\"name\":\"Rahmen und Bedienpanels\",\"item\":\"https:\\\/\\\/www.grafossteel.it\\\/de\\\/rahmen-und-touch-panels\\\/\"},{\"@type\":\"ListItem\",\"position\":3,\"name\":\"Touchscreen-Integration\"}]},{\"@type\":\"WebSite\",\"@id\":\"https:\\\/\\\/www.grafossteel.it\\\/de\\\/#website\",\"url\":\"https:\\\/\\\/www.grafossteel.it\\\/de\\\/\",\"name\":\"Grafos Steel\",\"description\":\"Hardware Made of Metal\",\"publisher\":{\"@id\":\"https:\\\/\\\/www.grafossteel.it\\\/de\\\/#organization\"},\"potentialAction\":[{\"@type\":\"SearchAction\",\"target\":{\"@type\":\"EntryPoint\",\"urlTemplate\":\"https:\\\/\\\/www.grafossteel.it\\\/de\\\/?s={search_term_string}\"},\"query-input\":{\"@type\":\"PropertyValueSpecification\",\"valueRequired\":true,\"valueName\":\"search_term_string\"}}],\"inLanguage\":\"de\"},{\"@type\":\"Organization\",\"@id\":\"https:\\\/\\\/www.grafossteel.it\\\/de\\\/#organization\",\"name\":\"Grafos Steel S.r.l.\",\"url\":\"https:\\\/\\\/www.grafossteel.it\\\/de\\\/\",\"logo\":{\"@type\":\"ImageObject\",\"inLanguage\":\"de\",\"@id\":\"https:\\\/\\\/www.grafossteel.it\\\/de\\\/#\\\/schema\\\/logo\\\/image\\\/\",\"url\":\"https:\\\/\\\/www.grafossteel.it\\\/wp-content\\\/uploads\\\/2019\\\/09\\\/grafos-steel-tastiere-in-acciaio-logo-2019.jpg\",\"contentUrl\":\"https:\\\/\\\/www.grafossteel.it\\\/wp-content\\\/uploads\\\/2019\\\/09\\\/grafos-steel-tastiere-in-acciaio-logo-2019.jpg\",\"width\":371,\"height\":112,\"caption\":\"Grafos Steel S.r.l.\"},\"image\":{\"@id\":\"https:\\\/\\\/www.grafossteel.it\\\/de\\\/#\\\/schema\\\/logo\\\/image\\\/\"}}]}<\/script>\n<!-- \/ Yoast SEO plugin. -->","yoast_head_json":{"title":"Touchscreen-Integration f\u00fcr individuelle Anforderungen und Projekte","description":"Zuverl\u00e4ssig und hochwertig: Grafos Steel integriert PCAP- und resistive (4- und 5-Wire) Touchscreens in eigene Rahmen, Panels und Geh\u00e4use aus Edelstahl","robots":{"index":"index","follow":"follow","max-snippet":"max-snippet:-1","max-image-preview":"max-image-preview:large","max-video-preview":"max-video-preview:-1"},"canonical":"https:\/\/www.grafossteel.it\/de\/rahmen-und-touch-panels\/touchscreen-integration\/","og_locale":"de_DE","og_type":"article","og_title":"Touchscreen-Integration f\u00fcr individuelle Anforderungen und Projekte","og_description":"Zuverl\u00e4ssig und hochwertig: Grafos Steel integriert PCAP- und resistive (4- und 5-Wire) Touchscreens in eigene Rahmen, Panels und Geh\u00e4use aus Edelstahl","og_url":"https:\/\/www.grafossteel.it\/de\/rahmen-und-touch-panels\/touchscreen-integration\/","og_site_name":"Grafos Steel","article_modified_time":"2019-10-24T12:05:26+00:00","twitter_card":"summary_large_image","twitter_misc":{"Gesch\u00e4tzte Lesezeit":"2\u00a0Minuten"},"schema":{"@context":"https:\/\/schema.org","@graph":[{"@type":"WebPage","@id":"https:\/\/www.grafossteel.it\/de\/rahmen-und-touch-panels\/touchscreen-integration\/","url":"https:\/\/www.grafossteel.it\/de\/rahmen-und-touch-panels\/touchscreen-integration\/","name":"Touchscreen-Integration f\u00fcr individuelle Anforderungen und Projekte","isPartOf":{"@id":"https:\/\/www.grafossteel.it\/de\/#website"},"datePublished":"2019-10-11T11:25:55+00:00","dateModified":"2019-10-24T12:05:26+00:00","description":"Zuverl\u00e4ssig und hochwertig: Grafos Steel integriert PCAP- und resistive (4- und 5-Wire) Touchscreens in eigene Rahmen, Panels und Geh\u00e4use aus Edelstahl","breadcrumb":{"@id":"https:\/\/www.grafossteel.it\/de\/rahmen-und-touch-panels\/touchscreen-integration\/#breadcrumb"},"inLanguage":"de","potentialAction":[{"@type":"ReadAction","target":["https:\/\/www.grafossteel.it\/de\/rahmen-und-touch-panels\/touchscreen-integration\/"]}]},{"@type":"BreadcrumbList","@id":"https:\/\/www.grafossteel.it\/de\/rahmen-und-touch-panels\/touchscreen-integration\/#breadcrumb","itemListElement":[{"@type":"ListItem","position":1,"name":"Home","item":"https:\/\/www.grafossteel.it\/de\/"},{"@type":"ListItem","position":2,"name":"Rahmen und Bedienpanels","item":"https:\/\/www.grafossteel.it\/de\/rahmen-und-touch-panels\/"},{"@type":"ListItem","position":3,"name":"Touchscreen-Integration"}]},{"@type":"WebSite","@id":"https:\/\/www.grafossteel.it\/de\/#website","url":"https:\/\/www.grafossteel.it\/de\/","name":"Grafos Steel","description":"Hardware Made of Metal","publisher":{"@id":"https:\/\/www.grafossteel.it\/de\/#organization"},"potentialAction":[{"@type":"SearchAction","target":{"@type":"EntryPoint","urlTemplate":"https:\/\/www.grafossteel.it\/de\/?s={search_term_string}"},"query-input":{"@type":"PropertyValueSpecification","valueRequired":true,"valueName":"search_term_string"}}],"inLanguage":"de"},{"@type":"Organization","@id":"https:\/\/www.grafossteel.it\/de\/#organization","name":"Grafos Steel S.r.l.","url":"https:\/\/www.grafossteel.it\/de\/","logo":{"@type":"ImageObject","inLanguage":"de","@id":"https:\/\/www.grafossteel.it\/de\/#\/schema\/logo\/image\/","url":"https:\/\/www.grafossteel.it\/wp-content\/uploads\/2019\/09\/grafos-steel-tastiere-in-acciaio-logo-2019.jpg","contentUrl":"https:\/\/www.grafossteel.it\/wp-content\/uploads\/2019\/09\/grafos-steel-tastiere-in-acciaio-logo-2019.jpg","width":371,"height":112,"caption":"Grafos Steel S.r.l."},"image":{"@id":"https:\/\/www.grafossteel.it\/de\/#\/schema\/logo\/image\/"}}]}},"_links":{"self":[{"href":"https:\/\/www.grafossteel.it\/de\/wp-json\/wp\/v2\/pages\/6035","targetHints":{"allow":["GET"]}}],"collection":[{"href":"https:\/\/www.grafossteel.it\/de\/wp-json\/wp\/v2\/pages"}],"about":[{"href":"https:\/\/www.grafossteel.it\/de\/wp-json\/wp\/v2\/types\/page"}],"author":[{"embeddable":true,"href":"https:\/\/www.grafossteel.it\/de\/wp-json\/wp\/v2\/users\/1"}],"replies":[{"embeddable":true,"href":"https:\/\/www.grafossteel.it\/de\/wp-json\/wp\/v2\/comments?post=6035"}],"version-history":[{"count":32,"href":"https:\/\/www.grafossteel.it\/de\/wp-json\/wp\/v2\/pages\/6035\/revisions"}],"predecessor-version":[{"id":6399,"href":"https:\/\/www.grafossteel.it\/de\/wp-json\/wp\/v2\/pages\/6035\/revisions\/6399"}],"up":[{"embeddable":true,"href":"https:\/\/www.grafossteel.it\/de\/wp-json\/wp\/v2\/pages\/3918"}],"wp:attachment":[{"href":"https:\/\/www.grafossteel.it\/de\/wp-json\/wp\/v2\/media?parent=6035"}],"curies":[{"name":"wp","href":"https:\/\/api.w.org\/{rel}","templated":true}]}}