{"id":5815,"date":"2019-10-04T15:56:50","date_gmt":"2019-10-04T13:56:50","guid":{"rendered":"https:\/\/www.grafossteel.it\/?page_id=5815"},"modified":"2021-01-26T14:39:32","modified_gmt":"2021-01-26T13:39:32","slug":"frontplatten","status":"publish","type":"page","link":"https:\/\/www.grafossteel.it\/de\/rahmen-und-touch-panels\/frontplatten\/","title":{"rendered":"Frontplatten"},"content":{"rendered":"<div class=\"wpb-content-wrapper\"><p>[vc_row][vc_column]<div class=\"deco-title sinistra\">\n\t\t\t<h1 class=\"main-title\">Frontplatten direkt vom HMI-Hardware-Spezialisten<\/h1>\n\t\t\t<h2 class=\"sub-title\">Pr\u00e4zision f\u00fcr Bediensysteme und -baugruppen<\/h2>\n\t\t<\/div>[\/vc_column][\/vc_row][vc_row][vc_column width=&#8220;1\/2&#8243;][vc_column_text]<strong>Die Herstellung, Verarbeitung und Veredlung von Frontplatten geh\u00f6rt zu einer der Kernkomptenzen von Grafos Steel. Im Mittelpunkt stehen Anfertigungen f\u00fcr Bediensysteme, Bedienbaugruppen und Industrietastaturen.<\/strong><\/p>\n<p>Die Bandbreite reicht vom beschrifteten Typenschild \u00fcber ein einfaches Tastenpanel bis hin zur Front mit Ausschnitten f\u00fcr Displays, Taster und Interface-Ports. Von der mechanischen Bearbeitung bis zum Druck liegen alle Prozesse in einer Hand.<\/p>\n<p>Als Hersteller von <a href=\"https:\/\/www.grafossteel.it\/de\/edelstahltastaturen\/\">Edelstahltastaturen<\/a> und kompletten HMI- und Bediensystemen kennt Grafos Steel zudem die spezifischen Anforderungen in diesem Bereich. Neben technischer Expertise, <a href=\"https:\/\/www.grafossteel.it\/de\/unternehmen\/produktion\/\">exzellenter Fertigungsausstattung<\/a> und langj\u00e4hriger Erfahrung erh\u00e4lt der Kunde schnelle, fundierte Angebote, kurze Lieferzeiten, die Umsetzung von Kleinstserien ab einem St\u00fcck, <a href=\"https:\/\/www.grafossteel.it\/de\/unternehmen\/qualitaet\/\">hohe Qualit\u00e4t<\/a> und attraktive Konditionen.[\/vc_column_text][vc_column_text css=&#8220;.vc_custom_1570815759883{padding-top: 10px !important;padding-right: 10px !important;padding-bottom: 10px !important;padding-left: 10px !important;background-color: #efefef !important;}&#8220;]<strong>Leistungstiefe:<\/strong><\/p>\n<ul>\n<li>Verarbeitung von Kunststoff, Aluminium, Stahlblech und Edelstahl<\/li>\n<li>Frontplatten-Materialst\u00e4rke von 0,2 &#8211; 20 mm<\/li>\n<li>Stanzen, Laserschneiden, Fr\u00e4sen<\/li>\n<li>Eloxierung und Pulverbeschichtung<\/li>\n<li>Umfassende Oberfl\u00e4chenbearbeitung<\/li>\n<li>Bedruckung und Lackierung<\/li>\n<li>Beschriftung per Siebdruck, Lasergravur oder chemischer Gravur mit Farbf\u00fcllung<\/li>\n<li>Anbringung von Montagebefestigungen wie Einpressbolzen, Buchsen oder Bohrungen<\/li>\n<li>Anbringung von r\u00fcckseitigen Dichtungen<\/li>\n<li>Applikation von bedruckten Frontfolien<\/li>\n<\/ul>\n<p>[\/vc_column_text][vc_column_text]Ihre Anfrage richten Sie im besten Fall mit einer CAD- oder einer 3D-Zeichnung mit dem jeweiligen Design der Frontplatte ans uns. Wichtig ist zudem die pr\u00e4zise Angabe des gew\u00fcnschten Materials sowie bei Bedruckung die Zusendung oder Beschreibung der Grafik. Sollten Sie \u00fcber keine dieser Vorgaben verf\u00fcgen erstellen wir die technischen Unterlagen. Nach Ihrer Freigabe und Bestellung fertigen wir die Prototypen. Werden diese durch Sie freigegeben starten wir die Serienproduktion.<\/p>\n<p>[\/vc_column_text][\/vc_column][vc_column width=&#8220;1\/2&#8243;][vc_single_image image=&#8220;10916&#8243; img_size=&#8220;large&#8220; onclick=&#8220;link_image&#8220;][vc_column_text css=&#8220;.vc_custom_1594648226879{padding-left: 25px !important;}&#8220;]Beschriftete Frontplatte f\u00fcr Schalterpanel[\/vc_column_text][vc_single_image image=&#8220;10920&#8243; img_size=&#8220;large&#8220; onclick=&#8220;link_image&#8220;][vc_column_text css=&#8220;.vc_custom_1594648270321{padding-left: 25px !important;}&#8220;]Tr\u00e4gerfrontplatte f\u00fcr Bedien- und Beobachtungssystem[\/vc_column_text][vc_single_image image=&#8220;3566&#8243; img_size=&#8220;large&#8220; onclick=&#8220;link_image&#8220;][vc_column_text css=&#8220;.vc_custom_1611667642748{padding-left: 25px !important;}&#8220;]Panel mit Alurahmen, bedruckter Glasfront und Aussparungen f\u00fcr Drucktaster[\/vc_column_text][\/vc_column][\/vc_row]<\/p>\n<\/div>","protected":false},"excerpt":{"rendered":"<p>[vc_row][vc_column][\/vc_column][\/vc_row][vc_row][vc_column width=&#8220;1\/2&#8243;][vc_column_text]Die Herstellung, Verarbeitung und Veredlung von Frontplatten geh\u00f6rt zu einer der Kernkomptenzen von Grafos Steel. Im Mittelpunkt stehen Anfertigungen f\u00fcr Bediensysteme, Bedienbaugruppen und Industrietastaturen. Die Bandbreite reicht vom beschrifteten Typenschild \u00fcber ein einfaches Tastenpanel bis hin zur Front mit Ausschnitten f\u00fcr Displays, Taster und Interface-Ports. Von der mechanischen Bearbeitung bis zum Druck liegen alle [&hellip;]<\/p>\n","protected":false},"author":1,"featured_media":0,"parent":3918,"menu_order":0,"comment_status":"closed","ping_status":"closed","template":"","meta":{"_acf_changed":false,"footnotes":""},"class_list":["post-5815","page","type-page","status-publish","hentry"],"acf":[],"yoast_head":"<!-- This site is optimized with the Yoast SEO plugin v27.4 - https:\/\/yoast.com\/product\/yoast-seo-wordpress\/ -->\n<title>Frontplatten vom Spezialist f\u00fcr Bedientechnik aus Edelstahl<\/title>\n<meta name=\"description\" content=\"Bei Grafos Steel erhalten Sie beschriftete Frontplatten f\u00fcr HMI-Baugruppen und -systeme: Individuell, schnell, ab einem St\u00fcck, hochwertig und kosteng\u00fcnstig.\" \/>\n<meta name=\"robots\" content=\"index, follow, max-snippet:-1, max-image-preview:large, max-video-preview:-1\" \/>\n<link rel=\"canonical\" href=\"https:\/\/www.grafossteel.it\/de\/rahmen-und-touch-panels\/frontplatten\/\" \/>\n<meta property=\"og:locale\" content=\"de_DE\" \/>\n<meta property=\"og:type\" content=\"article\" \/>\n<meta property=\"og:title\" content=\"Frontplatten vom Spezialist f\u00fcr Bedientechnik aus Edelstahl\" \/>\n<meta property=\"og:description\" content=\"Bei Grafos Steel erhalten Sie beschriftete Frontplatten f\u00fcr HMI-Baugruppen und -systeme: Individuell, schnell, ab einem St\u00fcck, hochwertig und kosteng\u00fcnstig.\" \/>\n<meta property=\"og:url\" content=\"https:\/\/www.grafossteel.it\/de\/rahmen-und-touch-panels\/frontplatten\/\" \/>\n<meta property=\"og:site_name\" content=\"Grafos Steel\" \/>\n<meta property=\"article:modified_time\" content=\"2021-01-26T13:39:32+00:00\" \/>\n<meta name=\"twitter:card\" content=\"summary_large_image\" \/>\n<meta name=\"twitter:label1\" content=\"Gesch\u00e4tzte Lesezeit\" \/>\n\t<meta name=\"twitter:data1\" content=\"2\u00a0Minuten\" \/>\n<script type=\"application\/ld+json\" class=\"yoast-schema-graph\">{\"@context\":\"https:\\\/\\\/schema.org\",\"@graph\":[{\"@type\":\"WebPage\",\"@id\":\"https:\\\/\\\/www.grafossteel.it\\\/de\\\/rahmen-und-touch-panels\\\/frontplatten\\\/\",\"url\":\"https:\\\/\\\/www.grafossteel.it\\\/de\\\/rahmen-und-touch-panels\\\/frontplatten\\\/\",\"name\":\"Frontplatten vom Spezialist f\u00fcr Bedientechnik aus Edelstahl\",\"isPartOf\":{\"@id\":\"https:\\\/\\\/www.grafossteel.it\\\/de\\\/#website\"},\"datePublished\":\"2019-10-04T13:56:50+00:00\",\"dateModified\":\"2021-01-26T13:39:32+00:00\",\"description\":\"Bei Grafos Steel erhalten Sie beschriftete Frontplatten f\u00fcr HMI-Baugruppen und -systeme: Individuell, schnell, ab einem St\u00fcck, hochwertig und kosteng\u00fcnstig.\",\"breadcrumb\":{\"@id\":\"https:\\\/\\\/www.grafossteel.it\\\/de\\\/rahmen-und-touch-panels\\\/frontplatten\\\/#breadcrumb\"},\"inLanguage\":\"de\",\"potentialAction\":[{\"@type\":\"ReadAction\",\"target\":[\"https:\\\/\\\/www.grafossteel.it\\\/de\\\/rahmen-und-touch-panels\\\/frontplatten\\\/\"]}]},{\"@type\":\"BreadcrumbList\",\"@id\":\"https:\\\/\\\/www.grafossteel.it\\\/de\\\/rahmen-und-touch-panels\\\/frontplatten\\\/#breadcrumb\",\"itemListElement\":[{\"@type\":\"ListItem\",\"position\":1,\"name\":\"Home\",\"item\":\"https:\\\/\\\/www.grafossteel.it\\\/de\\\/\"},{\"@type\":\"ListItem\",\"position\":2,\"name\":\"Rahmen und Bedienpanels\",\"item\":\"https:\\\/\\\/www.grafossteel.it\\\/de\\\/rahmen-und-touch-panels\\\/\"},{\"@type\":\"ListItem\",\"position\":3,\"name\":\"Frontplatten\"}]},{\"@type\":\"WebSite\",\"@id\":\"https:\\\/\\\/www.grafossteel.it\\\/de\\\/#website\",\"url\":\"https:\\\/\\\/www.grafossteel.it\\\/de\\\/\",\"name\":\"Grafos Steel\",\"description\":\"Hardware Made of Metal\",\"publisher\":{\"@id\":\"https:\\\/\\\/www.grafossteel.it\\\/de\\\/#organization\"},\"potentialAction\":[{\"@type\":\"SearchAction\",\"target\":{\"@type\":\"EntryPoint\",\"urlTemplate\":\"https:\\\/\\\/www.grafossteel.it\\\/de\\\/?s={search_term_string}\"},\"query-input\":{\"@type\":\"PropertyValueSpecification\",\"valueRequired\":true,\"valueName\":\"search_term_string\"}}],\"inLanguage\":\"de\"},{\"@type\":\"Organization\",\"@id\":\"https:\\\/\\\/www.grafossteel.it\\\/de\\\/#organization\",\"name\":\"Grafos Steel S.r.l.\",\"url\":\"https:\\\/\\\/www.grafossteel.it\\\/de\\\/\",\"logo\":{\"@type\":\"ImageObject\",\"inLanguage\":\"de\",\"@id\":\"https:\\\/\\\/www.grafossteel.it\\\/de\\\/#\\\/schema\\\/logo\\\/image\\\/\",\"url\":\"https:\\\/\\\/www.grafossteel.it\\\/wp-content\\\/uploads\\\/2019\\\/09\\\/grafos-steel-tastiere-in-acciaio-logo-2019.jpg\",\"contentUrl\":\"https:\\\/\\\/www.grafossteel.it\\\/wp-content\\\/uploads\\\/2019\\\/09\\\/grafos-steel-tastiere-in-acciaio-logo-2019.jpg\",\"width\":371,\"height\":112,\"caption\":\"Grafos Steel S.r.l.\"},\"image\":{\"@id\":\"https:\\\/\\\/www.grafossteel.it\\\/de\\\/#\\\/schema\\\/logo\\\/image\\\/\"}}]}<\/script>\n<!-- \/ Yoast SEO plugin. -->","yoast_head_json":{"title":"Frontplatten vom Spezialist f\u00fcr Bedientechnik aus Edelstahl","description":"Bei Grafos Steel erhalten Sie beschriftete Frontplatten f\u00fcr HMI-Baugruppen und -systeme: Individuell, schnell, ab einem St\u00fcck, hochwertig und kosteng\u00fcnstig.","robots":{"index":"index","follow":"follow","max-snippet":"max-snippet:-1","max-image-preview":"max-image-preview:large","max-video-preview":"max-video-preview:-1"},"canonical":"https:\/\/www.grafossteel.it\/de\/rahmen-und-touch-panels\/frontplatten\/","og_locale":"de_DE","og_type":"article","og_title":"Frontplatten vom Spezialist f\u00fcr Bedientechnik aus Edelstahl","og_description":"Bei Grafos Steel erhalten Sie beschriftete Frontplatten f\u00fcr HMI-Baugruppen und -systeme: Individuell, schnell, ab einem St\u00fcck, hochwertig und kosteng\u00fcnstig.","og_url":"https:\/\/www.grafossteel.it\/de\/rahmen-und-touch-panels\/frontplatten\/","og_site_name":"Grafos Steel","article_modified_time":"2021-01-26T13:39:32+00:00","twitter_card":"summary_large_image","twitter_misc":{"Gesch\u00e4tzte Lesezeit":"2\u00a0Minuten"},"schema":{"@context":"https:\/\/schema.org","@graph":[{"@type":"WebPage","@id":"https:\/\/www.grafossteel.it\/de\/rahmen-und-touch-panels\/frontplatten\/","url":"https:\/\/www.grafossteel.it\/de\/rahmen-und-touch-panels\/frontplatten\/","name":"Frontplatten vom Spezialist f\u00fcr Bedientechnik aus Edelstahl","isPartOf":{"@id":"https:\/\/www.grafossteel.it\/de\/#website"},"datePublished":"2019-10-04T13:56:50+00:00","dateModified":"2021-01-26T13:39:32+00:00","description":"Bei Grafos Steel erhalten Sie beschriftete Frontplatten f\u00fcr HMI-Baugruppen und -systeme: Individuell, schnell, ab einem St\u00fcck, hochwertig und kosteng\u00fcnstig.","breadcrumb":{"@id":"https:\/\/www.grafossteel.it\/de\/rahmen-und-touch-panels\/frontplatten\/#breadcrumb"},"inLanguage":"de","potentialAction":[{"@type":"ReadAction","target":["https:\/\/www.grafossteel.it\/de\/rahmen-und-touch-panels\/frontplatten\/"]}]},{"@type":"BreadcrumbList","@id":"https:\/\/www.grafossteel.it\/de\/rahmen-und-touch-panels\/frontplatten\/#breadcrumb","itemListElement":[{"@type":"ListItem","position":1,"name":"Home","item":"https:\/\/www.grafossteel.it\/de\/"},{"@type":"ListItem","position":2,"name":"Rahmen und Bedienpanels","item":"https:\/\/www.grafossteel.it\/de\/rahmen-und-touch-panels\/"},{"@type":"ListItem","position":3,"name":"Frontplatten"}]},{"@type":"WebSite","@id":"https:\/\/www.grafossteel.it\/de\/#website","url":"https:\/\/www.grafossteel.it\/de\/","name":"Grafos Steel","description":"Hardware Made of Metal","publisher":{"@id":"https:\/\/www.grafossteel.it\/de\/#organization"},"potentialAction":[{"@type":"SearchAction","target":{"@type":"EntryPoint","urlTemplate":"https:\/\/www.grafossteel.it\/de\/?s={search_term_string}"},"query-input":{"@type":"PropertyValueSpecification","valueRequired":true,"valueName":"search_term_string"}}],"inLanguage":"de"},{"@type":"Organization","@id":"https:\/\/www.grafossteel.it\/de\/#organization","name":"Grafos Steel S.r.l.","url":"https:\/\/www.grafossteel.it\/de\/","logo":{"@type":"ImageObject","inLanguage":"de","@id":"https:\/\/www.grafossteel.it\/de\/#\/schema\/logo\/image\/","url":"https:\/\/www.grafossteel.it\/wp-content\/uploads\/2019\/09\/grafos-steel-tastiere-in-acciaio-logo-2019.jpg","contentUrl":"https:\/\/www.grafossteel.it\/wp-content\/uploads\/2019\/09\/grafos-steel-tastiere-in-acciaio-logo-2019.jpg","width":371,"height":112,"caption":"Grafos Steel S.r.l."},"image":{"@id":"https:\/\/www.grafossteel.it\/de\/#\/schema\/logo\/image\/"}}]}},"_links":{"self":[{"href":"https:\/\/www.grafossteel.it\/de\/wp-json\/wp\/v2\/pages\/5815","targetHints":{"allow":["GET"]}}],"collection":[{"href":"https:\/\/www.grafossteel.it\/de\/wp-json\/wp\/v2\/pages"}],"about":[{"href":"https:\/\/www.grafossteel.it\/de\/wp-json\/wp\/v2\/types\/page"}],"author":[{"embeddable":true,"href":"https:\/\/www.grafossteel.it\/de\/wp-json\/wp\/v2\/users\/1"}],"replies":[{"embeddable":true,"href":"https:\/\/www.grafossteel.it\/de\/wp-json\/wp\/v2\/comments?post=5815"}],"version-history":[{"count":30,"href":"https:\/\/www.grafossteel.it\/de\/wp-json\/wp\/v2\/pages\/5815\/revisions"}],"predecessor-version":[{"id":11385,"href":"https:\/\/www.grafossteel.it\/de\/wp-json\/wp\/v2\/pages\/5815\/revisions\/11385"}],"up":[{"embeddable":true,"href":"https:\/\/www.grafossteel.it\/de\/wp-json\/wp\/v2\/pages\/3918"}],"wp:attachment":[{"href":"https:\/\/www.grafossteel.it\/de\/wp-json\/wp\/v2\/media?parent=5815"}],"curies":[{"name":"wp","href":"https:\/\/api.w.org\/{rel}","templated":true}]}}