{"id":5160,"date":"2019-09-18T15:13:51","date_gmt":"2019-09-18T13:13:51","guid":{"rendered":"https:\/\/www.grafossteel.it\/?page_id=5160"},"modified":"2019-09-20T14:58:35","modified_gmt":"2019-09-20T12:58:35","slug":"true-flat","status":"publish","type":"page","link":"https:\/\/www.grafossteel.it\/de\/rahmen-und-touch-panels\/true-flat\/","title":{"rendered":"True Flat"},"content":{"rendered":"<div class=\"wpb-content-wrapper\"><p>[vc_row][vc_column]<div class=\"deco-title sinistra\">\n\t\t\t<h1 class=\"main-title\">Resistive True-Flat-Touchpanels<\/h1>\n\t\t\t<h2 class=\"sub-title\">Flach, widerstandsf\u00e4hig und elegant<\/h2>\n\t\t<\/div>[\/vc_column][\/vc_row][vc_row][vc_column width=&#8220;1\/2&#8243;][vc_column_text css=&#8220;.vc_custom_1568984274278{margin-right: 15px !important;}&#8220;]<strong>Bei der so genannten True-Flat-Technologie handelt es sich um die Integration von resistiven Touchscreens in Tr\u00e4gerrahmen aus Metall. Der Unterschied zu herk\u00f6mmlichen Systemen ist die vollkommen flache, homogene Oberfl\u00e4che.<\/strong><\/p>\n<p>Zur Herstellung eines True-Flat-Panels werden zun\u00e4chst der resistive Touchscreen (4- oder 5-Wire) in den Metallrahmen geklebt und die Oberfl\u00e4che beider Bauteile nivelliert. Dabei wird ein Spalt vom Rand des Touchscreens zum Metallrahmen gelassen, um materialbedingte Ausdehnung zu puffern. Als Oberfl\u00e4che dient eine strapazierf\u00e4hige PET-Folie. Diese wird unter Spannung mit einer speziellen Klebefolie auf den resistiven Touchscreen und mit selbstklebenden Abstandhaltern auf den Metallrahmen geklebt. Die Frontfolie kann nahezu unbegrenzt mit grafischen Elementen und Symbolen bedruckt werden.<\/p>\n<p><strong>Technologievorteile:<\/strong><\/p>\n<ul>\n<li>Geringere Kosten im Vergleich mit PCAP-Touchpanels<\/li>\n<li>Stufenlose, flache Bedienoberfl\u00e4che<\/li>\n<li>M\u00f6glichkeit kreativer grafischer Frontdesigns<\/li>\n<li>Bedienung mit (Arbeits)Handschuhen m\u00f6glich<\/li>\n<li>Lange Lebensdauer<\/li>\n<li>Schutzgrad IP67 frontseitig und damit gr\u00fcndliche Reinigung m\u00f6glich<\/li>\n<li>Einsatz in industriellen Temperaturbereichen von -20 bis +70 Grad<\/li>\n<\/ul>\n<p>[\/vc_column_text][\/vc_column][vc_column width=&#8220;1\/2&#8243;][vc_single_image image=&#8220;5155&#8243; img_size=&#8220;large&#8220; onclick=&#8220;link_image&#8220;][vc_single_image image=&#8220;5111&#8243; img_size=&#8220;large&#8220; onclick=&#8220;link_image&#8220;][vc_column_text]True-Flat-Touchpanels besitzen \u00e4hnlich einem PCAP-Panel eine glatte, stufenlose Oberfl\u00e4che[\/vc_column_text][\/vc_column][\/vc_row]<\/p>\n<\/div>","protected":false},"excerpt":{"rendered":"<p>[vc_row][vc_column][\/vc_column][\/vc_row][vc_row][vc_column width=&#8220;1\/2&#8243;][vc_column_text css=&#8220;.vc_custom_1568984274278{margin-right: 15px !important;}&#8220;]Bei der so genannten True-Flat-Technologie handelt es sich um die Integration von resistiven Touchscreens in Tr\u00e4gerrahmen aus Metall. Der Unterschied zu herk\u00f6mmlichen Systemen ist die vollkommen flache, homogene Oberfl\u00e4che. Zur Herstellung eines True-Flat-Panels werden zun\u00e4chst der resistive Touchscreen (4- oder 5-Wire) in den Metallrahmen geklebt und die Oberfl\u00e4che beider Bauteile nivelliert. [&hellip;]<\/p>\n","protected":false},"author":1,"featured_media":0,"parent":3918,"menu_order":0,"comment_status":"closed","ping_status":"closed","template":"","meta":{"_acf_changed":false,"footnotes":""},"class_list":["post-5160","page","type-page","status-publish","hentry"],"acf":[],"yoast_head":"<!-- This site is optimized with the Yoast SEO plugin v27.3 - https:\/\/yoast.com\/product\/yoast-seo-wordpress\/ -->\n<title>True Flat - Grafos Steel<\/title>\n<meta name=\"description\" content=\"True Flat - Grafos Steel - Hardware Made of Metal - Formigine Italy\" \/>\n<meta name=\"robots\" content=\"index, follow, max-snippet:-1, max-image-preview:large, max-video-preview:-1\" \/>\n<link rel=\"canonical\" href=\"https:\/\/www.grafossteel.it\/de\/rahmen-und-touch-panels\/true-flat\/\" \/>\n<meta property=\"og:locale\" content=\"de_DE\" \/>\n<meta property=\"og:type\" content=\"article\" \/>\n<meta property=\"og:title\" content=\"True Flat - Grafos Steel\" \/>\n<meta property=\"og:description\" content=\"True Flat - Grafos Steel - Hardware Made of Metal - Formigine Italy\" \/>\n<meta property=\"og:url\" content=\"https:\/\/www.grafossteel.it\/de\/rahmen-und-touch-panels\/true-flat\/\" \/>\n<meta property=\"og:site_name\" content=\"Grafos Steel\" \/>\n<meta property=\"article:modified_time\" content=\"2019-09-20T12:58:35+00:00\" \/>\n<meta name=\"twitter:card\" content=\"summary_large_image\" \/>\n<meta name=\"twitter:label1\" content=\"Gesch\u00e4tzte Lesezeit\" \/>\n\t<meta name=\"twitter:data1\" content=\"1\u00a0Minute\" \/>\n<script type=\"application\/ld+json\" class=\"yoast-schema-graph\">{\"@context\":\"https:\\\/\\\/schema.org\",\"@graph\":[{\"@type\":\"WebPage\",\"@id\":\"https:\\\/\\\/www.grafossteel.it\\\/de\\\/rahmen-und-touch-panels\\\/true-flat\\\/\",\"url\":\"https:\\\/\\\/www.grafossteel.it\\\/de\\\/rahmen-und-touch-panels\\\/true-flat\\\/\",\"name\":\"True Flat - Grafos Steel\",\"isPartOf\":{\"@id\":\"https:\\\/\\\/www.grafossteel.it\\\/de\\\/#website\"},\"datePublished\":\"2019-09-18T13:13:51+00:00\",\"dateModified\":\"2019-09-20T12:58:35+00:00\",\"description\":\"True Flat - Grafos Steel - Hardware Made of Metal - Formigine Italy\",\"breadcrumb\":{\"@id\":\"https:\\\/\\\/www.grafossteel.it\\\/de\\\/rahmen-und-touch-panels\\\/true-flat\\\/#breadcrumb\"},\"inLanguage\":\"de\",\"potentialAction\":[{\"@type\":\"ReadAction\",\"target\":[\"https:\\\/\\\/www.grafossteel.it\\\/de\\\/rahmen-und-touch-panels\\\/true-flat\\\/\"]}]},{\"@type\":\"BreadcrumbList\",\"@id\":\"https:\\\/\\\/www.grafossteel.it\\\/de\\\/rahmen-und-touch-panels\\\/true-flat\\\/#breadcrumb\",\"itemListElement\":[{\"@type\":\"ListItem\",\"position\":1,\"name\":\"Home\",\"item\":\"https:\\\/\\\/www.grafossteel.it\\\/de\\\/\"},{\"@type\":\"ListItem\",\"position\":2,\"name\":\"Rahmen und Bedienpanels\",\"item\":\"https:\\\/\\\/www.grafossteel.it\\\/de\\\/rahmen-und-touch-panels\\\/\"},{\"@type\":\"ListItem\",\"position\":3,\"name\":\"True Flat\"}]},{\"@type\":\"WebSite\",\"@id\":\"https:\\\/\\\/www.grafossteel.it\\\/de\\\/#website\",\"url\":\"https:\\\/\\\/www.grafossteel.it\\\/de\\\/\",\"name\":\"Grafos Steel\",\"description\":\"Hardware Made of Metal\",\"publisher\":{\"@id\":\"https:\\\/\\\/www.grafossteel.it\\\/de\\\/#organization\"},\"potentialAction\":[{\"@type\":\"SearchAction\",\"target\":{\"@type\":\"EntryPoint\",\"urlTemplate\":\"https:\\\/\\\/www.grafossteel.it\\\/de\\\/?s={search_term_string}\"},\"query-input\":{\"@type\":\"PropertyValueSpecification\",\"valueRequired\":true,\"valueName\":\"search_term_string\"}}],\"inLanguage\":\"de\"},{\"@type\":\"Organization\",\"@id\":\"https:\\\/\\\/www.grafossteel.it\\\/de\\\/#organization\",\"name\":\"Grafos Steel S.r.l.\",\"url\":\"https:\\\/\\\/www.grafossteel.it\\\/de\\\/\",\"logo\":{\"@type\":\"ImageObject\",\"inLanguage\":\"de\",\"@id\":\"https:\\\/\\\/www.grafossteel.it\\\/de\\\/#\\\/schema\\\/logo\\\/image\\\/\",\"url\":\"https:\\\/\\\/www.grafossteel.it\\\/wp-content\\\/uploads\\\/2019\\\/09\\\/grafos-steel-tastiere-in-acciaio-logo-2019.jpg\",\"contentUrl\":\"https:\\\/\\\/www.grafossteel.it\\\/wp-content\\\/uploads\\\/2019\\\/09\\\/grafos-steel-tastiere-in-acciaio-logo-2019.jpg\",\"width\":371,\"height\":112,\"caption\":\"Grafos Steel S.r.l.\"},\"image\":{\"@id\":\"https:\\\/\\\/www.grafossteel.it\\\/de\\\/#\\\/schema\\\/logo\\\/image\\\/\"}}]}<\/script>\n<!-- \/ Yoast SEO plugin. -->","yoast_head_json":{"title":"True Flat - Grafos Steel","description":"True Flat - Grafos Steel - Hardware Made of Metal - Formigine Italy","robots":{"index":"index","follow":"follow","max-snippet":"max-snippet:-1","max-image-preview":"max-image-preview:large","max-video-preview":"max-video-preview:-1"},"canonical":"https:\/\/www.grafossteel.it\/de\/rahmen-und-touch-panels\/true-flat\/","og_locale":"de_DE","og_type":"article","og_title":"True Flat - Grafos Steel","og_description":"True Flat - Grafos Steel - Hardware Made of Metal - Formigine Italy","og_url":"https:\/\/www.grafossteel.it\/de\/rahmen-und-touch-panels\/true-flat\/","og_site_name":"Grafos Steel","article_modified_time":"2019-09-20T12:58:35+00:00","twitter_card":"summary_large_image","twitter_misc":{"Gesch\u00e4tzte Lesezeit":"1\u00a0Minute"},"schema":{"@context":"https:\/\/schema.org","@graph":[{"@type":"WebPage","@id":"https:\/\/www.grafossteel.it\/de\/rahmen-und-touch-panels\/true-flat\/","url":"https:\/\/www.grafossteel.it\/de\/rahmen-und-touch-panels\/true-flat\/","name":"True Flat - Grafos Steel","isPartOf":{"@id":"https:\/\/www.grafossteel.it\/de\/#website"},"datePublished":"2019-09-18T13:13:51+00:00","dateModified":"2019-09-20T12:58:35+00:00","description":"True Flat - Grafos Steel - Hardware Made of Metal - Formigine Italy","breadcrumb":{"@id":"https:\/\/www.grafossteel.it\/de\/rahmen-und-touch-panels\/true-flat\/#breadcrumb"},"inLanguage":"de","potentialAction":[{"@type":"ReadAction","target":["https:\/\/www.grafossteel.it\/de\/rahmen-und-touch-panels\/true-flat\/"]}]},{"@type":"BreadcrumbList","@id":"https:\/\/www.grafossteel.it\/de\/rahmen-und-touch-panels\/true-flat\/#breadcrumb","itemListElement":[{"@type":"ListItem","position":1,"name":"Home","item":"https:\/\/www.grafossteel.it\/de\/"},{"@type":"ListItem","position":2,"name":"Rahmen und Bedienpanels","item":"https:\/\/www.grafossteel.it\/de\/rahmen-und-touch-panels\/"},{"@type":"ListItem","position":3,"name":"True Flat"}]},{"@type":"WebSite","@id":"https:\/\/www.grafossteel.it\/de\/#website","url":"https:\/\/www.grafossteel.it\/de\/","name":"Grafos Steel","description":"Hardware Made of Metal","publisher":{"@id":"https:\/\/www.grafossteel.it\/de\/#organization"},"potentialAction":[{"@type":"SearchAction","target":{"@type":"EntryPoint","urlTemplate":"https:\/\/www.grafossteel.it\/de\/?s={search_term_string}"},"query-input":{"@type":"PropertyValueSpecification","valueRequired":true,"valueName":"search_term_string"}}],"inLanguage":"de"},{"@type":"Organization","@id":"https:\/\/www.grafossteel.it\/de\/#organization","name":"Grafos Steel S.r.l.","url":"https:\/\/www.grafossteel.it\/de\/","logo":{"@type":"ImageObject","inLanguage":"de","@id":"https:\/\/www.grafossteel.it\/de\/#\/schema\/logo\/image\/","url":"https:\/\/www.grafossteel.it\/wp-content\/uploads\/2019\/09\/grafos-steel-tastiere-in-acciaio-logo-2019.jpg","contentUrl":"https:\/\/www.grafossteel.it\/wp-content\/uploads\/2019\/09\/grafos-steel-tastiere-in-acciaio-logo-2019.jpg","width":371,"height":112,"caption":"Grafos Steel S.r.l."},"image":{"@id":"https:\/\/www.grafossteel.it\/de\/#\/schema\/logo\/image\/"}}]}},"_links":{"self":[{"href":"https:\/\/www.grafossteel.it\/de\/wp-json\/wp\/v2\/pages\/5160","targetHints":{"allow":["GET"]}}],"collection":[{"href":"https:\/\/www.grafossteel.it\/de\/wp-json\/wp\/v2\/pages"}],"about":[{"href":"https:\/\/www.grafossteel.it\/de\/wp-json\/wp\/v2\/types\/page"}],"author":[{"embeddable":true,"href":"https:\/\/www.grafossteel.it\/de\/wp-json\/wp\/v2\/users\/1"}],"replies":[{"embeddable":true,"href":"https:\/\/www.grafossteel.it\/de\/wp-json\/wp\/v2\/comments?post=5160"}],"version-history":[{"count":3,"href":"https:\/\/www.grafossteel.it\/de\/wp-json\/wp\/v2\/pages\/5160\/revisions"}],"predecessor-version":[{"id":5175,"href":"https:\/\/www.grafossteel.it\/de\/wp-json\/wp\/v2\/pages\/5160\/revisions\/5175"}],"up":[{"embeddable":true,"href":"https:\/\/www.grafossteel.it\/de\/wp-json\/wp\/v2\/pages\/3918"}],"wp:attachment":[{"href":"https:\/\/www.grafossteel.it\/de\/wp-json\/wp\/v2\/media?parent=5160"}],"curies":[{"name":"wp","href":"https:\/\/api.w.org\/{rel}","templated":true}]}}