{"id":4265,"date":"2019-06-18T11:34:26","date_gmt":"2019-06-18T09:34:26","guid":{"rendered":"https:\/\/www.grafossteel.it\/?page_id=4265"},"modified":"2020-07-10T14:09:28","modified_gmt":"2020-07-10T12:09:28","slug":"galerie","status":"publish","type":"page","link":"https:\/\/www.grafossteel.it\/de\/gehaeuse-spezialteile\/galerie\/","title":{"rendered":"Galerie"},"content":{"rendered":"<div class=\"wpb-content-wrapper\"><p>[vc_row][vc_column]<div class=\"deco-title sinistra\">\n\t\t\t<h1 class=\"main-title\">Musterbeispiele f\u00fcr individuelle L\u00f6sungen<\/h1>\n\t\t\t\n\t\t<\/div>[\/vc_column][\/vc_row][vc_row][vc_column width=&#8220;1\/3&#8243;][vc_single_image image=&#8220;10866&#8243; img_size=&#8220;large&#8220; onclick=&#8220;link_image&#8220;][vc_column_text]Geh\u00e4use f\u00fcr ein Medizinger\u00e4t[\/vc_column_text][\/vc_column][vc_column width=&#8220;1\/3&#8243;][vc_single_image image=&#8220;10870&#8243; img_size=&#8220;large&#8220; onclick=&#8220;link_image&#8220;][vc_column_text]Individuelles Servergeh\u00e4use[\/vc_column_text][\/vc_column][vc_column width=&#8220;1\/3&#8243;][vc_single_image image=&#8220;10873&#8243; img_size=&#8220;large&#8220; onclick=&#8220;link_image&#8220;][vc_column_text]Geh\u00e4use f\u00fcr embedded PC[\/vc_column_text][\/vc_column][\/vc_row][vc_row full_width=&#8220;stretch_row&#8220;][vc_column width=&#8220;1\/3&#8243;][vc_single_image image=&#8220;10877&#8243; img_size=&#8220;large&#8220; onclick=&#8220;link_image&#8220;][vc_column_text]Portables Chassis f\u00fcr Schiffselektronik[\/vc_column_text][\/vc_column][vc_column width=&#8220;1\/3&#8243;][vc_single_image image=&#8220;10886&#8243; img_size=&#8220;large&#8220; onclick=&#8220;link_image&#8220;][vc_column_text]Klappbares Geh\u00e4use f\u00fcr Steuermodul[\/vc_column_text][\/vc_column][vc_column width=&#8220;1\/3&#8243;][vc_single_image image=&#8220;10883&#8243; img_size=&#8220;large&#8220; onclick=&#8220;link_image&#8220;][vc_column_text]Geh\u00e4use f\u00fcr embedded PC[\/vc_column_text][\/vc_column][\/vc_row][vc_row full_width=&#8220;stretch_row&#8220;][vc_column width=&#8220;1\/3&#8243;][vc_single_image image=&#8220;10896&#8243; img_size=&#8220;large&#8220; onclick=&#8220;link_image&#8220;][vc_column_text]Schutzhaube f\u00fcr Medical-PC[\/vc_column_text][\/vc_column][vc_column width=&#8220;1\/3&#8243;][vc_single_image image=&#8220;10880&#8243; img_size=&#8220;large&#8220; onclick=&#8220;link_image&#8220;][vc_column_text]Kundenspezifisches PC-Geh\u00e4use[\/vc_column_text][\/vc_column][vc_column width=&#8220;1\/3&#8243;][vc_single_image image=&#8220;10899&#8243; img_size=&#8220;large&#8220; onclick=&#8220;link_image&#8220;][vc_column_text]R\u00fcckwand f\u00fcr Panel-PC[\/vc_column_text][\/vc_column][\/vc_row][vc_row][vc_column width=&#8220;1\/3&#8243;][vc_single_image image=&#8220;3380&#8243; img_size=&#8220;large&#8220; onclick=&#8220;link_image&#8220;][vc_column_text el_class=&#8220;white-text&#8220;]<span style=\"color: #000000;\">Leergeh\u00e4use f\u00fcr ein Medizinger\u00e4t<\/span>[\/vc_column_text][\/vc_column][vc_column width=&#8220;1\/3&#8243;][vc_single_image image=&#8220;3990&#8243; img_size=&#8220;large&#8220; onclick=&#8220;link_image&#8220;][vc_column_text el_class=&#8220;white-text&#8220;]<span style=\"color: #000000;\">Schutzbox f\u00fcr Elektronikbaugruppen<\/span>[\/vc_column_text][\/vc_column][vc_column width=&#8220;1\/3&#8243;][vc_single_image image=&#8220;3993&#8243; img_size=&#8220;large&#8220; onclick=&#8220;link_image&#8220;][vc_column_text el_class=&#8220;white-text&#8220;]<span style=\"color: #000000;\">Displaygeh\u00e4use mit Interface-Ports<\/span>[\/vc_column_text][\/vc_column][\/vc_row]<\/p>\n<\/div>","protected":false},"excerpt":{"rendered":"<p>[vc_row][vc_column][\/vc_column][\/vc_row][vc_row][vc_column width=&#8220;1\/3&#8243;][vc_single_image image=&#8220;10866&#8243; img_size=&#8220;large&#8220; onclick=&#8220;link_image&#8220;][vc_column_text]Geh\u00e4use f\u00fcr ein Medizinger\u00e4t[\/vc_column_text][\/vc_column][vc_column width=&#8220;1\/3&#8243;][vc_single_image image=&#8220;10870&#8243; img_size=&#8220;large&#8220; onclick=&#8220;link_image&#8220;][vc_column_text]Individuelles Servergeh\u00e4use[\/vc_column_text][\/vc_column][vc_column width=&#8220;1\/3&#8243;][vc_single_image image=&#8220;10873&#8243; img_size=&#8220;large&#8220; onclick=&#8220;link_image&#8220;][vc_column_text]Geh\u00e4use f\u00fcr embedded PC[\/vc_column_text][\/vc_column][\/vc_row][vc_row full_width=&#8220;stretch_row&#8220;][vc_column width=&#8220;1\/3&#8243;][vc_single_image image=&#8220;10877&#8243; img_size=&#8220;large&#8220; onclick=&#8220;link_image&#8220;][vc_column_text]Portables Chassis f\u00fcr Schiffselektronik[\/vc_column_text][\/vc_column][vc_column width=&#8220;1\/3&#8243;][vc_single_image image=&#8220;10886&#8243; img_size=&#8220;large&#8220; onclick=&#8220;link_image&#8220;][vc_column_text]Klappbares Geh\u00e4use f\u00fcr Steuermodul[\/vc_column_text][\/vc_column][vc_column width=&#8220;1\/3&#8243;][vc_single_image image=&#8220;10883&#8243; img_size=&#8220;large&#8220; onclick=&#8220;link_image&#8220;][vc_column_text]Geh\u00e4use f\u00fcr embedded PC[\/vc_column_text][\/vc_column][\/vc_row][vc_row full_width=&#8220;stretch_row&#8220;][vc_column width=&#8220;1\/3&#8243;][vc_single_image image=&#8220;10896&#8243; img_size=&#8220;large&#8220; onclick=&#8220;link_image&#8220;][vc_column_text]Schutzhaube f\u00fcr Medical-PC[\/vc_column_text][\/vc_column][vc_column width=&#8220;1\/3&#8243;][vc_single_image image=&#8220;10880&#8243; img_size=&#8220;large&#8220; onclick=&#8220;link_image&#8220;][vc_column_text]Kundenspezifisches PC-Geh\u00e4use[\/vc_column_text][\/vc_column][vc_column width=&#8220;1\/3&#8243;][vc_single_image [&hellip;]<\/p>\n","protected":false},"author":1,"featured_media":0,"parent":4262,"menu_order":0,"comment_status":"closed","ping_status":"closed","template":"","meta":{"_acf_changed":false,"footnotes":""},"class_list":["post-4265","page","type-page","status-publish","hentry"],"acf":[],"yoast_head":"<!-- This site is optimized with the Yoast SEO plugin v27.3 - https:\/\/yoast.com\/product\/yoast-seo-wordpress\/ -->\n<title>Individuelle Metallgeh\u00e4use in allen Gr\u00f6\u00dfen und Formen<\/title>\n<meta name=\"description\" content=\"Unsere Bildgalerie gibt Ihnen einen \u00dcberblick \u00fcber unsere j\u00fcngsten Geh\u00e4useanfertigungen. Lassen Sie sich f\u00fcr Ihr eigenes Projekt inspirieren!\" \/>\n<meta name=\"robots\" content=\"index, follow, max-snippet:-1, max-image-preview:large, max-video-preview:-1\" \/>\n<link rel=\"canonical\" href=\"https:\/\/www.grafossteel.it\/de\/gehaeuse-spezialteile\/galerie\/\" \/>\n<meta property=\"og:locale\" content=\"de_DE\" \/>\n<meta property=\"og:type\" content=\"article\" \/>\n<meta property=\"og:title\" content=\"Individuelle Metallgeh\u00e4use in allen Gr\u00f6\u00dfen und Formen\" \/>\n<meta property=\"og:description\" content=\"Unsere Bildgalerie gibt Ihnen einen \u00dcberblick \u00fcber unsere j\u00fcngsten Geh\u00e4useanfertigungen. Lassen Sie sich f\u00fcr Ihr eigenes Projekt inspirieren!\" \/>\n<meta property=\"og:url\" content=\"https:\/\/www.grafossteel.it\/de\/gehaeuse-spezialteile\/galerie\/\" \/>\n<meta property=\"og:site_name\" content=\"Grafos Steel\" \/>\n<meta property=\"article:modified_time\" content=\"2020-07-10T12:09:28+00:00\" \/>\n<meta name=\"twitter:card\" content=\"summary_large_image\" \/>\n<meta name=\"twitter:label1\" content=\"Gesch\u00e4tzte Lesezeit\" \/>\n\t<meta name=\"twitter:data1\" content=\"2\u00a0Minuten\" \/>\n<script type=\"application\/ld+json\" class=\"yoast-schema-graph\">{\"@context\":\"https:\\\/\\\/schema.org\",\"@graph\":[{\"@type\":\"WebPage\",\"@id\":\"https:\\\/\\\/www.grafossteel.it\\\/de\\\/gehaeuse-spezialteile\\\/galerie\\\/\",\"url\":\"https:\\\/\\\/www.grafossteel.it\\\/de\\\/gehaeuse-spezialteile\\\/galerie\\\/\",\"name\":\"Individuelle Metallgeh\u00e4use in allen Gr\u00f6\u00dfen und Formen\",\"isPartOf\":{\"@id\":\"https:\\\/\\\/www.grafossteel.it\\\/de\\\/#website\"},\"datePublished\":\"2019-06-18T09:34:26+00:00\",\"dateModified\":\"2020-07-10T12:09:28+00:00\",\"description\":\"Unsere Bildgalerie gibt Ihnen einen \u00dcberblick \u00fcber unsere j\u00fcngsten Geh\u00e4useanfertigungen. Lassen Sie sich f\u00fcr Ihr eigenes Projekt inspirieren!\",\"breadcrumb\":{\"@id\":\"https:\\\/\\\/www.grafossteel.it\\\/de\\\/gehaeuse-spezialteile\\\/galerie\\\/#breadcrumb\"},\"inLanguage\":\"de\",\"potentialAction\":[{\"@type\":\"ReadAction\",\"target\":[\"https:\\\/\\\/www.grafossteel.it\\\/de\\\/gehaeuse-spezialteile\\\/galerie\\\/\"]}]},{\"@type\":\"BreadcrumbList\",\"@id\":\"https:\\\/\\\/www.grafossteel.it\\\/de\\\/gehaeuse-spezialteile\\\/galerie\\\/#breadcrumb\",\"itemListElement\":[{\"@type\":\"ListItem\",\"position\":1,\"name\":\"Home\",\"item\":\"https:\\\/\\\/www.grafossteel.it\\\/de\\\/\"},{\"@type\":\"ListItem\",\"position\":2,\"name\":\"Geh\u00e4use und Spezialteile\",\"item\":\"https:\\\/\\\/www.grafossteel.it\\\/de\\\/gehaeuse-spezialteile\\\/\"},{\"@type\":\"ListItem\",\"position\":3,\"name\":\"Galerie\"}]},{\"@type\":\"WebSite\",\"@id\":\"https:\\\/\\\/www.grafossteel.it\\\/de\\\/#website\",\"url\":\"https:\\\/\\\/www.grafossteel.it\\\/de\\\/\",\"name\":\"Grafos Steel\",\"description\":\"Hardware Made of Metal\",\"publisher\":{\"@id\":\"https:\\\/\\\/www.grafossteel.it\\\/de\\\/#organization\"},\"potentialAction\":[{\"@type\":\"SearchAction\",\"target\":{\"@type\":\"EntryPoint\",\"urlTemplate\":\"https:\\\/\\\/www.grafossteel.it\\\/de\\\/?s={search_term_string}\"},\"query-input\":{\"@type\":\"PropertyValueSpecification\",\"valueRequired\":true,\"valueName\":\"search_term_string\"}}],\"inLanguage\":\"de\"},{\"@type\":\"Organization\",\"@id\":\"https:\\\/\\\/www.grafossteel.it\\\/de\\\/#organization\",\"name\":\"Grafos Steel S.r.l.\",\"url\":\"https:\\\/\\\/www.grafossteel.it\\\/de\\\/\",\"logo\":{\"@type\":\"ImageObject\",\"inLanguage\":\"de\",\"@id\":\"https:\\\/\\\/www.grafossteel.it\\\/de\\\/#\\\/schema\\\/logo\\\/image\\\/\",\"url\":\"https:\\\/\\\/www.grafossteel.it\\\/wp-content\\\/uploads\\\/2019\\\/09\\\/grafos-steel-tastiere-in-acciaio-logo-2019.jpg\",\"contentUrl\":\"https:\\\/\\\/www.grafossteel.it\\\/wp-content\\\/uploads\\\/2019\\\/09\\\/grafos-steel-tastiere-in-acciaio-logo-2019.jpg\",\"width\":371,\"height\":112,\"caption\":\"Grafos Steel S.r.l.\"},\"image\":{\"@id\":\"https:\\\/\\\/www.grafossteel.it\\\/de\\\/#\\\/schema\\\/logo\\\/image\\\/\"}}]}<\/script>\n<!-- \/ Yoast SEO plugin. -->","yoast_head_json":{"title":"Individuelle Metallgeh\u00e4use in allen Gr\u00f6\u00dfen und Formen","description":"Unsere Bildgalerie gibt Ihnen einen \u00dcberblick \u00fcber unsere j\u00fcngsten Geh\u00e4useanfertigungen. Lassen Sie sich f\u00fcr Ihr eigenes Projekt inspirieren!","robots":{"index":"index","follow":"follow","max-snippet":"max-snippet:-1","max-image-preview":"max-image-preview:large","max-video-preview":"max-video-preview:-1"},"canonical":"https:\/\/www.grafossteel.it\/de\/gehaeuse-spezialteile\/galerie\/","og_locale":"de_DE","og_type":"article","og_title":"Individuelle Metallgeh\u00e4use in allen Gr\u00f6\u00dfen und Formen","og_description":"Unsere Bildgalerie gibt Ihnen einen \u00dcberblick \u00fcber unsere j\u00fcngsten Geh\u00e4useanfertigungen. Lassen Sie sich f\u00fcr Ihr eigenes Projekt inspirieren!","og_url":"https:\/\/www.grafossteel.it\/de\/gehaeuse-spezialteile\/galerie\/","og_site_name":"Grafos Steel","article_modified_time":"2020-07-10T12:09:28+00:00","twitter_card":"summary_large_image","twitter_misc":{"Gesch\u00e4tzte Lesezeit":"2\u00a0Minuten"},"schema":{"@context":"https:\/\/schema.org","@graph":[{"@type":"WebPage","@id":"https:\/\/www.grafossteel.it\/de\/gehaeuse-spezialteile\/galerie\/","url":"https:\/\/www.grafossteel.it\/de\/gehaeuse-spezialteile\/galerie\/","name":"Individuelle Metallgeh\u00e4use in allen Gr\u00f6\u00dfen und Formen","isPartOf":{"@id":"https:\/\/www.grafossteel.it\/de\/#website"},"datePublished":"2019-06-18T09:34:26+00:00","dateModified":"2020-07-10T12:09:28+00:00","description":"Unsere Bildgalerie gibt Ihnen einen \u00dcberblick \u00fcber unsere j\u00fcngsten Geh\u00e4useanfertigungen. Lassen Sie sich f\u00fcr Ihr eigenes Projekt inspirieren!","breadcrumb":{"@id":"https:\/\/www.grafossteel.it\/de\/gehaeuse-spezialteile\/galerie\/#breadcrumb"},"inLanguage":"de","potentialAction":[{"@type":"ReadAction","target":["https:\/\/www.grafossteel.it\/de\/gehaeuse-spezialteile\/galerie\/"]}]},{"@type":"BreadcrumbList","@id":"https:\/\/www.grafossteel.it\/de\/gehaeuse-spezialteile\/galerie\/#breadcrumb","itemListElement":[{"@type":"ListItem","position":1,"name":"Home","item":"https:\/\/www.grafossteel.it\/de\/"},{"@type":"ListItem","position":2,"name":"Geh\u00e4use und Spezialteile","item":"https:\/\/www.grafossteel.it\/de\/gehaeuse-spezialteile\/"},{"@type":"ListItem","position":3,"name":"Galerie"}]},{"@type":"WebSite","@id":"https:\/\/www.grafossteel.it\/de\/#website","url":"https:\/\/www.grafossteel.it\/de\/","name":"Grafos Steel","description":"Hardware Made of Metal","publisher":{"@id":"https:\/\/www.grafossteel.it\/de\/#organization"},"potentialAction":[{"@type":"SearchAction","target":{"@type":"EntryPoint","urlTemplate":"https:\/\/www.grafossteel.it\/de\/?s={search_term_string}"},"query-input":{"@type":"PropertyValueSpecification","valueRequired":true,"valueName":"search_term_string"}}],"inLanguage":"de"},{"@type":"Organization","@id":"https:\/\/www.grafossteel.it\/de\/#organization","name":"Grafos Steel S.r.l.","url":"https:\/\/www.grafossteel.it\/de\/","logo":{"@type":"ImageObject","inLanguage":"de","@id":"https:\/\/www.grafossteel.it\/de\/#\/schema\/logo\/image\/","url":"https:\/\/www.grafossteel.it\/wp-content\/uploads\/2019\/09\/grafos-steel-tastiere-in-acciaio-logo-2019.jpg","contentUrl":"https:\/\/www.grafossteel.it\/wp-content\/uploads\/2019\/09\/grafos-steel-tastiere-in-acciaio-logo-2019.jpg","width":371,"height":112,"caption":"Grafos Steel S.r.l."},"image":{"@id":"https:\/\/www.grafossteel.it\/de\/#\/schema\/logo\/image\/"}}]}},"_links":{"self":[{"href":"https:\/\/www.grafossteel.it\/de\/wp-json\/wp\/v2\/pages\/4265","targetHints":{"allow":["GET"]}}],"collection":[{"href":"https:\/\/www.grafossteel.it\/de\/wp-json\/wp\/v2\/pages"}],"about":[{"href":"https:\/\/www.grafossteel.it\/de\/wp-json\/wp\/v2\/types\/page"}],"author":[{"embeddable":true,"href":"https:\/\/www.grafossteel.it\/de\/wp-json\/wp\/v2\/users\/1"}],"replies":[{"embeddable":true,"href":"https:\/\/www.grafossteel.it\/de\/wp-json\/wp\/v2\/comments?post=4265"}],"version-history":[{"count":16,"href":"https:\/\/www.grafossteel.it\/de\/wp-json\/wp\/v2\/pages\/4265\/revisions"}],"predecessor-version":[{"id":10907,"href":"https:\/\/www.grafossteel.it\/de\/wp-json\/wp\/v2\/pages\/4265\/revisions\/10907"}],"up":[{"embeddable":true,"href":"https:\/\/www.grafossteel.it\/de\/wp-json\/wp\/v2\/pages\/4262"}],"wp:attachment":[{"href":"https:\/\/www.grafossteel.it\/de\/wp-json\/wp\/v2\/media?parent=4265"}],"curies":[{"name":"wp","href":"https:\/\/api.w.org\/{rel}","templated":true}]}}