{"id":4262,"date":"2019-03-27T18:34:51","date_gmt":"2019-03-27T17:34:51","guid":{"rendered":"https:\/\/www.grafossteel.it\/?page_id=4262"},"modified":"2019-09-18T14:44:50","modified_gmt":"2019-09-18T12:44:50","slug":"gehaeuse-spezialteile","status":"publish","type":"page","link":"https:\/\/www.grafossteel.it\/de\/gehaeuse-spezialteile\/","title":{"rendered":"Geh\u00e4use und Spezialteile"},"content":{"rendered":"<div class=\"wpb-content-wrapper\"><p>[vc_row][vc_column]<div class=\"deco-title sinistra\">\n\t\t\t<h1 class=\"main-title\">Individuelle Geh\u00e4usel\u00f6sungen und Spezialanfertigungen<\/h1>\n\t\t\t<h2 class=\"sub-title\">Von der Idee bis zur Fertigung<\/h2>\n\t\t<\/div>[\/vc_column][\/vc_row][vc_row][vc_column width=&#8220;1\/2&#8243;][vc_column_text]Grafos Steel hat sein Leistungsprogramm mit dem Design und der Fertigung von Geh\u00e4usen, Abdeckungen und Boxen deutlich erweitert. Mit der \u00dcbernahme eines spezialisierten Unternehmens wurde dem Gesamtbild Hardware Made of Metal so das letzte Puzzle hinzugef\u00fcgt.<\/p>\n<p>Damit ist Grafos Steel in der Lage, 360-Grad-L\u00f6sungen f\u00fcr die Mensch-Maschine-Hardware zu realisieren. Diese reichen vom Tastenfeld \u00fcber die Bedienfront bis hin zum kompletten System mit komplexer Formgebung.<\/p>\n<h3>Leistungsumfang<\/h3>\n<p>[\/vc_column_text][vc_column_text css=&#8220;.vc_custom_1568810621626{padding-top: 10px !important;padding-bottom: 10px !important;padding-left: 10px !important;background-color: #eaeaea !important;}&#8220;]<\/p>\n<ul>\n<li>Anfertigung individueller Geh\u00e4use und IT-hardwarenaher Spezialteile<\/li>\n<li>Verwendung aller industrierelevanten Metalle<\/li>\n<li>Verarbeitung durch Fr\u00e4sen, Laserschneiden, Biegen und Schwei\u00dfen<\/li>\n<li>Oberfl\u00e4chenbearbeitung durch verschiedene Schliffe, Eloxierung oder Pulverbeschichtung<\/li>\n<li>Kombination mit anderen Werkstoffen wie Kunststoff oder Acryl<\/li>\n<li>Bedruckung der Metalloberfl\u00e4che<\/li>\n<li>Anfertigung verschiedener Montageaufnahmen<\/li>\n<li>3D-Konzeption der individuellen Produkte<\/li>\n<\/ul>\n<p>[\/vc_column_text][\/vc_column][vc_column width=&#8220;1\/2&#8243;][vc_single_image image=&#8220;3976&#8243; img_size=&#8220;400&#215;600&#8243; alignment=&#8220;center&#8220;][\/vc_column][\/vc_row]<\/p>\n<\/div>","protected":false},"excerpt":{"rendered":"<p>[vc_row][vc_column][\/vc_column][\/vc_row][vc_row][vc_column width=&#8220;1\/2&#8243;][vc_column_text]Grafos Steel hat sein Leistungsprogramm mit dem Design und der Fertigung von Geh\u00e4usen, Abdeckungen und Boxen deutlich erweitert. Mit der \u00dcbernahme eines spezialisierten Unternehmens wurde dem Gesamtbild Hardware Made of Metal so das letzte Puzzle hinzugef\u00fcgt. Damit ist Grafos Steel in der Lage, 360-Grad-L\u00f6sungen f\u00fcr die Mensch-Maschine-Hardware zu realisieren. Diese reichen vom Tastenfeld \u00fcber [&hellip;]<\/p>\n","protected":false},"author":1,"featured_media":0,"parent":0,"menu_order":0,"comment_status":"closed","ping_status":"closed","template":"","meta":{"_acf_changed":false,"footnotes":""},"class_list":["post-4262","page","type-page","status-publish","hentry"],"acf":[],"yoast_head":"<!-- This site is optimized with the Yoast SEO plugin v27.3 - https:\/\/yoast.com\/product\/yoast-seo-wordpress\/ -->\n<title>Geh\u00e4use und Spezialteile - Grafos Steel<\/title>\n<meta name=\"description\" content=\"Geh\u00e4use und Spezialteile - Grafos Steel - Hardware Made of Metal - Formigine Italy\" \/>\n<meta name=\"robots\" content=\"index, follow, max-snippet:-1, max-image-preview:large, max-video-preview:-1\" \/>\n<link rel=\"canonical\" href=\"https:\/\/www.grafossteel.it\/de\/gehaeuse-spezialteile\/\" \/>\n<meta property=\"og:locale\" content=\"de_DE\" \/>\n<meta property=\"og:type\" content=\"article\" \/>\n<meta property=\"og:title\" content=\"Geh\u00e4use und Spezialteile - Grafos Steel\" \/>\n<meta property=\"og:description\" content=\"Geh\u00e4use und Spezialteile - Grafos Steel - Hardware Made of Metal - Formigine Italy\" \/>\n<meta property=\"og:url\" content=\"https:\/\/www.grafossteel.it\/de\/gehaeuse-spezialteile\/\" \/>\n<meta property=\"og:site_name\" content=\"Grafos Steel\" \/>\n<meta property=\"article:modified_time\" content=\"2019-09-18T12:44:50+00:00\" \/>\n<meta name=\"twitter:card\" content=\"summary_large_image\" \/>\n<meta name=\"twitter:label1\" content=\"Gesch\u00e4tzte Lesezeit\" \/>\n\t<meta name=\"twitter:data1\" content=\"1\u00a0Minute\" \/>\n<script type=\"application\/ld+json\" class=\"yoast-schema-graph\">{\"@context\":\"https:\\\/\\\/schema.org\",\"@graph\":[{\"@type\":\"WebPage\",\"@id\":\"https:\\\/\\\/www.grafossteel.it\\\/de\\\/gehaeuse-spezialteile\\\/\",\"url\":\"https:\\\/\\\/www.grafossteel.it\\\/de\\\/gehaeuse-spezialteile\\\/\",\"name\":\"Geh\u00e4use und Spezialteile - Grafos Steel\",\"isPartOf\":{\"@id\":\"https:\\\/\\\/www.grafossteel.it\\\/de\\\/#website\"},\"datePublished\":\"2019-03-27T17:34:51+00:00\",\"dateModified\":\"2019-09-18T12:44:50+00:00\",\"description\":\"Geh\u00e4use und Spezialteile - Grafos Steel - Hardware Made of Metal - Formigine Italy\",\"breadcrumb\":{\"@id\":\"https:\\\/\\\/www.grafossteel.it\\\/de\\\/gehaeuse-spezialteile\\\/#breadcrumb\"},\"inLanguage\":\"de\",\"potentialAction\":[{\"@type\":\"ReadAction\",\"target\":[\"https:\\\/\\\/www.grafossteel.it\\\/de\\\/gehaeuse-spezialteile\\\/\"]}]},{\"@type\":\"BreadcrumbList\",\"@id\":\"https:\\\/\\\/www.grafossteel.it\\\/de\\\/gehaeuse-spezialteile\\\/#breadcrumb\",\"itemListElement\":[{\"@type\":\"ListItem\",\"position\":1,\"name\":\"Home\",\"item\":\"https:\\\/\\\/www.grafossteel.it\\\/de\\\/\"},{\"@type\":\"ListItem\",\"position\":2,\"name\":\"Geh\u00e4use und Spezialteile\"}]},{\"@type\":\"WebSite\",\"@id\":\"https:\\\/\\\/www.grafossteel.it\\\/de\\\/#website\",\"url\":\"https:\\\/\\\/www.grafossteel.it\\\/de\\\/\",\"name\":\"Grafos Steel\",\"description\":\"Hardware Made of Metal\",\"publisher\":{\"@id\":\"https:\\\/\\\/www.grafossteel.it\\\/de\\\/#organization\"},\"potentialAction\":[{\"@type\":\"SearchAction\",\"target\":{\"@type\":\"EntryPoint\",\"urlTemplate\":\"https:\\\/\\\/www.grafossteel.it\\\/de\\\/?s={search_term_string}\"},\"query-input\":{\"@type\":\"PropertyValueSpecification\",\"valueRequired\":true,\"valueName\":\"search_term_string\"}}],\"inLanguage\":\"de\"},{\"@type\":\"Organization\",\"@id\":\"https:\\\/\\\/www.grafossteel.it\\\/de\\\/#organization\",\"name\":\"Grafos Steel S.r.l.\",\"url\":\"https:\\\/\\\/www.grafossteel.it\\\/de\\\/\",\"logo\":{\"@type\":\"ImageObject\",\"inLanguage\":\"de\",\"@id\":\"https:\\\/\\\/www.grafossteel.it\\\/de\\\/#\\\/schema\\\/logo\\\/image\\\/\",\"url\":\"https:\\\/\\\/www.grafossteel.it\\\/wp-content\\\/uploads\\\/2019\\\/09\\\/grafos-steel-tastiere-in-acciaio-logo-2019.jpg\",\"contentUrl\":\"https:\\\/\\\/www.grafossteel.it\\\/wp-content\\\/uploads\\\/2019\\\/09\\\/grafos-steel-tastiere-in-acciaio-logo-2019.jpg\",\"width\":371,\"height\":112,\"caption\":\"Grafos Steel S.r.l.\"},\"image\":{\"@id\":\"https:\\\/\\\/www.grafossteel.it\\\/de\\\/#\\\/schema\\\/logo\\\/image\\\/\"}}]}<\/script>\n<!-- \/ Yoast SEO plugin. -->","yoast_head_json":{"title":"Geh\u00e4use und Spezialteile - Grafos Steel","description":"Geh\u00e4use und Spezialteile - Grafos Steel - Hardware Made of Metal - Formigine Italy","robots":{"index":"index","follow":"follow","max-snippet":"max-snippet:-1","max-image-preview":"max-image-preview:large","max-video-preview":"max-video-preview:-1"},"canonical":"https:\/\/www.grafossteel.it\/de\/gehaeuse-spezialteile\/","og_locale":"de_DE","og_type":"article","og_title":"Geh\u00e4use und Spezialteile - Grafos Steel","og_description":"Geh\u00e4use und Spezialteile - Grafos Steel - Hardware Made of Metal - Formigine Italy","og_url":"https:\/\/www.grafossteel.it\/de\/gehaeuse-spezialteile\/","og_site_name":"Grafos Steel","article_modified_time":"2019-09-18T12:44:50+00:00","twitter_card":"summary_large_image","twitter_misc":{"Gesch\u00e4tzte Lesezeit":"1\u00a0Minute"},"schema":{"@context":"https:\/\/schema.org","@graph":[{"@type":"WebPage","@id":"https:\/\/www.grafossteel.it\/de\/gehaeuse-spezialteile\/","url":"https:\/\/www.grafossteel.it\/de\/gehaeuse-spezialteile\/","name":"Geh\u00e4use und Spezialteile - Grafos Steel","isPartOf":{"@id":"https:\/\/www.grafossteel.it\/de\/#website"},"datePublished":"2019-03-27T17:34:51+00:00","dateModified":"2019-09-18T12:44:50+00:00","description":"Geh\u00e4use und Spezialteile - Grafos Steel - Hardware Made of Metal - Formigine Italy","breadcrumb":{"@id":"https:\/\/www.grafossteel.it\/de\/gehaeuse-spezialteile\/#breadcrumb"},"inLanguage":"de","potentialAction":[{"@type":"ReadAction","target":["https:\/\/www.grafossteel.it\/de\/gehaeuse-spezialteile\/"]}]},{"@type":"BreadcrumbList","@id":"https:\/\/www.grafossteel.it\/de\/gehaeuse-spezialteile\/#breadcrumb","itemListElement":[{"@type":"ListItem","position":1,"name":"Home","item":"https:\/\/www.grafossteel.it\/de\/"},{"@type":"ListItem","position":2,"name":"Geh\u00e4use und Spezialteile"}]},{"@type":"WebSite","@id":"https:\/\/www.grafossteel.it\/de\/#website","url":"https:\/\/www.grafossteel.it\/de\/","name":"Grafos Steel","description":"Hardware Made of Metal","publisher":{"@id":"https:\/\/www.grafossteel.it\/de\/#organization"},"potentialAction":[{"@type":"SearchAction","target":{"@type":"EntryPoint","urlTemplate":"https:\/\/www.grafossteel.it\/de\/?s={search_term_string}"},"query-input":{"@type":"PropertyValueSpecification","valueRequired":true,"valueName":"search_term_string"}}],"inLanguage":"de"},{"@type":"Organization","@id":"https:\/\/www.grafossteel.it\/de\/#organization","name":"Grafos Steel S.r.l.","url":"https:\/\/www.grafossteel.it\/de\/","logo":{"@type":"ImageObject","inLanguage":"de","@id":"https:\/\/www.grafossteel.it\/de\/#\/schema\/logo\/image\/","url":"https:\/\/www.grafossteel.it\/wp-content\/uploads\/2019\/09\/grafos-steel-tastiere-in-acciaio-logo-2019.jpg","contentUrl":"https:\/\/www.grafossteel.it\/wp-content\/uploads\/2019\/09\/grafos-steel-tastiere-in-acciaio-logo-2019.jpg","width":371,"height":112,"caption":"Grafos Steel S.r.l."},"image":{"@id":"https:\/\/www.grafossteel.it\/de\/#\/schema\/logo\/image\/"}}]}},"_links":{"self":[{"href":"https:\/\/www.grafossteel.it\/de\/wp-json\/wp\/v2\/pages\/4262","targetHints":{"allow":["GET"]}}],"collection":[{"href":"https:\/\/www.grafossteel.it\/de\/wp-json\/wp\/v2\/pages"}],"about":[{"href":"https:\/\/www.grafossteel.it\/de\/wp-json\/wp\/v2\/types\/page"}],"author":[{"embeddable":true,"href":"https:\/\/www.grafossteel.it\/de\/wp-json\/wp\/v2\/users\/1"}],"replies":[{"embeddable":true,"href":"https:\/\/www.grafossteel.it\/de\/wp-json\/wp\/v2\/comments?post=4262"}],"version-history":[{"count":6,"href":"https:\/\/www.grafossteel.it\/de\/wp-json\/wp\/v2\/pages\/4262\/revisions"}],"predecessor-version":[{"id":5027,"href":"https:\/\/www.grafossteel.it\/de\/wp-json\/wp\/v2\/pages\/4262\/revisions\/5027"}],"wp:attachment":[{"href":"https:\/\/www.grafossteel.it\/de\/wp-json\/wp\/v2\/media?parent=4262"}],"curies":[{"name":"wp","href":"https:\/\/api.w.org\/{rel}","templated":true}]}}