{"id":3918,"date":"2019-03-27T18:34:30","date_gmt":"2019-03-27T17:34:30","guid":{"rendered":"https:\/\/www.grafossteel.it\/rahmen-und-panels\/"},"modified":"2020-10-22T12:23:44","modified_gmt":"2020-10-22T10:23:44","slug":"rahmen-und-touch-panels","status":"publish","type":"page","link":"https:\/\/www.grafossteel.it\/de\/rahmen-und-touch-panels\/","title":{"rendered":"Rahmen und Bedienpanels"},"content":{"rendered":"<div class=\"wpb-content-wrapper\"><p>[vc_row][vc_column]<div class=\"deco-title sinistra\">\n\t\t\t<h1 class=\"main-title\">Individuelle Bedienfronten<\/h1>\n\t\t\t<h2 class=\"sub-title\">Vom Tr\u00e4gerrahmen bis zum Touchpanel<\/h2>\n\t\t<\/div>[\/vc_column][\/vc_row][vc_row][vc_column width=&#8220;1\/2&#8243;][vc_column_text]<strong>Grafos Steel fertigt Rahmen, Fronten, Geh\u00e4use und komplette Touchpanels nach kundenspezifischen Vorgaben.\u00a0 Dies reicht vom einfachen Metallrahmen bis zum kompletten Bediensystem aus Edelstahl mit<a href=\"https:\/\/www.grafossteel.it\/de\/rahmen-und-touch-panels\/touchscreen-integration\/\"> integriertem Touchscreen<\/a>, Tastenfeld, Kartenleser und Frontglas.<\/strong><\/p>\n<p>Dabei sind den individuellen Bedarfen kaum Grenzen gesetzt &#8211; Gr\u00f6\u00dfe, St\u00e4rke, Material, Form und mechanische Aufnahmen sowie das Layout der Bedienelemente k\u00f6nnen nahezu frei bestimmt werden. Durch unsere <a href=\"https:\/\/www.grafossteel.it\/de\/gehaeuse-spezialteile\/\">Business Unit &#8222;Geh\u00e4use&#8220;<\/a> sind wir dar\u00fcber hinaus in der Lage, komplette Hardware-Ger\u00e4tel\u00f6sungen zu realisieren.<\/p>\n<h3>Features<\/h3>\n<p>[\/vc_column_text][vc_column_text css=&#8220;.vc_custom_1583422941057{padding-top: 10px !important;padding-bottom: 10px !important;padding-left: 10px !important;background-color: #eaeaea !important;}&#8220;]<\/p>\n<ul>\n<li>Rahmen aus Aluminium oder Edelstahl<\/li>\n<li>Verschiedene Oberfl\u00e4chenbehandlungen<\/li>\n<li>Herstellung und Gestaltung von Folienoberfl\u00e4chen<\/li>\n<li>Integration von Schaltern, Tasten, LEDs<\/li>\n<li>Schutz- und Revisionsklappen<\/li>\n<li>Integration von Glasfronten und Touchscreens<\/li>\n<li>Tastatur-\/Tastenfeld-Integration<\/li>\n<li>Verklebung von Glas und Folien<\/li>\n<li>Eloxieren und Pulverbeschichten<\/li>\n<li>Integration von Bildschirmen und Monitoren<\/li>\n<li>Beschriftung durch Druck oder Gravur<\/li>\n<li>Montagevorrichtungen und Einzeldichtungen<\/li>\n<li>Planung und Herstellung von Touch Panels<\/li>\n<li>Anfertigung von Abdeckungen und Geh\u00e4usen<\/li>\n<\/ul>\n<p>[\/vc_column_text][vc_column_text]Gerne erstellen wir Ihnen ein unverbindliches Angebot, das standardm\u00e4\u00dfig immer drei Muster beinhaltet. Im besten Fall senden Sie uns dazu eine technische Zeichnung (dxf, dwg, step) und Ihre Spezifikationen. Wir konzipieren Ihr Bedienpanel sowohl als komplett anschlussf\u00e4hige Einheit als auch mit beigestellten Komponenten (z.B. Display, Touchsensor). Bei der Umsetzung eines Projekts erhalten Sie den direkten Zugriff auf den zust\u00e4ndigen Projektmanager.<\/p>\n<p><strong>F\u00fcr Ihre Anfrage verwenden Sie bitte das unten stehende Formular oder die direkte E-Mail <a href=\"mailto:a.zeidler@grafossteel.it\">a.zeidler@grafossteel.it<\/a>.<\/strong>[\/vc_column_text][\/vc_column][vc_column width=&#8220;1\/2&#8243;][vc_single_image image=&#8220;3607&#8243; img_size=&#8220;large&#8220; onclick=&#8220;link_image&#8220;][vc_column_text]19-Zoll-Touch-Panel mit integriertem projiziert-kapazitivem Touchscreen und Revisionsklappe[\/vc_column_text][vc_single_image image=&#8220;11100&#8243; img_size=&#8220;large&#8220; onclick=&#8220;link_image&#8220;][vc_column_text]Rahmen f\u00fcr Bedienpanel mit Tastenausschnitten aus schwarz eloxiertem Aluminium; aus einem St\u00fcck gefr\u00e4st[\/vc_column_text][vc_single_image image=&#8220;5507&#8243; img_size=&#8220;large&#8220; onclick=&#8220;link_image&#8220;][vc_column_text]Edelstahlrahmen mit geb\u00fcrsteter Oberfl\u00e4che[\/vc_column_text][\/vc_column][\/vc_row]<\/p>\n<\/div>","protected":false},"excerpt":{"rendered":"<p>[vc_row][vc_column][\/vc_column][\/vc_row][vc_row][vc_column width=&#8220;1\/2&#8243;][vc_column_text]Grafos Steel fertigt Rahmen, Fronten, Geh\u00e4use und komplette Touchpanels nach kundenspezifischen Vorgaben.\u00a0 Dies reicht vom einfachen Metallrahmen bis zum kompletten Bediensystem aus Edelstahl mit integriertem Touchscreen, Tastenfeld, Kartenleser und Frontglas. Dabei sind den individuellen Bedarfen kaum Grenzen gesetzt &#8211; Gr\u00f6\u00dfe, St\u00e4rke, Material, Form und mechanische Aufnahmen sowie das Layout der Bedienelemente k\u00f6nnen nahezu frei [&hellip;]<\/p>\n","protected":false},"author":1,"featured_media":0,"parent":0,"menu_order":0,"comment_status":"closed","ping_status":"closed","template":"","meta":{"_acf_changed":false,"footnotes":""},"class_list":["post-3918","page","type-page","status-publish","hentry"],"acf":[],"yoast_head":"<!-- This site is optimized with the Yoast SEO plugin v27.5 - https:\/\/yoast.com\/product\/yoast-seo-wordpress\/ -->\n<title>Rahmen und Bedienpanels - Grafos Steel - Hardware made of metal<\/title>\n<meta name=\"description\" content=\"Rahmen und Bedienpanels vom Tr\u00e4gerrahmen bis zum Touchpanel - Grafos Steel - Hardware Made of Metal - Formigine Italy\" \/>\n<meta name=\"robots\" content=\"index, follow, max-snippet:-1, max-image-preview:large, max-video-preview:-1\" \/>\n<link rel=\"canonical\" href=\"https:\/\/www.grafossteel.it\/de\/cornici-metalliche-e-pannelli-di-controllo\/\" \/>\n<meta property=\"og:locale\" content=\"de_DE\" \/>\n<meta property=\"og:type\" content=\"article\" \/>\n<meta property=\"og:title\" content=\"Rahmen und Bedienpanels - Grafos Steel - Hardware made of metal\" \/>\n<meta property=\"og:description\" content=\"Rahmen und Bedienpanels vom Tr\u00e4gerrahmen bis zum Touchpanel - Grafos Steel - Hardware Made of Metal - Formigine Italy\" \/>\n<meta property=\"og:url\" content=\"https:\/\/www.grafossteel.it\/cornici-metalliche-e-pannelli-di-controllo\/\" \/>\n<meta property=\"og:site_name\" content=\"Grafos Steel\" \/>\n<meta property=\"article:modified_time\" content=\"2020-10-22T10:23:44+00:00\" \/>\n<meta name=\"twitter:card\" content=\"summary_large_image\" \/>\n<meta name=\"twitter:label1\" content=\"Gesch\u00e4tzte Lesezeit\" \/>\n\t<meta name=\"twitter:data1\" content=\"2\u00a0Minuten\" \/>\n<script type=\"application\/ld+json\" class=\"yoast-schema-graph\">{\"@context\":\"https:\\\/\\\/schema.org\",\"@graph\":[{\"@type\":\"WebPage\",\"@id\":\"https:\\\/\\\/www.grafossteel.it\\\/de\\\/rahmen-und-touch-panels\\\/\",\"url\":\"https:\\\/\\\/www.grafossteel.it\\\/cornici-metalliche-e-pannelli-di-controllo\\\/\",\"name\":\"Rahmen und Bedienpanels - Grafos Steel - Hardware made of metal\",\"isPartOf\":{\"@id\":\"https:\\\/\\\/www.grafossteel.it\\\/de\\\/#website\"},\"datePublished\":\"2019-03-27T17:34:30+00:00\",\"dateModified\":\"2020-10-22T10:23:44+00:00\",\"description\":\"Rahmen und Bedienpanels vom Tr\u00e4gerrahmen bis zum Touchpanel - Grafos Steel - Hardware Made of Metal - Formigine Italy\",\"breadcrumb\":{\"@id\":\"https:\\\/\\\/www.grafossteel.it\\\/cornici-metalliche-e-pannelli-di-controllo\\\/#breadcrumb\"},\"inLanguage\":\"de\",\"potentialAction\":[{\"@type\":\"ReadAction\",\"target\":[\"https:\\\/\\\/www.grafossteel.it\\\/cornici-metalliche-e-pannelli-di-controllo\\\/\"]}]},{\"@type\":\"BreadcrumbList\",\"@id\":\"https:\\\/\\\/www.grafossteel.it\\\/cornici-metalliche-e-pannelli-di-controllo\\\/#breadcrumb\",\"itemListElement\":[{\"@type\":\"ListItem\",\"position\":1,\"name\":\"Home\",\"item\":\"https:\\\/\\\/www.grafossteel.it\\\/de\\\/\"},{\"@type\":\"ListItem\",\"position\":2,\"name\":\"Rahmen und Bedienpanels\"}]},{\"@type\":\"WebSite\",\"@id\":\"https:\\\/\\\/www.grafossteel.it\\\/de\\\/#website\",\"url\":\"https:\\\/\\\/www.grafossteel.it\\\/de\\\/\",\"name\":\"Grafos Steel\",\"description\":\"Hardware Made of Metal\",\"publisher\":{\"@id\":\"https:\\\/\\\/www.grafossteel.it\\\/de\\\/#organization\"},\"potentialAction\":[{\"@type\":\"SearchAction\",\"target\":{\"@type\":\"EntryPoint\",\"urlTemplate\":\"https:\\\/\\\/www.grafossteel.it\\\/de\\\/?s={search_term_string}\"},\"query-input\":{\"@type\":\"PropertyValueSpecification\",\"valueRequired\":true,\"valueName\":\"search_term_string\"}}],\"inLanguage\":\"de\"},{\"@type\":\"Organization\",\"@id\":\"https:\\\/\\\/www.grafossteel.it\\\/de\\\/#organization\",\"name\":\"Grafos Steel S.r.l.\",\"url\":\"https:\\\/\\\/www.grafossteel.it\\\/de\\\/\",\"logo\":{\"@type\":\"ImageObject\",\"inLanguage\":\"de\",\"@id\":\"https:\\\/\\\/www.grafossteel.it\\\/de\\\/#\\\/schema\\\/logo\\\/image\\\/\",\"url\":\"https:\\\/\\\/www.grafossteel.it\\\/wp-content\\\/uploads\\\/2019\\\/09\\\/grafos-steel-tastiere-in-acciaio-logo-2019.jpg\",\"contentUrl\":\"https:\\\/\\\/www.grafossteel.it\\\/wp-content\\\/uploads\\\/2019\\\/09\\\/grafos-steel-tastiere-in-acciaio-logo-2019.jpg\",\"width\":371,\"height\":112,\"caption\":\"Grafos Steel S.r.l.\"},\"image\":{\"@id\":\"https:\\\/\\\/www.grafossteel.it\\\/de\\\/#\\\/schema\\\/logo\\\/image\\\/\"}}]}<\/script>\n<!-- \/ Yoast SEO plugin. -->","yoast_head_json":{"title":"Rahmen und Bedienpanels - Grafos Steel - Hardware made of metal","description":"Rahmen und Bedienpanels vom Tr\u00e4gerrahmen bis zum Touchpanel - Grafos Steel - Hardware Made of Metal - Formigine Italy","robots":{"index":"index","follow":"follow","max-snippet":"max-snippet:-1","max-image-preview":"max-image-preview:large","max-video-preview":"max-video-preview:-1"},"canonical":"https:\/\/www.grafossteel.it\/de\/cornici-metalliche-e-pannelli-di-controllo\/","og_locale":"de_DE","og_type":"article","og_title":"Rahmen und Bedienpanels - Grafos Steel - Hardware made of metal","og_description":"Rahmen und Bedienpanels vom Tr\u00e4gerrahmen bis zum Touchpanel - Grafos Steel - Hardware Made of Metal - Formigine Italy","og_url":"https:\/\/www.grafossteel.it\/cornici-metalliche-e-pannelli-di-controllo\/","og_site_name":"Grafos Steel","article_modified_time":"2020-10-22T10:23:44+00:00","twitter_card":"summary_large_image","twitter_misc":{"Gesch\u00e4tzte Lesezeit":"2\u00a0Minuten"},"schema":{"@context":"https:\/\/schema.org","@graph":[{"@type":"WebPage","@id":"https:\/\/www.grafossteel.it\/de\/rahmen-und-touch-panels\/","url":"https:\/\/www.grafossteel.it\/cornici-metalliche-e-pannelli-di-controllo\/","name":"Rahmen und Bedienpanels - Grafos Steel - Hardware made of metal","isPartOf":{"@id":"https:\/\/www.grafossteel.it\/de\/#website"},"datePublished":"2019-03-27T17:34:30+00:00","dateModified":"2020-10-22T10:23:44+00:00","description":"Rahmen und Bedienpanels vom Tr\u00e4gerrahmen bis zum Touchpanel - Grafos Steel - Hardware Made of Metal - Formigine Italy","breadcrumb":{"@id":"https:\/\/www.grafossteel.it\/cornici-metalliche-e-pannelli-di-controllo\/#breadcrumb"},"inLanguage":"de","potentialAction":[{"@type":"ReadAction","target":["https:\/\/www.grafossteel.it\/cornici-metalliche-e-pannelli-di-controllo\/"]}]},{"@type":"BreadcrumbList","@id":"https:\/\/www.grafossteel.it\/cornici-metalliche-e-pannelli-di-controllo\/#breadcrumb","itemListElement":[{"@type":"ListItem","position":1,"name":"Home","item":"https:\/\/www.grafossteel.it\/de\/"},{"@type":"ListItem","position":2,"name":"Rahmen und Bedienpanels"}]},{"@type":"WebSite","@id":"https:\/\/www.grafossteel.it\/de\/#website","url":"https:\/\/www.grafossteel.it\/de\/","name":"Grafos Steel","description":"Hardware Made of Metal","publisher":{"@id":"https:\/\/www.grafossteel.it\/de\/#organization"},"potentialAction":[{"@type":"SearchAction","target":{"@type":"EntryPoint","urlTemplate":"https:\/\/www.grafossteel.it\/de\/?s={search_term_string}"},"query-input":{"@type":"PropertyValueSpecification","valueRequired":true,"valueName":"search_term_string"}}],"inLanguage":"de"},{"@type":"Organization","@id":"https:\/\/www.grafossteel.it\/de\/#organization","name":"Grafos Steel S.r.l.","url":"https:\/\/www.grafossteel.it\/de\/","logo":{"@type":"ImageObject","inLanguage":"de","@id":"https:\/\/www.grafossteel.it\/de\/#\/schema\/logo\/image\/","url":"https:\/\/www.grafossteel.it\/wp-content\/uploads\/2019\/09\/grafos-steel-tastiere-in-acciaio-logo-2019.jpg","contentUrl":"https:\/\/www.grafossteel.it\/wp-content\/uploads\/2019\/09\/grafos-steel-tastiere-in-acciaio-logo-2019.jpg","width":371,"height":112,"caption":"Grafos Steel S.r.l."},"image":{"@id":"https:\/\/www.grafossteel.it\/de\/#\/schema\/logo\/image\/"}}]}},"_links":{"self":[{"href":"https:\/\/www.grafossteel.it\/de\/wp-json\/wp\/v2\/pages\/3918","targetHints":{"allow":["GET"]}}],"collection":[{"href":"https:\/\/www.grafossteel.it\/de\/wp-json\/wp\/v2\/pages"}],"about":[{"href":"https:\/\/www.grafossteel.it\/de\/wp-json\/wp\/v2\/types\/page"}],"author":[{"embeddable":true,"href":"https:\/\/www.grafossteel.it\/de\/wp-json\/wp\/v2\/users\/1"}],"replies":[{"embeddable":true,"href":"https:\/\/www.grafossteel.it\/de\/wp-json\/wp\/v2\/comments?post=3918"}],"version-history":[{"count":26,"href":"https:\/\/www.grafossteel.it\/de\/wp-json\/wp\/v2\/pages\/3918\/revisions"}],"predecessor-version":[{"id":11106,"href":"https:\/\/www.grafossteel.it\/de\/wp-json\/wp\/v2\/pages\/3918\/revisions\/11106"}],"wp:attachment":[{"href":"https:\/\/www.grafossteel.it\/de\/wp-json\/wp\/v2\/media?parent=3918"}],"curies":[{"name":"wp","href":"https:\/\/api.w.org\/{rel}","templated":true}]}}