{"id":3903,"date":"2019-06-05T15:59:11","date_gmt":"2019-06-05T13:59:11","guid":{"rendered":"https:\/\/www.grafossteel.it\/?page_id=3903"},"modified":"2025-05-19T12:14:03","modified_gmt":"2025-05-19T10:14:03","slug":"qualitaet","status":"publish","type":"page","link":"https:\/\/www.grafossteel.it\/de\/unternehmen\/qualitaet\/","title":{"rendered":"Qualit\u00e4t"},"content":{"rendered":"<div class=\"wpb-content-wrapper\"><p>[vc_row][vc_column width=&#8220;1\/2&#8243;]<div class=\"deco-title sinistra\">\n\t\t\t<h1 class=\"main-title\">H\u00f6chste Standards als Selbstverst\u00e4ndnis<\/h1>\n\t\t\t\n\t\t<\/div>[vc_column_text]Die Grundvoraussetzung f\u00fcr Qualit\u00e4t ist f\u00fcr Grafos Steel die Verbindung von kontinuierlicher Innovation und langj\u00e4hriger Erfahrung. Seit \u00fcber f\u00fcnfzehn Jahren widmet sich das Team der Entwicklung der besten L\u00f6sungen f\u00fcr die Kunden. Ziel ist es, flexible, kleinteilige Spezialprodukte in h\u00f6chster Qualit\u00e4t zu liefern.<\/p>\n<p>Pr\u00e4zision und Kontrolle werden durch strikte Prozesse gew\u00e4hrleistet, die durch TQM immer wieder auf die aktuellen Erfordernisse angepasst werden. Die finale Qualit\u00e4t der Erzeugnisse wird durch umfassende Tests in den unternehmenseigenen Pr\u00fcflaboren sichergestellt.<\/p>\n<p><strong>Grafos Steel ist ein nach ISO 9001 und ISO 14001 zertifiziertes Unternehmen.<\/strong>[\/vc_column_text][vc_btn title=&#8220;Laden Sie die ISO 9001:2015-Zertifizierung herunter&#8220; style=&#8220;outline-custom&#8220; outline_custom_color=&#8220;#666666&#8243; outline_custom_hover_background=&#8220;#666666&#8243; outline_custom_hover_text=&#8220;#ffffff&#8220; i_icon_fontawesome=&#8220;&#8220; css=&#8220;&#8220; add_icon=&#8220;true&#8220; link=&#8220;url:https%3A%2F%2Fwww.grafossteel.it%2Fwp-content%2Fuploads%2F2025%2F05%2FISO_9001-ENG-80551-2010-AQ-ITA-SINCERT-8-20250513.pdf|target:_blank&#8220;][\/vc_column][vc_column width=&#8220;1\/2&#8243;]<div class=\"image-wrapper\">\n\t\t\t\t\n\t\t\t\t<figure class=\"autosquare\" data-delta=\"1\" style=\"background-image:url('https:\/\/www.grafossteel.it\/wp-content\/uploads\/2019\/08\/GrafosSteel-Pressing-2-683x1024.jpg');\" data-url=\"https:\/\/www.grafossteel.it\/wp-content\/uploads\/2019\/08\/GrafosSteel-Pressing-2-683x1024.jpg\" data-width=\"683\" data-height=\"1024\">\n\t\t\t\t\t<img decoding=\"async\" src=\"https:\/\/www.grafossteel.it\/wp-content\/uploads\/2019\/08\/GrafosSteel-Pressing-2-683x1024.jpg\" alt=\"\" \/>\n\t\t\t\t<\/figure>\n\t\t\t\t\n\t\t\t<\/div>[\/vc_column][\/vc_row][vc_row full_width=&#8220;stretch_row&#8220; css=&#8220;.vc_custom_1565774794321{background-color: #6882b5 !important;}&#8220;][vc_column width=&#8220;1\/2&#8243;][vc_single_image image=&#8220;3374&#8243; img_size=&#8220;large&#8220; onclick=&#8220;link_image&#8220;][\/vc_column][vc_column width=&#8220;1\/2&#8243; el_class=&#8220;white-text&#8220;][vc_column_text css=&#8220;.vc_custom_1566993637286{margin-left: 15px !important;}&#8220;]<strong>Grafos Steel verf\u00fcgt \u00fcber diese Kontroll- und Pr\u00fcfeinrichtungen:<\/strong><\/p>\n<ul>\n<li>1 digitaler H\u00f6henmesser<\/li>\n<li>1 Messger\u00e4t zur Oberfl\u00e4chenveredelung<\/li>\n<li>Laserbasierte Ma\u00dfpr\u00fcfungssysteme<\/li>\n<li>1 automatisches Pr\u00fcfsystem f\u00fcr Tastendauertests<\/li>\n<li>1 Klimakammer f\u00fcr Temperatur- und Feuchtigkeitspr\u00fcfungen<\/li>\n<li>1 Salzspr\u00fchkammer f\u00fcr Korrosionspr\u00fcfungen<\/li>\n<li>5 automatische Systeme zur elektrischen\/funktionellen Pr\u00fcfung<\/li>\n<li>5 automatische Ger\u00e4te f\u00fcr die optische Inspektion<\/li>\n<li>1 Schlagpr\u00fcfstand (IK-Test)<\/li>\n<\/ul>\n<p>[\/vc_column_text][\/vc_column][\/vc_row]<\/p>\n<\/div>","protected":false},"excerpt":{"rendered":"<p>[vc_row][vc_column width=&#8220;1\/2&#8243;][vc_column_text]Die Grundvoraussetzung f\u00fcr Qualit\u00e4t ist f\u00fcr Grafos Steel die Verbindung von kontinuierlicher Innovation und langj\u00e4hriger Erfahrung. Seit \u00fcber f\u00fcnfzehn Jahren widmet sich das Team der Entwicklung der besten L\u00f6sungen f\u00fcr die Kunden. Ziel ist es, flexible, kleinteilige Spezialprodukte in h\u00f6chster Qualit\u00e4t zu liefern. Pr\u00e4zision und Kontrolle werden durch strikte Prozesse gew\u00e4hrleistet, die durch TQM [&hellip;]<\/p>\n","protected":false},"author":1,"featured_media":0,"parent":3302,"menu_order":0,"comment_status":"closed","ping_status":"closed","template":"","meta":{"_acf_changed":false,"footnotes":""},"class_list":["post-3903","page","type-page","status-publish","hentry"],"acf":[],"yoast_head":"<!-- This site is optimized with the Yoast SEO plugin v27.5 - https:\/\/yoast.com\/product\/yoast-seo-wordpress\/ -->\n<title>Qualit\u00e4t - Grafos Steel<\/title>\n<meta name=\"description\" content=\"Qualit\u00e4t - Grafos Steel - Hardware Made of Metal - Formigine Italy\" \/>\n<meta name=\"robots\" content=\"index, follow, max-snippet:-1, max-image-preview:large, max-video-preview:-1\" \/>\n<link rel=\"canonical\" href=\"https:\/\/www.grafossteel.it\/de\/unternehmen\/qualitaet\/\" \/>\n<meta property=\"og:locale\" content=\"de_DE\" \/>\n<meta property=\"og:type\" content=\"article\" \/>\n<meta property=\"og:title\" content=\"Qualit\u00e4t - Grafos Steel\" \/>\n<meta property=\"og:description\" content=\"Qualit\u00e4t - Grafos Steel - Hardware Made of Metal - Formigine Italy\" \/>\n<meta property=\"og:url\" content=\"https:\/\/www.grafossteel.it\/de\/unternehmen\/qualitaet\/\" \/>\n<meta property=\"og:site_name\" content=\"Grafos Steel\" \/>\n<meta property=\"article:modified_time\" content=\"2025-05-19T10:14:03+00:00\" \/>\n<meta name=\"twitter:card\" content=\"summary_large_image\" \/>\n<meta name=\"twitter:label1\" content=\"Gesch\u00e4tzte Lesezeit\" \/>\n\t<meta name=\"twitter:data1\" content=\"2\u00a0Minuten\" \/>\n<script type=\"application\/ld+json\" class=\"yoast-schema-graph\">{\"@context\":\"https:\\\/\\\/schema.org\",\"@graph\":[{\"@type\":\"WebPage\",\"@id\":\"https:\\\/\\\/www.grafossteel.it\\\/de\\\/unternehmen\\\/qualitaet\\\/\",\"url\":\"https:\\\/\\\/www.grafossteel.it\\\/de\\\/unternehmen\\\/qualitaet\\\/\",\"name\":\"Qualit\u00e4t - Grafos Steel\",\"isPartOf\":{\"@id\":\"https:\\\/\\\/www.grafossteel.it\\\/de\\\/#website\"},\"datePublished\":\"2019-06-05T13:59:11+00:00\",\"dateModified\":\"2025-05-19T10:14:03+00:00\",\"description\":\"Qualit\u00e4t - Grafos Steel - Hardware Made of Metal - Formigine Italy\",\"breadcrumb\":{\"@id\":\"https:\\\/\\\/www.grafossteel.it\\\/de\\\/unternehmen\\\/qualitaet\\\/#breadcrumb\"},\"inLanguage\":\"de\",\"potentialAction\":[{\"@type\":\"ReadAction\",\"target\":[\"https:\\\/\\\/www.grafossteel.it\\\/de\\\/unternehmen\\\/qualitaet\\\/\"]}]},{\"@type\":\"BreadcrumbList\",\"@id\":\"https:\\\/\\\/www.grafossteel.it\\\/de\\\/unternehmen\\\/qualitaet\\\/#breadcrumb\",\"itemListElement\":[{\"@type\":\"ListItem\",\"position\":1,\"name\":\"Home\",\"item\":\"https:\\\/\\\/www.grafossteel.it\\\/de\\\/\"},{\"@type\":\"ListItem\",\"position\":2,\"name\":\"Unternehmen\",\"item\":\"https:\\\/\\\/www.grafossteel.it\\\/de\\\/unternehmen\\\/\"},{\"@type\":\"ListItem\",\"position\":3,\"name\":\"Qualit\u00e4t\"}]},{\"@type\":\"WebSite\",\"@id\":\"https:\\\/\\\/www.grafossteel.it\\\/de\\\/#website\",\"url\":\"https:\\\/\\\/www.grafossteel.it\\\/de\\\/\",\"name\":\"Grafos Steel\",\"description\":\"Hardware Made of Metal\",\"publisher\":{\"@id\":\"https:\\\/\\\/www.grafossteel.it\\\/de\\\/#organization\"},\"potentialAction\":[{\"@type\":\"SearchAction\",\"target\":{\"@type\":\"EntryPoint\",\"urlTemplate\":\"https:\\\/\\\/www.grafossteel.it\\\/de\\\/?s={search_term_string}\"},\"query-input\":{\"@type\":\"PropertyValueSpecification\",\"valueRequired\":true,\"valueName\":\"search_term_string\"}}],\"inLanguage\":\"de\"},{\"@type\":\"Organization\",\"@id\":\"https:\\\/\\\/www.grafossteel.it\\\/de\\\/#organization\",\"name\":\"Grafos Steel S.r.l.\",\"url\":\"https:\\\/\\\/www.grafossteel.it\\\/de\\\/\",\"logo\":{\"@type\":\"ImageObject\",\"inLanguage\":\"de\",\"@id\":\"https:\\\/\\\/www.grafossteel.it\\\/de\\\/#\\\/schema\\\/logo\\\/image\\\/\",\"url\":\"https:\\\/\\\/www.grafossteel.it\\\/wp-content\\\/uploads\\\/2019\\\/09\\\/grafos-steel-tastiere-in-acciaio-logo-2019.jpg\",\"contentUrl\":\"https:\\\/\\\/www.grafossteel.it\\\/wp-content\\\/uploads\\\/2019\\\/09\\\/grafos-steel-tastiere-in-acciaio-logo-2019.jpg\",\"width\":371,\"height\":112,\"caption\":\"Grafos Steel S.r.l.\"},\"image\":{\"@id\":\"https:\\\/\\\/www.grafossteel.it\\\/de\\\/#\\\/schema\\\/logo\\\/image\\\/\"}}]}<\/script>\n<!-- \/ Yoast SEO plugin. -->","yoast_head_json":{"title":"Qualit\u00e4t - Grafos Steel","description":"Qualit\u00e4t - Grafos Steel - Hardware Made of Metal - Formigine Italy","robots":{"index":"index","follow":"follow","max-snippet":"max-snippet:-1","max-image-preview":"max-image-preview:large","max-video-preview":"max-video-preview:-1"},"canonical":"https:\/\/www.grafossteel.it\/de\/unternehmen\/qualitaet\/","og_locale":"de_DE","og_type":"article","og_title":"Qualit\u00e4t - Grafos Steel","og_description":"Qualit\u00e4t - Grafos Steel - Hardware Made of Metal - Formigine Italy","og_url":"https:\/\/www.grafossteel.it\/de\/unternehmen\/qualitaet\/","og_site_name":"Grafos Steel","article_modified_time":"2025-05-19T10:14:03+00:00","twitter_card":"summary_large_image","twitter_misc":{"Gesch\u00e4tzte Lesezeit":"2\u00a0Minuten"},"schema":{"@context":"https:\/\/schema.org","@graph":[{"@type":"WebPage","@id":"https:\/\/www.grafossteel.it\/de\/unternehmen\/qualitaet\/","url":"https:\/\/www.grafossteel.it\/de\/unternehmen\/qualitaet\/","name":"Qualit\u00e4t - Grafos Steel","isPartOf":{"@id":"https:\/\/www.grafossteel.it\/de\/#website"},"datePublished":"2019-06-05T13:59:11+00:00","dateModified":"2025-05-19T10:14:03+00:00","description":"Qualit\u00e4t - Grafos Steel - Hardware Made of Metal - Formigine Italy","breadcrumb":{"@id":"https:\/\/www.grafossteel.it\/de\/unternehmen\/qualitaet\/#breadcrumb"},"inLanguage":"de","potentialAction":[{"@type":"ReadAction","target":["https:\/\/www.grafossteel.it\/de\/unternehmen\/qualitaet\/"]}]},{"@type":"BreadcrumbList","@id":"https:\/\/www.grafossteel.it\/de\/unternehmen\/qualitaet\/#breadcrumb","itemListElement":[{"@type":"ListItem","position":1,"name":"Home","item":"https:\/\/www.grafossteel.it\/de\/"},{"@type":"ListItem","position":2,"name":"Unternehmen","item":"https:\/\/www.grafossteel.it\/de\/unternehmen\/"},{"@type":"ListItem","position":3,"name":"Qualit\u00e4t"}]},{"@type":"WebSite","@id":"https:\/\/www.grafossteel.it\/de\/#website","url":"https:\/\/www.grafossteel.it\/de\/","name":"Grafos Steel","description":"Hardware Made of Metal","publisher":{"@id":"https:\/\/www.grafossteel.it\/de\/#organization"},"potentialAction":[{"@type":"SearchAction","target":{"@type":"EntryPoint","urlTemplate":"https:\/\/www.grafossteel.it\/de\/?s={search_term_string}"},"query-input":{"@type":"PropertyValueSpecification","valueRequired":true,"valueName":"search_term_string"}}],"inLanguage":"de"},{"@type":"Organization","@id":"https:\/\/www.grafossteel.it\/de\/#organization","name":"Grafos Steel S.r.l.","url":"https:\/\/www.grafossteel.it\/de\/","logo":{"@type":"ImageObject","inLanguage":"de","@id":"https:\/\/www.grafossteel.it\/de\/#\/schema\/logo\/image\/","url":"https:\/\/www.grafossteel.it\/wp-content\/uploads\/2019\/09\/grafos-steel-tastiere-in-acciaio-logo-2019.jpg","contentUrl":"https:\/\/www.grafossteel.it\/wp-content\/uploads\/2019\/09\/grafos-steel-tastiere-in-acciaio-logo-2019.jpg","width":371,"height":112,"caption":"Grafos Steel S.r.l."},"image":{"@id":"https:\/\/www.grafossteel.it\/de\/#\/schema\/logo\/image\/"}}]}},"_links":{"self":[{"href":"https:\/\/www.grafossteel.it\/de\/wp-json\/wp\/v2\/pages\/3903","targetHints":{"allow":["GET"]}}],"collection":[{"href":"https:\/\/www.grafossteel.it\/de\/wp-json\/wp\/v2\/pages"}],"about":[{"href":"https:\/\/www.grafossteel.it\/de\/wp-json\/wp\/v2\/types\/page"}],"author":[{"embeddable":true,"href":"https:\/\/www.grafossteel.it\/de\/wp-json\/wp\/v2\/users\/1"}],"replies":[{"embeddable":true,"href":"https:\/\/www.grafossteel.it\/de\/wp-json\/wp\/v2\/comments?post=3903"}],"version-history":[{"count":8,"href":"https:\/\/www.grafossteel.it\/de\/wp-json\/wp\/v2\/pages\/3903\/revisions"}],"predecessor-version":[{"id":22700,"href":"https:\/\/www.grafossteel.it\/de\/wp-json\/wp\/v2\/pages\/3903\/revisions\/22700"}],"up":[{"embeddable":true,"href":"https:\/\/www.grafossteel.it\/de\/wp-json\/wp\/v2\/pages\/3302"}],"wp:attachment":[{"href":"https:\/\/www.grafossteel.it\/de\/wp-json\/wp\/v2\/media?parent=3903"}],"curies":[{"name":"wp","href":"https:\/\/api.w.org\/{rel}","templated":true}]}}