{"id":3895,"date":"2019-06-17T16:41:47","date_gmt":"2019-06-17T14:41:47","guid":{"rendered":"https:\/\/www.grafossteel.it\/?page_id=3895"},"modified":"2019-09-27T17:32:36","modified_gmt":"2019-09-27T15:32:36","slug":"geschichte","status":"publish","type":"page","link":"https:\/\/www.grafossteel.it\/de\/unternehmen\/geschichte\/","title":{"rendered":"Geschichte"},"content":{"rendered":"<div class=\"wpb-content-wrapper\"><p>[vc_row][vc_column width=&#8220;1\/2&#8243; css=&#8220;.vc_custom_1566308969595{background-color: #efefef !important;}&#8220;]<div class=\"deco-title sinistra\">\n\t\t\t<h2 class=\"main-title\">Mehr als 15 Jahre Hardware Made of Metal<\/h2>\n\t\t\t\n\t\t<\/div>[vc_column_text css_animation=&#8220;none&#8220;]Das heutige Unternehmen Grafos Steel wurde im Januar 2001 zun\u00e4chst unter dem Namen Mekano Srl gegr\u00fcndet. Mekano war dabei eigenst\u00e4ndiger Teil der Grafos-Gruppe. Ziel war der Investition war es, wettbewerbsf\u00e4hige und hochwertige Tastaturen und Tastenfelder aus Edelstahl sowie Rahmen f\u00fcr Bediensysteme herzustellen. Besonders die Individualit\u00e4t der Produkte standen dabei im Mittelpunkt.<\/p>\n<p>Im Oktober 2009 wurde Mekano unter dem neuen Namen Grafos Steel als Spin-Off eigenst\u00e4ndig und unabh\u00e4ngig. Unter neuen Namen und mit einer neuen Besitzstruktur, die ma\u00dfgeblich durch Herrn Toberto Gatti repr\u00e4sentiert ist, agiert das Unternehmen seither erfolgreich am Markt. So konnten seit Bestehen von Grafos Steel j\u00e4hrliche Umsatzzuw\u00e4chse erzielt werden und ebenso h\u00e4ufig neue Technologien in das Portfolio \u00fcberf\u00fchrt werden.<\/p>\n<p><strong>Durch permanente Investitionen in Maschinen und Know-how geh\u00f6rt Grafos Steel heute zu den f\u00fchrenden europ\u00e4ischen Herstellern von Eingabe- und Bediensystemen aus Metall.<\/strong>[\/vc_column_text][\/vc_column][vc_column width=&#8220;1\/2&#8243; css=&#8220;.vc_custom_1566308958228{margin-left: 20px !important;}&#8220;]<div class=\"timeline\">\n\t\t\t<h2 class=\"timeline-title\">Scroll down to see the time line<\/h2><div class=\"item-wrapper animate_when_almost_visible\"><div class=\"row\">\n\t\t\t\t\n\t\t\t\t<div class=\"col-md-5\"><\/div>\n\t\t\t\t<div class=\"col-md-2\"><div class=\"autosquare\" style=\"background-image:url('https:\/\/www.grafossteel.it\/wp-content\/uploads\/2018\/02\/home-icon.jpg');\"><img decoding=\"async\" src=\"https:\/\/www.grafossteel.it\/wp-content\/uploads\/2018\/02\/home-icon.jpg\" alt=\"\" \/><\/div><\/div>\n\t\t\t\t<div class=\"col-md-5\"><div class=\"timeline-item-right\"><h3>2001<\/h3>Mekano wird als Unternehmen f\u00fcr Metallbearbeitung gegr\u00fcndet<\/div><\/div>\n\t\t\t\t\n\t\t\t<\/div><\/div><div class=\"item-wrapper animate_when_almost_visible\"><div class=\"row\">\n\t\t\t\t\n\t\t\t\t<div class=\"col-md-5\"><div class=\"timeline-item-left\"><h3>2003<\/h3>CLICK Inox wird als Weiterentwicklung einer Folientastatur mit Metalloberfl\u00e4che entwickelt<\/div><\/div>\n\t\t\t\t<div class=\"col-md-2\"><div class=\"autosquare\" style=\"background-image:url('https:\/\/www.grafossteel.it\/wp-content\/uploads\/2018\/02\/one-keyboard-icon.jpg');\"><img decoding=\"async\" src=\"https:\/\/www.grafossteel.it\/wp-content\/uploads\/2018\/02\/one-keyboard-icon.jpg\" alt=\"\" \/><\/div><\/div>\n\t\t\t\t<div class=\"col-md-5\"><\/div>\n\t\t\t\t\n\t\t\t<\/div><\/div><div class=\"item-wrapper animate_when_almost_visible\"><div class=\"row\">\n\t\t\t\t\n\t\t\t\t<div class=\"col-md-5\"><\/div>\n\t\t\t\t<div class=\"col-md-2\"><div class=\"autosquare\" style=\"background-image:url('https:\/\/www.grafossteel.it\/wp-content\/uploads\/2018\/02\/two-keyboards-icon.jpg');\"><img decoding=\"async\" src=\"https:\/\/www.grafossteel.it\/wp-content\/uploads\/2018\/02\/two-keyboards-icon.jpg\" alt=\"\" \/><\/div><\/div>\n\t\t\t\t<div class=\"col-md-5\"><div class=\"timeline-item-right\"><h3>2004-2005<\/h3>DIGI INOX und FIT INOX werden als Tastentechnologien entwickelt, die neue Ma\u00dfst\u00e4be im Bereich Edelstahltastaturen setzen<\/div><\/div>\n\t\t\t\t\n\t\t\t<\/div><\/div><div class=\"item-wrapper animate_when_almost_visible\"><div class=\"row\">\n\t\t\t\t\n\t\t\t\t<div class=\"col-md-5\"><\/div>\n\t\t\t\t<div class=\"col-md-2\"><div class=\"autosquare\" style=\"background-image:url('https:\/\/www.grafossteel.it\/wp-content\/uploads\/2018\/02\/panel-icon.jpg');\"><img decoding=\"async\" src=\"https:\/\/www.grafossteel.it\/wp-content\/uploads\/2018\/02\/panel-icon.jpg\" alt=\"\" \/><\/div><\/div>\n\t\t\t\t<div class=\"col-md-5\"><div class=\"timeline-item-right\"><h3>2009<\/h3>Mekano wird zu Grafos Steel und beginnt mit der Herstellung von Metallrahmen und Bedienpanels<\/div><\/div>\n\t\t\t\t\n\t\t\t<\/div><\/div><div class=\"item-wrapper animate_when_almost_visible\"><div class=\"row\">\n\t\t\t\t\n\t\t\t\t<div class=\"col-md-5\"><div class=\"timeline-item-left\"><h3>2012<\/h3>Niederlassung am heutigen Standort Formigine (Region Modena)<\/div><\/div>\n\t\t\t\t<div class=\"col-md-2\"><div class=\"autosquare\" style=\"background-image:url('https:\/\/www.grafossteel.it\/wp-content\/uploads\/2018\/02\/company-icon.jpg');\"><img decoding=\"async\" src=\"https:\/\/www.grafossteel.it\/wp-content\/uploads\/2018\/02\/company-icon.jpg\" alt=\"\" \/><\/div><\/div>\n\t\t\t\t<div class=\"col-md-5\"><\/div>\n\t\t\t\t\n\t\t\t<\/div><\/div><div class=\"item-wrapper animate_when_almost_visible\"><div class=\"row\">\n\t\t\t\t\n\t\t\t\t<div class=\"col-md-5\"><\/div>\n\t\t\t\t<div class=\"col-md-2\"><div class=\"autosquare\" style=\"background-image:url('https:\/\/www.grafossteel.it\/wp-content\/uploads\/2017\/11\/icona-usb.jpg');\"><img decoding=\"async\" src=\"https:\/\/www.grafossteel.it\/wp-content\/uploads\/2017\/11\/icona-usb.jpg\" alt=\"\" \/><\/div><\/div>\n\t\t\t\t<div class=\"col-md-5\"><div class=\"timeline-item-right\"><h3>2016<\/h3>Positive Entwicklung in ausl\u00e4ndischen M\u00e4rkten; 4,9 Mio. Euro Umsatz und 35 Mitarbeiter<\/div><\/div>\n\t\t\t\t\n\t\t\t<\/div><\/div><div class=\"item-wrapper animate_when_almost_visible\"><div class=\"row\">\n\t\t\t\t\n\t\t\t\t<div class=\"col-md-5\"><div class=\"timeline-item-left\"><h3>2017<\/h3>Signifikante Investitionen in die Fertigung von Bedienpanels wie Reinraum, Bonding-Verfahren und automatische Vergussanlage<\/div><\/div>\n\t\t\t\t<div class=\"col-md-2\"><div class=\"autosquare\" style=\"background-image:url('https:\/\/www.grafossteel.it\/wp-content\/uploads\/2018\/02\/panel-icon.jpg');\"><img decoding=\"async\" src=\"https:\/\/www.grafossteel.it\/wp-content\/uploads\/2018\/02\/panel-icon.jpg\" alt=\"\" \/><\/div><\/div>\n\t\t\t\t<div class=\"col-md-5\"><\/div>\n\t\t\t\t\n\t\t\t<\/div><\/div><div class=\"item-wrapper animate_when_almost_visible\"><div class=\"row\">\n\t\t\t\t\n\t\t\t\t<div class=\"col-md-5\"><\/div>\n\t\t\t\t<div class=\"col-md-2\"><div class=\"autosquare\" style=\"background-image:url('https:\/\/www.grafossteel.it\/wp-content\/uploads\/2018\/02\/grafos-icon.jpg');\"><img decoding=\"async\" src=\"https:\/\/www.grafossteel.it\/wp-content\/uploads\/2018\/02\/grafos-icon.jpg\" alt=\"\" \/><\/div><\/div>\n\t\t\t\t<div class=\"col-md-5\"><\/div>\n\t\t\t\t<div class=\"col-md-12\"><div class=\"timeline-item-lower\"><h3>2019<\/h3>Erwerb der Firma NOXID; gesch\u00e4tzter Gruppenumsatz 9 Mio. Euro und 60 Mitarbeiter<br \/>\n <br \/>\n<\/div><\/div>\n\t\t\t<\/div><\/div><\/div>[\/vc_column][\/vc_row]<\/p>\n<\/div>","protected":false},"excerpt":{"rendered":"<p>[vc_row][vc_column width=&#8220;1\/2&#8243; css=&#8220;.vc_custom_1566308969595{background-color: #efefef !important;}&#8220;][vc_column_text css_animation=&#8220;none&#8220;]Das heutige Unternehmen Grafos Steel wurde im Januar 2001 zun\u00e4chst unter dem Namen Mekano Srl gegr\u00fcndet. Mekano war dabei eigenst\u00e4ndiger Teil der Grafos-Gruppe. Ziel war der Investition war es, wettbewerbsf\u00e4hige und hochwertige Tastaturen und Tastenfelder aus Edelstahl sowie Rahmen f\u00fcr Bediensysteme herzustellen. Besonders die Individualit\u00e4t der Produkte standen dabei im [&hellip;]<\/p>\n","protected":false},"author":1,"featured_media":0,"parent":3302,"menu_order":0,"comment_status":"closed","ping_status":"closed","template":"","meta":{"_acf_changed":false,"footnotes":""},"class_list":["post-3895","page","type-page","status-publish","hentry"],"acf":[],"yoast_head":"<!-- This site is optimized with the Yoast SEO plugin v27.3 - https:\/\/yoast.com\/product\/yoast-seo-wordpress\/ -->\n<title>Geschichte - Grafos Steel<\/title>\n<meta name=\"description\" content=\"Geschichte - Grafos Steel - Hardware Made of Metal - Formigine Italy\" \/>\n<meta name=\"robots\" content=\"index, follow, max-snippet:-1, max-image-preview:large, max-video-preview:-1\" \/>\n<link rel=\"canonical\" href=\"https:\/\/www.grafossteel.it\/de\/unternehmen\/geschichte\/\" \/>\n<meta property=\"og:locale\" content=\"de_DE\" \/>\n<meta property=\"og:type\" content=\"article\" \/>\n<meta property=\"og:title\" content=\"Geschichte - Grafos Steel\" \/>\n<meta property=\"og:description\" content=\"Geschichte - Grafos Steel - Hardware Made of Metal - Formigine Italy\" \/>\n<meta property=\"og:url\" content=\"https:\/\/www.grafossteel.it\/de\/unternehmen\/geschichte\/\" \/>\n<meta property=\"og:site_name\" content=\"Grafos Steel\" \/>\n<meta property=\"article:modified_time\" content=\"2019-09-27T15:32:36+00:00\" \/>\n<meta name=\"twitter:card\" content=\"summary_large_image\" \/>\n<meta name=\"twitter:label1\" content=\"Gesch\u00e4tzte Lesezeit\" \/>\n\t<meta name=\"twitter:data1\" content=\"2\u00a0Minuten\" \/>\n<script type=\"application\/ld+json\" class=\"yoast-schema-graph\">{\"@context\":\"https:\\\/\\\/schema.org\",\"@graph\":[{\"@type\":\"WebPage\",\"@id\":\"https:\\\/\\\/www.grafossteel.it\\\/de\\\/unternehmen\\\/geschichte\\\/\",\"url\":\"https:\\\/\\\/www.grafossteel.it\\\/de\\\/unternehmen\\\/geschichte\\\/\",\"name\":\"Geschichte - Grafos Steel\",\"isPartOf\":{\"@id\":\"https:\\\/\\\/www.grafossteel.it\\\/de\\\/#website\"},\"datePublished\":\"2019-06-17T14:41:47+00:00\",\"dateModified\":\"2019-09-27T15:32:36+00:00\",\"description\":\"Geschichte - Grafos Steel - Hardware Made of Metal - Formigine Italy\",\"breadcrumb\":{\"@id\":\"https:\\\/\\\/www.grafossteel.it\\\/de\\\/unternehmen\\\/geschichte\\\/#breadcrumb\"},\"inLanguage\":\"de\",\"potentialAction\":[{\"@type\":\"ReadAction\",\"target\":[\"https:\\\/\\\/www.grafossteel.it\\\/de\\\/unternehmen\\\/geschichte\\\/\"]}]},{\"@type\":\"BreadcrumbList\",\"@id\":\"https:\\\/\\\/www.grafossteel.it\\\/de\\\/unternehmen\\\/geschichte\\\/#breadcrumb\",\"itemListElement\":[{\"@type\":\"ListItem\",\"position\":1,\"name\":\"Home\",\"item\":\"https:\\\/\\\/www.grafossteel.it\\\/de\\\/\"},{\"@type\":\"ListItem\",\"position\":2,\"name\":\"Unternehmen\",\"item\":\"https:\\\/\\\/www.grafossteel.it\\\/de\\\/unternehmen\\\/\"},{\"@type\":\"ListItem\",\"position\":3,\"name\":\"Geschichte\"}]},{\"@type\":\"WebSite\",\"@id\":\"https:\\\/\\\/www.grafossteel.it\\\/de\\\/#website\",\"url\":\"https:\\\/\\\/www.grafossteel.it\\\/de\\\/\",\"name\":\"Grafos Steel\",\"description\":\"Hardware Made of Metal\",\"publisher\":{\"@id\":\"https:\\\/\\\/www.grafossteel.it\\\/de\\\/#organization\"},\"potentialAction\":[{\"@type\":\"SearchAction\",\"target\":{\"@type\":\"EntryPoint\",\"urlTemplate\":\"https:\\\/\\\/www.grafossteel.it\\\/de\\\/?s={search_term_string}\"},\"query-input\":{\"@type\":\"PropertyValueSpecification\",\"valueRequired\":true,\"valueName\":\"search_term_string\"}}],\"inLanguage\":\"de\"},{\"@type\":\"Organization\",\"@id\":\"https:\\\/\\\/www.grafossteel.it\\\/de\\\/#organization\",\"name\":\"Grafos Steel S.r.l.\",\"url\":\"https:\\\/\\\/www.grafossteel.it\\\/de\\\/\",\"logo\":{\"@type\":\"ImageObject\",\"inLanguage\":\"de\",\"@id\":\"https:\\\/\\\/www.grafossteel.it\\\/de\\\/#\\\/schema\\\/logo\\\/image\\\/\",\"url\":\"https:\\\/\\\/www.grafossteel.it\\\/wp-content\\\/uploads\\\/2019\\\/09\\\/grafos-steel-tastiere-in-acciaio-logo-2019.jpg\",\"contentUrl\":\"https:\\\/\\\/www.grafossteel.it\\\/wp-content\\\/uploads\\\/2019\\\/09\\\/grafos-steel-tastiere-in-acciaio-logo-2019.jpg\",\"width\":371,\"height\":112,\"caption\":\"Grafos Steel S.r.l.\"},\"image\":{\"@id\":\"https:\\\/\\\/www.grafossteel.it\\\/de\\\/#\\\/schema\\\/logo\\\/image\\\/\"}}]}<\/script>\n<!-- \/ Yoast SEO plugin. -->","yoast_head_json":{"title":"Geschichte - Grafos Steel","description":"Geschichte - Grafos Steel - Hardware Made of Metal - Formigine Italy","robots":{"index":"index","follow":"follow","max-snippet":"max-snippet:-1","max-image-preview":"max-image-preview:large","max-video-preview":"max-video-preview:-1"},"canonical":"https:\/\/www.grafossteel.it\/de\/unternehmen\/geschichte\/","og_locale":"de_DE","og_type":"article","og_title":"Geschichte - Grafos Steel","og_description":"Geschichte - Grafos Steel - Hardware Made of Metal - Formigine Italy","og_url":"https:\/\/www.grafossteel.it\/de\/unternehmen\/geschichte\/","og_site_name":"Grafos Steel","article_modified_time":"2019-09-27T15:32:36+00:00","twitter_card":"summary_large_image","twitter_misc":{"Gesch\u00e4tzte Lesezeit":"2\u00a0Minuten"},"schema":{"@context":"https:\/\/schema.org","@graph":[{"@type":"WebPage","@id":"https:\/\/www.grafossteel.it\/de\/unternehmen\/geschichte\/","url":"https:\/\/www.grafossteel.it\/de\/unternehmen\/geschichte\/","name":"Geschichte - Grafos Steel","isPartOf":{"@id":"https:\/\/www.grafossteel.it\/de\/#website"},"datePublished":"2019-06-17T14:41:47+00:00","dateModified":"2019-09-27T15:32:36+00:00","description":"Geschichte - Grafos Steel - Hardware Made of Metal - Formigine Italy","breadcrumb":{"@id":"https:\/\/www.grafossteel.it\/de\/unternehmen\/geschichte\/#breadcrumb"},"inLanguage":"de","potentialAction":[{"@type":"ReadAction","target":["https:\/\/www.grafossteel.it\/de\/unternehmen\/geschichte\/"]}]},{"@type":"BreadcrumbList","@id":"https:\/\/www.grafossteel.it\/de\/unternehmen\/geschichte\/#breadcrumb","itemListElement":[{"@type":"ListItem","position":1,"name":"Home","item":"https:\/\/www.grafossteel.it\/de\/"},{"@type":"ListItem","position":2,"name":"Unternehmen","item":"https:\/\/www.grafossteel.it\/de\/unternehmen\/"},{"@type":"ListItem","position":3,"name":"Geschichte"}]},{"@type":"WebSite","@id":"https:\/\/www.grafossteel.it\/de\/#website","url":"https:\/\/www.grafossteel.it\/de\/","name":"Grafos Steel","description":"Hardware Made of Metal","publisher":{"@id":"https:\/\/www.grafossteel.it\/de\/#organization"},"potentialAction":[{"@type":"SearchAction","target":{"@type":"EntryPoint","urlTemplate":"https:\/\/www.grafossteel.it\/de\/?s={search_term_string}"},"query-input":{"@type":"PropertyValueSpecification","valueRequired":true,"valueName":"search_term_string"}}],"inLanguage":"de"},{"@type":"Organization","@id":"https:\/\/www.grafossteel.it\/de\/#organization","name":"Grafos Steel S.r.l.","url":"https:\/\/www.grafossteel.it\/de\/","logo":{"@type":"ImageObject","inLanguage":"de","@id":"https:\/\/www.grafossteel.it\/de\/#\/schema\/logo\/image\/","url":"https:\/\/www.grafossteel.it\/wp-content\/uploads\/2019\/09\/grafos-steel-tastiere-in-acciaio-logo-2019.jpg","contentUrl":"https:\/\/www.grafossteel.it\/wp-content\/uploads\/2019\/09\/grafos-steel-tastiere-in-acciaio-logo-2019.jpg","width":371,"height":112,"caption":"Grafos Steel S.r.l."},"image":{"@id":"https:\/\/www.grafossteel.it\/de\/#\/schema\/logo\/image\/"}}]}},"_links":{"self":[{"href":"https:\/\/www.grafossteel.it\/de\/wp-json\/wp\/v2\/pages\/3895","targetHints":{"allow":["GET"]}}],"collection":[{"href":"https:\/\/www.grafossteel.it\/de\/wp-json\/wp\/v2\/pages"}],"about":[{"href":"https:\/\/www.grafossteel.it\/de\/wp-json\/wp\/v2\/types\/page"}],"author":[{"embeddable":true,"href":"https:\/\/www.grafossteel.it\/de\/wp-json\/wp\/v2\/users\/1"}],"replies":[{"embeddable":true,"href":"https:\/\/www.grafossteel.it\/de\/wp-json\/wp\/v2\/comments?post=3895"}],"version-history":[{"count":13,"href":"https:\/\/www.grafossteel.it\/de\/wp-json\/wp\/v2\/pages\/3895\/revisions"}],"predecessor-version":[{"id":5644,"href":"https:\/\/www.grafossteel.it\/de\/wp-json\/wp\/v2\/pages\/3895\/revisions\/5644"}],"up":[{"embeddable":true,"href":"https:\/\/www.grafossteel.it\/de\/wp-json\/wp\/v2\/pages\/3302"}],"wp:attachment":[{"href":"https:\/\/www.grafossteel.it\/de\/wp-json\/wp\/v2\/media?parent=3895"}],"curies":[{"name":"wp","href":"https:\/\/api.w.org\/{rel}","templated":true}]}}