{"id":3890,"date":"2019-06-17T16:42:11","date_gmt":"2019-06-17T14:42:11","guid":{"rendered":"https:\/\/www.grafossteel.it\/?page_id=3890"},"modified":"2023-09-18T11:09:52","modified_gmt":"2023-09-18T09:09:52","slug":"produktion","status":"publish","type":"page","link":"https:\/\/www.grafossteel.it\/de\/unternehmen\/produktion\/","title":{"rendered":"Produktion"},"content":{"rendered":"<div class=\"wpb-content-wrapper\"><p>[vc_row][vc_column width=&#8220;1\/2&#8243;]<div class=\"deco-title sinistra\">\n\t\t\t<h2 class=\"main-title\">Das Herzst\u00fcck: Die Produktion<\/h2>\n\t\t\t<h3 class=\"sub-title\">100 % Flexibilit\u00e4t, Vielseitigkeit und Professionalit\u00e4t<\/h3>\n\t\t<\/div>[vc_column_text]Die Produktion von Grafos Steel verf\u00fcgt \u00fcber <strong>eine Fertigungstiefe von nahezu 100%<\/strong> im Bereich Metallbearbeitung. Grundlage daf\u00fcr ist ein exzellent ausgestatteter, weit reichender Maschinenpark und hochqualifiziertes Personal. Das Resultat ist die Umsetzung kleinteiliger, spezieller, individueller und hochwertiger Produkte. Zudem ergibt sich eine hohe Flexibilit\u00e4t gegen\u00fcber den Anforderungen der Kunden. <strong>Von der Frontplatte \u00fcber das Touchpanel bis zur Bedienstation fertigt Grafos Steel die gesamte Bandbreite an HMI-Hardware.\u00a0<\/strong><\/p>\n<p>Grafos Steel fertigt an zwei Standorten im Raum Formigine (Region Modena, Italien). Am Hauptsitz befindet sich <strong>auf 2.000 Quadratmetern die sogenannte &#8222;wei\u00dfe&#8220; Fertigung<\/strong>, die die Montage und Fertigungsstufen unter sauberen Bedingungen umfasst. Am Standort Ubersetto, ca. f\u00fcnf Kilometer entfernt, befindet sich <strong>auf 3.000 Quadratmetern die mechanische Fertigung<\/strong>, die im Wesentlichen die gesamte Metallbearbeitung beinhaltet. Die Fertigung reicht vom Rohmaterial ab Platte\/Coil bis zum fertigen mechanischen Produkt.[\/vc_column_text][vc_column_text css=&#8220;.vc_custom_1695027806995{margin-left: 0px !important;padding-top: 10px !important;padding-right: 10px !important;padding-bottom: 15px !important;padding-left: 15px !important;background-color: #eaeaea !important;}&#8220;]<strong>Unsere Fertigungs- und Pr\u00fcfausstattung<\/strong><\/p>\n<ul>\n<li>7 x Fr\u00e4smaschinen 1.000 x 1.500 mm<\/li>\n<li>3 x 3-Achsen-CNC-Fr\u00e4smaschinen<\/li>\n<li>1 x 5-Achsen-CNC-Fr\u00e4smaschine<\/li>\n<li>1 x 4-Achsen-CNC-Fr\u00e4smaschine<\/li>\n<li>1 x Faserlaserschneidmaschine 4.000 W<\/li>\n<li>1 x Faserlaserschneidmaschine x 2.000 W<\/li>\n<li>1 x Kombinierte Stanz- und Faserlaserschneidmaschine 3.000W<\/li>\n<li>1 x Stanzmaschine<\/li>\n<li>2 x Biegemaschinen<\/li>\n<li>2 x Schleifmaschinen<\/li>\n<li>2 x Bolzeneinpressmaschinen<\/li>\n<li>2 x Automatische Bolzenschwei\u00dfmaschinen<\/li>\n<li>1 x Siebdruckanlage mit automatischer Tocknung<\/li>\n<li>Laserschwei\u00dfen<\/li>\n<li>MIG- und MAG-Schwei\u00dfen<\/li>\n<li>1 x Schleifroboter<\/li>\n<li>1 x Siebdruckmaschine f\u00fcr kleine St\u00fcckzahlen<\/li>\n<li>1 x Digitaldruckanlage<\/li>\n<li>1 x Reinraum<\/li>\n<li>2 x Laserschneidmaschinen f\u00fcr Kunststoff<\/li>\n<li>2 x Laserbeschriftungsmaschinen<\/li>\n<li>1 x Stanzmaschine<\/li>\n<li>1 x Pick &amp; Place f\u00fcr Metallkomponenten<\/li>\n<li>1 x CNC-Silikondispenser<\/li>\n<li>1 x automatische mechanische Pr\u00fcfmaschine<\/li>\n<li>1 x automatische optische Pr\u00fcfmaschine<\/li>\n<li>1 x Klimatestkammer<\/li>\n<li>1 x Salzspr\u00fchnebel-Pr\u00fcfger\u00e4t<\/li>\n<li>1 x Abriebtestger\u00e4t<\/li>\n<li>1 x Schlagpr\u00fcfger\u00e4t<\/li>\n<\/ul>\n<p>[\/vc_column_text][\/vc_column][vc_column width=&#8220;1\/2&#8243;][vc_masonry_media_grid element_width=&#8220;6&#8243; gap=&#8220;10&#8243; grid_id=&#8220;vc_gid:1695028086103-7c6ff123-586b-6&#8243; include=&#8220;13566,13581,3670,13587,13578,3320,13569,4648,13575,4630,4657,4660,4642,4645,3667,13584,13572,13563,4636&#8243;][\/vc_column][\/vc_row]<\/p>\n<\/div>","protected":false},"excerpt":{"rendered":"<p>[vc_row][vc_column width=&#8220;1\/2&#8243;][vc_column_text]Die Produktion von Grafos Steel verf\u00fcgt \u00fcber eine Fertigungstiefe von nahezu 100% im Bereich Metallbearbeitung. Grundlage daf\u00fcr ist ein exzellent ausgestatteter, weit reichender Maschinenpark und hochqualifiziertes Personal. Das Resultat ist die Umsetzung kleinteiliger, spezieller, individueller und hochwertiger Produkte. Zudem ergibt sich eine hohe Flexibilit\u00e4t gegen\u00fcber den Anforderungen der Kunden. Von der Frontplatte \u00fcber das [&hellip;]<\/p>\n","protected":false},"author":1,"featured_media":0,"parent":3302,"menu_order":0,"comment_status":"closed","ping_status":"closed","template":"","meta":{"_acf_changed":false,"footnotes":""},"class_list":["post-3890","page","type-page","status-publish","hentry"],"acf":[],"yoast_head":"<!-- This site is optimized with the Yoast SEO plugin v27.4 - https:\/\/yoast.com\/product\/yoast-seo-wordpress\/ -->\n<title>Produktion - Grafos Steel<\/title>\n<meta name=\"description\" content=\"Produktion - Grafos Steel - Hardware Made of Metal - Formigine Italy\" \/>\n<meta name=\"robots\" content=\"index, follow, max-snippet:-1, max-image-preview:large, max-video-preview:-1\" \/>\n<link rel=\"canonical\" href=\"https:\/\/www.grafossteel.it\/de\/unternehmen\/produktion\/\" \/>\n<meta property=\"og:locale\" content=\"de_DE\" \/>\n<meta property=\"og:type\" content=\"article\" \/>\n<meta property=\"og:title\" content=\"Produktion - Grafos Steel\" \/>\n<meta property=\"og:description\" content=\"Produktion - Grafos Steel - Hardware Made of Metal - Formigine Italy\" \/>\n<meta property=\"og:url\" content=\"https:\/\/www.grafossteel.it\/de\/unternehmen\/produktion\/\" \/>\n<meta property=\"og:site_name\" content=\"Grafos Steel\" \/>\n<meta property=\"article:modified_time\" content=\"2023-09-18T09:09:52+00:00\" \/>\n<meta name=\"twitter:card\" content=\"summary_large_image\" \/>\n<meta name=\"twitter:label1\" content=\"Gesch\u00e4tzte Lesezeit\" \/>\n\t<meta name=\"twitter:data1\" content=\"2\u00a0Minuten\" \/>\n<script type=\"application\/ld+json\" class=\"yoast-schema-graph\">{\"@context\":\"https:\\\/\\\/schema.org\",\"@graph\":[{\"@type\":\"WebPage\",\"@id\":\"https:\\\/\\\/www.grafossteel.it\\\/de\\\/unternehmen\\\/produktion\\\/\",\"url\":\"https:\\\/\\\/www.grafossteel.it\\\/de\\\/unternehmen\\\/produktion\\\/\",\"name\":\"Produktion - Grafos Steel\",\"isPartOf\":{\"@id\":\"https:\\\/\\\/www.grafossteel.it\\\/de\\\/#website\"},\"datePublished\":\"2019-06-17T14:42:11+00:00\",\"dateModified\":\"2023-09-18T09:09:52+00:00\",\"description\":\"Produktion - Grafos Steel - Hardware Made of Metal - Formigine Italy\",\"breadcrumb\":{\"@id\":\"https:\\\/\\\/www.grafossteel.it\\\/de\\\/unternehmen\\\/produktion\\\/#breadcrumb\"},\"inLanguage\":\"de\",\"potentialAction\":[{\"@type\":\"ReadAction\",\"target\":[\"https:\\\/\\\/www.grafossteel.it\\\/de\\\/unternehmen\\\/produktion\\\/\"]}]},{\"@type\":\"BreadcrumbList\",\"@id\":\"https:\\\/\\\/www.grafossteel.it\\\/de\\\/unternehmen\\\/produktion\\\/#breadcrumb\",\"itemListElement\":[{\"@type\":\"ListItem\",\"position\":1,\"name\":\"Home\",\"item\":\"https:\\\/\\\/www.grafossteel.it\\\/de\\\/\"},{\"@type\":\"ListItem\",\"position\":2,\"name\":\"Unternehmen\",\"item\":\"https:\\\/\\\/www.grafossteel.it\\\/de\\\/unternehmen\\\/\"},{\"@type\":\"ListItem\",\"position\":3,\"name\":\"Produktion\"}]},{\"@type\":\"WebSite\",\"@id\":\"https:\\\/\\\/www.grafossteel.it\\\/de\\\/#website\",\"url\":\"https:\\\/\\\/www.grafossteel.it\\\/de\\\/\",\"name\":\"Grafos Steel\",\"description\":\"Hardware Made of Metal\",\"publisher\":{\"@id\":\"https:\\\/\\\/www.grafossteel.it\\\/de\\\/#organization\"},\"potentialAction\":[{\"@type\":\"SearchAction\",\"target\":{\"@type\":\"EntryPoint\",\"urlTemplate\":\"https:\\\/\\\/www.grafossteel.it\\\/de\\\/?s={search_term_string}\"},\"query-input\":{\"@type\":\"PropertyValueSpecification\",\"valueRequired\":true,\"valueName\":\"search_term_string\"}}],\"inLanguage\":\"de\"},{\"@type\":\"Organization\",\"@id\":\"https:\\\/\\\/www.grafossteel.it\\\/de\\\/#organization\",\"name\":\"Grafos Steel S.r.l.\",\"url\":\"https:\\\/\\\/www.grafossteel.it\\\/de\\\/\",\"logo\":{\"@type\":\"ImageObject\",\"inLanguage\":\"de\",\"@id\":\"https:\\\/\\\/www.grafossteel.it\\\/de\\\/#\\\/schema\\\/logo\\\/image\\\/\",\"url\":\"https:\\\/\\\/www.grafossteel.it\\\/wp-content\\\/uploads\\\/2019\\\/09\\\/grafos-steel-tastiere-in-acciaio-logo-2019.jpg\",\"contentUrl\":\"https:\\\/\\\/www.grafossteel.it\\\/wp-content\\\/uploads\\\/2019\\\/09\\\/grafos-steel-tastiere-in-acciaio-logo-2019.jpg\",\"width\":371,\"height\":112,\"caption\":\"Grafos Steel S.r.l.\"},\"image\":{\"@id\":\"https:\\\/\\\/www.grafossteel.it\\\/de\\\/#\\\/schema\\\/logo\\\/image\\\/\"}}]}<\/script>\n<!-- \/ Yoast SEO plugin. -->","yoast_head_json":{"title":"Produktion - Grafos Steel","description":"Produktion - Grafos Steel - Hardware Made of Metal - Formigine Italy","robots":{"index":"index","follow":"follow","max-snippet":"max-snippet:-1","max-image-preview":"max-image-preview:large","max-video-preview":"max-video-preview:-1"},"canonical":"https:\/\/www.grafossteel.it\/de\/unternehmen\/produktion\/","og_locale":"de_DE","og_type":"article","og_title":"Produktion - Grafos Steel","og_description":"Produktion - Grafos Steel - Hardware Made of Metal - Formigine Italy","og_url":"https:\/\/www.grafossteel.it\/de\/unternehmen\/produktion\/","og_site_name":"Grafos Steel","article_modified_time":"2023-09-18T09:09:52+00:00","twitter_card":"summary_large_image","twitter_misc":{"Gesch\u00e4tzte Lesezeit":"2\u00a0Minuten"},"schema":{"@context":"https:\/\/schema.org","@graph":[{"@type":"WebPage","@id":"https:\/\/www.grafossteel.it\/de\/unternehmen\/produktion\/","url":"https:\/\/www.grafossteel.it\/de\/unternehmen\/produktion\/","name":"Produktion - Grafos Steel","isPartOf":{"@id":"https:\/\/www.grafossteel.it\/de\/#website"},"datePublished":"2019-06-17T14:42:11+00:00","dateModified":"2023-09-18T09:09:52+00:00","description":"Produktion - Grafos Steel - Hardware Made of Metal - Formigine Italy","breadcrumb":{"@id":"https:\/\/www.grafossteel.it\/de\/unternehmen\/produktion\/#breadcrumb"},"inLanguage":"de","potentialAction":[{"@type":"ReadAction","target":["https:\/\/www.grafossteel.it\/de\/unternehmen\/produktion\/"]}]},{"@type":"BreadcrumbList","@id":"https:\/\/www.grafossteel.it\/de\/unternehmen\/produktion\/#breadcrumb","itemListElement":[{"@type":"ListItem","position":1,"name":"Home","item":"https:\/\/www.grafossteel.it\/de\/"},{"@type":"ListItem","position":2,"name":"Unternehmen","item":"https:\/\/www.grafossteel.it\/de\/unternehmen\/"},{"@type":"ListItem","position":3,"name":"Produktion"}]},{"@type":"WebSite","@id":"https:\/\/www.grafossteel.it\/de\/#website","url":"https:\/\/www.grafossteel.it\/de\/","name":"Grafos Steel","description":"Hardware Made of Metal","publisher":{"@id":"https:\/\/www.grafossteel.it\/de\/#organization"},"potentialAction":[{"@type":"SearchAction","target":{"@type":"EntryPoint","urlTemplate":"https:\/\/www.grafossteel.it\/de\/?s={search_term_string}"},"query-input":{"@type":"PropertyValueSpecification","valueRequired":true,"valueName":"search_term_string"}}],"inLanguage":"de"},{"@type":"Organization","@id":"https:\/\/www.grafossteel.it\/de\/#organization","name":"Grafos Steel S.r.l.","url":"https:\/\/www.grafossteel.it\/de\/","logo":{"@type":"ImageObject","inLanguage":"de","@id":"https:\/\/www.grafossteel.it\/de\/#\/schema\/logo\/image\/","url":"https:\/\/www.grafossteel.it\/wp-content\/uploads\/2019\/09\/grafos-steel-tastiere-in-acciaio-logo-2019.jpg","contentUrl":"https:\/\/www.grafossteel.it\/wp-content\/uploads\/2019\/09\/grafos-steel-tastiere-in-acciaio-logo-2019.jpg","width":371,"height":112,"caption":"Grafos Steel S.r.l."},"image":{"@id":"https:\/\/www.grafossteel.it\/de\/#\/schema\/logo\/image\/"}}]}},"_links":{"self":[{"href":"https:\/\/www.grafossteel.it\/de\/wp-json\/wp\/v2\/pages\/3890","targetHints":{"allow":["GET"]}}],"collection":[{"href":"https:\/\/www.grafossteel.it\/de\/wp-json\/wp\/v2\/pages"}],"about":[{"href":"https:\/\/www.grafossteel.it\/de\/wp-json\/wp\/v2\/types\/page"}],"author":[{"embeddable":true,"href":"https:\/\/www.grafossteel.it\/de\/wp-json\/wp\/v2\/users\/1"}],"replies":[{"embeddable":true,"href":"https:\/\/www.grafossteel.it\/de\/wp-json\/wp\/v2\/comments?post=3890"}],"version-history":[{"count":12,"href":"https:\/\/www.grafossteel.it\/de\/wp-json\/wp\/v2\/pages\/3890\/revisions"}],"predecessor-version":[{"id":13609,"href":"https:\/\/www.grafossteel.it\/de\/wp-json\/wp\/v2\/pages\/3890\/revisions\/13609"}],"up":[{"embeddable":true,"href":"https:\/\/www.grafossteel.it\/de\/wp-json\/wp\/v2\/pages\/3302"}],"wp:attachment":[{"href":"https:\/\/www.grafossteel.it\/de\/wp-json\/wp\/v2\/media?parent=3890"}],"curies":[{"name":"wp","href":"https:\/\/api.w.org\/{rel}","templated":true}]}}