{"id":3302,"date":"2017-11-17T18:14:17","date_gmt":"2017-11-17T17:14:17","guid":{"rendered":"https:\/\/www.grafossteel.it\/produzione\/"},"modified":"2023-12-05T11:52:34","modified_gmt":"2023-12-05T10:52:34","slug":"unternehmen","status":"publish","type":"page","link":"https:\/\/www.grafossteel.it\/de\/unternehmen\/","title":{"rendered":"Unternehmen"},"content":{"rendered":"<div class=\"wpb-content-wrapper\"><p>[vc_row][vc_column width=&#8220;1\/2&#8243;]<div class=\"deco-title sinistra\">\n\t\t\t<h2 class=\"main-title\">Die Spezialisten f\u00fcr Tastaturen und Bediensysteme aus Edelstahl!<\/h2>\n\t\t\t<h3 class=\"sub-title\">Alles aus einer Hand!<\/h3>\n\t\t<\/div>[vc_column_text]GrafosSteel besch\u00e4ftigt sich seit vielen Jahren mit Metallbearbeitung und Elektronikentwicklung. Das Ergebnis sind hochwertige Baugruppen und Systeme f\u00fcr die Bedientechnik.<\/p>\n<p>Im Mittelpunkt unserer Philosophie stehen die individuellen Bed\u00fcrfnisse unserer Kunden, an denen wir alle Prozesse ausrichten. Dies dr\u00fcckt sich vor allem in hoher Entwicklungs- und Fertigungskompetenz, exzellenter Qualit\u00e4t, schnellen Durchlaufzeiten und nicht zuletzt in kostenorientierten Produkten und L\u00f6sungen aus.<\/p>\n<p><strong>Unsere St\u00e4rken sind:<\/strong><\/p>\n<ul>\n<li>Fertigung kleinster St\u00fcckzahlen ab 1 St\u00fcck<\/li>\n<li>Hohes Qualit\u00e4tsniveau<\/li>\n<li>Produktbandbreite vom Einzeltaster bis zur kompletten Bedienfront<\/li>\n<li>Schneller Projektdurchlauf<\/li>\n<li>Kurze Lieferzeiten<\/li>\n<li>Hohes Designniveau<\/li>\n<li>Fertigungstiefe von 90 %<\/li>\n<li>Exzellentes Preis-\/Leistungsverh\u00e4ltnis<\/li>\n<li>Innovative Technologien<\/li>\n<li>OEM-Fertigung<\/li>\n<\/ul>\n<p><a href=\"https:\/\/www.grafossteel.it\/wp-content\/uploads\/2023\/12\/Presentation-Grafos-Steel_2023_EN.pdf\" target=\"_blank\" rel=\"noopener\">Hier<\/a> gelangen Sie zur Unternehmenspr\u00e4sentation (PDF)[\/vc_column_text][\/vc_column][vc_column width=&#8220;1\/2&#8243;][vc_single_image image=&#8220;533&#8243; img_size=&#8220;large&#8220;][vc_column_text]Firmensitz in Formigine[\/vc_column_text][vc_single_image image=&#8220;4704&#8243; img_size=&#8220;large&#8220;][vc_column_text]Die Produktion umfasst ein Fl\u00e4che von mehr als 2.000 m\u00b2[\/vc_column_text][\/vc_column][\/vc_row]<\/p>\n<\/div>","protected":false},"excerpt":{"rendered":"<p>[vc_row][vc_column width=&#8220;1\/2&#8243;][vc_column_text]GrafosSteel besch\u00e4ftigt sich seit vielen Jahren mit Metallbearbeitung und Elektronikentwicklung. Das Ergebnis sind hochwertige Baugruppen und Systeme f\u00fcr die Bedientechnik. Im Mittelpunkt unserer Philosophie stehen die individuellen Bed\u00fcrfnisse unserer Kunden, an denen wir alle Prozesse ausrichten. Dies dr\u00fcckt sich vor allem in hoher Entwicklungs- und Fertigungskompetenz, exzellenter Qualit\u00e4t, schnellen Durchlaufzeiten und nicht zuletzt in [&hellip;]<\/p>\n","protected":false},"author":1,"featured_media":0,"parent":0,"menu_order":0,"comment_status":"closed","ping_status":"closed","template":"","meta":{"_acf_changed":false,"footnotes":""},"class_list":["post-3302","page","type-page","status-publish","hentry"],"acf":[],"yoast_head":"<!-- This site is optimized with the Yoast SEO plugin v27.4 - https:\/\/yoast.com\/product\/yoast-seo-wordpress\/ -->\n<title>Grafos Steel S.r.l. Das auf Stahlwaren spezialisierte Unternehmen.<\/title>\n<meta name=\"description\" content=\"Grafos Steel ist das Unternehmen von Formigine, das auf Tastaturen und Stahlbleche f\u00fcr Geldautomaten, Multimedia-Totems und vieles mehr spezialisiert ist.\" \/>\n<meta name=\"robots\" content=\"index, follow, max-snippet:-1, max-image-preview:large, max-video-preview:-1\" \/>\n<link rel=\"canonical\" href=\"https:\/\/www.grafossteel.it\/de\/azienda\/\" \/>\n<meta property=\"og:locale\" content=\"de_DE\" \/>\n<meta property=\"og:type\" content=\"article\" \/>\n<meta property=\"og:title\" content=\"Grafos Steel S.r.l. Das auf Stahlwaren spezialisierte Unternehmen.\" \/>\n<meta property=\"og:description\" content=\"Grafos Steel ist das Unternehmen von Formigine, das auf Tastaturen und Stahlbleche f\u00fcr Geldautomaten, Multimedia-Totems und vieles mehr spezialisiert ist.\" \/>\n<meta property=\"og:url\" content=\"https:\/\/www.grafossteel.it\/azienda\/\" \/>\n<meta property=\"og:site_name\" content=\"Grafos Steel\" \/>\n<meta property=\"article:modified_time\" content=\"2023-12-05T10:52:34+00:00\" \/>\n<meta name=\"twitter:card\" content=\"summary_large_image\" \/>\n<meta name=\"twitter:label1\" content=\"Gesch\u00e4tzte Lesezeit\" \/>\n\t<meta name=\"twitter:data1\" content=\"1\u00a0Minute\" \/>\n<script type=\"application\/ld+json\" class=\"yoast-schema-graph\">{\"@context\":\"https:\\\/\\\/schema.org\",\"@graph\":[{\"@type\":\"WebPage\",\"@id\":\"https:\\\/\\\/www.grafossteel.it\\\/de\\\/unternehmen\\\/\",\"url\":\"https:\\\/\\\/www.grafossteel.it\\\/azienda\\\/\",\"name\":\"Grafos Steel S.r.l. Das auf Stahlwaren spezialisierte Unternehmen.\",\"isPartOf\":{\"@id\":\"https:\\\/\\\/www.grafossteel.it\\\/de\\\/#website\"},\"datePublished\":\"2017-11-17T17:14:17+00:00\",\"dateModified\":\"2023-12-05T10:52:34+00:00\",\"description\":\"Grafos Steel ist das Unternehmen von Formigine, das auf Tastaturen und Stahlbleche f\u00fcr Geldautomaten, Multimedia-Totems und vieles mehr spezialisiert ist.\",\"breadcrumb\":{\"@id\":\"https:\\\/\\\/www.grafossteel.it\\\/azienda\\\/#breadcrumb\"},\"inLanguage\":\"de\",\"potentialAction\":[{\"@type\":\"ReadAction\",\"target\":[\"https:\\\/\\\/www.grafossteel.it\\\/azienda\\\/\"]}]},{\"@type\":\"BreadcrumbList\",\"@id\":\"https:\\\/\\\/www.grafossteel.it\\\/azienda\\\/#breadcrumb\",\"itemListElement\":[{\"@type\":\"ListItem\",\"position\":1,\"name\":\"Home\",\"item\":\"https:\\\/\\\/www.grafossteel.it\\\/de\\\/\"},{\"@type\":\"ListItem\",\"position\":2,\"name\":\"Unternehmen\"}]},{\"@type\":\"WebSite\",\"@id\":\"https:\\\/\\\/www.grafossteel.it\\\/de\\\/#website\",\"url\":\"https:\\\/\\\/www.grafossteel.it\\\/de\\\/\",\"name\":\"Grafos Steel\",\"description\":\"Hardware Made of Metal\",\"publisher\":{\"@id\":\"https:\\\/\\\/www.grafossteel.it\\\/de\\\/#organization\"},\"potentialAction\":[{\"@type\":\"SearchAction\",\"target\":{\"@type\":\"EntryPoint\",\"urlTemplate\":\"https:\\\/\\\/www.grafossteel.it\\\/de\\\/?s={search_term_string}\"},\"query-input\":{\"@type\":\"PropertyValueSpecification\",\"valueRequired\":true,\"valueName\":\"search_term_string\"}}],\"inLanguage\":\"de\"},{\"@type\":\"Organization\",\"@id\":\"https:\\\/\\\/www.grafossteel.it\\\/de\\\/#organization\",\"name\":\"Grafos Steel S.r.l.\",\"url\":\"https:\\\/\\\/www.grafossteel.it\\\/de\\\/\",\"logo\":{\"@type\":\"ImageObject\",\"inLanguage\":\"de\",\"@id\":\"https:\\\/\\\/www.grafossteel.it\\\/de\\\/#\\\/schema\\\/logo\\\/image\\\/\",\"url\":\"https:\\\/\\\/www.grafossteel.it\\\/wp-content\\\/uploads\\\/2019\\\/09\\\/grafos-steel-tastiere-in-acciaio-logo-2019.jpg\",\"contentUrl\":\"https:\\\/\\\/www.grafossteel.it\\\/wp-content\\\/uploads\\\/2019\\\/09\\\/grafos-steel-tastiere-in-acciaio-logo-2019.jpg\",\"width\":371,\"height\":112,\"caption\":\"Grafos Steel S.r.l.\"},\"image\":{\"@id\":\"https:\\\/\\\/www.grafossteel.it\\\/de\\\/#\\\/schema\\\/logo\\\/image\\\/\"}}]}<\/script>\n<!-- \/ Yoast SEO plugin. -->","yoast_head_json":{"title":"Grafos Steel S.r.l. Das auf Stahlwaren spezialisierte Unternehmen.","description":"Grafos Steel ist das Unternehmen von Formigine, das auf Tastaturen und Stahlbleche f\u00fcr Geldautomaten, Multimedia-Totems und vieles mehr spezialisiert ist.","robots":{"index":"index","follow":"follow","max-snippet":"max-snippet:-1","max-image-preview":"max-image-preview:large","max-video-preview":"max-video-preview:-1"},"canonical":"https:\/\/www.grafossteel.it\/de\/azienda\/","og_locale":"de_DE","og_type":"article","og_title":"Grafos Steel S.r.l. Das auf Stahlwaren spezialisierte Unternehmen.","og_description":"Grafos Steel ist das Unternehmen von Formigine, das auf Tastaturen und Stahlbleche f\u00fcr Geldautomaten, Multimedia-Totems und vieles mehr spezialisiert ist.","og_url":"https:\/\/www.grafossteel.it\/azienda\/","og_site_name":"Grafos Steel","article_modified_time":"2023-12-05T10:52:34+00:00","twitter_card":"summary_large_image","twitter_misc":{"Gesch\u00e4tzte Lesezeit":"1\u00a0Minute"},"schema":{"@context":"https:\/\/schema.org","@graph":[{"@type":"WebPage","@id":"https:\/\/www.grafossteel.it\/de\/unternehmen\/","url":"https:\/\/www.grafossteel.it\/azienda\/","name":"Grafos Steel S.r.l. Das auf Stahlwaren spezialisierte Unternehmen.","isPartOf":{"@id":"https:\/\/www.grafossteel.it\/de\/#website"},"datePublished":"2017-11-17T17:14:17+00:00","dateModified":"2023-12-05T10:52:34+00:00","description":"Grafos Steel ist das Unternehmen von Formigine, das auf Tastaturen und Stahlbleche f\u00fcr Geldautomaten, Multimedia-Totems und vieles mehr spezialisiert ist.","breadcrumb":{"@id":"https:\/\/www.grafossteel.it\/azienda\/#breadcrumb"},"inLanguage":"de","potentialAction":[{"@type":"ReadAction","target":["https:\/\/www.grafossteel.it\/azienda\/"]}]},{"@type":"BreadcrumbList","@id":"https:\/\/www.grafossteel.it\/azienda\/#breadcrumb","itemListElement":[{"@type":"ListItem","position":1,"name":"Home","item":"https:\/\/www.grafossteel.it\/de\/"},{"@type":"ListItem","position":2,"name":"Unternehmen"}]},{"@type":"WebSite","@id":"https:\/\/www.grafossteel.it\/de\/#website","url":"https:\/\/www.grafossteel.it\/de\/","name":"Grafos Steel","description":"Hardware Made of Metal","publisher":{"@id":"https:\/\/www.grafossteel.it\/de\/#organization"},"potentialAction":[{"@type":"SearchAction","target":{"@type":"EntryPoint","urlTemplate":"https:\/\/www.grafossteel.it\/de\/?s={search_term_string}"},"query-input":{"@type":"PropertyValueSpecification","valueRequired":true,"valueName":"search_term_string"}}],"inLanguage":"de"},{"@type":"Organization","@id":"https:\/\/www.grafossteel.it\/de\/#organization","name":"Grafos Steel S.r.l.","url":"https:\/\/www.grafossteel.it\/de\/","logo":{"@type":"ImageObject","inLanguage":"de","@id":"https:\/\/www.grafossteel.it\/de\/#\/schema\/logo\/image\/","url":"https:\/\/www.grafossteel.it\/wp-content\/uploads\/2019\/09\/grafos-steel-tastiere-in-acciaio-logo-2019.jpg","contentUrl":"https:\/\/www.grafossteel.it\/wp-content\/uploads\/2019\/09\/grafos-steel-tastiere-in-acciaio-logo-2019.jpg","width":371,"height":112,"caption":"Grafos Steel S.r.l."},"image":{"@id":"https:\/\/www.grafossteel.it\/de\/#\/schema\/logo\/image\/"}}]}},"_links":{"self":[{"href":"https:\/\/www.grafossteel.it\/de\/wp-json\/wp\/v2\/pages\/3302","targetHints":{"allow":["GET"]}}],"collection":[{"href":"https:\/\/www.grafossteel.it\/de\/wp-json\/wp\/v2\/pages"}],"about":[{"href":"https:\/\/www.grafossteel.it\/de\/wp-json\/wp\/v2\/types\/page"}],"author":[{"embeddable":true,"href":"https:\/\/www.grafossteel.it\/de\/wp-json\/wp\/v2\/users\/1"}],"replies":[{"embeddable":true,"href":"https:\/\/www.grafossteel.it\/de\/wp-json\/wp\/v2\/comments?post=3302"}],"version-history":[{"count":11,"href":"https:\/\/www.grafossteel.it\/de\/wp-json\/wp\/v2\/pages\/3302\/revisions"}],"predecessor-version":[{"id":13778,"href":"https:\/\/www.grafossteel.it\/de\/wp-json\/wp\/v2\/pages\/3302\/revisions\/13778"}],"wp:attachment":[{"href":"https:\/\/www.grafossteel.it\/de\/wp-json\/wp\/v2\/media?parent=3302"}],"curies":[{"name":"wp","href":"https:\/\/api.w.org\/{rel}","templated":true}]}}