{"id":3278,"date":"2019-06-18T15:43:37","date_gmt":"2019-06-18T13:43:37","guid":{"rendered":"https:\/\/www.grafossteel.it\/edelstahltastaturen\/dgi\/"},"modified":"2020-01-27T12:02:22","modified_gmt":"2020-01-27T11:02:22","slug":"industrietastaturen-der-digi-reihe","status":"publish","type":"page","link":"https:\/\/www.grafossteel.it\/de\/edelstahltastaturen\/industrietastaturen-der-digi-reihe\/","title":{"rendered":"DIGI"},"content":{"rendered":"<div class=\"wpb-content-wrapper\"><p>[vc_row][vc_column width=&#8220;1\/2&#8243;]<div class=\"deco-title sinistra\">\n\t\t\t<h1 class=\"main-title\">Pr\u00e4sizes Tastgef\u00fchl!<\/h1>\n\t\t\t<h2 class=\"sub-title\">Nahezu unbeschr\u00e4nkte M\u00f6glichkeiten f\u00fcr individuelle W\u00fcnsche!<\/h2>\n\t\t<\/div>[vc_column_text]<b>DIGI-INOX <\/b>bezeichnet eine Tastaturtechnologie, die eine 2 mm starke Frontplatte und 1,5 mm starke Edelstahltastenkappen als Ausgangsbasis hat. Als Werkstoff wird hochwertiger Edelstahl der Klasse AISI 316L eingesetzt.<\/p>\n<p>Die Schalttechnologie von Industrietastaturen der DIGI-INOX-Reihe verwendet Metalldome, die einen pr\u00e4zisen Tastenanschlag erm\u00f6glichen. Die Tastenkappen werden direkt aus der Frontplatte gestanzt. Dabei sind verschiedene Tastengr\u00f6\u00dfen und \u2013formen m\u00f6glich. Ein gro\u00dfer Vorteil besteht dabei im Wegfall von signifikanten Toolingkosten bei kundenspezifischen Anfertigungen.[\/vc_column_text][vc_column_text css=&#8220;.vc_custom_1565699047038{margin-left: 10px !important;padding-top: 10px !important;padding-right: 10px !important;padding-bottom: 10px !important;padding-left: 15px !important;background-color: #eaeaea !important;}&#8220;]<strong>Technologiefeatures<\/strong>[\/vc_column_text][vc_column_text css=&#8220;.vc_custom_1565699094503{margin-left: 15px !important;padding-top: 10px !important;padding-right: 10px !important;padding-bottom: 10px !important;padding-left: 10px !important;background-color: #eaeaea !important;}&#8220;]\u25cf Flache Edelstahltasten mit kurzem Schaltweg<br \/>\n\u25cf Beliebige Tastenform<br \/>\n\u25cf Pr\u00e4zises Tastgef\u00fchl<br \/>\n\u25cf Schutzgrad bis zu IP69k<br \/>\n\u25cf Sto\u00dfschutzgrad IK 08<br \/>\n\u25cf Bet\u00e4tigungskraft 4N<br \/>\n\u25cf Symbole per Laser oder chemischer Gravur<br \/>\n\u25cf Werkstoff AISI 316L[\/vc_column_text][\/vc_column][vc_column width=&#8220;1\/2&#8243;][vc_single_image image=&#8220;3244&#8243; img_size=&#8220;large&#8220;][vc_single_image image=&#8220;3240&#8243; img_size=&#8220;large&#8220;][\/vc_column][\/vc_row]<\/p>\n<\/div>","protected":false},"excerpt":{"rendered":"<p>[vc_row][vc_column width=&#8220;1\/2&#8243;][vc_column_text]DIGI-INOX bezeichnet eine Tastaturtechnologie, die eine 2 mm starke Frontplatte und 1,5 mm starke Edelstahltastenkappen als Ausgangsbasis hat. Als Werkstoff wird hochwertiger Edelstahl der Klasse AISI 316L eingesetzt. Die Schalttechnologie von Industrietastaturen der DIGI-INOX-Reihe verwendet Metalldome, die einen pr\u00e4zisen Tastenanschlag erm\u00f6glichen. Die Tastenkappen werden direkt aus der Frontplatte gestanzt. Dabei sind verschiedene Tastengr\u00f6\u00dfen und [&hellip;]<\/p>\n","protected":false},"author":1,"featured_media":0,"parent":2877,"menu_order":0,"comment_status":"closed","ping_status":"closed","template":"","meta":{"_acf_changed":false,"footnotes":""},"class_list":["post-3278","page","type-page","status-publish","hentry"],"acf":[],"yoast_head":"<!-- This site is optimized with the Yoast SEO plugin v27.4 - https:\/\/yoast.com\/product\/yoast-seo-wordpress\/ -->\n<title>Industrietastaturen der DIGI-Reihe: Flexibel und pr\u00e4zise<\/title>\n<meta name=\"description\" content=\"Standardmodelle und Sonderl\u00f6sungen verf\u00fcgbar: Industrietastaturen der DIGI-Reihe besitzen eine breite Modell- und Modifikationsvarianz und h\u00f6chste Qualit\u00e4t\" \/>\n<meta name=\"robots\" content=\"index, follow, max-snippet:-1, max-image-preview:large, max-video-preview:-1\" \/>\n<link rel=\"canonical\" href=\"https:\/\/www.grafossteel.it\/de\/edelstahltastaturen\/industrietastaturen-der-digi-reihe\/\" \/>\n<meta property=\"og:locale\" content=\"de_DE\" \/>\n<meta property=\"og:type\" content=\"article\" \/>\n<meta property=\"og:title\" content=\"Industrietastaturen der DIGI-Reihe: Flexibel und pr\u00e4zise\" \/>\n<meta property=\"og:description\" content=\"Standardmodelle und Sonderl\u00f6sungen verf\u00fcgbar: Industrietastaturen der DIGI-Reihe besitzen eine breite Modell- und Modifikationsvarianz und h\u00f6chste Qualit\u00e4t\" \/>\n<meta property=\"og:url\" content=\"https:\/\/www.grafossteel.it\/de\/edelstahltastaturen\/industrietastaturen-der-digi-reihe\/\" \/>\n<meta property=\"og:site_name\" content=\"Grafos Steel\" \/>\n<meta property=\"article:modified_time\" content=\"2020-01-27T11:02:22+00:00\" \/>\n<meta name=\"twitter:card\" content=\"summary_large_image\" \/>\n<meta name=\"twitter:label1\" content=\"Gesch\u00e4tzte Lesezeit\" \/>\n\t<meta name=\"twitter:data1\" content=\"1\u00a0Minute\" \/>\n<script type=\"application\/ld+json\" class=\"yoast-schema-graph\">{\"@context\":\"https:\\\/\\\/schema.org\",\"@graph\":[{\"@type\":\"WebPage\",\"@id\":\"https:\\\/\\\/www.grafossteel.it\\\/de\\\/edelstahltastaturen\\\/industrietastaturen-der-digi-reihe\\\/\",\"url\":\"https:\\\/\\\/www.grafossteel.it\\\/de\\\/edelstahltastaturen\\\/industrietastaturen-der-digi-reihe\\\/\",\"name\":\"Industrietastaturen der DIGI-Reihe: Flexibel und pr\u00e4zise\",\"isPartOf\":{\"@id\":\"https:\\\/\\\/www.grafossteel.it\\\/de\\\/#website\"},\"datePublished\":\"2019-06-18T13:43:37+00:00\",\"dateModified\":\"2020-01-27T11:02:22+00:00\",\"description\":\"Standardmodelle und Sonderl\u00f6sungen verf\u00fcgbar: Industrietastaturen der DIGI-Reihe besitzen eine breite Modell- und Modifikationsvarianz und h\u00f6chste Qualit\u00e4t\",\"breadcrumb\":{\"@id\":\"https:\\\/\\\/www.grafossteel.it\\\/de\\\/edelstahltastaturen\\\/industrietastaturen-der-digi-reihe\\\/#breadcrumb\"},\"inLanguage\":\"de\",\"potentialAction\":[{\"@type\":\"ReadAction\",\"target\":[\"https:\\\/\\\/www.grafossteel.it\\\/de\\\/edelstahltastaturen\\\/industrietastaturen-der-digi-reihe\\\/\"]}]},{\"@type\":\"BreadcrumbList\",\"@id\":\"https:\\\/\\\/www.grafossteel.it\\\/de\\\/edelstahltastaturen\\\/industrietastaturen-der-digi-reihe\\\/#breadcrumb\",\"itemListElement\":[{\"@type\":\"ListItem\",\"position\":1,\"name\":\"Home\",\"item\":\"https:\\\/\\\/www.grafossteel.it\\\/de\\\/\"},{\"@type\":\"ListItem\",\"position\":2,\"name\":\"Edelstahltastaturen\",\"item\":\"https:\\\/\\\/www.grafossteel.it\\\/de\\\/edelstahltastaturen\\\/\"},{\"@type\":\"ListItem\",\"position\":3,\"name\":\"DIGI\"}]},{\"@type\":\"WebSite\",\"@id\":\"https:\\\/\\\/www.grafossteel.it\\\/de\\\/#website\",\"url\":\"https:\\\/\\\/www.grafossteel.it\\\/de\\\/\",\"name\":\"Grafos Steel\",\"description\":\"Hardware Made of Metal\",\"publisher\":{\"@id\":\"https:\\\/\\\/www.grafossteel.it\\\/de\\\/#organization\"},\"potentialAction\":[{\"@type\":\"SearchAction\",\"target\":{\"@type\":\"EntryPoint\",\"urlTemplate\":\"https:\\\/\\\/www.grafossteel.it\\\/de\\\/?s={search_term_string}\"},\"query-input\":{\"@type\":\"PropertyValueSpecification\",\"valueRequired\":true,\"valueName\":\"search_term_string\"}}],\"inLanguage\":\"de\"},{\"@type\":\"Organization\",\"@id\":\"https:\\\/\\\/www.grafossteel.it\\\/de\\\/#organization\",\"name\":\"Grafos Steel S.r.l.\",\"url\":\"https:\\\/\\\/www.grafossteel.it\\\/de\\\/\",\"logo\":{\"@type\":\"ImageObject\",\"inLanguage\":\"de\",\"@id\":\"https:\\\/\\\/www.grafossteel.it\\\/de\\\/#\\\/schema\\\/logo\\\/image\\\/\",\"url\":\"https:\\\/\\\/www.grafossteel.it\\\/wp-content\\\/uploads\\\/2019\\\/09\\\/grafos-steel-tastiere-in-acciaio-logo-2019.jpg\",\"contentUrl\":\"https:\\\/\\\/www.grafossteel.it\\\/wp-content\\\/uploads\\\/2019\\\/09\\\/grafos-steel-tastiere-in-acciaio-logo-2019.jpg\",\"width\":371,\"height\":112,\"caption\":\"Grafos Steel S.r.l.\"},\"image\":{\"@id\":\"https:\\\/\\\/www.grafossteel.it\\\/de\\\/#\\\/schema\\\/logo\\\/image\\\/\"}}]}<\/script>\n<!-- \/ Yoast SEO plugin. -->","yoast_head_json":{"title":"Industrietastaturen der DIGI-Reihe: Flexibel und pr\u00e4zise","description":"Standardmodelle und Sonderl\u00f6sungen verf\u00fcgbar: Industrietastaturen der DIGI-Reihe besitzen eine breite Modell- und Modifikationsvarianz und h\u00f6chste Qualit\u00e4t","robots":{"index":"index","follow":"follow","max-snippet":"max-snippet:-1","max-image-preview":"max-image-preview:large","max-video-preview":"max-video-preview:-1"},"canonical":"https:\/\/www.grafossteel.it\/de\/edelstahltastaturen\/industrietastaturen-der-digi-reihe\/","og_locale":"de_DE","og_type":"article","og_title":"Industrietastaturen der DIGI-Reihe: Flexibel und pr\u00e4zise","og_description":"Standardmodelle und Sonderl\u00f6sungen verf\u00fcgbar: Industrietastaturen der DIGI-Reihe besitzen eine breite Modell- und Modifikationsvarianz und h\u00f6chste Qualit\u00e4t","og_url":"https:\/\/www.grafossteel.it\/de\/edelstahltastaturen\/industrietastaturen-der-digi-reihe\/","og_site_name":"Grafos Steel","article_modified_time":"2020-01-27T11:02:22+00:00","twitter_card":"summary_large_image","twitter_misc":{"Gesch\u00e4tzte Lesezeit":"1\u00a0Minute"},"schema":{"@context":"https:\/\/schema.org","@graph":[{"@type":"WebPage","@id":"https:\/\/www.grafossteel.it\/de\/edelstahltastaturen\/industrietastaturen-der-digi-reihe\/","url":"https:\/\/www.grafossteel.it\/de\/edelstahltastaturen\/industrietastaturen-der-digi-reihe\/","name":"Industrietastaturen der DIGI-Reihe: Flexibel und pr\u00e4zise","isPartOf":{"@id":"https:\/\/www.grafossteel.it\/de\/#website"},"datePublished":"2019-06-18T13:43:37+00:00","dateModified":"2020-01-27T11:02:22+00:00","description":"Standardmodelle und Sonderl\u00f6sungen verf\u00fcgbar: Industrietastaturen der DIGI-Reihe besitzen eine breite Modell- und Modifikationsvarianz und h\u00f6chste Qualit\u00e4t","breadcrumb":{"@id":"https:\/\/www.grafossteel.it\/de\/edelstahltastaturen\/industrietastaturen-der-digi-reihe\/#breadcrumb"},"inLanguage":"de","potentialAction":[{"@type":"ReadAction","target":["https:\/\/www.grafossteel.it\/de\/edelstahltastaturen\/industrietastaturen-der-digi-reihe\/"]}]},{"@type":"BreadcrumbList","@id":"https:\/\/www.grafossteel.it\/de\/edelstahltastaturen\/industrietastaturen-der-digi-reihe\/#breadcrumb","itemListElement":[{"@type":"ListItem","position":1,"name":"Home","item":"https:\/\/www.grafossteel.it\/de\/"},{"@type":"ListItem","position":2,"name":"Edelstahltastaturen","item":"https:\/\/www.grafossteel.it\/de\/edelstahltastaturen\/"},{"@type":"ListItem","position":3,"name":"DIGI"}]},{"@type":"WebSite","@id":"https:\/\/www.grafossteel.it\/de\/#website","url":"https:\/\/www.grafossteel.it\/de\/","name":"Grafos Steel","description":"Hardware Made of Metal","publisher":{"@id":"https:\/\/www.grafossteel.it\/de\/#organization"},"potentialAction":[{"@type":"SearchAction","target":{"@type":"EntryPoint","urlTemplate":"https:\/\/www.grafossteel.it\/de\/?s={search_term_string}"},"query-input":{"@type":"PropertyValueSpecification","valueRequired":true,"valueName":"search_term_string"}}],"inLanguage":"de"},{"@type":"Organization","@id":"https:\/\/www.grafossteel.it\/de\/#organization","name":"Grafos Steel S.r.l.","url":"https:\/\/www.grafossteel.it\/de\/","logo":{"@type":"ImageObject","inLanguage":"de","@id":"https:\/\/www.grafossteel.it\/de\/#\/schema\/logo\/image\/","url":"https:\/\/www.grafossteel.it\/wp-content\/uploads\/2019\/09\/grafos-steel-tastiere-in-acciaio-logo-2019.jpg","contentUrl":"https:\/\/www.grafossteel.it\/wp-content\/uploads\/2019\/09\/grafos-steel-tastiere-in-acciaio-logo-2019.jpg","width":371,"height":112,"caption":"Grafos Steel S.r.l."},"image":{"@id":"https:\/\/www.grafossteel.it\/de\/#\/schema\/logo\/image\/"}}]}},"_links":{"self":[{"href":"https:\/\/www.grafossteel.it\/de\/wp-json\/wp\/v2\/pages\/3278","targetHints":{"allow":["GET"]}}],"collection":[{"href":"https:\/\/www.grafossteel.it\/de\/wp-json\/wp\/v2\/pages"}],"about":[{"href":"https:\/\/www.grafossteel.it\/de\/wp-json\/wp\/v2\/types\/page"}],"author":[{"embeddable":true,"href":"https:\/\/www.grafossteel.it\/de\/wp-json\/wp\/v2\/users\/1"}],"replies":[{"embeddable":true,"href":"https:\/\/www.grafossteel.it\/de\/wp-json\/wp\/v2\/comments?post=3278"}],"version-history":[{"count":7,"href":"https:\/\/www.grafossteel.it\/de\/wp-json\/wp\/v2\/pages\/3278\/revisions"}],"predecessor-version":[{"id":8128,"href":"https:\/\/www.grafossteel.it\/de\/wp-json\/wp\/v2\/pages\/3278\/revisions\/8128"}],"up":[{"embeddable":true,"href":"https:\/\/www.grafossteel.it\/de\/wp-json\/wp\/v2\/pages\/2877"}],"wp:attachment":[{"href":"https:\/\/www.grafossteel.it\/de\/wp-json\/wp\/v2\/media?parent=3278"}],"curies":[{"name":"wp","href":"https:\/\/api.w.org\/{rel}","templated":true}]}}