{"id":3265,"date":"2019-06-18T15:41:37","date_gmt":"2019-06-18T13:41:37","guid":{"rendered":"https:\/\/www.grafossteel.it\/edelstahltastaturen\/custom\/"},"modified":"2023-05-23T18:57:52","modified_gmt":"2023-05-23T16:57:52","slug":"sonderloesungen","status":"publish","type":"page","link":"https:\/\/www.grafossteel.it\/de\/edelstahltastaturen\/sonderloesungen\/","title":{"rendered":"OEM-Tastaturen"},"content":{"rendered":"<div class=\"wpb-content-wrapper\"><p>[vc_row][vc_column]<div class=\"deco-title sinistra\">\n\t\t\t<h1 class=\"main-title\">Grenzenlose Individualit\u00e4t!<\/h1>\n\t\t\t<h2 class=\"sub-title\">Zu grenzenlosen Preisen<\/h2>\n\t\t<\/div>[\/vc_column][\/vc_row][vc_row][vc_column width=&#8220;1\/2&#8243;][vc_column_text]<strong>\u00dcber alle drei Tastentechnologien hinweg erm\u00f6glichen wir die schnelle und kosteng\u00fcnstige Umsetzung von kundenspezifischen OEM-Tastaturen. Dies reicht vom Tastenfeld mit integriertem Display bis zur Edelstahltastatur mit vollem Tastenlayout und umfasst u.a. diese Leistungen:<\/strong><\/p>\n<p>\u25cf Integration von Trackballs, Touchpads oder anderen Cursorsteuerungen<br \/>\n\u25cf Tasten- und Symbolbeleuchtung<br \/>\n\u25cf Tasten mit Braille-Pr\u00e4gung<br \/>\n\u25cf Abriebfeste Symbole, Logos und Sonderzeichen<br \/>\n\u25cf Uneingeschr\u00e4nkte Geometrie der Frontplatte<br \/>\n\u25cf Freie Funktionsbelegung der Tasten<br \/>\n\u25cf Verschiedene Montage-Befestigungen<br \/>\n\u25cf Individuelle Tastenform, &#8211; gr\u00f6\u00dfe und -anordnung<br \/>\n\u25cf Integration von Visualisierungen wie LED oder Displays<br \/>\n\u25cf Vielf\u00e4ltige Oberfl\u00e4chentreatments und Folienoverlays<br \/>\n\u25cf Tastaturen und Tastaturpanels aus Edelstahl, Aluminium oder Kunststoff<br \/>\n\u25cf Symboldarstellung per Laser oder chemischer Gravur mit individueller<br \/>\nFarbgebung<br \/>\n\u25cf Spezifische Dichtungskonzepte, u.a. LABS-freie Konstruktion<br \/>\n\u25cf Schnittstellen von USB \u00fcber RS232 bis I\u00b2C<br \/>\n\u25cf Schnelles Prototyping[\/vc_column_text][\/vc_column][vc_column width=&#8220;1\/2&#8243;]\n\t\t\t\t<p class=\"rs-p-wp-fix\"><\/p>\n\t\t\t\t<sr7-module data-alias=\"carosello-tastiere-1\" data-id=\"4\" id=\"SR7_4_1\" class=\"rs-ov-hidden\" data-version=\"6.7.52\">\n\t\t\t\t\t<sr7-adjuster><\/sr7-adjuster>\n\t\t\t\t\t<sr7-content>\n\t\t\t\t\t\t<sr7-carousel>\n\t\t\t\t\t\t<sr7-slide id=\"SR7_4_1-18\" data-key=\"18\">\n\t\t\t\t\t\t\t<sr7-bg id=\"SR7_4_1-18-1\" class=\"sr7-layer\"><noscript><img decoding=\"async\" src=\"https:\/\/www.grafossteel.it\/wp-content\/uploads\/2019\/08\/CKI-round-custom.jpg\" alt=\"CKI Edelstahltastatur\" title=\"CKI-round-custom\"><\/noscript><\/sr7-bg>\n\t\t\t\t\t\t<\/sr7-slide>\n\t\t\t\t\t\t<sr7-slide id=\"SR7_4_1-20\" data-key=\"20\">\n\t\t\t\t\t\t\t<sr7-bg id=\"SR7_4_1-20-1\" class=\"sr7-layer\"><noscript><img decoding=\"async\" src=\"https:\/\/www.grafossteel.it\/wp-content\/uploads\/2019\/10\/Drawing-custom-keyboard.jpg\" alt=\"\" title=\"Drawing-custom-keyboard\"><\/noscript><\/sr7-bg>\n\t\t\t\t\t\t<\/sr7-slide>\n\t\t\t\t\t\t<sr7-slide id=\"SR7_4_1-19\" data-key=\"19\">\n\t\t\t\t\t\t\t<sr7-bg id=\"SR7_4_1-19-1\" class=\"sr7-layer\"><noscript><img decoding=\"async\" src=\"https:\/\/www.grafossteel.it\/wp-content\/uploads\/2019\/08\/Foto-1-Book-Sito.jpg\" alt=\"Tastenfeld mit Braille-Beschriftung\" title=\"grafos test 055\"><\/noscript><\/sr7-bg>\n\t\t\t\t\t\t<\/sr7-slide>\n\t\t\t\t\t\t<sr7-slide id=\"SR7_4_1-17\" data-key=\"17\">\n\t\t\t\t\t\t\t<sr7-bg id=\"SR7_4_1-17-1\" class=\"sr7-layer\"><noscript><img decoding=\"async\" src=\"https:\/\/www.grafossteel.it\/wp-content\/uploads\/2019\/08\/Drawing-custom.jpg\" alt=\"Zeichnung kundenspezifischer Ziffernblock\" title=\"Drawing-custom\"><\/noscript><\/sr7-bg>\n\t\t\t\t\t\t<\/sr7-slide>\n\t\t\t\t\t\t<sr7-slide id=\"SR7_4_1-21\" data-key=\"21\">\n\t\t\t\t\t\t\t<sr7-bg id=\"SR7_4_1-21-1\" class=\"sr7-layer\"><noscript><img decoding=\"async\" src=\"https:\/\/www.grafossteel.it\/wp-content\/uploads\/2019\/08\/DGI.49Q9.F-custom.jpg\" alt=\"Kundenspezifisches Tastenfeld\" title=\"DGI.49Q9.F-custom\"><\/noscript><\/sr7-bg>\n\t\t\t\t\t\t<\/sr7-slide>\n\t\t\t\t\t\t<sr7-slide id=\"SR7_4_1-24\" data-key=\"24\">\n\t\t\t\t\t\t<\/sr7-slide>\n\t\t\t\t\t\t<\/sr7-carousel>\n\t\t\t\t\t<\/sr7-content>\n\t\t\t\t\t<image_lists style=\"display:none\">\n\t\t\t\t\t\t<img data-src=\"\/\/www.grafossteel.it\/wp-content\/uploads\/2019\/08\/Drawing-custom.jpg\" data-libid=\"3287\" data-lib=\"medialibrary\" alt=\"Zeichnung kundenspezifischer Ziffernblock\" title=\"Drawing-custom\" width=\"0\" height=\"0\" data-dbsrc=\"Ly93d3cuZ3JhZm9zc3RlZWwuaXQvd3AtY29udGVudC91cGxvYWRzLzIwMTkvMDgvRHJhd2luZy1jdXN0b20uanBn\"\/>\n\t\t\t\t\t\t<img data-src=\"\/\/www.grafossteel.it\/wp-content\/uploads\/2019\/08\/CKI-round-custom.jpg\" data-libid=\"3208\" data-lib=\"medialibrary\" alt=\"CKI Edelstahltastatur\" title=\"CKI-round-custom\" width=\"0\" height=\"0\" data-dbsrc=\"Ly93d3cuZ3JhZm9zc3RlZWwuaXQvd3AtY29udGVudC91cGxvYWRzLzIwMTkvMDgvQ0tJLXJvdW5kLWN1c3RvbS5qcGc=\"\/>\n\t\t\t\t\t\t<img data-src=\"\/\/www.grafossteel.it\/wp-content\/uploads\/2019\/08\/Foto-1-Book-Sito.jpg\" data-libid=\"2822\" data-lib=\"medialibrary\" alt=\"Tastenfeld mit Braille-Beschriftung\" title=\"grafos test 055\" width=\"0\" height=\"0\" data-dbsrc=\"Ly93d3cuZ3JhZm9zc3RlZWwuaXQvd3AtY29udGVudC91cGxvYWRzLzIwMTkvMDgvRm90by0xLUJvb2stU2l0by5qcGc=\"\/>\n\t\t\t\t\t\t<img data-src=\"\/\/www.grafossteel.it\/wp-content\/uploads\/2019\/10\/Drawing-custom-keyboard.jpg\" data-libid=\"5743\" data-lib=\"medialibrary\" title=\"Drawing-custom-keyboard\" width=\"0\" height=\"0\" data-dbsrc=\"Ly93d3cuZ3JhZm9zc3RlZWwuaXQvd3AtY29udGVudC91cGxvYWRzLzIwMTkvMTAvRHJhd2luZy1jdXN0b20ta2V5Ym9hcmQuanBn\"\/>\n\t\t\t\t\t\t<img data-src=\"\/\/www.grafossteel.it\/wp-content\/uploads\/2019\/08\/DGI.49Q9.F-custom.jpg\" data-libid=\"3205\" data-lib=\"medialibrary\" alt=\"Kundenspezifisches Tastenfeld\" title=\"DGI.49Q9.F-custom\" width=\"0\" height=\"0\" data-dbsrc=\"Ly93d3cuZ3JhZm9zc3RlZWwuaXQvd3AtY29udGVudC91cGxvYWRzLzIwMTkvMDgvREdJLjQ5UTkuRi1jdXN0b20uanBn\"\/>\n\t\t\t\t\t<\/image_lists>\n\t\t\t\t<\/sr7-module>\n\t\t\t\t<script>\n\t\t\t\t\twindow.SR7 ??={};SR7.PMH ??={}; SR7.PMH[\"SR7_4_1\"] = {cn:100,state:false,fn: function() { if (window._tpt!==undefined && window._tpt.prepareModuleHeight !== undefined) {  _tpt.prepareModuleHeight({id:\"SR7_4_1\",el:[900,900,768,960,720],type:'carousel',shdw:'0',gh:[900,900,743,565,349],gw:[1240,1240,1024,778,480],vpt:['100px'],size:{fullWidth:false, fullHeight:false},mh:'0',onh:0,onw:0,bg:{color:'{\"orig\":\"transparent\",\"type\":\"solid\",\"string\":\"transparent\"}'},carousel:{pt:'0',pb:'0'}});   SR7.PMH[\"SR7_4_1\"].state=true;} else if(SR7.PMH[\"SR7_4_1\"].cn-->0)\tsetTimeout( SR7.PMH[\"SR7_4_1\"].fn,19);}};SR7.PMH[\"SR7_4_1\" ].fn();\n\t\t\t\t<\/script>\n[vc_separator][\/vc_column][\/vc_row][vc_row css=&#8220;.vc_custom_1569519700331{margin-bottom: 30px !important;background-color: #e5e5e5 !important;}&#8220;][vc_column offset=&#8220;vc_col-lg-offset-1 vc_col-lg-10 vc_col-md-offset-1 vc_col-md-10&#8243;][vc_column_text]<\/p>\n<h2>M\u00f6chten Sie mit Grafos Steel das f\u00fcr Ihr Unternehmen am besten geeignete Produkt entwerfen?<\/h2>\n<p>[\/vc_column_text]\n<div class=\"wpcf7 no-js\" id=\"wpcf7-f4325-o1\" lang=\"de-DE\" dir=\"ltr\" data-wpcf7-id=\"4325\">\n<div class=\"screen-reader-response\"><p role=\"status\" aria-live=\"polite\" aria-atomic=\"true\"><\/p> <ul><\/ul><\/div>\n<form action=\"\/de\/wp-json\/wp\/v2\/pages\/3265#wpcf7-f4325-o1\" method=\"post\" class=\"wpcf7-form init\" aria-label=\"Kontaktformular\" novalidate=\"novalidate\" data-status=\"init\">\n<fieldset class=\"hidden-fields-container\"><input type=\"hidden\" name=\"_wpcf7\" value=\"4325\" \/><input type=\"hidden\" name=\"_wpcf7_version\" value=\"6.1.5\" \/><input type=\"hidden\" name=\"_wpcf7_locale\" value=\"de_DE\" \/><input type=\"hidden\" name=\"_wpcf7_unit_tag\" value=\"wpcf7-f4325-o1\" \/><input type=\"hidden\" name=\"_wpcf7_container_post\" value=\"0\" \/><input type=\"hidden\" name=\"_wpcf7_posted_data_hash\" value=\"\" \/><input type=\"hidden\" name=\"_wpcf7dtx_version\" value=\"5.0.5\" \/><input type=\"hidden\" name=\"_wpcf7_recaptcha_response\" value=\"\" \/>\n<\/fieldset>\n<div class=\"row\">\n\t<div class=\"col-md-6\">\n\t\t<div class=\"form-group\">\n\t\t\t<label for=\"nome\">Vorname (*)<\/label>\n\t\t\t<span class=\"wpcf7-form-control-wrap\" data-name=\"nome\"><input size=\"40\" maxlength=\"400\" class=\"wpcf7-form-control wpcf7-text wpcf7-validates-as-required form-control\" aria-required=\"true\" aria-invalid=\"false\" placeholder=\"\" value=\"\" type=\"text\" name=\"nome\" \/><\/span>\n\t\t<\/div>\n\t<\/div>\n\t<div class=\"col-md-6\">\n\t\t<div class=\"form-group\">\n\t\t\t<label for=\"cognome\">Nachname(*)<\/label>\n\t\t\t<span class=\"wpcf7-form-control-wrap\" data-name=\"cognome\"><input size=\"40\" maxlength=\"400\" class=\"wpcf7-form-control wpcf7-text wpcf7-validates-as-required form-control\" aria-required=\"true\" aria-invalid=\"false\" placeholder=\"\" value=\"\" type=\"text\" name=\"cognome\" \/><\/span>\n\t\t<\/div>\n\t<\/div>\n<\/div>\n<div class=\"row\">\n\t<div class=\"col-md-12\">\n\t\t<div class=\"form-group\">\n\t\t\t<label for=\"email\">Email (*)<\/label>\n\t\t\t<span class=\"wpcf7-form-control-wrap\" data-name=\"email\"><input size=\"40\" maxlength=\"400\" class=\"wpcf7-form-control wpcf7-email wpcf7-validates-as-required wpcf7-text wpcf7-validates-as-email form-control\" aria-required=\"true\" aria-invalid=\"false\" placeholder=\"\" value=\"\" type=\"email\" name=\"email\" \/><\/span>\n\t\t<\/div>\n\t<\/div>\n<\/div>\n<div class=\"row\">\n\t<div class=\"col-md-6\">\n\t\t<div class=\"form-group\">\n\t\t\t<label for=\"nome\">Telefon (*)<\/label>\n\t\t\t<span class=\"wpcf7-form-control-wrap\" data-name=\"telefono\"><input size=\"40\" maxlength=\"400\" class=\"wpcf7-form-control wpcf7-tel wpcf7-validates-as-required wpcf7-text wpcf7-validates-as-tel form-control\" aria-required=\"true\" aria-invalid=\"false\" placeholder=\"+49 069...\" value=\"\" type=\"tel\" name=\"telefono\" \/><\/span>\n\t\t<\/div>\n\t<\/div>\n\t<div class=\"col-md-6\">\n\t\t<div class=\"form-group\">\n\t\t\t<label for=\"azienda\">Firmenname (*)<\/label>\n\t\t\t<span class=\"wpcf7-form-control-wrap\" data-name=\"azienda\"><input size=\"40\" maxlength=\"400\" class=\"wpcf7-form-control wpcf7-text wpcf7-validates-as-required form-control\" aria-required=\"true\" aria-invalid=\"false\" placeholder=\"\" value=\"\" type=\"text\" name=\"azienda\" \/><\/span>\n\t\t<\/div>\n\t<\/div>\n<\/div>\n<div class=\"row\">\n\t<div class=\"col-md-12\">\n\t<div class=\"form-group\">\n\t\t<label for=\"messaggio\"> Ihre Nachricht:<\/label>\n\t\t<span class=\"wpcf7-form-control-wrap\" data-name=\"messaggio\"><textarea cols=\"40\" rows=\"10\" maxlength=\"2000\" class=\"wpcf7-form-control wpcf7-textarea form-control\" aria-invalid=\"false\" placeholder=\"\" name=\"messaggio\"><\/textarea><\/span>\n\t<\/div>\n\t<div class=\"checkbox\">\n\t\t<span class=\"wpcf7-form-control-wrap\" data-name=\"newsletter\"><span class=\"wpcf7-form-control wpcf7-checkbox\"><span class=\"wpcf7-list-item first last\"><input type=\"checkbox\" name=\"newsletter[]\" value=\"ADD\" \/><span class=\"wpcf7-list-item-label\">ADD<\/span><\/span><\/span><\/span> <label for=\"newsletter\">Ich m\u00f6chte \u00fcber Ihre Neuigkeiten auf dem Laufenden bleiben<\/label>\n\t<\/div>\n\t<div class=\"checkbox\">\n\t\t<label><span class=\"wpcf7-form-control-wrap\" data-name=\"privacy\"><span class=\"wpcf7-form-control wpcf7-acceptance\"><span class=\"wpcf7-list-item\"><input type=\"checkbox\" name=\"privacy\" value=\"1\" aria-invalid=\"false\" \/><\/span><\/span><\/span> Ich erkl\u00e4re, die <a href=\"\/privacy-policy\"> Datenschutzerkl\u00e4rung <\/a> gelesen zu haben und genehmige die Verarbeitung meiner pers\u00f6nlichen Daten<\/label>\n\t<\/div>\n\t<span class=\"wpcf7-form-control-wrap pagina\" data-name=\"pagina\"><input type=\"hidden\" name=\"pagina\" class=\"wpcf7-form-control wpcf7-hidden wpcf7dtx wpcf7dtx-hidden\" aria-invalid=\"false\" value=\"https:\/\/www.grafossteel.it\/de\/wp-json\/wp\/v2\/pages\/3265\"><\/span>\n\t<input class=\"wpcf7-form-control wpcf7-submit has-spinner btn btn-default\" type=\"submit\" value=\"Senden\" \/>\n\t<\/div>\n<\/div><div class=\"wpcf7-response-output\" aria-hidden=\"true\"><\/div>\n<\/form>\n<\/div>\n[\/vc_column][\/vc_row]<\/p>\n<\/div>","protected":false},"excerpt":{"rendered":"<p>[vc_row][vc_column][\/vc_column][\/vc_row][vc_row][vc_column width=&#8220;1\/2&#8243;][vc_column_text]\u00dcber alle drei Tastentechnologien hinweg erm\u00f6glichen wir die schnelle und kosteng\u00fcnstige Umsetzung von kundenspezifischen OEM-Tastaturen. Dies reicht vom Tastenfeld mit integriertem Display bis zur Edelstahltastatur mit vollem Tastenlayout und umfasst u.a. diese Leistungen: \u25cf Integration von Trackballs, Touchpads oder anderen Cursorsteuerungen \u25cf Tasten- und Symbolbeleuchtung \u25cf Tasten mit Braille-Pr\u00e4gung \u25cf Abriebfeste Symbole, Logos und [&hellip;]<\/p>\n","protected":false},"author":1,"featured_media":0,"parent":2877,"menu_order":0,"comment_status":"closed","ping_status":"closed","template":"","meta":{"_acf_changed":false,"footnotes":""},"class_list":["post-3265","page","type-page","status-publish","hentry"],"acf":[],"yoast_head":"<!-- This site is optimized with the Yoast SEO plugin v27.5 - https:\/\/yoast.com\/product\/yoast-seo-wordpress\/ -->\n<title>OEM-Tastaturen aus Edelstahl vom europ\u00e4ischen Hardwarespezialist<\/title>\n<meta name=\"description\" content=\"Kreieren Sie mit Grafos Steel individuelle OEM-Tastaturen und Tastaturpanels ab einem St\u00fcck und mit exzellentem Preis-\/Leistungsverh\u00e4ltnis\" \/>\n<meta name=\"robots\" content=\"index, follow, max-snippet:-1, max-image-preview:large, max-video-preview:-1\" \/>\n<link rel=\"canonical\" href=\"https:\/\/www.grafossteel.it\/de\/edelstahltastaturen\/sonderloesungen\/\" \/>\n<meta property=\"og:locale\" content=\"de_DE\" \/>\n<meta property=\"og:type\" content=\"article\" \/>\n<meta property=\"og:title\" content=\"OEM-Tastaturen aus Edelstahl vom europ\u00e4ischen Hardwarespezialist\" \/>\n<meta property=\"og:description\" content=\"Kreieren Sie mit Grafos Steel individuelle OEM-Tastaturen und Tastaturpanels ab einem St\u00fcck und mit exzellentem Preis-\/Leistungsverh\u00e4ltnis\" \/>\n<meta property=\"og:url\" content=\"https:\/\/www.grafossteel.it\/de\/edelstahltastaturen\/sonderloesungen\/\" \/>\n<meta property=\"og:site_name\" content=\"Grafos Steel\" \/>\n<meta property=\"article:modified_time\" content=\"2023-05-23T16:57:52+00:00\" \/>\n<meta name=\"twitter:card\" content=\"summary_large_image\" \/>\n<meta name=\"twitter:label1\" content=\"Gesch\u00e4tzte Lesezeit\" \/>\n\t<meta name=\"twitter:data1\" content=\"1\u00a0Minute\" \/>\n<script type=\"application\/ld+json\" class=\"yoast-schema-graph\">{\"@context\":\"https:\\\/\\\/schema.org\",\"@graph\":[{\"@type\":\"WebPage\",\"@id\":\"https:\\\/\\\/www.grafossteel.it\\\/de\\\/edelstahltastaturen\\\/sonderloesungen\\\/\",\"url\":\"https:\\\/\\\/www.grafossteel.it\\\/de\\\/edelstahltastaturen\\\/sonderloesungen\\\/\",\"name\":\"OEM-Tastaturen aus Edelstahl vom europ\u00e4ischen Hardwarespezialist\",\"isPartOf\":{\"@id\":\"https:\\\/\\\/www.grafossteel.it\\\/de\\\/#website\"},\"datePublished\":\"2019-06-18T13:41:37+00:00\",\"dateModified\":\"2023-05-23T16:57:52+00:00\",\"description\":\"Kreieren Sie mit Grafos Steel individuelle OEM-Tastaturen und Tastaturpanels ab einem St\u00fcck und mit exzellentem Preis-\\\/Leistungsverh\u00e4ltnis\",\"breadcrumb\":{\"@id\":\"https:\\\/\\\/www.grafossteel.it\\\/de\\\/edelstahltastaturen\\\/sonderloesungen\\\/#breadcrumb\"},\"inLanguage\":\"de\",\"potentialAction\":[{\"@type\":\"ReadAction\",\"target\":[\"https:\\\/\\\/www.grafossteel.it\\\/de\\\/edelstahltastaturen\\\/sonderloesungen\\\/\"]}]},{\"@type\":\"BreadcrumbList\",\"@id\":\"https:\\\/\\\/www.grafossteel.it\\\/de\\\/edelstahltastaturen\\\/sonderloesungen\\\/#breadcrumb\",\"itemListElement\":[{\"@type\":\"ListItem\",\"position\":1,\"name\":\"Home\",\"item\":\"https:\\\/\\\/www.grafossteel.it\\\/de\\\/\"},{\"@type\":\"ListItem\",\"position\":2,\"name\":\"Edelstahltastaturen\",\"item\":\"https:\\\/\\\/www.grafossteel.it\\\/de\\\/edelstahltastaturen\\\/\"},{\"@type\":\"ListItem\",\"position\":3,\"name\":\"OEM-Tastaturen\"}]},{\"@type\":\"WebSite\",\"@id\":\"https:\\\/\\\/www.grafossteel.it\\\/de\\\/#website\",\"url\":\"https:\\\/\\\/www.grafossteel.it\\\/de\\\/\",\"name\":\"Grafos Steel\",\"description\":\"Hardware Made of Metal\",\"publisher\":{\"@id\":\"https:\\\/\\\/www.grafossteel.it\\\/de\\\/#organization\"},\"potentialAction\":[{\"@type\":\"SearchAction\",\"target\":{\"@type\":\"EntryPoint\",\"urlTemplate\":\"https:\\\/\\\/www.grafossteel.it\\\/de\\\/?s={search_term_string}\"},\"query-input\":{\"@type\":\"PropertyValueSpecification\",\"valueRequired\":true,\"valueName\":\"search_term_string\"}}],\"inLanguage\":\"de\"},{\"@type\":\"Organization\",\"@id\":\"https:\\\/\\\/www.grafossteel.it\\\/de\\\/#organization\",\"name\":\"Grafos Steel S.r.l.\",\"url\":\"https:\\\/\\\/www.grafossteel.it\\\/de\\\/\",\"logo\":{\"@type\":\"ImageObject\",\"inLanguage\":\"de\",\"@id\":\"https:\\\/\\\/www.grafossteel.it\\\/de\\\/#\\\/schema\\\/logo\\\/image\\\/\",\"url\":\"https:\\\/\\\/www.grafossteel.it\\\/wp-content\\\/uploads\\\/2019\\\/09\\\/grafos-steel-tastiere-in-acciaio-logo-2019.jpg\",\"contentUrl\":\"https:\\\/\\\/www.grafossteel.it\\\/wp-content\\\/uploads\\\/2019\\\/09\\\/grafos-steel-tastiere-in-acciaio-logo-2019.jpg\",\"width\":371,\"height\":112,\"caption\":\"Grafos Steel S.r.l.\"},\"image\":{\"@id\":\"https:\\\/\\\/www.grafossteel.it\\\/de\\\/#\\\/schema\\\/logo\\\/image\\\/\"}}]}<\/script>\n<!-- \/ Yoast SEO plugin. -->","yoast_head_json":{"title":"OEM-Tastaturen aus Edelstahl vom europ\u00e4ischen Hardwarespezialist","description":"Kreieren Sie mit Grafos Steel individuelle OEM-Tastaturen und Tastaturpanels ab einem St\u00fcck und mit exzellentem Preis-\/Leistungsverh\u00e4ltnis","robots":{"index":"index","follow":"follow","max-snippet":"max-snippet:-1","max-image-preview":"max-image-preview:large","max-video-preview":"max-video-preview:-1"},"canonical":"https:\/\/www.grafossteel.it\/de\/edelstahltastaturen\/sonderloesungen\/","og_locale":"de_DE","og_type":"article","og_title":"OEM-Tastaturen aus Edelstahl vom europ\u00e4ischen Hardwarespezialist","og_description":"Kreieren Sie mit Grafos Steel individuelle OEM-Tastaturen und Tastaturpanels ab einem St\u00fcck und mit exzellentem Preis-\/Leistungsverh\u00e4ltnis","og_url":"https:\/\/www.grafossteel.it\/de\/edelstahltastaturen\/sonderloesungen\/","og_site_name":"Grafos Steel","article_modified_time":"2023-05-23T16:57:52+00:00","twitter_card":"summary_large_image","twitter_misc":{"Gesch\u00e4tzte Lesezeit":"1\u00a0Minute"},"schema":{"@context":"https:\/\/schema.org","@graph":[{"@type":"WebPage","@id":"https:\/\/www.grafossteel.it\/de\/edelstahltastaturen\/sonderloesungen\/","url":"https:\/\/www.grafossteel.it\/de\/edelstahltastaturen\/sonderloesungen\/","name":"OEM-Tastaturen aus Edelstahl vom europ\u00e4ischen Hardwarespezialist","isPartOf":{"@id":"https:\/\/www.grafossteel.it\/de\/#website"},"datePublished":"2019-06-18T13:41:37+00:00","dateModified":"2023-05-23T16:57:52+00:00","description":"Kreieren Sie mit Grafos Steel individuelle OEM-Tastaturen und Tastaturpanels ab einem St\u00fcck und mit exzellentem Preis-\/Leistungsverh\u00e4ltnis","breadcrumb":{"@id":"https:\/\/www.grafossteel.it\/de\/edelstahltastaturen\/sonderloesungen\/#breadcrumb"},"inLanguage":"de","potentialAction":[{"@type":"ReadAction","target":["https:\/\/www.grafossteel.it\/de\/edelstahltastaturen\/sonderloesungen\/"]}]},{"@type":"BreadcrumbList","@id":"https:\/\/www.grafossteel.it\/de\/edelstahltastaturen\/sonderloesungen\/#breadcrumb","itemListElement":[{"@type":"ListItem","position":1,"name":"Home","item":"https:\/\/www.grafossteel.it\/de\/"},{"@type":"ListItem","position":2,"name":"Edelstahltastaturen","item":"https:\/\/www.grafossteel.it\/de\/edelstahltastaturen\/"},{"@type":"ListItem","position":3,"name":"OEM-Tastaturen"}]},{"@type":"WebSite","@id":"https:\/\/www.grafossteel.it\/de\/#website","url":"https:\/\/www.grafossteel.it\/de\/","name":"Grafos Steel","description":"Hardware Made of Metal","publisher":{"@id":"https:\/\/www.grafossteel.it\/de\/#organization"},"potentialAction":[{"@type":"SearchAction","target":{"@type":"EntryPoint","urlTemplate":"https:\/\/www.grafossteel.it\/de\/?s={search_term_string}"},"query-input":{"@type":"PropertyValueSpecification","valueRequired":true,"valueName":"search_term_string"}}],"inLanguage":"de"},{"@type":"Organization","@id":"https:\/\/www.grafossteel.it\/de\/#organization","name":"Grafos Steel S.r.l.","url":"https:\/\/www.grafossteel.it\/de\/","logo":{"@type":"ImageObject","inLanguage":"de","@id":"https:\/\/www.grafossteel.it\/de\/#\/schema\/logo\/image\/","url":"https:\/\/www.grafossteel.it\/wp-content\/uploads\/2019\/09\/grafos-steel-tastiere-in-acciaio-logo-2019.jpg","contentUrl":"https:\/\/www.grafossteel.it\/wp-content\/uploads\/2019\/09\/grafos-steel-tastiere-in-acciaio-logo-2019.jpg","width":371,"height":112,"caption":"Grafos Steel S.r.l."},"image":{"@id":"https:\/\/www.grafossteel.it\/de\/#\/schema\/logo\/image\/"}}]}},"_links":{"self":[{"href":"https:\/\/www.grafossteel.it\/de\/wp-json\/wp\/v2\/pages\/3265","targetHints":{"allow":["GET"]}}],"collection":[{"href":"https:\/\/www.grafossteel.it\/de\/wp-json\/wp\/v2\/pages"}],"about":[{"href":"https:\/\/www.grafossteel.it\/de\/wp-json\/wp\/v2\/types\/page"}],"author":[{"embeddable":true,"href":"https:\/\/www.grafossteel.it\/de\/wp-json\/wp\/v2\/users\/1"}],"replies":[{"embeddable":true,"href":"https:\/\/www.grafossteel.it\/de\/wp-json\/wp\/v2\/comments?post=3265"}],"version-history":[{"count":23,"href":"https:\/\/www.grafossteel.it\/de\/wp-json\/wp\/v2\/pages\/3265\/revisions"}],"predecessor-version":[{"id":13243,"href":"https:\/\/www.grafossteel.it\/de\/wp-json\/wp\/v2\/pages\/3265\/revisions\/13243"}],"up":[{"embeddable":true,"href":"https:\/\/www.grafossteel.it\/de\/wp-json\/wp\/v2\/pages\/2877"}],"wp:attachment":[{"href":"https:\/\/www.grafossteel.it\/de\/wp-json\/wp\/v2\/media?parent=3265"}],"curies":[{"name":"wp","href":"https:\/\/api.w.org\/{rel}","templated":true}]}}