{"id":2877,"date":"2019-03-27T18:34:10","date_gmt":"2019-03-27T17:34:10","guid":{"rendered":"https:\/\/www.grafossteel.it\/?page_id=2877"},"modified":"2023-02-01T12:42:12","modified_gmt":"2023-02-01T11:42:12","slug":"edelstahltastaturen","status":"publish","type":"page","link":"https:\/\/www.grafossteel.it\/de\/edelstahltastaturen\/","title":{"rendered":"Edelstahltastaturen"},"content":{"rendered":"<div class=\"wpb-content-wrapper\"><p>[vc_row][vc_column width=&#8220;1\/2&#8243;]<div class=\"deco-title sinistra\">\n\t\t\t<h1 class=\"main-title\">Gebrauchsfertige und individuelle Edelstahltastaturen<\/h1>\n\t\t\t<h2 class=\"sub-title\">F\u00fcr jeden Einsatzzweck und f\u00fcr jeden Bedarf<\/h2>\n\t\t<\/div><div class=\"button-wrapper sinistra\"><a class=\"btn btn-default btn-lg mb-3\" href=\"\/de\/katalog\/\" title=\"Zum Online-Produktkatalog\">Zum Online-Produktkatalog<\/a><\/div><div class=\"button-wrapper sinistra\"><a class=\"btn btn-default btn-lg mb-3\" href=\"\/de\/edelstahltastaturen\/sonderloesungen\/\" title=\"Individuelle Edelstahltastaturen\">Zu den individuellen L\u00f6sungen<\/a><\/div>[vc_column_text css=&#8220;.vc_custom_1599640403696{padding-top: 25px !important;}&#8220;]<strong>Grafos Steel besch\u00e4ftigt sich seit mehr als 20 Jahren mit der Entwicklung und Herstellung von Edelstahltastaturen. Das Ergebnis ist eines der weltweit gr\u00f6\u00dften Sortimente, das f\u00fcr jeden Einsatzbereich ein passendes Produkt bereith\u00e4lt.<\/strong><\/p>\n<p>Das Produktprogramm reicht vom Einzeltaster \u00fcber den Ziffernblock bis hin zur Tastatur im kompletten Tastenlayout und mit integriertem Trackball oder Touchpad. Die flexible Fertigung sowie eine leistungsf\u00e4hige Entwicklung erm\u00f6glicht eine Vielzahl von Produktvarianten und -features.<\/p>\n<h4><strong>Edelstahltastaturen von Grafos Steel sind in dieser Bandbreite und mit diesen Standards erh\u00e4ltlich:<\/strong><\/h4>\n<ul>\n<li>Einzeltaster<\/li>\n<li>Ziffernbl\u00f6cke und Tastenfelder<\/li>\n<li>Kompakttastaturen<\/li>\n<li>Einbautastaturen und Desktoptastaturen<\/li>\n<li>Tastaturen im MFII-Layout<\/li>\n<li>Drei Basistechnologien FIT, DIGI und CKI<\/li>\n<li>Verschiedene Tastenwege und Bet\u00e4tigungskr\u00e4fte<\/li>\n<li>Integrierte Touchpads oder Trackballs<\/li>\n<li>Unterschiedliche Tastenformen<\/li>\n<li>USB-, PS\/2- oder Matrix-Interface<\/li>\n<li>Fronteinbau-, R\u00fcckeinbau- oder Geh\u00e4useversionen<\/li>\n<li>Einbaudichtungen<\/li>\n<li>Beleuchtete Tasten<\/li>\n<li>Tastenbeschriftung per Laser oder chemischer Gravur<\/li>\n<li>Farbf\u00fcllung bei chemischer Gravur<\/li>\n<li><a href=\"https:\/\/www.grafossteel.it\/de\/edelstahltastaturen\/sonderloesungen\/\">Realisierung kundenspezifischer Edelstahltastaturen<\/a><\/li>\n<\/ul>\n<h4><strong>Metalltastaturen von Grafos Steel \u00fcberzeugen durch diese Eigenschaften:<\/strong><\/h4>\n<ul>\n<li>Einsatz von hochwertigem Edelstahl und hochwertigen Komponenten<\/li>\n<li>Hohe Widerstandsf\u00e4higkeit und lange Lebensdauer<\/li>\n<li>Gro\u00dfe Variantenvielfalt<\/li>\n<li>Attraktives Preis-\/Leistungsverh\u00e4ltnis<\/li>\n<li>Bezug ab einem St\u00fcck<\/li>\n<li>Schnelle Lieferzeiten<\/li>\n<li>Robuste Konstruktion der Tastaturen<\/li>\n<li>Kostenfreie Realisierung aller L\u00e4nderlayouts im Laserverfahren<\/li>\n<li>Qualit\u00e4tsgesicherte Herstellung im italienischen Werk<\/li>\n<\/ul>\n<h4><strong>Stahltastaturen von Grafos Steel sind f\u00fcr diese Einsatzbereiche geeignet:<\/strong><\/h4>\n<ul>\n<li>Maschinen- und Ger\u00e4tebau<\/li>\n<li>Lebensmittelindustrie<\/li>\n<li>Self-Service-, Verkaufs- und Ticket-Automaten<\/li>\n<li>Wehrtechnik<\/li>\n<li>Tage- und Untertagebau<\/li>\n<li>Konferenz- und Veranstaltungstechnik<\/li>\n<li>Verkehrsmittelbau<\/li>\n<\/ul>\n<p>[\/vc_column_text][\/vc_column][vc_column width=&#8220;1\/2&#8243;]\n\t\t\t\t<p class=\"rs-p-wp-fix\"><\/p>\n\t\t\t\t<sr7-module data-alias=\"keyboard-carousel\" data-id=\"2\" id=\"SR7_2_1\" class=\"rs-ov-hidden\" data-version=\"6.7.52\">\n\t\t\t\t\t<sr7-adjuster><\/sr7-adjuster>\n\t\t\t\t\t<sr7-content>\n\t\t\t\t\t\t<sr7-carousel>\n\t\t\t\t\t\t<sr7-slide id=\"SR7_2_1-14\" data-key=\"14\">\n\t\t\t\t\t\t\t<sr7-bg id=\"SR7_2_1-14-1\" class=\"sr7-layer\"><noscript><img decoding=\"async\" src=\"https:\/\/www.grafossteel.it\/wp-content\/uploads\/2017\/11\/mano-tastiera.jpg\" alt=\"\" title=\"mano-tastiera\"><\/noscript><\/sr7-bg>\n\t\t\t\t\t\t<\/sr7-slide>\n\t\t\t\t\t\t<sr7-slide id=\"SR7_2_1-16\" data-key=\"16\">\n\t\t\t\t\t\t\t<sr7-bg id=\"SR7_2_1-16-1\" class=\"sr7-layer\"><noscript><img decoding=\"async\" src=\"https:\/\/www.grafossteel.it\/wp-content\/uploads\/2019\/08\/CKI12R17F.jpg\" alt=\"\" title=\"CKI12R17S 013\"><\/noscript><\/sr7-bg>\n\t\t\t\t\t\t<\/sr7-slide>\n\t\t\t\t\t\t<sr7-slide id=\"SR7_2_1-15\" data-key=\"15\">\n\t\t\t\t\t\t\t<sr7-bg id=\"SR7_2_1-15-1\" class=\"sr7-layer\"><noscript><img decoding=\"async\" src=\"https:\/\/www.grafossteel.it\/wp-content\/uploads\/2017\/11\/grafos-steel-digi-12R17-R-B-D.jpg\" alt=\"\" title=\"grafos-steel-digi-12R17-R-B-D\"><\/noscript><\/sr7-bg>\n\t\t\t\t\t\t<\/sr7-slide>\n\t\t\t\t\t\t<sr7-slide id=\"SR7_2_1-13\" data-key=\"13\">\n\t\t\t\t\t\t\t<sr7-bg id=\"SR7_2_1-13-1\" class=\"sr7-layer\"><noscript><img decoding=\"async\" src=\"https:\/\/www.grafossteel.it\/wp-content\/uploads\/2019\/08\/Fit.084.T-TP-standard.jpg\" alt=\"\" title=\"Fit.084.T-TP-standard\"><\/noscript><\/sr7-bg>\n\t\t\t\t\t\t<\/sr7-slide>\n\t\t\t\t\t\t<sr7-slide id=\"SR7_2_1-23\" data-key=\"23\">\n\t\t\t\t\t\t<\/sr7-slide>\n\t\t\t\t\t\t<\/sr7-carousel>\n\t\t\t\t\t<\/sr7-content>\n\t\t\t\t\t<image_lists style=\"display:none\">\n\t\t\t\t\t\t<img data-src=\"\/\/www.grafossteel.it\/wp-content\/uploads\/2019\/08\/Fit.084.T-TP-standard.jpg\" data-libid=\"3157\" data-lib=\"medialibrary\" title=\"Fit.084.T-TP-standard\" width=\"0\" height=\"0\" data-dbsrc=\"Ly93d3cuZ3JhZm9zc3RlZWwuaXQvd3AtY29udGVudC91cGxvYWRzLzIwMTkvMDgvRml0LjA4NC5ULVRQLXN0YW5kYXJkLmpwZw==\"\/>\n\t\t\t\t\t\t<img data-src=\"\/\/www.grafossteel.it\/wp-content\/uploads\/2017\/11\/mano-tastiera.jpg\" data-libid=\"236\" data-lib=\"medialibrary\" title=\"mano-tastiera\" width=\"0\" height=\"0\" data-dbsrc=\"Ly93d3cuZ3JhZm9zc3RlZWwuaXQvd3AtY29udGVudC91cGxvYWRzLzIwMTcvMTEvbWFuby10YXN0aWVyYS5qcGc=\"\/>\n\t\t\t\t\t\t<img data-src=\"\/\/www.grafossteel.it\/wp-content\/uploads\/2017\/11\/grafos-steel-digi-12R17-R-B-D.jpg\" data-libid=\"137\" data-lib=\"medialibrary\" title=\"grafos-steel-digi-12R17-R-B-D\" width=\"0\" height=\"0\" data-dbsrc=\"Ly93d3cuZ3JhZm9zc3RlZWwuaXQvd3AtY29udGVudC91cGxvYWRzLzIwMTcvMTEvZ3JhZm9zLXN0ZWVsLWRpZ2ktMTJSMTctUi1CLUQuanBn\"\/>\n\t\t\t\t\t\t<img data-src=\"\/\/www.grafossteel.it\/wp-content\/uploads\/2019\/08\/CKI12R17F.jpg\" data-libid=\"3153\" data-lib=\"medialibrary\" title=\"CKI12R17S 013\" width=\"0\" height=\"0\" data-dbsrc=\"Ly93d3cuZ3JhZm9zc3RlZWwuaXQvd3AtY29udGVudC91cGxvYWRzLzIwMTkvMDgvQ0tJMTJSMTdGLmpwZw==\"\/>\n\t\t\t\t\t<\/image_lists>\n\t\t\t\t<\/sr7-module>\n\t\t\t\t<script>\n\t\t\t\t\twindow.SR7 ??={};SR7.PMH ??={}; SR7.PMH[\"SR7_2_1\"] = {cn:100,state:false,fn: function() { if (window._tpt!==undefined && window._tpt.prepareModuleHeight !== undefined) {  _tpt.prepareModuleHeight({id:\"SR7_2_1\",el:[900,900,768,960,720],type:'carousel',shdw:'0',gh:[900,900,743,565,349],gw:[1240,1240,1024,778,480],vpt:['100px'],size:{fullWidth:false, fullHeight:false},mh:'0',onh:0,onw:0,bg:{color:'{\"orig\":\"transparent\",\"type\":\"solid\",\"string\":\"transparent\"}'},carousel:{pt:'0',pb:'0'}});   SR7.PMH[\"SR7_2_1\"].state=true;} else if(SR7.PMH[\"SR7_2_1\"].cn-->0)\tsetTimeout( SR7.PMH[\"SR7_2_1\"].fn,19);}};SR7.PMH[\"SR7_2_1\" ].fn();\n\t\t\t\t<\/script>\n[vc_separator][vc_column_text]<strong>Einsatzgebiete von Edelstahltastaturen in %<\/strong>[\/vc_column_text][vc_round_chart type=&#8220;doughnut&#8220; stroke_width=&#8220;2&#8243; values=&#8220;%5B%7B%22title%22%3A%22Industrieautomation%22%2C%22value%22%3A%2235%20%25%22%2C%22color%22%3A%22turquoise%22%7D%2C%7B%22title%22%3A%22Kiosk-%20und%20Self-Service-Systeme%22%2C%22value%22%3A%2225%20%25%22%2C%22color%22%3A%22sandy-brown%22%7D%2C%7B%22title%22%3A%22Transportmittelbau%22%2C%22value%22%3A%2210%20%25%22%2C%22color%22%3A%22chino%22%2C%22custom_color%22%3A%22%235aa1e3%22%7D%2C%7B%22title%22%3A%22Zutrittskontrolle%22%2C%22value%22%3A%2235%20%25%22%2C%22color%22%3A%22blue%22%2C%22custom_color%22%3A%22%23ff675b%22%7D%2C%7B%22title%22%3A%22Medizintechnik%22%2C%22value%22%3A%2210%20%25%22%2C%22color%22%3A%22green%22%2C%22custom_color%22%3A%22%23b97ebb%22%7D%5D&#8220; animation=&#8220;easeOutBounce&#8220; css_animation=&#8220;none&#8220;][\/vc_column][\/vc_row][vc_row][vc_column][vc_separator][\/vc_column][\/vc_row]<\/p>\n<\/div>","protected":false},"excerpt":{"rendered":"<p>[vc_row][vc_column width=&#8220;1\/2&#8243;][vc_column_text css=&#8220;.vc_custom_1599640403696{padding-top: 25px !important;}&#8220;]Grafos Steel besch\u00e4ftigt sich seit mehr als 20 Jahren mit der Entwicklung und Herstellung von Edelstahltastaturen. Das Ergebnis ist eines der weltweit gr\u00f6\u00dften Sortimente, das f\u00fcr jeden Einsatzbereich ein passendes Produkt bereith\u00e4lt. Das Produktprogramm reicht vom Einzeltaster \u00fcber den Ziffernblock bis hin zur Tastatur im kompletten Tastenlayout und mit integriertem Trackball [&hellip;]<\/p>\n","protected":false},"author":1,"featured_media":639,"parent":0,"menu_order":0,"comment_status":"closed","ping_status":"closed","template":"","meta":{"_acf_changed":false,"footnotes":""},"class_list":["post-2877","page","type-page","status-publish","has-post-thumbnail","hentry"],"acf":[],"yoast_head":"<!-- This site is optimized with the Yoast SEO plugin v27.4 - https:\/\/yoast.com\/product\/yoast-seo-wordpress\/ -->\n<title>Edelstahltastaturen direkt vom Hersteller Grafos Steel<\/title>\n<meta name=\"description\" content=\"Entdecken Sie die ganze Bandbreite an Edelstahltastaturen vom hinterleuchteten Nummernfeld hin zur Einbautastatur mit vollem Tastenlayout und Trackball\" \/>\n<meta name=\"robots\" content=\"index, follow, max-snippet:-1, max-image-preview:large, max-video-preview:-1\" \/>\n<link rel=\"canonical\" href=\"https:\/\/www.grafossteel.it\/de\/tastiere-e-tastierini-metallici\/\" \/>\n<meta property=\"og:locale\" content=\"de_DE\" \/>\n<meta property=\"og:type\" content=\"article\" \/>\n<meta property=\"og:title\" content=\"Edelstahltastaturen direkt vom Hersteller Grafos Steel\" \/>\n<meta property=\"og:description\" content=\"Entdecken Sie die ganze Bandbreite an Edelstahltastaturen vom hinterleuchteten Nummernfeld hin zur Einbautastatur mit vollem Tastenlayout und Trackball\" \/>\n<meta property=\"og:url\" content=\"https:\/\/www.grafossteel.it\/tastiere-e-tastierini-metallici\/\" \/>\n<meta property=\"og:site_name\" content=\"Grafos Steel\" \/>\n<meta property=\"article:modified_time\" content=\"2023-02-01T11:42:12+00:00\" \/>\n<meta property=\"og:image\" content=\"https:\/\/www.grafossteel.it\/wp-content\/uploads\/2019\/03\/tastiere-standard.jpg\" \/>\n\t<meta property=\"og:image:width\" content=\"800\" \/>\n\t<meta property=\"og:image:height\" content=\"556\" \/>\n\t<meta property=\"og:image:type\" content=\"image\/jpeg\" \/>\n<meta name=\"twitter:card\" content=\"summary_large_image\" \/>\n<meta name=\"twitter:label1\" content=\"Gesch\u00e4tzte Lesezeit\" \/>\n\t<meta name=\"twitter:data1\" content=\"2\u00a0Minuten\" \/>\n<script type=\"application\/ld+json\" class=\"yoast-schema-graph\">{\"@context\":\"https:\\\/\\\/schema.org\",\"@graph\":[{\"@type\":\"WebPage\",\"@id\":\"https:\\\/\\\/www.grafossteel.it\\\/de\\\/edelstahltastaturen\\\/\",\"url\":\"https:\\\/\\\/www.grafossteel.it\\\/tastiere-e-tastierini-metallici\\\/\",\"name\":\"Edelstahltastaturen direkt vom Hersteller Grafos Steel\",\"isPartOf\":{\"@id\":\"https:\\\/\\\/www.grafossteel.it\\\/de\\\/#website\"},\"primaryImageOfPage\":{\"@id\":\"https:\\\/\\\/www.grafossteel.it\\\/tastiere-e-tastierini-metallici\\\/#primaryimage\"},\"image\":{\"@id\":\"https:\\\/\\\/www.grafossteel.it\\\/tastiere-e-tastierini-metallici\\\/#primaryimage\"},\"thumbnailUrl\":\"https:\\\/\\\/www.grafossteel.it\\\/wp-content\\\/uploads\\\/2019\\\/03\\\/tastiere-standard.jpg\",\"datePublished\":\"2019-03-27T17:34:10+00:00\",\"dateModified\":\"2023-02-01T11:42:12+00:00\",\"description\":\"Entdecken Sie die ganze Bandbreite an Edelstahltastaturen vom hinterleuchteten Nummernfeld hin zur Einbautastatur mit vollem Tastenlayout und Trackball\",\"breadcrumb\":{\"@id\":\"https:\\\/\\\/www.grafossteel.it\\\/tastiere-e-tastierini-metallici\\\/#breadcrumb\"},\"inLanguage\":\"de\",\"potentialAction\":[{\"@type\":\"ReadAction\",\"target\":[\"https:\\\/\\\/www.grafossteel.it\\\/tastiere-e-tastierini-metallici\\\/\"]}]},{\"@type\":\"ImageObject\",\"inLanguage\":\"de\",\"@id\":\"https:\\\/\\\/www.grafossteel.it\\\/tastiere-e-tastierini-metallici\\\/#primaryimage\",\"url\":\"https:\\\/\\\/www.grafossteel.it\\\/wp-content\\\/uploads\\\/2019\\\/03\\\/tastiere-standard.jpg\",\"contentUrl\":\"https:\\\/\\\/www.grafossteel.it\\\/wp-content\\\/uploads\\\/2019\\\/03\\\/tastiere-standard.jpg\",\"width\":800,\"height\":556,\"caption\":\"tastiere industriali\"},{\"@type\":\"BreadcrumbList\",\"@id\":\"https:\\\/\\\/www.grafossteel.it\\\/tastiere-e-tastierini-metallici\\\/#breadcrumb\",\"itemListElement\":[{\"@type\":\"ListItem\",\"position\":1,\"name\":\"Home\",\"item\":\"https:\\\/\\\/www.grafossteel.it\\\/de\\\/\"},{\"@type\":\"ListItem\",\"position\":2,\"name\":\"Edelstahltastaturen\"}]},{\"@type\":\"WebSite\",\"@id\":\"https:\\\/\\\/www.grafossteel.it\\\/de\\\/#website\",\"url\":\"https:\\\/\\\/www.grafossteel.it\\\/de\\\/\",\"name\":\"Grafos Steel\",\"description\":\"Hardware Made of Metal\",\"publisher\":{\"@id\":\"https:\\\/\\\/www.grafossteel.it\\\/de\\\/#organization\"},\"potentialAction\":[{\"@type\":\"SearchAction\",\"target\":{\"@type\":\"EntryPoint\",\"urlTemplate\":\"https:\\\/\\\/www.grafossteel.it\\\/de\\\/?s={search_term_string}\"},\"query-input\":{\"@type\":\"PropertyValueSpecification\",\"valueRequired\":true,\"valueName\":\"search_term_string\"}}],\"inLanguage\":\"de\"},{\"@type\":\"Organization\",\"@id\":\"https:\\\/\\\/www.grafossteel.it\\\/de\\\/#organization\",\"name\":\"Grafos Steel S.r.l.\",\"url\":\"https:\\\/\\\/www.grafossteel.it\\\/de\\\/\",\"logo\":{\"@type\":\"ImageObject\",\"inLanguage\":\"de\",\"@id\":\"https:\\\/\\\/www.grafossteel.it\\\/de\\\/#\\\/schema\\\/logo\\\/image\\\/\",\"url\":\"https:\\\/\\\/www.grafossteel.it\\\/wp-content\\\/uploads\\\/2019\\\/09\\\/grafos-steel-tastiere-in-acciaio-logo-2019.jpg\",\"contentUrl\":\"https:\\\/\\\/www.grafossteel.it\\\/wp-content\\\/uploads\\\/2019\\\/09\\\/grafos-steel-tastiere-in-acciaio-logo-2019.jpg\",\"width\":371,\"height\":112,\"caption\":\"Grafos Steel S.r.l.\"},\"image\":{\"@id\":\"https:\\\/\\\/www.grafossteel.it\\\/de\\\/#\\\/schema\\\/logo\\\/image\\\/\"}}]}<\/script>\n<!-- \/ Yoast SEO plugin. -->","yoast_head_json":{"title":"Edelstahltastaturen direkt vom Hersteller Grafos Steel","description":"Entdecken Sie die ganze Bandbreite an Edelstahltastaturen vom hinterleuchteten Nummernfeld hin zur Einbautastatur mit vollem Tastenlayout und Trackball","robots":{"index":"index","follow":"follow","max-snippet":"max-snippet:-1","max-image-preview":"max-image-preview:large","max-video-preview":"max-video-preview:-1"},"canonical":"https:\/\/www.grafossteel.it\/de\/tastiere-e-tastierini-metallici\/","og_locale":"de_DE","og_type":"article","og_title":"Edelstahltastaturen direkt vom Hersteller Grafos Steel","og_description":"Entdecken Sie die ganze Bandbreite an Edelstahltastaturen vom hinterleuchteten Nummernfeld hin zur Einbautastatur mit vollem Tastenlayout und Trackball","og_url":"https:\/\/www.grafossteel.it\/tastiere-e-tastierini-metallici\/","og_site_name":"Grafos Steel","article_modified_time":"2023-02-01T11:42:12+00:00","og_image":[{"width":800,"height":556,"url":"https:\/\/www.grafossteel.it\/wp-content\/uploads\/2019\/03\/tastiere-standard.jpg","type":"image\/jpeg"}],"twitter_card":"summary_large_image","twitter_misc":{"Gesch\u00e4tzte Lesezeit":"2\u00a0Minuten"},"schema":{"@context":"https:\/\/schema.org","@graph":[{"@type":"WebPage","@id":"https:\/\/www.grafossteel.it\/de\/edelstahltastaturen\/","url":"https:\/\/www.grafossteel.it\/tastiere-e-tastierini-metallici\/","name":"Edelstahltastaturen direkt vom Hersteller Grafos Steel","isPartOf":{"@id":"https:\/\/www.grafossteel.it\/de\/#website"},"primaryImageOfPage":{"@id":"https:\/\/www.grafossteel.it\/tastiere-e-tastierini-metallici\/#primaryimage"},"image":{"@id":"https:\/\/www.grafossteel.it\/tastiere-e-tastierini-metallici\/#primaryimage"},"thumbnailUrl":"https:\/\/www.grafossteel.it\/wp-content\/uploads\/2019\/03\/tastiere-standard.jpg","datePublished":"2019-03-27T17:34:10+00:00","dateModified":"2023-02-01T11:42:12+00:00","description":"Entdecken Sie die ganze Bandbreite an Edelstahltastaturen vom hinterleuchteten Nummernfeld hin zur Einbautastatur mit vollem Tastenlayout und Trackball","breadcrumb":{"@id":"https:\/\/www.grafossteel.it\/tastiere-e-tastierini-metallici\/#breadcrumb"},"inLanguage":"de","potentialAction":[{"@type":"ReadAction","target":["https:\/\/www.grafossteel.it\/tastiere-e-tastierini-metallici\/"]}]},{"@type":"ImageObject","inLanguage":"de","@id":"https:\/\/www.grafossteel.it\/tastiere-e-tastierini-metallici\/#primaryimage","url":"https:\/\/www.grafossteel.it\/wp-content\/uploads\/2019\/03\/tastiere-standard.jpg","contentUrl":"https:\/\/www.grafossteel.it\/wp-content\/uploads\/2019\/03\/tastiere-standard.jpg","width":800,"height":556,"caption":"tastiere industriali"},{"@type":"BreadcrumbList","@id":"https:\/\/www.grafossteel.it\/tastiere-e-tastierini-metallici\/#breadcrumb","itemListElement":[{"@type":"ListItem","position":1,"name":"Home","item":"https:\/\/www.grafossteel.it\/de\/"},{"@type":"ListItem","position":2,"name":"Edelstahltastaturen"}]},{"@type":"WebSite","@id":"https:\/\/www.grafossteel.it\/de\/#website","url":"https:\/\/www.grafossteel.it\/de\/","name":"Grafos Steel","description":"Hardware Made of Metal","publisher":{"@id":"https:\/\/www.grafossteel.it\/de\/#organization"},"potentialAction":[{"@type":"SearchAction","target":{"@type":"EntryPoint","urlTemplate":"https:\/\/www.grafossteel.it\/de\/?s={search_term_string}"},"query-input":{"@type":"PropertyValueSpecification","valueRequired":true,"valueName":"search_term_string"}}],"inLanguage":"de"},{"@type":"Organization","@id":"https:\/\/www.grafossteel.it\/de\/#organization","name":"Grafos Steel S.r.l.","url":"https:\/\/www.grafossteel.it\/de\/","logo":{"@type":"ImageObject","inLanguage":"de","@id":"https:\/\/www.grafossteel.it\/de\/#\/schema\/logo\/image\/","url":"https:\/\/www.grafossteel.it\/wp-content\/uploads\/2019\/09\/grafos-steel-tastiere-in-acciaio-logo-2019.jpg","contentUrl":"https:\/\/www.grafossteel.it\/wp-content\/uploads\/2019\/09\/grafos-steel-tastiere-in-acciaio-logo-2019.jpg","width":371,"height":112,"caption":"Grafos Steel S.r.l."},"image":{"@id":"https:\/\/www.grafossteel.it\/de\/#\/schema\/logo\/image\/"}}]}},"_links":{"self":[{"href":"https:\/\/www.grafossteel.it\/de\/wp-json\/wp\/v2\/pages\/2877","targetHints":{"allow":["GET"]}}],"collection":[{"href":"https:\/\/www.grafossteel.it\/de\/wp-json\/wp\/v2\/pages"}],"about":[{"href":"https:\/\/www.grafossteel.it\/de\/wp-json\/wp\/v2\/types\/page"}],"author":[{"embeddable":true,"href":"https:\/\/www.grafossteel.it\/de\/wp-json\/wp\/v2\/users\/1"}],"replies":[{"embeddable":true,"href":"https:\/\/www.grafossteel.it\/de\/wp-json\/wp\/v2\/comments?post=2877"}],"version-history":[{"count":83,"href":"https:\/\/www.grafossteel.it\/de\/wp-json\/wp\/v2\/pages\/2877\/revisions"}],"predecessor-version":[{"id":12993,"href":"https:\/\/www.grafossteel.it\/de\/wp-json\/wp\/v2\/pages\/2877\/revisions\/12993"}],"wp:featuredmedia":[{"embeddable":true,"href":"https:\/\/www.grafossteel.it\/de\/wp-json\/wp\/v2\/media\/639"}],"wp:attachment":[{"href":"https:\/\/www.grafossteel.it\/de\/wp-json\/wp\/v2\/media?parent=2877"}],"curies":[{"name":"wp","href":"https:\/\/api.w.org\/{rel}","templated":true}]}}