{"id":13735,"date":"2022-08-29T10:39:38","date_gmt":"2022-08-29T08:39:38","guid":{"rendered":"https:\/\/www.grafossteel.it\/?page_id=13735"},"modified":"2024-04-18T16:52:23","modified_gmt":"2024-04-18T14:52:23","slug":"allgemeine-verkaufs-und-verpackungsbedingungen","status":"publish","type":"page","link":"https:\/\/www.grafossteel.it\/de\/allgemeine-verkaufs-und-verpackungsbedingungen\/","title":{"rendered":"Allgemeine Verkaufs- und Verpackungsbedingungen"},"content":{"rendered":"<div class=\"wpb-content-wrapper\"><p>[vc_row][vc_column][vc_column_text]<\/p>\n<h2>Allgemeine Verkaufsbedingungen<\/h2>\n<p>[\/vc_column_text][vc_column_text css=&#8220;&#8220;]<\/p>\n<ol>\n<li>Allgemeine Bestimmungen1.1 Zus\u00e4tzlich zu den an anderer Stelle in diesen Allgemeinen Verkaufsbedingungen definierten Begriffen und Ausdr\u00fccken (unten definiert) haben die unten aufgef\u00fchrten Begriffe und Ausdr\u00fccke die Bedeutung, die ihnen \u00fcblicherweise zugeschrieben wird oder auf die in diesem Artikel Bezug genommen wird. 1.1:- \u201eK\u00e4ufer\u201c: die nat\u00fcrliche oder juristische Person, von der der Verk\u00e4ufer (unten definiert) die Bestellung erh\u00e4lt;- \u201eVertrag\u201c: die vom Verk\u00e4ufer angenommene Bestellung des K\u00e4ufers, einschlie\u00dflich der Allgemeinen Verkaufsbedingungen (unten definiert);- \u201eEXW\u201c: die Regelung der Rechte und Pflichten von K\u00e4ufer und Verk\u00e4ufer (unten definiert), die unter Bezugnahme auf das Akronym EX WORKS in den Incoterms\u00ae 2020 der Internationalen Handelskammer von Paris enthalten ist;- \u201eParteien\u201c: der K\u00e4ufer und der Verk\u00e4ufer gemeinsam;\n<p>&#8211; \u201eProdukte\u201c: die Produkte des Verk\u00e4ufers, wie sie sich aus den von Jahr zu Jahr geltenden Preislisten und Katalogen ergeben;<\/p>\n<p>&#8211; \u201eVerk\u00e4ufer\u201c: GRAFOS STEEL S.r.l., mit Sitz in 41043 Formigine (MO) Via Treves 19\/21, Italien.<\/p>\n<p>1.2 Die nachstehend aufgef\u00fchrten Gesch\u00e4ftsbedingungen (die \u201eAllgemeinen Verkaufsbedingungen\u201c) bilden einen integralen und wesentlichen Bestandteil jedes zwischen dem Verk\u00e4ufer und dem K\u00e4ufer geschlossenen Vertrags \u00fcber den Verkauf der Produkte und haben Vorrang vor allen vom K\u00e4ufer festgelegten Bedingungen, sofern diese nicht ausdr\u00fccklich ausdr\u00fccklich angegeben sind schriftliche Annahme letzterer durch den Verk\u00e4ufer.<\/p>\n<p>1.3 Der Verk\u00e4ufer beh\u00e4lt sich das Recht vor, die Allgemeinen Verkaufsbedingungen zu \u00e4ndern, zu erg\u00e4nzen oder zu \u00e4ndern, indem er diese \u00c4nderungen den Angeboten oder jeder schriftlichen Mitteilung an den K\u00e4ufer beif\u00fcgt. Wenn der K\u00e4ufer die \u00c4nderungen, Erg\u00e4nzungen oder \u00c4nderungen der Allgemeinen Verkaufsbedingungen nicht innerhalb von 15 Tagen ab dem Datum der Mitteilung akzeptiert, gelten die zuvor akzeptierten Allgemeinen Verkaufsbedingungen, unbeschadet des Widerrufsrechts des Verk\u00e4ufers innerhalb der folgenden 30 Tage Tage.<\/p>\n<p>&nbsp;<\/p>\n<p>Angebote und Bestellungen<\/p>\n<p>2.1 Das dem K\u00e4ufer von Vertretern, Maklern oder anderen Vermittlern unterbreitete Angebot und der von ihnen an den Verk\u00e4ufer weitergeleitete Bestellvorschlag binden diesen erst dann, wenn die Bestellung des K\u00e4ufers vom Verk\u00e4ufer gem\u00e4\u00df dem folgenden Artikel angenommen wird. 2.2.<\/p>\n<p>2.2 Die vom K\u00e4ufer erteilte Bestellung gilt erst dann als angenommen, wenn sie vom Verk\u00e4ufer schriftlich best\u00e4tigt wird. Sofern der Verk\u00e4ufer eine Bestellung nicht schriftlich best\u00e4tigt, gilt die Ausstellung der Rechnung bzw. die Ausf\u00fchrung der Bestellung durch den Verk\u00e4ufer als Annahme.<\/p>\n<p>2.3 Diese Allgemeinen Gesch\u00e4ftsbedingungen werden auf der Website www.grafossteel.it ver\u00f6ffentlicht und sind integraler Bestandteil jeder Auftragsbest\u00e4tigung, in der ausdr\u00fccklich auf sie Bezug genommen wird. Die Abwicklung der Bestellung gem\u00e4\u00df der vom Verk\u00e4ufer an den Kunden gesendeten Best\u00e4tigung setzt, auch ohne Unterschrift, die Kenntnis und Annahme dieser Allgemeinen Gesch\u00e4ftsbedingungen voraus.<\/p>\n<p>2.4 Zum Zeitpunkt der Angebotsabgabe verpflichtet sich der Verk\u00e4ufer auf Verlangen des K\u00e4ufers stillschweigend, die folgenden Unterlagen in Bezug auf das verkaufte Produkt bereitzustellen:<br \/>\n&#8211; KONFORMIT\u00c4TSERKL\u00c4RUNG MIT DER REACH-VERORDNUNG \u2013 VERORDNUNG 1907\/2006<br \/>\n&#8211; KONFORMIT\u00c4TSERKL\u00c4RUNG ZUR ROHS-VERORDNUNG \u2013 EWG-RICHTLINIE Nr. 65 VOM 8. JUNI 2011, ERHALTEN DURCH GESETZGEBENDES DEKRET Nr. 27 VOM 4. M\u00c4RZ 2014.<br \/>\n&#8211; ERKL\u00c4RUNG DES NICHTPR\u00c4FERENZIELLEN URSPRUNGS<br \/>\n&#8211; PRODUKTHANDBUCH UND CE-ERKL\u00c4RUNG, sofern zutreffend und ausdr\u00fccklich gew\u00fcnscht.<br \/>\nDar\u00fcber hinausgehende Dokumentations- oder Zertifizierungsw\u00fcnsche sind vom K\u00e4ufer im Rahmen der Angebotsanfrage ausdr\u00fccklich schriftlich anzufordern. Etwaige zus\u00e4tzliche posthume Anfragen k\u00f6nnen vom Verk\u00e4ufer m\u00f6glicherweise nicht erf\u00fcllt werden oder bedeuten, dass der Verk\u00e4ufer einen zus\u00e4tzlichen finanziellen Beitrag zum St\u00fcckpreis des Produkts selbst verlangt. Nicht im Angebot enthalten sind Laboruntersuchungen, die im Angebot nicht ausdr\u00fccklich aufgef\u00fchrt und zitiert sind, die Erstellung zus\u00e4tzlicher Erkl\u00e4rungen oder Bescheinigungen, die nicht ausdr\u00fccklich in Ziffer 2.4 der Allgemeinen Verkaufsbedingungen genannt sind, die Erf\u00fcllung oder Sonderw\u00fcnsche bez\u00fcglich Verpackung oder Versand der Ware, Design Rezensionen posthum zur Angebotserteilung, Berichte mit destruktiven Tests.<br \/>\nDer Verk\u00e4ufer verpflichtet sich au\u00dferdem, das Produkt mit den Merkmalen zu liefern, die ausdr\u00fccklich in den dem Angebot beigef\u00fcgten Anlagen angegeben sind, wobei etwaige Abweichungen vom urspr\u00fcnglichen Design des K\u00e4ufers gezeigt und hervorgehoben werden.<\/p>\n<p>Lieferbedingungen<\/p>\n<p>3.1 Die Lieferung der Produkte erfolgt EXW, sofern die Parteien nichts anderes vereinbart haben. Der Verk\u00e4ufer liefert, indem er dem K\u00e4ufer die Produkte innerhalb der im Vertrag festgelegten Bedingungen und Orte zur Verf\u00fcgung stellt (die \u201eLieferung\u201c). Bei der Lieferung \u00fcbernimmt der Verk\u00e4ufer ausschlie\u00dflich die Verpflichtung, die Produkte auf das Abholfahrzeug zu verladen, jede weitere Verpflichtung ist ausgeschlossen.<\/p>\n<p>Im Falle einer schriftlichen Vereinbarung einer wesentlichen Lieferfrist ist Grafos Steel S.r.l. haftet nicht f\u00fcr Verz\u00f6gerungen, die auf h\u00f6here Gewalt oder zuf\u00e4llige und au\u00dfergew\u00f6hnliche Ereignisse zur\u00fcckzuf\u00fchren sind (z. B. Unf\u00e4lle, Streiks, Naturkatastrophen, Unterbrechung des Transports, Schwierigkeiten bei der Rohstoffbeschaffung, objektive Unm\u00f6glichkeit der Produktionsanlagen usw.), sofern nichts anderes vereinbart wurde Der Transport der Ware erfolgt immer auf Kosten des Kunden, unabh\u00e4ngig von der Transport- und Zahlungsart. Auch wenn der Verk\u00e4ufer den Transport aus Kulanz direkt im Namen des Kunden organisiert, tr\u00e4gt dieser das damit verbundene Risiko, mit ausdr\u00fccklicher Befreiung von jeglicher Haftung f\u00fcr Grafos Steel S.r.l., sofern nicht schriftlich etwas anderes vereinbart wurde.<\/p>\n<p>3.2 Der Verk\u00e4ufer haftet nicht f\u00fcr Verlust oder Besch\u00e4digung der Produkte nach der Lieferung; In keinem Fall ist der K\u00e4ufer von der Verpflichtung befreit, den Preis der Produkte nach erfolgter Lieferung zu zahlen.<\/p>\n<p>3.3 Unbeschadet der im folgenden Artikel genannten Rechtsbehelfe. 9. Die Lieferung kann in allen F\u00e4llen ausgesetzt werden, in denen der K\u00e4ufer seiner Verpflichtung zur Zahlung des Produktpreises nicht nachkommt.<\/p>\n<p>3.4 Alle Liefer- und R\u00fcckgabezeiten der Produkte \u2013 auch wenn sie als verbindlich definiert sind \u2013 sind dennoch als Richtwerte zu verstehen und werden vom Verk\u00e4ufer unter Ber\u00fccksichtigung aller Nutzungstoleranzen angenommen. Als Lieferfrist gelten \u2013 wie indikativ sie auch sein mag \u2013 einzig und allein die in der Auftragsbest\u00e4tigung des Verk\u00e4ufers angegebenen.<\/p>\n<p>3.5 Der K\u00e4ufer kann seine Bestellung innerhalb von maximal 7 Tagen nach Erhalt stornieren\/\u00e4ndern\/integrieren.<\/li>\n<\/ol>\n<p>[\/vc_column_text][vc_column_text css=&#8220;.vc_custom_1699617266321{margin-top: 20px !important;}&#8220;]<\/p>\n<h2>Verpackung<\/h2>\n<p>[\/vc_column_text][vc_column_text]<\/p>\n<ul>\n<li>Umweltetikett f\u00fcr Verpackungen \u2013 gem\u00e4\u00df Artikel 219, Absatz 5 des Gesetzesdekrets 152\/06<\/li>\n<\/ul>\n<p>[\/vc_column_text][\/vc_column][\/vc_row]<\/p>\n<\/div>","protected":false},"excerpt":{"rendered":"<p>[vc_row][vc_column][vc_column_text] Allgemeine Verkaufsbedingungen [\/vc_column_text][vc_column_text css=&#8220;&#8220;] Allgemeine Bestimmungen1.1 Zus\u00e4tzlich zu den an anderer Stelle in diesen Allgemeinen Verkaufsbedingungen definierten Begriffen und Ausdr\u00fccken (unten definiert) haben die unten aufgef\u00fchrten Begriffe und Ausdr\u00fccke die Bedeutung, die ihnen \u00fcblicherweise zugeschrieben wird oder auf die in diesem Artikel Bezug genommen wird. 1.1:- \u201eK\u00e4ufer\u201c: die nat\u00fcrliche oder juristische Person, von der [&hellip;]<\/p>\n","protected":false},"author":2,"featured_media":0,"parent":0,"menu_order":0,"comment_status":"closed","ping_status":"closed","template":"","meta":{"_acf_changed":false,"footnotes":""},"class_list":["post-13735","page","type-page","status-publish","hentry"],"acf":[],"yoast_head":"<!-- This site is optimized with the Yoast SEO plugin v27.4 - https:\/\/yoast.com\/product\/yoast-seo-wordpress\/ -->\n<title>Allgemeine Verkaufs- und Verpackungsbedingungen - Grafos Steel<\/title>\n<meta name=\"description\" content=\"Allgemeine Verkaufs- und Verpackungsbedingungen - Grafos Steel - Hardware Made of Metal - Formigine Italy\" \/>\n<meta name=\"robots\" content=\"index, follow, max-snippet:-1, max-image-preview:large, max-video-preview:-1\" \/>\n<link rel=\"canonical\" href=\"https:\/\/www.grafossteel.it\/de\/allgemeine-verkaufs-und-verpackungsbedingungen\/\" \/>\n<meta property=\"og:locale\" content=\"de_DE\" \/>\n<meta property=\"og:type\" content=\"article\" \/>\n<meta property=\"og:title\" content=\"Allgemeine Verkaufs- und Verpackungsbedingungen - Grafos Steel\" \/>\n<meta property=\"og:description\" content=\"Allgemeine Verkaufs- und Verpackungsbedingungen - Grafos Steel - Hardware Made of Metal - Formigine Italy\" \/>\n<meta property=\"og:url\" content=\"https:\/\/www.grafossteel.it\/de\/allgemeine-verkaufs-und-verpackungsbedingungen\/\" \/>\n<meta property=\"og:site_name\" content=\"Grafos Steel\" \/>\n<meta property=\"article:modified_time\" content=\"2024-04-18T14:52:23+00:00\" \/>\n<meta name=\"twitter:card\" content=\"summary_large_image\" \/>\n<meta name=\"twitter:label1\" content=\"Gesch\u00e4tzte Lesezeit\" \/>\n\t<meta name=\"twitter:data1\" content=\"5\u00a0Minuten\" \/>\n<script type=\"application\/ld+json\" class=\"yoast-schema-graph\">{\"@context\":\"https:\\\/\\\/schema.org\",\"@graph\":[{\"@type\":\"WebPage\",\"@id\":\"https:\\\/\\\/www.grafossteel.it\\\/de\\\/allgemeine-verkaufs-und-verpackungsbedingungen\\\/\",\"url\":\"https:\\\/\\\/www.grafossteel.it\\\/de\\\/allgemeine-verkaufs-und-verpackungsbedingungen\\\/\",\"name\":\"Allgemeine Verkaufs- und Verpackungsbedingungen - Grafos Steel\",\"isPartOf\":{\"@id\":\"https:\\\/\\\/www.grafossteel.it\\\/de\\\/#website\"},\"datePublished\":\"2022-08-29T08:39:38+00:00\",\"dateModified\":\"2024-04-18T14:52:23+00:00\",\"description\":\"Allgemeine Verkaufs- und Verpackungsbedingungen - Grafos Steel - Hardware Made of Metal - Formigine Italy\",\"breadcrumb\":{\"@id\":\"https:\\\/\\\/www.grafossteel.it\\\/de\\\/allgemeine-verkaufs-und-verpackungsbedingungen\\\/#breadcrumb\"},\"inLanguage\":\"de\",\"potentialAction\":[{\"@type\":\"ReadAction\",\"target\":[\"https:\\\/\\\/www.grafossteel.it\\\/de\\\/allgemeine-verkaufs-und-verpackungsbedingungen\\\/\"]}]},{\"@type\":\"BreadcrumbList\",\"@id\":\"https:\\\/\\\/www.grafossteel.it\\\/de\\\/allgemeine-verkaufs-und-verpackungsbedingungen\\\/#breadcrumb\",\"itemListElement\":[{\"@type\":\"ListItem\",\"position\":1,\"name\":\"Home\",\"item\":\"https:\\\/\\\/www.grafossteel.it\\\/de\\\/\"},{\"@type\":\"ListItem\",\"position\":2,\"name\":\"Allgemeine Verkaufs- und Verpackungsbedingungen\"}]},{\"@type\":\"WebSite\",\"@id\":\"https:\\\/\\\/www.grafossteel.it\\\/de\\\/#website\",\"url\":\"https:\\\/\\\/www.grafossteel.it\\\/de\\\/\",\"name\":\"Grafos Steel\",\"description\":\"Hardware Made of Metal\",\"publisher\":{\"@id\":\"https:\\\/\\\/www.grafossteel.it\\\/de\\\/#organization\"},\"potentialAction\":[{\"@type\":\"SearchAction\",\"target\":{\"@type\":\"EntryPoint\",\"urlTemplate\":\"https:\\\/\\\/www.grafossteel.it\\\/de\\\/?s={search_term_string}\"},\"query-input\":{\"@type\":\"PropertyValueSpecification\",\"valueRequired\":true,\"valueName\":\"search_term_string\"}}],\"inLanguage\":\"de\"},{\"@type\":\"Organization\",\"@id\":\"https:\\\/\\\/www.grafossteel.it\\\/de\\\/#organization\",\"name\":\"Grafos Steel S.r.l.\",\"url\":\"https:\\\/\\\/www.grafossteel.it\\\/de\\\/\",\"logo\":{\"@type\":\"ImageObject\",\"inLanguage\":\"de\",\"@id\":\"https:\\\/\\\/www.grafossteel.it\\\/de\\\/#\\\/schema\\\/logo\\\/image\\\/\",\"url\":\"https:\\\/\\\/www.grafossteel.it\\\/wp-content\\\/uploads\\\/2019\\\/09\\\/grafos-steel-tastiere-in-acciaio-logo-2019.jpg\",\"contentUrl\":\"https:\\\/\\\/www.grafossteel.it\\\/wp-content\\\/uploads\\\/2019\\\/09\\\/grafos-steel-tastiere-in-acciaio-logo-2019.jpg\",\"width\":371,\"height\":112,\"caption\":\"Grafos Steel S.r.l.\"},\"image\":{\"@id\":\"https:\\\/\\\/www.grafossteel.it\\\/de\\\/#\\\/schema\\\/logo\\\/image\\\/\"}}]}<\/script>\n<!-- \/ Yoast SEO plugin. -->","yoast_head_json":{"title":"Allgemeine Verkaufs- und Verpackungsbedingungen - Grafos Steel","description":"Allgemeine Verkaufs- und Verpackungsbedingungen - Grafos Steel - Hardware Made of Metal - Formigine Italy","robots":{"index":"index","follow":"follow","max-snippet":"max-snippet:-1","max-image-preview":"max-image-preview:large","max-video-preview":"max-video-preview:-1"},"canonical":"https:\/\/www.grafossteel.it\/de\/allgemeine-verkaufs-und-verpackungsbedingungen\/","og_locale":"de_DE","og_type":"article","og_title":"Allgemeine Verkaufs- und Verpackungsbedingungen - Grafos Steel","og_description":"Allgemeine Verkaufs- und Verpackungsbedingungen - Grafos Steel - Hardware Made of Metal - Formigine Italy","og_url":"https:\/\/www.grafossteel.it\/de\/allgemeine-verkaufs-und-verpackungsbedingungen\/","og_site_name":"Grafos Steel","article_modified_time":"2024-04-18T14:52:23+00:00","twitter_card":"summary_large_image","twitter_misc":{"Gesch\u00e4tzte Lesezeit":"5\u00a0Minuten"},"schema":{"@context":"https:\/\/schema.org","@graph":[{"@type":"WebPage","@id":"https:\/\/www.grafossteel.it\/de\/allgemeine-verkaufs-und-verpackungsbedingungen\/","url":"https:\/\/www.grafossteel.it\/de\/allgemeine-verkaufs-und-verpackungsbedingungen\/","name":"Allgemeine Verkaufs- und Verpackungsbedingungen - Grafos Steel","isPartOf":{"@id":"https:\/\/www.grafossteel.it\/de\/#website"},"datePublished":"2022-08-29T08:39:38+00:00","dateModified":"2024-04-18T14:52:23+00:00","description":"Allgemeine Verkaufs- und Verpackungsbedingungen - Grafos Steel - Hardware Made of Metal - Formigine Italy","breadcrumb":{"@id":"https:\/\/www.grafossteel.it\/de\/allgemeine-verkaufs-und-verpackungsbedingungen\/#breadcrumb"},"inLanguage":"de","potentialAction":[{"@type":"ReadAction","target":["https:\/\/www.grafossteel.it\/de\/allgemeine-verkaufs-und-verpackungsbedingungen\/"]}]},{"@type":"BreadcrumbList","@id":"https:\/\/www.grafossteel.it\/de\/allgemeine-verkaufs-und-verpackungsbedingungen\/#breadcrumb","itemListElement":[{"@type":"ListItem","position":1,"name":"Home","item":"https:\/\/www.grafossteel.it\/de\/"},{"@type":"ListItem","position":2,"name":"Allgemeine Verkaufs- und Verpackungsbedingungen"}]},{"@type":"WebSite","@id":"https:\/\/www.grafossteel.it\/de\/#website","url":"https:\/\/www.grafossteel.it\/de\/","name":"Grafos Steel","description":"Hardware Made of Metal","publisher":{"@id":"https:\/\/www.grafossteel.it\/de\/#organization"},"potentialAction":[{"@type":"SearchAction","target":{"@type":"EntryPoint","urlTemplate":"https:\/\/www.grafossteel.it\/de\/?s={search_term_string}"},"query-input":{"@type":"PropertyValueSpecification","valueRequired":true,"valueName":"search_term_string"}}],"inLanguage":"de"},{"@type":"Organization","@id":"https:\/\/www.grafossteel.it\/de\/#organization","name":"Grafos Steel S.r.l.","url":"https:\/\/www.grafossteel.it\/de\/","logo":{"@type":"ImageObject","inLanguage":"de","@id":"https:\/\/www.grafossteel.it\/de\/#\/schema\/logo\/image\/","url":"https:\/\/www.grafossteel.it\/wp-content\/uploads\/2019\/09\/grafos-steel-tastiere-in-acciaio-logo-2019.jpg","contentUrl":"https:\/\/www.grafossteel.it\/wp-content\/uploads\/2019\/09\/grafos-steel-tastiere-in-acciaio-logo-2019.jpg","width":371,"height":112,"caption":"Grafos Steel S.r.l."},"image":{"@id":"https:\/\/www.grafossteel.it\/de\/#\/schema\/logo\/image\/"}}]}},"_links":{"self":[{"href":"https:\/\/www.grafossteel.it\/de\/wp-json\/wp\/v2\/pages\/13735","targetHints":{"allow":["GET"]}}],"collection":[{"href":"https:\/\/www.grafossteel.it\/de\/wp-json\/wp\/v2\/pages"}],"about":[{"href":"https:\/\/www.grafossteel.it\/de\/wp-json\/wp\/v2\/types\/page"}],"author":[{"embeddable":true,"href":"https:\/\/www.grafossteel.it\/de\/wp-json\/wp\/v2\/users\/2"}],"replies":[{"embeddable":true,"href":"https:\/\/www.grafossteel.it\/de\/wp-json\/wp\/v2\/comments?post=13735"}],"version-history":[{"count":4,"href":"https:\/\/www.grafossteel.it\/de\/wp-json\/wp\/v2\/pages\/13735\/revisions"}],"predecessor-version":[{"id":14001,"href":"https:\/\/www.grafossteel.it\/de\/wp-json\/wp\/v2\/pages\/13735\/revisions\/14001"}],"wp:attachment":[{"href":"https:\/\/www.grafossteel.it\/de\/wp-json\/wp\/v2\/media?parent=13735"}],"curies":[{"name":"wp","href":"https:\/\/api.w.org\/{rel}","templated":true}]}}